{"id":39303,"date":"2026-01-12T09:17:08","date_gmt":"2026-01-12T07:17:08","guid":{"rendered":"https:\/\/pomello.ee\/toode\/mia-pro-lashes-brush-no-1\/"},"modified":"2026-01-12T09:17:08","modified_gmt":"2026-01-12T07:17:08","slug":"mia-pro-lashes-brush-no-1","status":"publish","type":"product","link":"https:\/\/pomello.ee\/fi\/toode\/mia-pro-lashes-brush-no-1\/","title":{"rendered":"MIA Pro Lashes Brush No.1"},"content":{"rendered":"","protected":false},"excerpt":{"rendered":"<h2 data-start=\"106\" data-end=\"151\">MIA Pro Lashes Brush No. 1 (Precision Tip)<\/h2>\n<p data-start=\"153\" data-end=\"478\"><strong data-start=\"153\" data-end=\"183\">MIA PRO Lashes Brush No. 1<\/strong> on kartiomainen, eritt\u00e4in hienok\u00e4rkinen ammattimainen sivellin, joka on suunniteltu hallittuun ja tarkkaan ty\u00f6skentelyyn ripsien ja kulmien hoidoissa. Sivellin sopii erinomaisesti ripsien kestotaivutuksen emulsioiden levitt\u00e4miseen sek\u00e4 tarkkaan karva karvalta -tekniikkaan kulmien v\u00e4rj\u00e4yksess\u00e4.<\/p>\n<p data-start=\"480\" data-end=\"671\">Kartionmuotoinen k\u00e4rki mahdollistaa tarkan ja tasaisen tuotteen levityksen, auttaen saavuttamaan luonnollisen ja viimeistellyn lopputuloksen my\u00f6s kaikkein yksityiskohtaisimmissa ty\u00f6vaiheissa.<\/p>\n<h3 data-start=\"673\" data-end=\"689\">Ominaisuudet<\/h3>\n<ul data-start=\"690\" data-end=\"1118\">\n<li data-start=\"690\" data-end=\"772\">\n<p data-start=\"692\" data-end=\"772\">Valmistettu <strong data-start=\"704\" data-end=\"770\">korkealaatuisista synteettisist\u00e4 vaaleanpunaisista harjaksista<\/strong><\/p>\n<\/li>\n<li data-start=\"773\" data-end=\"803\">\n<p data-start=\"775\" data-end=\"803\">Harjaksen pituus: <strong data-start=\"793\" data-end=\"801\">1 cm<\/strong><\/p>\n<\/li>\n<li data-start=\"804\" data-end=\"844\">\n<p data-start=\"806\" data-end=\"844\">Leveys harjaksen tyvess\u00e4: <strong data-start=\"832\" data-end=\"842\">0,2 cm<\/strong><\/p>\n<\/li>\n<li data-start=\"845\" data-end=\"910\">\n<p data-start=\"847\" data-end=\"910\">Varren pituus: <strong data-start=\"862\" data-end=\"871\">14 cm<\/strong> \u2013 mukava ote ja erinomainen hallinta<\/p>\n<\/li>\n<li data-start=\"911\" data-end=\"959\">\n<p data-start=\"913\" data-end=\"959\">S\u00e4ilytt\u00e4\u00e4 muotonsa my\u00f6s toistuvassa k\u00e4yt\u00f6ss\u00e4<\/p>\n<\/li>\n<li data-start=\"960\" data-end=\"1027\">\n<p data-start=\"962\" data-end=\"1027\">Mahdollistaa tarkan levityksen ja ylim\u00e4\u00e4r\u00e4isen tuotteen poiston<\/p>\n<\/li>\n<li data-start=\"1028\" data-end=\"1118\">\n<p data-start=\"1030\" data-end=\"1118\">Vaaleanpunaiset harjakset ja yhteensopiva varsi tuovat ty\u00f6v\u00e4lineille tyylikk\u00e4\u00e4n ilmeen<\/p>\n<\/li>\n<\/ul>\n<h3 data-start=\"1120\" data-end=\"1130\">K\u00e4ytt\u00f6<\/h3>\n<ul data-start=\"1131\" data-end=\"1234\">\n<li data-start=\"1131\" data-end=\"1176\">\n<p data-start=\"1133\" data-end=\"1176\">Kestotaivutuksen emulsioiden levitt\u00e4minen<\/p>\n<\/li>\n<li data-start=\"1177\" data-end=\"1234\">\n<p data-start=\"1179\" data-end=\"1234\">Tarkka karva karvalta -tekniikka kulmien v\u00e4rj\u00e4yksess\u00e4<\/p>\n<\/li>\n<\/ul>\n<p data-start=\"1236\" data-end=\"1501\" data-is-last-node=\"\" data-is-only-node=\"\">\ud83c\udfaf <strong data-start=\"1239\" data-end=\"1269\">MIA PRO Lashes Brush No. 1<\/strong> on korvaamaton ty\u00f6v\u00e4line jokaiselle ripsi- ja kulma-ammattilaiselle, joka arvostaa tarkkuutta, yksityiskohtia ja luonnollista lopputulosta. Valmistettu laadukkaista materiaaleista ja suunniteltu ammattimaista t\u00e4ydellisyytt\u00e4 varten.<\/p>\n","protected":false},"featured_media":39283,"comment_status":"open","ping_status":"closed","template":"","meta":{"_monsterinsights_skip_tracking":false,"_monsterinsights_sitenote_active":false,"_monsterinsights_sitenote_note":"","_monsterinsights_sitenote_category":0},"product_brand":[],"product_cat":[544,563,540],"product_tag":[],"class_list":{"0":"post-39303","1":"product","2":"type-product","3":"status-publish","4":"has-post-thumbnail","6":"product_cat-tarvikkeet-fi","7":"product_cat-siveltimet","8":"product_cat-tarvikkeet","9":"pa_brand-mia-pro-fi","11":"first","12":"instock","13":"taxable","14":"shipping-taxable","15":"purchasable","16":"product-type-simple"},"_links":{"self":[{"href":"https:\/\/pomello.ee\/fi\/wp-json\/wp\/v2\/product\/39303","targetHints":{"allow":["GET"]}}],"collection":[{"href":"https:\/\/pomello.ee\/fi\/wp-json\/wp\/v2\/product"}],"about":[{"href":"https:\/\/pomello.ee\/fi\/wp-json\/wp\/v2\/types\/product"}],"replies":[{"embeddable":true,"href":"https:\/\/pomello.ee\/fi\/wp-json\/wp\/v2\/comments?post=39303"}],"wp:featuredmedia":[{"embeddable":true,"href":"https:\/\/pomello.ee\/fi\/wp-json\/wp\/v2\/media\/39283"}],"wp:attachment":[{"href":"https:\/\/pomello.ee\/fi\/wp-json\/wp\/v2\/media?parent=39303"}],"wp:term":[{"taxonomy":"product_brand","embeddable":true,"href":"https:\/\/pomello.ee\/fi\/wp-json\/wp\/v2\/product_brand?post=39303"},{"taxonomy":"product_cat","embeddable":true,"href":"https:\/\/pomello.ee\/fi\/wp-json\/wp\/v2\/product_cat?post=39303"},{"taxonomy":"product_tag","embeddable":true,"href":"https:\/\/pomello.ee\/fi\/wp-json\/wp\/v2\/product_tag?post=39303"}],"curies":[{"name":"wp","href":"https:\/\/api.w.org\/{rel}","templated":true}]}}