{"id":39499,"date":"2024-12-15T22:36:21","date_gmt":"2024-12-15T20:36:21","guid":{"rendered":"https:\/\/pomello.ee\/toode\/pink-flash-strong-fixer-lash-lifti-liim\/"},"modified":"2024-12-15T22:36:21","modified_gmt":"2024-12-15T20:36:21","slug":"pink-flash-strong-fixer-lash-lifti-liim","status":"publish","type":"product","link":"https:\/\/pomello.ee\/fi\/toode\/pink-flash-strong-fixer-lash-lifti-liim\/","title":{"rendered":"PINK FLASH Strong Fixer Lash Lifti liim"},"content":{"rendered":"","protected":false},"excerpt":{"rendered":"<p><strong>PINK FLASH Strong Fixer -ripsienpidennysliima \u2013 Vahva liima ripsien kiinnitt\u00e4miseen silikonityynyihin<\/strong><\/p>\n<p>Strong Fixer -liima on erityinen liima, joka kiinnitt\u00e4\u00e4 ripset silikonityynyihin varmistaen lujan ja pysyv\u00e4n kiinnityksen koko toimenpiteen ajan.<\/p>\n<p>Katso, kuinka Lashmother Uliana Shchepeleva k\u00e4ytt\u00e4\u00e4 Pink Flashia <strong><a href=\"https:\/\/www.instagram.com\/p\/C8P2dYqRDiu\/\" target=\"_blank\" rel=\"noopener\">siit<\/a><\/strong><\/p>\n","protected":false},"featured_media":30232,"comment_status":"open","ping_status":"closed","template":"","meta":{"_monsterinsights_skip_tracking":false,"_monsterinsights_sitenote_active":false,"_monsterinsights_sitenote_note":"","_monsterinsights_sitenote_category":0},"product_brand":[],"product_cat":[475,516,519],"product_tag":[],"class_list":{"0":"post-39499","1":"product","2":"type-product","3":"status-publish","4":"has-post-thumbnail","6":"product_cat-ripset","7":"product_cat-lash-lift-fi","8":"product_cat-liimat","9":"pa_brand-pink-flash-switzerland-fi","10":"pa_suurus-10-ml-fi","12":"first","13":"instock","14":"taxable","15":"shipping-taxable","16":"purchasable","17":"product-type-simple"},"_links":{"self":[{"href":"https:\/\/pomello.ee\/fi\/wp-json\/wp\/v2\/product\/39499","targetHints":{"allow":["GET"]}}],"collection":[{"href":"https:\/\/pomello.ee\/fi\/wp-json\/wp\/v2\/product"}],"about":[{"href":"https:\/\/pomello.ee\/fi\/wp-json\/wp\/v2\/types\/product"}],"replies":[{"embeddable":true,"href":"https:\/\/pomello.ee\/fi\/wp-json\/wp\/v2\/comments?post=39499"}],"wp:featuredmedia":[{"embeddable":true,"href":"https:\/\/pomello.ee\/fi\/wp-json\/wp\/v2\/media\/30232"}],"wp:attachment":[{"href":"https:\/\/pomello.ee\/fi\/wp-json\/wp\/v2\/media?parent=39499"}],"wp:term":[{"taxonomy":"product_brand","embeddable":true,"href":"https:\/\/pomello.ee\/fi\/wp-json\/wp\/v2\/product_brand?post=39499"},{"taxonomy":"product_cat","embeddable":true,"href":"https:\/\/pomello.ee\/fi\/wp-json\/wp\/v2\/product_cat?post=39499"},{"taxonomy":"product_tag","embeddable":true,"href":"https:\/\/pomello.ee\/fi\/wp-json\/wp\/v2\/product_tag?post=39499"}],"curies":[{"name":"wp","href":"https:\/\/api.w.org\/{rel}","templated":true}]}}