{"id":39754,"date":"2026-01-27T20:37:01","date_gmt":"2026-01-27T18:37:01","guid":{"rendered":"https:\/\/pomello.ee\/toode\/pink-flash-instahero-patches-silmanaluslaput-ripsihoitoihin-5-kpl\/"},"modified":"2026-01-27T20:37:01","modified_gmt":"2026-01-27T18:37:01","slug":"pink-flash-instahero-patches-silmanaluslaput-ripsihoitoihin-5-kpl","status":"publish","type":"product","link":"https:\/\/pomello.ee\/fi\/toode\/pink-flash-instahero-patches-silmanaluslaput-ripsihoitoihin-5-kpl\/","title":{"rendered":"Pink Flash Instahero Patches silm\u00e4naluslaput ripsihoitoihin (5 kpl)"},"content":{"rendered":"","protected":false},"excerpt":{"rendered":"<div class=\"flex flex-col text-sm pb-25\">\n<article class=\"text-token-text-primary w-full focus:outline-none [--shadow-height:45px] has-data-writing-block:pointer-events-none has-data-writing-block:-mt-(--shadow-height) has-data-writing-block:pt-(--shadow-height) [&amp;:has([data-writing-block])&gt;*]:pointer-events-auto scroll-mt-[calc(var(--header-height)+min(200px,max(70px,20svh)))]\" dir=\"auto\" tabindex=\"-1\" data-turn-id=\"request-69831771-8748-838a-ad97-e9c46b183d72-14\" data-testid=\"conversation-turn-20\" data-scroll-anchor=\"true\" data-turn=\"assistant\">\n<div class=\"text-base my-auto mx-auto pb-10 [--thread-content-margin:--spacing(4)] @w-sm\/main:[--thread-content-margin:--spacing(6)] @w-lg\/main:[--thread-content-margin:--spacing(16)] px-(--thread-content-margin)\">\n<div class=\"[--thread-content-max-width:40rem] @w-lg\/main:[--thread-content-max-width:48rem] mx-auto max-w-(--thread-content-max-width) flex-1 group\/turn-messages focus-visible:outline-hidden relative flex w-full min-w-0 flex-col agent-turn\" tabindex=\"-1\">\n<div class=\"flex max-w-full flex-col grow\">\n<div class=\"min-h-8 text-message relative flex w-full flex-col items-end gap-2 text-start break-words whitespace-normal [.text-message+&amp;]:mt-1\" dir=\"auto\" data-message-author-role=\"assistant\" data-message-id=\"382330b7-5fb2-46b6-b388-4498c77cd245\" data-message-model-slug=\"gpt-5-2\">\n<div class=\"flex w-full flex-col gap-1 empty:hidden first:pt-[1px]\">\n<div class=\"markdown prose dark:prose-invert w-full wrap-break-word dark markdown-new-styling\">\n<p data-start=\"0\" data-end=\"73\"><strong data-start=\"0\" data-end=\"73\">Pink Flash Instahero Patches \u2013 silm\u00e4naluslaput ripsihoitoihin (5 kpl)<\/strong><\/p>\n<p data-start=\"75\" data-end=\"325\">Pink Flash Instahero Patches yhdist\u00e4v\u00e4t ammattimaisen ripsihoidon ja sosiaalisen median leikkisyyden. N\u00e4m\u00e4 silm\u00e4naluslaput eiv\u00e4t ole tarkoitettu vain ripsien kestotaivutukseen \u2013 ne tekev\u00e4t jokaisesta hoidosta Instagram-valmiin sis\u00e4ll\u00f6ntuotantohetken.<\/p>\n<p data-start=\"327\" data-end=\"460\">T\u00e4ydellinen valinta modernille ripsiteknikolle, joka haluaa tarjota virheett\u00f6m\u00e4n lopputuloksen ja visuaalisesti n\u00e4ytt\u00e4v\u00e4n kokemuksen.<\/p>\n<p data-start=\"462\" data-end=\"779\">\ud83d\udc97 <strong data-start=\"465\" data-end=\"524\">5 rohkeaa designia \u2013 maksimaalinen visuaalinen vaikutus<\/strong><br data-start=\"524\" data-end=\"527\" \/>Jokainen pakkaus sis\u00e4lt\u00e4\u00e4 5 erilaista huomiota her\u00e4tt\u00e4v\u00e4\u00e4 ja hauskaa designia, jotka tekev\u00e4t jokaisesta hoidosta erityisen. N\u00e4m\u00e4 eiv\u00e4t ole tavalliset silm\u00e4naluslaput \u2013 ne on luotu loistamaan, vangitsemaan katseet ja nostamaan sis\u00e4lt\u00f6si uudelle tasolle.<\/p>\n<p data-start=\"781\" data-end=\"1065\">\u2728 <strong data-start=\"783\" data-end=\"828\">Luotu t\u00e4m\u00e4n p\u00e4iv\u00e4n kauneusammattilaiselle<\/strong><br data-start=\"828\" data-end=\"831\" \/>Ripsien kestotaivutus ei ole en\u00e4\u00e4 pelkk\u00e4 lopputulos \u2013 se on my\u00f6s el\u00e4mys ja n\u00e4kyvyys. Instahero Patches auttavat sinua luomaan mukaansatempaavaa sis\u00e4lt\u00f6\u00e4 ty\u00f6n ohessa \u2013 olipa kyse selfiest\u00e4, storyista, reel-videoista tai asiakaskuvista.<\/p>\n<p data-start=\"1067\" data-end=\"1302\">\ud83c\udf3f <strong data-start=\"1070\" data-end=\"1106\">Toiminnallisuus ja tyyli yhdess\u00e4<\/strong><br data-start=\"1106\" data-end=\"1109\" \/>N\u00e4ytt\u00e4v\u00e4n ulkon\u00e4\u00f6n lis\u00e4ksi laput t\u00e4ytt\u00e4v\u00e4t my\u00f6s ammatilliset vaatimukset \u2013 ne kiinnitt\u00e4v\u00e4t alaripset turvallisesti, ovat mukavat k\u00e4ytt\u00e4\u00e4 ja sopivat erinomaisesti ripsien kestotaivutushoitoihin.<\/p>\n<p data-start=\"1304\" data-end=\"1567\">\ud83d\udcab <strong data-start=\"1307\" data-end=\"1331\">Asiakkaiden suosikki<\/strong><br data-start=\"1331\" data-end=\"1334\" \/>Asiakkaat rakastavat v\u00e4rikk\u00e4it\u00e4 ja leikkisi\u00e4 patcheja, jotka muuttavat hoidon pieneksi kuvaussessioksi. T\u00e4m\u00e4 tuo hoitokokemukseen hauskan ja ylellisen vivahteen sek\u00e4 kannustaa asiakkaita jakamaan hoitonsa my\u00f6s sosiaalisessa mediassa.<\/p>\n<p data-start=\"1569\" data-end=\"1618\">\ud83c\udf38 <strong data-start=\"1572\" data-end=\"1618\">Miksi valita Pink Flash Instahero Patches?<\/strong><\/p>\n<ul data-start=\"1620\" data-end=\"2067\">\n<li data-start=\"1620\" data-end=\"1676\">\n<p data-start=\"1622\" data-end=\"1676\">5 erilaista ja rohkeaa designia yhdess\u00e4 pakkauksessa<\/p>\n<\/li>\n<li data-start=\"1677\" data-end=\"1739\">\n<p data-start=\"1679\" data-end=\"1739\">Ammattik\u00e4ytt\u00f6\u00f6n tarkoitetut silm\u00e4naluslaput ripsihoitoihin<\/p>\n<\/li>\n<li data-start=\"1740\" data-end=\"1788\">\n<p data-start=\"1742\" data-end=\"1788\">Mukava ja varma istuvuus alaripsien suojaksi<\/p>\n<\/li>\n<li data-start=\"1789\" data-end=\"1849\">\n<p data-start=\"1791\" data-end=\"1849\">Kimalteleva ja katseenvangitseva ulkon\u00e4k\u00f6 some-sis\u00e4lt\u00f6\u00f6n<\/p>\n<\/li>\n<li data-start=\"1850\" data-end=\"1908\">\n<p data-start=\"1852\" data-end=\"1908\">Lis\u00e4\u00e4 asiakkaiden sitoutumista ja salonkisi n\u00e4kyvyytt\u00e4<\/p>\n<\/li>\n<li data-start=\"1909\" data-end=\"1964\">\n<p data-start=\"1911\" data-end=\"1964\">T\u00e4ydelliset selfieihin, reel-videoihin ja storyihin<\/p>\n<\/li>\n<li data-start=\"1965\" data-end=\"2012\">\n<p data-start=\"1967\" data-end=\"2012\">Kevyet, ihoyst\u00e4v\u00e4lliset ja helppok\u00e4ytt\u00f6iset<\/p>\n<\/li>\n<li data-start=\"2013\" data-end=\"2067\">\n<p data-start=\"2015\" data-end=\"2067\">Hauskat, k\u00e4yt\u00e4nn\u00f6lliset ja 100 % Instagram-valmiit<\/p>\n<\/li>\n<\/ul>\n<p data-start=\"2069\" data-end=\"2172\" data-is-last-node=\"\" data-is-only-node=\"\"><strong data-start=\"2069\" data-end=\"2172\" data-is-last-node=\"\">Pink Flash Instahero Patches \u2013 koska ripsihoitosi voi olla yht\u00e4 vaikuttava kuin lopputulos itse. \ud83d\udc95<\/strong><\/p>\n<\/div>\n<\/div>\n<\/div>\n<\/div>\n<\/div>\n<\/div>\n<\/article>\n<\/div>\n","protected":false},"featured_media":39573,"comment_status":"open","ping_status":"closed","template":"","meta":{"_monsterinsights_skip_tracking":false,"_monsterinsights_sitenote_active":false,"_monsterinsights_sitenote_note":"","_monsterinsights_sitenote_category":0},"product_brand":[],"product_cat":[475,1249,516,521,972],"product_tag":[],"class_list":{"0":"post-39754","1":"product","2":"type-product","3":"status-publish","4":"has-post-thumbnail","6":"product_cat-ripset","7":"product_cat-korean-lash-lift-fi","8":"product_cat-lash-lift-fi","9":"product_cat-silikonityynyt","10":"product_cat-silikonimuotit-alemmille-ripsille","11":"pa_brand-pink-flash-switzerland-fi","13":"first","14":"instock","15":"taxable","16":"shipping-taxable","17":"purchasable","18":"product-type-simple"},"_links":{"self":[{"href":"https:\/\/pomello.ee\/fi\/wp-json\/wp\/v2\/product\/39754","targetHints":{"allow":["GET"]}}],"collection":[{"href":"https:\/\/pomello.ee\/fi\/wp-json\/wp\/v2\/product"}],"about":[{"href":"https:\/\/pomello.ee\/fi\/wp-json\/wp\/v2\/types\/product"}],"replies":[{"embeddable":true,"href":"https:\/\/pomello.ee\/fi\/wp-json\/wp\/v2\/comments?post=39754"}],"wp:featuredmedia":[{"embeddable":true,"href":"https:\/\/pomello.ee\/fi\/wp-json\/wp\/v2\/media\/39573"}],"wp:attachment":[{"href":"https:\/\/pomello.ee\/fi\/wp-json\/wp\/v2\/media?parent=39754"}],"wp:term":[{"taxonomy":"product_brand","embeddable":true,"href":"https:\/\/pomello.ee\/fi\/wp-json\/wp\/v2\/product_brand?post=39754"},{"taxonomy":"product_cat","embeddable":true,"href":"https:\/\/pomello.ee\/fi\/wp-json\/wp\/v2\/product_cat?post=39754"},{"taxonomy":"product_tag","embeddable":true,"href":"https:\/\/pomello.ee\/fi\/wp-json\/wp\/v2\/product_tag?post=39754"}],"curies":[{"name":"wp","href":"https:\/\/api.w.org\/{rel}","templated":true}]}}