{"id":39759,"date":"2026-01-27T20:25:33","date_gmt":"2026-01-27T18:25:33","guid":{"rendered":"https:\/\/pomello.ee\/toode\/39759\/"},"modified":"2026-02-09T20:12:02","modified_gmt":"2026-02-09T18:12:02","slug":"39759","status":"publish","type":"product","link":"https:\/\/pomello.ee\/fi\/toode\/39759\/","title":{"rendered":"PINK FLASH Botanic Gold Serum"},"content":{"rendered":"<h2 data-start=\"66\" data-end=\"79\"><strong data-start=\"69\" data-end=\"79\">K\u00e4ytt\u00f6<\/strong><\/h2>\n<p data-start=\"81\" data-end=\"361\">\ud83d\udcbc <strong data-start=\"84\" data-end=\"122\">Hoidon j\u00e4lkeen \u2013 ammattilaisk\u00e4ytt\u00f6<\/strong><br data-start=\"122\" data-end=\"125\" \/>Levit\u00e4 pieni m\u00e4\u00e4r\u00e4 Pink Flash Botanic Gold Serum -seerumia puhtaille ripsille ja kulmille hoidon viimeisen\u00e4 vaiheena (ripsien kestotaivutus, kulmien laminointi tai v\u00e4rj\u00e4ys).<br data-start=\"298\" data-end=\"301\" \/>Levit\u00e4 seerumi tasaisesti mikroharjalla tai aplikaattorilla.<\/p>\n<p data-start=\"363\" data-end=\"604\">\ud83c\udfe0 <strong data-start=\"366\" data-end=\"392\">P\u00e4ivitt\u00e4inen kotihoito<\/strong><br data-start=\"392\" data-end=\"395\" \/>Puhdista silm\u00e4nymp\u00e4rys ja kulma-alue ennen k\u00e4ytt\u00f6\u00e4.<br data-start=\"446\" data-end=\"449\" \/>Levit\u00e4 ohut kerros seerumia ripsille ja kulmille.<br data-start=\"498\" data-end=\"501\" \/>K\u00e4yt\u00e4 p\u00e4ivitt\u00e4in yll\u00e4pit\u00e4m\u00e4\u00e4n kosteutusta, vahvistamaan karvarakennetta ja pident\u00e4m\u00e4\u00e4n hoidon tuloksia.<\/p>\n<p data-start=\"606\" data-end=\"763\">\u2728 <strong data-start=\"608\" data-end=\"627\">Ei huuhdeltava.<\/strong><br data-start=\"627\" data-end=\"630\" \/>Kevyt geelim\u00e4inen koostumus imeytyy nopeasti ja j\u00e4tt\u00e4\u00e4 ripset ja kulmat kauniin kultaisella hehkulla \u2013 ilman tahmaisuutta tai j\u00e4\u00e4mi\u00e4.<\/p>\n<h2 data-start=\"770\" data-end=\"788\"><strong data-start=\"773\" data-end=\"788\">Tuotetiedot<\/strong><\/h2>\n<p data-start=\"790\" data-end=\"848\"><strong data-start=\"790\" data-end=\"809\">Tuotekategoria:<\/strong><br data-start=\"809\" data-end=\"812\" \/>Ripsien ja kulmien j\u00e4lkihoitoseerumi<\/p>\n<p data-start=\"850\" data-end=\"868\"><strong data-start=\"850\" data-end=\"866\">P\u00e4\u00e4vaikutus:<\/strong><\/p>\n<ul data-start=\"869\" data-end=\"1121\">\n<li data-start=\"869\" data-end=\"931\">\n<p data-start=\"871\" data-end=\"931\">Kosteuttaa syv\u00e4lt\u00e4, ravitsee ja vahvistaa ripsi\u00e4 ja kulmia<\/p>\n<\/li>\n<li data-start=\"932\" data-end=\"1031\">\n<p data-start=\"934\" data-end=\"1031\">Tukee ja pident\u00e4\u00e4 tuloksia ripsien kestotaivutuksen, kulmien laminoinnin tai v\u00e4rj\u00e4yksen j\u00e4lkeen<\/p>\n<\/li>\n<li data-start=\"1032\" data-end=\"1121\">\n<p data-start=\"1034\" data-end=\"1121\">Antaa viimeistellyn ja ylellisen lopputuloksen hienovaraisen kultaisen hohteen ansiosta<\/p>\n<\/li>\n<\/ul>\n<p data-start=\"1123\" data-end=\"1146\"><strong data-start=\"1123\" data-end=\"1144\">Keskeiset hy\u00f6dyt:<\/strong><\/p>\n<ul data-start=\"1147\" data-end=\"1509\">\n<li data-start=\"1147\" data-end=\"1203\">\n<p data-start=\"1149\" data-end=\"1203\">Hyaluronihappo \u2013 intensiiviseen ja syv\u00e4kosteutukseen<\/p>\n<\/li>\n<li data-start=\"1204\" data-end=\"1280\">\n<p data-start=\"1206\" data-end=\"1280\">Keramidit ja yli 10 kasvipohjaista uutetta \u2013 vahvistavat karvarakennetta<\/p>\n<\/li>\n<li data-start=\"1281\" data-end=\"1339\">\n<p data-start=\"1283\" data-end=\"1339\">Rauhoittaa ja hoitaa kemiallisten k\u00e4sittelyjen j\u00e4lkeen<\/p>\n<\/li>\n<li data-start=\"1340\" data-end=\"1394\">\n<p data-start=\"1342\" data-end=\"1394\">Kevyt, nopeasti imeytyv\u00e4 ja ei-tahmainen koostumus<\/p>\n<\/li>\n<li data-start=\"1395\" data-end=\"1459\">\n<p data-start=\"1397\" data-end=\"1459\">Vegaaninen, ihoyst\u00e4v\u00e4llinen ja sopii kaikille karvatyypeille<\/p>\n<\/li>\n<li data-start=\"1460\" data-end=\"1509\">\n<p data-start=\"1462\" data-end=\"1509\">Inspiroitu korealaisesta ihonhoitoteknologiasta<\/p>\n<\/li>\n<\/ul>\n<p data-start=\"1511\" data-end=\"1595\"><strong data-start=\"1511\" data-end=\"1525\">Koostumus:<\/strong><br data-start=\"1525\" data-end=\"1528\" \/>Kevyt geelim\u00e4inen koostumus, jossa on s\u00e4ihkyvi\u00e4 kultaisia hiukkasia<\/p>\n<p data-start=\"1597\" data-end=\"1631\"><strong data-start=\"1597\" data-end=\"1612\">K\u00e4ytt\u00f6alue:<\/strong><br data-start=\"1612\" data-end=\"1615\" \/>Ripset ja kulmat<\/p>\n<p data-start=\"1633\" data-end=\"1655\"><strong data-start=\"1633\" data-end=\"1653\">K\u00e4ytt\u00f6tarkoitus:<\/strong><\/p>\n<ul data-start=\"1656\" data-end=\"1768\">\n<li data-start=\"1656\" data-end=\"1701\">\n<p data-start=\"1658\" data-end=\"1701\">Ammattilaisen j\u00e4lkihoitona hoidon j\u00e4lkeen<\/p>\n<\/li>\n<li data-start=\"1702\" data-end=\"1768\">\n<p data-start=\"1704\" data-end=\"1768\">P\u00e4ivitt\u00e4iseen kotihoitoon kosteuden ja vahvuuden yll\u00e4pit\u00e4miseksi<\/p>\n<\/li>\n<\/ul>\n<p data-start=\"1770\" data-end=\"1855\"><strong data-start=\"1770\" data-end=\"1782\">Pakkaus:<\/strong><br data-start=\"1782\" data-end=\"1785\" \/>Ammattilais- ja v\u00e4hitt\u00e4ismyyntiin sopiva pakkaus (koko tuotekohtainen)<\/p>\n<p data-start=\"1857\" data-end=\"1923\"><strong data-start=\"1857\" data-end=\"1871\">Ihotyyppi:<\/strong><br data-start=\"1871\" data-end=\"1874\" \/>Sopii kaikille ihotyypeille, my\u00f6s herk\u00e4lle iholle<\/p>\n<p data-start=\"1925\" data-end=\"1951\"><strong data-start=\"1925\" data-end=\"1949\">Erityisominaisuudet:<\/strong><\/p>\n<ul data-start=\"1952\" data-end=\"2109\" data-is-last-node=\"\" data-is-only-node=\"\">\n<li data-start=\"1952\" data-end=\"1982\">\n<p data-start=\"1954\" data-end=\"1982\">Ei j\u00e4t\u00e4 rasvaista tunnetta<\/p>\n<\/li>\n<li data-start=\"1983\" data-end=\"2026\">\n<p data-start=\"1985\" data-end=\"2026\">Ei tuki ihohuokosia (ei-komedogeeninen)<\/p>\n<\/li>\n<li data-start=\"2027\" data-end=\"2065\">\n<p data-start=\"2029\" data-end=\"2065\">Ei sis\u00e4ll\u00e4 el\u00e4inper\u00e4isi\u00e4 ainesosia<\/p>\n<\/li>\n<li data-start=\"2066\" data-end=\"2109\" data-is-last-node=\"\">\n<p data-start=\"2068\" data-end=\"2109\" data-is-last-node=\"\">Sopii sek\u00e4 ammattilais- ett\u00e4 kotik\u00e4ytt\u00f6\u00f6n<\/p>\n<\/li>\n<\/ul>\n","protected":false},"excerpt":{"rendered":"<h2 data-start=\"798\" data-end=\"880\"><strong data-start=\"801\" data-end=\"880\">Pink Flash Botanic Gold Serum \u2013 ylellinen hoitoseerumi ripsille ja kulmille<\/strong><\/h2>\n<p data-start=\"882\" data-end=\"1123\">Pink Flash Botanic Gold Serum on ylellinen j\u00e4lkihoitoseerumi, joka yhdist\u00e4\u00e4 syv\u00e4kosteutuksen, ravitsevan hoidon ja visuaalisen hehkun. Se ei ole vain hoitotuote \u2013 se muuttaa jokaisen ripsi- ja kulmahoidon nautinnolliseksi kauneusrituaaliksi.<\/p>\n<p data-start=\"1125\" data-end=\"1340\">Kevyt geelim\u00e4inen koostumus, jota rikastavat hohtavat kultaiset hiukkaset, kosteuttaa ja hoitaa karvoja ilman tahmaista tai rasvaista tunnetta. Ripset ja kulmat j\u00e4\u00e4v\u00e4t kiilt\u00e4viksi, sileiksi ja terveesti hoidetuiksi.<\/p>\n<p data-start=\"1342\" data-end=\"1459\">Inspiraatio on per\u00e4isin korealaisista kauneusrituaaleista, joissa tiede ja ylellinen ihonhoito kulkevat k\u00e4si k\u00e4dess\u00e4.<\/p>\n<p data-start=\"1461\" data-end=\"1656\">\ud83d\udc97 <strong data-start=\"1464\" data-end=\"1501\">Syv\u00e4kosteutus ja palauttava hoito<\/strong><br data-start=\"1501\" data-end=\"1504\" \/>Sis\u00e4lt\u00e4\u00e4 hyaluronihappoa, joka kosteuttaa intensiivisesti ja auttaa s\u00e4ilytt\u00e4m\u00e4\u00e4n ripsien ja kulmien elastisuuden my\u00f6s kemiallisten k\u00e4sittelyjen j\u00e4lkeen.<\/p>\n<p data-start=\"1658\" data-end=\"1846\">\u2728 <strong data-start=\"1660\" data-end=\"1683\">Vahvistaa ja suojaa<\/strong><br data-start=\"1683\" data-end=\"1686\" \/>Keramidit ja yli 10 kasvipohjaista uutetta tukevat karvarakennetta, v\u00e4hent\u00e4v\u00e4t katkeilua ja auttavat yll\u00e4pit\u00e4m\u00e4\u00e4n vahvat ja terveet karvat pitk\u00e4ll\u00e4 aikav\u00e4lill\u00e4.<\/p>\n<p data-start=\"1848\" data-end=\"2040\">\ud83c\udf3f <strong data-start=\"1851\" data-end=\"1877\">Rauhoittaa ja silottaa<\/strong><br data-start=\"1877\" data-end=\"1880\" \/>Ihanteellinen k\u00e4ytett\u00e4v\u00e4ksi kestotaivutuksen, v\u00e4rj\u00e4yksen tai laminoinnin j\u00e4lkeen \u2013 rauhoittaa ihoa ja karvoja, v\u00e4hent\u00e4\u00e4 herkkyytt\u00e4 ja parantaa k\u00e4ytt\u00f6mukavuutta.<\/p>\n<p data-start=\"2042\" data-end=\"2237\">\ud83d\udcab <strong data-start=\"2045\" data-end=\"2072\">V\u00e4lit\u00f6n kultainen hehku<\/strong><br data-start=\"2072\" data-end=\"2075\" \/>Hienovaraisesti hohtava kultainen koostumus antaa v\u00e4litt\u00f6m\u00e4n visuaalisen \u201cwow-efektin\u201d ja tekee lopputuloksesta ylellisen ja viimeistellyn heti ensi silm\u00e4yksell\u00e4.<\/p>\n<p data-start=\"2239\" data-end=\"2396\">\ud83d\udca7 <strong data-start=\"2242\" data-end=\"2277\">Kevyt ja ei-tahmainen koostumus<\/strong><br data-start=\"2277\" data-end=\"2280\" \/>Geelim\u00e4inen koostumus imeytyy nopeasti, ei j\u00e4t\u00e4 j\u00e4\u00e4mi\u00e4 ja sopii erinomaisesti sek\u00e4 salonkik\u00e4ytt\u00f6\u00f6n ett\u00e4 kotihoitoon.<\/p>\n<p data-start=\"2398\" data-end=\"2778\">\ud83c\udf38 <strong data-start=\"2401\" data-end=\"2453\">Viimeinen mutta t\u00e4rke\u00e4 vaihe jokaisessa hoidossa<\/strong><br data-start=\"2453\" data-end=\"2456\" \/>Pink Flash Botanic Gold Serum on t\u00e4ydellinen viimeistelyvaihe ripsien kestotaivutuksessa ja kulmien laminoinnissa \u2013 se lukitsee kosteuden, tukee tulosten kest\u00e4vyytt\u00e4 ja lis\u00e4\u00e4 v\u00e4lit\u00f6nt\u00e4 kiiltoa. Asiakas voi k\u00e4ytt\u00e4\u00e4 seerumia helposti my\u00f6s kotona pit\u00e4\u00e4kseen ripset ja kulmat vahvoina, kiilt\u00e4vin\u00e4 ja tervein\u00e4 hoitojen v\u00e4lill\u00e4.<\/p>\n<p data-start=\"2780\" data-end=\"2829\">\u2728 <strong data-start=\"2782\" data-end=\"2829\">Miksi valita Pink Flash Botanic Gold Serum?<\/strong><\/p>\n<ul data-start=\"2831\" data-end=\"3155\">\n<li data-start=\"2831\" data-end=\"2893\">\n<p data-start=\"2833\" data-end=\"2893\">Hyaluronihappo, keramidit ja yli 10 kasvipohjaista uutetta<\/p>\n<\/li>\n<li data-start=\"2894\" data-end=\"2931\">\n<p data-start=\"2896\" data-end=\"2931\">Kevyt geeli kultaisella hohteella<\/p>\n<\/li>\n<li data-start=\"2932\" data-end=\"2972\">\n<p data-start=\"2934\" data-end=\"2972\">Syv\u00e4kosteutus ja intensiivinen hoito<\/p>\n<\/li>\n<li data-start=\"2973\" data-end=\"3021\">\n<p data-start=\"2975\" data-end=\"3021\">Rauhoittaa kemiallisten k\u00e4sittelyjen j\u00e4lkeen<\/p>\n<\/li>\n<li data-start=\"3022\" data-end=\"3055\">\n<p data-start=\"3024\" data-end=\"3055\">Vegaaninen ja ihoyst\u00e4v\u00e4llinen<\/p>\n<\/li>\n<li data-start=\"3056\" data-end=\"3106\">\n<p data-start=\"3058\" data-end=\"3106\">Nopeasti imeytyv\u00e4, ei-tahmainen eik\u00e4 rasvainen<\/p>\n<\/li>\n<li data-start=\"3107\" data-end=\"3155\">\n<p data-start=\"3109\" data-end=\"3155\">Inspiroitu korealaisista kauneusrituaaleista<\/p>\n<\/li>\n<\/ul>\n<p data-start=\"3157\" data-end=\"3300\" data-is-last-node=\"\" data-is-only-node=\"\"><strong data-start=\"3157\" data-end=\"3300\" data-is-last-node=\"\">Pink Flash Botanic Gold Serum \u2013 ylellinen viimeistely, joka ravitsee, kosteuttaa ja saa ripset sek\u00e4 kulmat hehkumaan my\u00f6s hoidon j\u00e4lkeen. \u2728<\/strong><\/p>\n","protected":false},"featured_media":39560,"comment_status":"open","ping_status":"closed","template":"","meta":{"_monsterinsights_skip_tracking":false,"_monsterinsights_sitenote_active":false,"_monsterinsights_sitenote_note":"","_monsterinsights_sitenote_category":0},"product_brand":[],"product_cat":[476,899,915,518,917,923,477,516,475],"product_tag":[],"class_list":{"0":"post-39759","1":"product","2":"type-product","3":"status-publish","4":"has-post-thumbnail","6":"product_cat-kulmakarvat","7":"product_cat-emulsiot-fi","8":"product_cat-esi-ja-jalkihoito","9":"product_cat-jalkihoito","10":"product_cat-jalkihoito-fi","11":"product_cat-jalkihoito-ja-kosteuttaminen","12":"product_cat-kulmien-laminointi","13":"product_cat-lash-lift-fi","14":"product_cat-ripset","15":"pa_brand-pink-flash-switzerland-fi","16":"pa_suurus-15-ml-fi","17":"pa_suurus-5-ml-fi","19":"first","20":"instock","21":"taxable","22":"shipping-taxable","23":"purchasable","24":"product-type-variable"},"_links":{"self":[{"href":"https:\/\/pomello.ee\/fi\/wp-json\/wp\/v2\/product\/39759","targetHints":{"allow":["GET"]}}],"collection":[{"href":"https:\/\/pomello.ee\/fi\/wp-json\/wp\/v2\/product"}],"about":[{"href":"https:\/\/pomello.ee\/fi\/wp-json\/wp\/v2\/types\/product"}],"replies":[{"embeddable":true,"href":"https:\/\/pomello.ee\/fi\/wp-json\/wp\/v2\/comments?post=39759"}],"wp:featuredmedia":[{"embeddable":true,"href":"https:\/\/pomello.ee\/fi\/wp-json\/wp\/v2\/media\/39560"}],"wp:attachment":[{"href":"https:\/\/pomello.ee\/fi\/wp-json\/wp\/v2\/media?parent=39759"}],"wp:term":[{"taxonomy":"product_brand","embeddable":true,"href":"https:\/\/pomello.ee\/fi\/wp-json\/wp\/v2\/product_brand?post=39759"},{"taxonomy":"product_cat","embeddable":true,"href":"https:\/\/pomello.ee\/fi\/wp-json\/wp\/v2\/product_cat?post=39759"},{"taxonomy":"product_tag","embeddable":true,"href":"https:\/\/pomello.ee\/fi\/wp-json\/wp\/v2\/product_tag?post=39759"}],"curies":[{"name":"wp","href":"https:\/\/api.w.org\/{rel}","templated":true}]}}