{"id":39772,"date":"2026-01-27T19:48:47","date_gmt":"2026-01-27T17:48:47","guid":{"rendered":"https:\/\/pomello.ee\/toode\/pink-flash-face-me-silikonimuotit\/"},"modified":"2026-01-27T19:48:47","modified_gmt":"2026-01-27T17:48:47","slug":"pink-flash-face-me-silikonimuotit","status":"publish","type":"product","link":"https:\/\/pomello.ee\/fi\/toode\/pink-flash-face-me-silikonimuotit\/","title":{"rendered":"PINK FLASH Face Me silikonimuotit"},"content":{"rendered":"","protected":false},"excerpt":{"rendered":"<div class=\"flex flex-col text-sm pb-25\">\n<article class=\"text-token-text-primary w-full focus:outline-none [--shadow-height:45px] has-data-writing-block:pointer-events-none has-data-writing-block:-mt-(--shadow-height) has-data-writing-block:pt-(--shadow-height) [&amp;:has([data-writing-block])&gt;*]:pointer-events-auto scroll-mt-[calc(var(--header-height)+min(200px,max(70px,20svh)))]\" dir=\"auto\" tabindex=\"-1\" data-turn-id=\"request-69831771-8748-838a-ad97-e9c46b183d72-37\" data-testid=\"conversation-turn-66\" data-scroll-anchor=\"true\" data-turn=\"assistant\">\n<div class=\"text-base my-auto mx-auto pb-10 [--thread-content-margin:--spacing(4)] @w-sm\/main:[--thread-content-margin:--spacing(6)] @w-lg\/main:[--thread-content-margin:--spacing(16)] px-(--thread-content-margin)\">\n<div class=\"[--thread-content-max-width:40rem] @w-lg\/main:[--thread-content-max-width:48rem] mx-auto max-w-(--thread-content-max-width) flex-1 group\/turn-messages focus-visible:outline-hidden relative flex w-full min-w-0 flex-col agent-turn\" tabindex=\"-1\">\n<div class=\"flex max-w-full flex-col grow\">\n<div class=\"min-h-8 text-message relative flex w-full flex-col items-end gap-2 text-start break-words whitespace-normal [.text-message+&amp;]:mt-1\" dir=\"auto\" data-message-author-role=\"assistant\" data-message-id=\"04729640-0a1b-4447-9550-ab705f384eaf\" data-message-model-slug=\"gpt-5-2\">\n<div class=\"flex w-full flex-col gap-1 empty:hidden first:pt-[1px]\">\n<div class=\"markdown prose dark:prose-invert w-full wrap-break-word dark markdown-new-styling\">\n<p data-start=\"0\" data-end=\"38\"><strong data-start=\"0\" data-end=\"38\">Pink Flash Face Me -silikonimuotit<\/strong><\/p>\n<p data-start=\"40\" data-end=\"294\">Pink Flash Face Me -silikonimuotit auttavat saavuttamaan t\u00e4ydellisen ja tasaisen ripsien kestotaivutuksen minimaalisella vaivalla. Tarkan APEX-k\u00e4rjen ansiosta ne nostavat ja taivuttavat ripset hallitusti, tarjoten kauniin ja pitk\u00e4kestoisen lopputuloksen.<\/p>\n<p data-start=\"296\" data-end=\"424\">Ihanteellinen valinta ripsiteknikoille, jotka arvostavat tarkkuutta, mukavuutta ja luotettavaa lopputulosta jokaisessa hoidossa.<\/p>\n<p data-start=\"426\" data-end=\"998\">\ud83d\udc97 <strong data-start=\"429\" data-end=\"476\">T\u00e4ydellinen istuvuus jokaiselle asiakkaalle<\/strong><br data-start=\"476\" data-end=\"479\" \/>Face Me -silikonimuotit ovat saatavilla viidess\u00e4 koossa (XS, S, M, L, XL), mik\u00e4 mahdollistaa oikean muotin valinnan kaikille ripsipituuksille. Ty\u00f6skenteletp\u00e4 lyhyiden, keskipitkien tai pitkien ripsien kanssa, ne takaavat aina yksil\u00f6llisen ja tarkan kestotaivutuksen. Tasapainoinen muoto sopii kaikille silm\u00e4nmuodoille ja auttaa luomaan avoimen ja harmonisen katseen. Lash lift -maailmassa liikkuu jo puhetta, ett\u00e4 n\u00e4it\u00e4 pidet\u00e4\u00e4n uutena LU curlina \u2013 hallittu nosto, luonnollinen muoto ja lopputulos ilman ylik\u00e4\u00e4ntymist\u00e4.<\/p>\n<p data-start=\"1000\" data-end=\"1205\">\u2728 <strong data-start=\"1002\" data-end=\"1034\">Liimaton ja helppok\u00e4ytt\u00f6inen<\/strong><br data-start=\"1034\" data-end=\"1037\" \/>Muotit kiinnittyv\u00e4t iholle ilman liimaa, tehden ty\u00f6prosessista nopeamman ja mukavamman. V\u00e4hemm\u00e4n valmistelua, enemm\u00e4n hallintaa \u2013 ja asiakkaalle maksimaalinen mukavuus.<\/p>\n<p data-start=\"1207\" data-end=\"1505\">\ud83c\udf3f <strong data-start=\"1210\" data-end=\"1246\">Kest\u00e4v\u00e4 ja luotettava materiaali<\/strong><br data-start=\"1246\" data-end=\"1249\" \/>Valmistettu korkealaatuisesta ja kest\u00e4v\u00e4st\u00e4 silikonista, joka s\u00e4ilytt\u00e4\u00e4 muotonsa ja elastisuutensa my\u00f6s toistuvassa k\u00e4yt\u00f6ss\u00e4. Pehme\u00e4 mutta riitt\u00e4v\u00e4n tukeva rakenne tukee ripsien tarkkaa asettelua ja varmistaa tasaisen ja kauniin noston jokaisessa hoidossa.<\/p>\n<p data-start=\"1507\" data-end=\"1793\">\ud83c\udde8\ud83c\udded <strong data-start=\"1512\" data-end=\"1553\">Ammattilaisen valinta ripsiteknikolle<\/strong><br data-start=\"1553\" data-end=\"1556\" \/>Pink Flash Face Me -silikonimuotit on suunniteltu ammattik\u00e4ytt\u00f6\u00f6n, tarjoten varman lopputuloksen, luotettavuuden ja k\u00e4ytt\u00f6mukavuuden. T\u00e4ydellinen ty\u00f6kalu ripsien kestotaivutuksen laadun parantamiseen ja asiakastyytyv\u00e4isyyden lis\u00e4\u00e4miseen.<\/p>\n<p data-start=\"1795\" data-end=\"1918\" data-is-last-node=\"\" data-is-only-node=\"\"><strong data-start=\"1795\" data-end=\"1918\" data-is-last-node=\"\">Pink Flash Face Me -silikonimuotit \u2013 tarkkuutta, mukavuutta ja ammattilaistason tuloksia jokaisessa kestotaivutuksessa.<\/strong><\/p>\n<\/div>\n<\/div>\n<\/div>\n<\/div>\n<\/div>\n<\/div>\n<\/article>\n<\/div>\n","protected":false},"featured_media":39514,"comment_status":"open","ping_status":"closed","template":"","meta":{"_monsterinsights_skip_tracking":false,"_monsterinsights_sitenote_active":false,"_monsterinsights_sitenote_note":"","_monsterinsights_sitenote_category":0},"product_brand":[],"product_cat":[475,1249,516,521],"product_tag":[],"class_list":{"0":"post-39772","1":"product","2":"type-product","3":"status-publish","4":"has-post-thumbnail","6":"product_cat-ripset","7":"product_cat-korean-lash-lift-fi","8":"product_cat-lash-lift-fi","9":"product_cat-silikonityynyt","10":"pa_brand-pink-flash-switzerland-fi","12":"first","13":"outofstock","14":"taxable","15":"shipping-taxable","16":"purchasable","17":"product-type-simple"},"_links":{"self":[{"href":"https:\/\/pomello.ee\/fi\/wp-json\/wp\/v2\/product\/39772","targetHints":{"allow":["GET"]}}],"collection":[{"href":"https:\/\/pomello.ee\/fi\/wp-json\/wp\/v2\/product"}],"about":[{"href":"https:\/\/pomello.ee\/fi\/wp-json\/wp\/v2\/types\/product"}],"replies":[{"embeddable":true,"href":"https:\/\/pomello.ee\/fi\/wp-json\/wp\/v2\/comments?post=39772"}],"wp:featuredmedia":[{"embeddable":true,"href":"https:\/\/pomello.ee\/fi\/wp-json\/wp\/v2\/media\/39514"}],"wp:attachment":[{"href":"https:\/\/pomello.ee\/fi\/wp-json\/wp\/v2\/media?parent=39772"}],"wp:term":[{"taxonomy":"product_brand","embeddable":true,"href":"https:\/\/pomello.ee\/fi\/wp-json\/wp\/v2\/product_brand?post=39772"},{"taxonomy":"product_cat","embeddable":true,"href":"https:\/\/pomello.ee\/fi\/wp-json\/wp\/v2\/product_cat?post=39772"},{"taxonomy":"product_tag","embeddable":true,"href":"https:\/\/pomello.ee\/fi\/wp-json\/wp\/v2\/product_tag?post=39772"}],"curies":[{"name":"wp","href":"https:\/\/api.w.org\/{rel}","templated":true}]}}