{"id":39781,"date":"2026-01-23T11:29:06","date_gmt":"2026-01-23T09:29:06","guid":{"rendered":"https:\/\/pomello.ee\/toode\/my-lamination-lami-primer\/"},"modified":"2026-01-23T11:29:06","modified_gmt":"2026-01-23T09:29:06","slug":"my-lamination-lami-primer","status":"publish","type":"product","link":"https:\/\/pomello.ee\/fi\/toode\/my-lamination-lami-primer\/","title":{"rendered":"My Lamination Lami Primer"},"content":{"rendered":"<p data-start=\"0\" data-end=\"10\"><strong data-start=\"0\" data-end=\"10\">K\u00e4ytt\u00f6<\/strong><\/p>\n<p data-start=\"12\" data-end=\"148\">Levit\u00e4 pieni m\u00e4\u00e4r\u00e4 tuotetta mikroharjalla yl\u00f6sp\u00e4in suuntautuvin vedoin.<br data-start=\"83\" data-end=\"86\" \/>Anna tuotteen kuivua ja jatka sen j\u00e4lkeen laminointiprosessia.<\/p>\n<p data-start=\"150\" data-end=\"352\" data-is-last-node=\"\" data-is-only-node=\"\">Lami Primerin aktiiviset ainesosat auttavat avaamaan karvan suomukerrosta ja voivat lyhent\u00e4\u00e4 Step 1 -vaiheen vaikutusaikaa. Seuraa vaikutusaikaa huolellisesti, sill\u00e4 se voi vaihdella karvatyypin mukaan.<\/p>\n","protected":false},"excerpt":{"rendered":"<p data-start=\"0\" data-end=\"29\"><strong data-start=\"0\" data-end=\"29\">My Lamination Lami Primer<\/strong><\/p>\n<p data-start=\"31\" data-end=\"306\">My Lamination Lami Primer on ammattik\u00e4ytt\u00f6\u00f6n tarkoitettu primer ripsien ja kulmien valmisteluun ennen laminointiprosessia.<br data-start=\"153\" data-end=\"156\" \/>Primer avaa karvan suomukerrosta hell\u00e4varaisesti arginiinin vaikutuksesta, parantaen karvan vastaanottavuutta ja tehostaen Step 1 -vaiheen vaikutusta.<\/p>\n<p data-start=\"308\" data-end=\"450\">Senegalin akaasian ja orkidean uutteet kosteuttavat, suojaavat ja hoitavat karvakuitua, varmistaen sile\u00e4mm\u00e4n lopputuloksen ja pidemm\u00e4n keston.<\/p>\n<h3 data-start=\"452\" data-end=\"481\">Miksi valita Lami Primer?<\/h3>\n<ul data-start=\"482\" data-end=\"669\">\n<li data-start=\"482\" data-end=\"533\">\n<p data-start=\"484\" data-end=\"533\">Valmistelee ripset ja kulmat laminointia varten<\/p>\n<\/li>\n<li data-start=\"534\" data-end=\"579\">\n<p data-start=\"536\" data-end=\"579\">Edist\u00e4\u00e4 karvan suomukerroksen avautumista<\/p>\n<\/li>\n<li data-start=\"580\" data-end=\"629\">\n<p data-start=\"582\" data-end=\"629\">Parantaa Step 1 -vaiheen tehoa ja tasaisuutta<\/p>\n<\/li>\n<li data-start=\"630\" data-end=\"669\">\n<p data-start=\"632\" data-end=\"669\">Kevyt koostumus ja nopea kuivuminen<\/p>\n<\/li>\n<\/ul>\n<h3 data-start=\"671\" data-end=\"695\">Aktiiviset ainesosat<\/h3>\n<ul data-start=\"696\" data-end=\"931\">\n<li data-start=\"696\" data-end=\"762\">\n<p data-start=\"698\" data-end=\"762\"><strong data-start=\"698\" data-end=\"711\">Arginiini<\/strong> \u2013 avaa suomukerrosta, s\u00e4\u00e4telee pH:ta, kosteuttaa<\/p>\n<\/li>\n<li data-start=\"763\" data-end=\"840\">\n<p data-start=\"765\" data-end=\"840\"><strong data-start=\"765\" data-end=\"793\">Acacia Senegal -kumiuute<\/strong> \u2013 kalvon muodostava, rauhoittava ja suojaava<\/p>\n<\/li>\n<li data-start=\"841\" data-end=\"931\">\n<p data-start=\"843\" data-end=\"931\"><strong data-start=\"843\" data-end=\"880\">Dendrobium Nobile (orkidea) -uute<\/strong> \u2013 kosteuttava, uudistava, ik\u00e4\u00e4ntymist\u00e4 ehk\u00e4isev\u00e4<\/p>\n<\/li>\n<\/ul>\n<p data-start=\"933\" data-end=\"1016\" data-is-last-node=\"\" data-is-only-node=\"\"><strong data-start=\"933\" data-end=\"946\">Sopivuus:<\/strong><br data-start=\"946\" data-end=\"949\" \/>Sopii vahvalle karvalle; k\u00e4ytett\u00e4viss\u00e4 sek\u00e4 ripsille ett\u00e4 kulmille.<\/p>\n","protected":false},"featured_media":39450,"comment_status":"open","ping_status":"closed","template":"","meta":{"_monsterinsights_skip_tracking":false,"_monsterinsights_sitenote_active":false,"_monsterinsights_sitenote_note":"","_monsterinsights_sitenote_category":0},"product_brand":[],"product_cat":[476,915,518,916,1249,477,516,475,931],"product_tag":[],"class_list":{"0":"post-39781","1":"product","2":"type-product","3":"status-publish","4":"has-post-thumbnail","6":"product_cat-kulmakarvat","7":"product_cat-esi-ja-jalkihoito","8":"product_cat-jalkihoito","9":"product_cat-esihoito-fi","10":"product_cat-korean-lash-lift-fi","11":"product_cat-kulmien-laminointi","12":"product_cat-lash-lift-fi","13":"product_cat-ripset","14":"product_cat-valmistus-ja-suojavoiteet","15":"pa_brand-my-lamination-fi","17":"first","18":"outofstock","19":"taxable","20":"shipping-taxable","21":"purchasable","22":"product-type-simple"},"_links":{"self":[{"href":"https:\/\/pomello.ee\/fi\/wp-json\/wp\/v2\/product\/39781","targetHints":{"allow":["GET"]}}],"collection":[{"href":"https:\/\/pomello.ee\/fi\/wp-json\/wp\/v2\/product"}],"about":[{"href":"https:\/\/pomello.ee\/fi\/wp-json\/wp\/v2\/types\/product"}],"replies":[{"embeddable":true,"href":"https:\/\/pomello.ee\/fi\/wp-json\/wp\/v2\/comments?post=39781"}],"wp:featuredmedia":[{"embeddable":true,"href":"https:\/\/pomello.ee\/fi\/wp-json\/wp\/v2\/media\/39450"}],"wp:attachment":[{"href":"https:\/\/pomello.ee\/fi\/wp-json\/wp\/v2\/media?parent=39781"}],"wp:term":[{"taxonomy":"product_brand","embeddable":true,"href":"https:\/\/pomello.ee\/fi\/wp-json\/wp\/v2\/product_brand?post=39781"},{"taxonomy":"product_cat","embeddable":true,"href":"https:\/\/pomello.ee\/fi\/wp-json\/wp\/v2\/product_cat?post=39781"},{"taxonomy":"product_tag","embeddable":true,"href":"https:\/\/pomello.ee\/fi\/wp-json\/wp\/v2\/product_tag?post=39781"}],"curies":[{"name":"wp","href":"https:\/\/api.w.org\/{rel}","templated":true}]}}