{"id":40239,"date":"2026-03-08T19:59:19","date_gmt":"2026-03-08T17:59:19","guid":{"rendered":"https:\/\/pomello.ee\/?post_type=product&#038;p=40239"},"modified":"2026-04-06T20:09:25","modified_gmt":"2026-04-06T18:09:25","slug":"iwax-duo-vahasoojendaja-kahele-kassetile","status":"publish","type":"product","link":"https:\/\/pomello.ee\/fi\/toode\/iwax-duo-vahasoojendaja-kahele-kassetile\/","title":{"rendered":"iWax Duo vahasoojendaja kahele kassetile"},"content":{"rendered":"","protected":false},"excerpt":{"rendered":"<div class=\"flex flex-col text-sm pb-25\">\n<article class=\"text-token-text-primary w-full focus:outline-none [--shadow-height:45px] has-data-writing-block:pointer-events-none has-data-writing-block:-mt-(--shadow-height) has-data-writing-block:pt-(--shadow-height) [&amp;:has([data-writing-block])&gt;*]:pointer-events-auto scroll-mt-[calc(var(--header-height)+min(200px,max(70px,20svh)))]\" dir=\"auto\" tabindex=\"-1\" data-turn-id=\"request-WEB:0b71b2ac-4ec1-4ce8-9494-2a225bb1b9c9-1\" data-testid=\"conversation-turn-4\" data-scroll-anchor=\"true\" data-turn=\"assistant\">\n<div class=\"text-base my-auto mx-auto pb-10 [--thread-content-margin:var(--thread-content-margin-xs,calc(var(--spacing)*4))] @w-sm\/main:[--thread-content-margin:var(--thread-content-margin-sm,calc(var(--spacing)*6))] @w-lg\/main:[--thread-content-margin:var(--thread-content-margin-lg,calc(var(--spacing)*16))] px-(--thread-content-margin)\">\n<div class=\"[--thread-content-max-width:40rem] @w-lg\/main:[--thread-content-max-width:48rem] mx-auto max-w-(--thread-content-max-width) flex-1 group\/turn-messages focus-visible:outline-hidden relative flex w-full min-w-0 flex-col agent-turn\" tabindex=\"-1\">\n<div class=\"flex max-w-full flex-col gap-4 grow\">\n<div class=\"min-h-8 text-message relative flex w-full flex-col items-end gap-2 text-start break-words whitespace-normal [.text-message+&amp;]:mt-1\" dir=\"auto\" data-message-author-role=\"assistant\" data-message-id=\"1cabe73f-388f-472d-b850-a8df134b368a\" data-message-model-slug=\"gpt-5-3\">\n<div class=\"flex w-full flex-col gap-1 empty:hidden\">\n<div class=\"markdown prose dark:prose-invert w-full wrap-break-word dark markdown-new-styling\">\n<p data-start=\"0\" data-end=\"45\"><strong data-start=\"0\" data-end=\"45\">iWax Duo Wax \u2013 vahasoojendaja kahele kassetile<\/strong><\/p>\n<p data-start=\"47\" data-end=\"350\">Duo Wax on praktiline ja t\u00f6\u00f6kindel seade depilatsioonivaha kassettide soojendamiseks. Seade on loodud professionaalseks kasutamiseks ilusalongides, pakkudes mugavat ja kiiret lahendust vaha kuumutamiseks. L\u00fchike soojenemisaeg aitab hoida t\u00f6\u00f6 sujuvana ning v\u00f5imaldab kasutada korraga kahte vaha kassetti.<\/p>\n<p data-start=\"352\" data-end=\"469\">Vahasoojendaja on <strong data-start=\"370\" data-end=\"402\">turvaline ja lihtne kasutada<\/strong>, sobides nii kogenud ilutegijale kui ka alustavale spetsialistile.<\/p>\n<p data-start=\"471\" data-end=\"494\"><strong data-start=\"471\" data-end=\"492\">Komplekti kuulub:<\/strong><\/p>\n<ul data-start=\"495\" data-end=\"570\">\n<li data-section-id=\"17pfgv7\" data-start=\"495\" data-end=\"503\">\n<p data-start=\"497\" data-end=\"503\">alus<\/p>\n<\/li>\n<li data-section-id=\"kg2dnw\" data-start=\"504\" data-end=\"525\">\n<p data-start=\"506\" data-end=\"525\">2 vahasoojendajat<\/p>\n<\/li>\n<li data-section-id=\"1ru9p2x\" data-start=\"526\" data-end=\"539\">\n<p data-start=\"528\" data-end=\"539\">toitejuhe<\/p>\n<\/li>\n<li data-section-id=\"sdozqm\" data-start=\"540\" data-end=\"557\">\n<p data-start=\"542\" data-end=\"557\">kasutusjuhend<\/p>\n<\/li>\n<li data-section-id=\"ousy93\" data-start=\"558\" data-end=\"570\">\n<p data-start=\"560\" data-end=\"570\">garantii<\/p>\n<\/li>\n<\/ul>\n<p data-start=\"572\" data-end=\"596\"><strong data-start=\"572\" data-end=\"594\">Tehnilised andmed:<\/strong><\/p>\n<ul data-start=\"597\" data-end=\"876\">\n<li data-section-id=\"nf5xk5\" data-start=\"597\" data-end=\"613\">\n<p data-start=\"599\" data-end=\"613\">Br\u00e4nd: Activ<\/p>\n<\/li>\n<li data-section-id=\"1qau12x\" data-start=\"614\" data-end=\"641\">\n<p data-start=\"616\" data-end=\"641\">Pinge: AC 230 V \/ 60 Hz<\/p>\n<\/li>\n<li data-section-id=\"1ssn2ie\" data-start=\"642\" data-end=\"663\">\n<p data-start=\"644\" data-end=\"663\">V\u00f5imsus: 2 \u00d7 40 W<\/p>\n<\/li>\n<li data-section-id=\"eocdlo\" data-start=\"664\" data-end=\"690\">\n<p data-start=\"666\" data-end=\"690\">Soojendi kaal: 0,17 kg<\/p>\n<\/li>\n<li data-section-id=\"jqzizy\" data-start=\"691\" data-end=\"714\">\n<p data-start=\"693\" data-end=\"714\">Aluse kaal: 0,41 kg<\/p>\n<\/li>\n<li data-section-id=\"1w5z6se\" data-start=\"715\" data-end=\"751\">\n<p data-start=\"717\" data-end=\"751\">Aluse m\u00f5\u00f5dud: 180 \u00d7 130 \u00d7 100 mm<\/p>\n<\/li>\n<li data-section-id=\"1shfyy3\" data-start=\"752\" data-end=\"789\">\n<p data-start=\"754\" data-end=\"789\">Soojendi m\u00f5\u00f5dud: 180 \u00d7 65 \u00d7 40 mm<\/p>\n<\/li>\n<li data-section-id=\"z0202l\" data-start=\"790\" data-end=\"825\">\n<p data-start=\"792\" data-end=\"825\">Pakendi m\u00f5\u00f5dud: 21 \u00d7 17 \u00d7 22 cm<\/p>\n<\/li>\n<li data-section-id=\"1ibci5m\" data-start=\"826\" data-end=\"855\">\n<p data-start=\"828\" data-end=\"855\">Kaal koos pakendiga: 1 kg<\/p>\n<\/li>\n<li data-section-id=\"1ka7frf\" data-start=\"856\" data-end=\"876\">\n<p data-start=\"858\" data-end=\"876\">Pakendite arv: 1<\/p>\n<\/li>\n<\/ul>\n<p data-start=\"878\" data-end=\"990\" data-is-last-node=\"\" data-is-only-node=\"\">Ideaalne t\u00f6\u00f6vahend ilutegijale, kes soovib muuta depilatsiooniprotseduuri <strong data-start=\"952\" data-end=\"989\">kiireks, mugavaks ja efektiivseks<\/strong>.<\/p>\n<\/div>\n<\/div>\n<\/div>\n<\/div>\n<\/div>\n<\/div>\n<\/article>\n<\/div>\n","protected":false},"featured_media":40252,"comment_status":"open","ping_status":"closed","template":"","meta":{"_monsterinsights_skip_tracking":false,"_monsterinsights_sitenote_active":false,"_monsterinsights_sitenote_note":"","_monsterinsights_sitenote_category":0},"product_brand":[],"product_cat":[215,225,209,897],"product_tag":[],"class_list":{"0":"post-40239","1":"product","2":"type-product","3":"status-publish","4":"has-post-thumbnail","6":"product_cat-depilatsioon","7":"product_cat-seadmed","8":"product_cat-tarvikud-2","9":"product_cat-vahasoojendajad","10":"pa_brand-iwax","12":"first","13":"instock","14":"taxable","15":"shipping-taxable","16":"purchasable","17":"product-type-simple"},"_links":{"self":[{"href":"https:\/\/pomello.ee\/fi\/wp-json\/wp\/v2\/product\/40239","targetHints":{"allow":["GET"]}}],"collection":[{"href":"https:\/\/pomello.ee\/fi\/wp-json\/wp\/v2\/product"}],"about":[{"href":"https:\/\/pomello.ee\/fi\/wp-json\/wp\/v2\/types\/product"}],"replies":[{"embeddable":true,"href":"https:\/\/pomello.ee\/fi\/wp-json\/wp\/v2\/comments?post=40239"}],"wp:featuredmedia":[{"embeddable":true,"href":"https:\/\/pomello.ee\/fi\/wp-json\/wp\/v2\/media\/40252"}],"wp:attachment":[{"href":"https:\/\/pomello.ee\/fi\/wp-json\/wp\/v2\/media?parent=40239"}],"wp:term":[{"taxonomy":"product_brand","embeddable":true,"href":"https:\/\/pomello.ee\/fi\/wp-json\/wp\/v2\/product_brand?post=40239"},{"taxonomy":"product_cat","embeddable":true,"href":"https:\/\/pomello.ee\/fi\/wp-json\/wp\/v2\/product_cat?post=40239"},{"taxonomy":"product_tag","embeddable":true,"href":"https:\/\/pomello.ee\/fi\/wp-json\/wp\/v2\/product_tag?post=40239"}],"curies":[{"name":"wp","href":"https:\/\/api.w.org\/{rel}","templated":true}]}}