{"id":40258,"date":"2026-03-02T22:05:11","date_gmt":"2026-03-02T20:05:11","guid":{"rendered":"https:\/\/pomello.ee\/toode\/maxymova-step-1-lift-bella\/"},"modified":"2026-03-23T20:52:10","modified_gmt":"2026-03-23T18:52:10","slug":"maxymova-step-1-lift-bella","status":"publish","type":"product","link":"https:\/\/pomello.ee\/fi\/toode\/maxymova-step-1-lift-bella\/","title":{"rendered":"Maxymova Step 1 Lift BELLA"},"content":{"rendered":"<h2 data-section-id=\"9llk5y\" data-start=\"1232\" data-end=\"1257\">Keskeiset ominaisuudet<\/h2>\n<ul data-start=\"1259\" data-end=\"1885\">\n<li data-section-id=\"1rfl5ee\" data-start=\"1259\" data-end=\"1313\">\n<p data-start=\"1261\" data-end=\"1313\">Puhdas kysteamiiniin perustuva lifting-j\u00e4rjestelm\u00e4<\/p>\n<\/li>\n<li data-section-id=\"13qxv6j\" data-start=\"1314\" data-end=\"1379\">\n<p data-start=\"1316\" data-end=\"1379\">Hell\u00e4varainen ja hallittu disulfidisidosten uudelleenrakennus<\/p>\n<\/li>\n<li data-section-id=\"3z53f5\" data-start=\"1380\" data-end=\"1431\">\n<p data-start=\"1382\" data-end=\"1431\">S\u00e4ilytt\u00e4\u00e4 ripsien ja kulmien keratiinin eheyden<\/p>\n<\/li>\n<li data-section-id=\"ujzosk\" data-start=\"1432\" data-end=\"1482\">\n<p data-start=\"1434\" data-end=\"1482\">Sopii ohuille, heikoille ja herkille karvoille<\/p>\n<\/li>\n<li data-section-id=\"envox5\" data-start=\"1483\" data-end=\"1562\">\n<p data-start=\"1485\" data-end=\"1562\">Takaa pehme\u00e4n ja turvallisen kohotuksen hyv\u00e4ll\u00e4 ammatillisella kontrollilla<\/p>\n<\/li>\n<li data-section-id=\"1g9ymx4\" data-start=\"1563\" data-end=\"1639\">\n<p data-start=\"1565\" data-end=\"1639\">Rikastettu kasviuutteilla kosteuttavaa ja rauhoittavaa vaikutusta varten<\/p>\n<\/li>\n<li data-section-id=\"xpfjc5\" data-start=\"1640\" data-end=\"1718\">\n<p data-start=\"1642\" data-end=\"1718\">Sis\u00e4lt\u00e4\u00e4 aminohappoja ja hydrolysoituja proteiineja karvan vahvistamiseksi<\/p>\n<\/li>\n<li data-section-id=\"11t4xiq\" data-start=\"1719\" data-end=\"1769\">\n<p data-start=\"1721\" data-end=\"1769\">Parantaa elastisuutta, sileytt\u00e4 ja kest\u00e4vyytt\u00e4<\/p>\n<\/li>\n<li data-section-id=\"16s908h\" data-start=\"1770\" data-end=\"1828\">\n<p data-start=\"1772\" data-end=\"1828\">V\u00e4hent\u00e4\u00e4 kuivumista ja pienent\u00e4\u00e4 vaurioitumisen riski\u00e4<\/p>\n<\/li>\n<li data-section-id=\"1iv6xpo\" data-start=\"1829\" data-end=\"1885\">\n<p data-start=\"1831\" data-end=\"1885\">Sopii ammattimaiseen ripsien ja kulmien laminointiin<\/p>\n<\/li>\n<\/ul>\n<hr data-start=\"1887\" data-end=\"1890\" \/>\n<h2 data-section-id=\"1qk0njh\" data-start=\"1892\" data-end=\"1905\">K\u00e4ytt\u00f6ohje<\/h2>\n<h3 data-section-id=\"1l8ihhj\" data-start=\"1907\" data-end=\"1930\">STEP 1 \u2013 LIFT BELLA<\/h3>\n<p data-start=\"1932\" data-end=\"2002\">Levit\u00e4 tuote ripsiin tyvest\u00e4 k\u00e4rkeen (v\u00e4lt\u00e4 kosketusta limakalvoihin).<\/p>\n<p data-start=\"2004\" data-end=\"2056\">4\u20136 minuutin kuluttua poista liuos ripsien k\u00e4rjist\u00e4.<\/p>\n<p data-start=\"2058\" data-end=\"2153\">Anna j\u00e4ljell\u00e4 olevan tuotteen vaikuttaa yhteens\u00e4 <strong data-start=\"2107\" data-end=\"2125\">6\u201316 minuuttia<\/strong> (karvan tyypist\u00e4 riippuen).<\/p>\n<p data-start=\"2155\" data-end=\"2269\">Tarkista ripset muutaman minuutin v\u00e4lein \u2013 karvan tyven tulee muuttua <strong data-start=\"2225\" data-end=\"2268\">elastiseksi ja helposti taivutettavaksi<\/strong>.<\/p>\n<p data-start=\"2271\" data-end=\"2385\">Poista tuote kevyesti kostealla vanupuikolla. Varmista, ettei j\u00e4\u00e4mi\u00e4 j\u00e4\u00e4, sill\u00e4 ne voivat aiheuttaa ylik\u00e4sittely\u00e4.<\/p>\n<p data-start=\"2387\" data-end=\"2486\"><strong data-start=\"2387\" data-end=\"2399\">T\u00e4rke\u00e4\u00e4:<\/strong> Jauheliiman tai lash balmin k\u00e4ytt\u00f6 voi pident\u00e4\u00e4 normaalia vaikutusaikaa jopa <strong data-start=\"2477\" data-end=\"2485\">20 %<\/strong>.<\/p>\n<hr data-start=\"2488\" data-end=\"2491\" \/>\n<h3 data-section-id=\"1a3qppg\" data-start=\"2493\" data-end=\"2515\">STEP 2 \u2013 FIX BELLA<\/h3>\n<p data-start=\"2517\" data-end=\"2565\">Levit\u00e4 ripsiin <strong data-start=\"2532\" data-end=\"2547\">STEP 1 LIFT<\/strong> -vaiheen j\u00e4lkeen.<\/p>\n<p data-start=\"2567\" data-end=\"2598\">Anna vaikuttaa <strong data-start=\"2582\" data-end=\"2597\">8 minuuttia<\/strong>.<\/p>\n<p data-start=\"2600\" data-end=\"2630\">Poista kostealla vanupuikolla.<\/p>\n<hr data-start=\"2632\" data-end=\"2635\" \/>\n<h3 data-section-id=\"p7w153\" data-start=\"2637\" data-end=\"2647\">STEP 3<\/h3>\n<p data-start=\"2649\" data-end=\"2698\">Levit\u00e4 <strong data-start=\"2656\" data-end=\"2680\">Maxymova Repair Balm<\/strong> tai <strong data-start=\"2685\" data-end=\"2697\">Cocktail<\/strong>.<\/p>\n<p data-start=\"2700\" data-end=\"2749\">Peit\u00e4 huolellisesti kaikki ripsi- ja kulmakarvat.<\/p>\n<p data-start=\"2751\" data-end=\"2795\">Poista ylim\u00e4\u00e4r\u00e4inen tuote, <strong data-start=\"2778\" data-end=\"2794\">\u00e4l\u00e4 huuhtele<\/strong>.<\/p>\n<h3 data-start=\"1623\" data-end=\"1644\"><img decoding=\"async\" class=\"alignnone wp-image-40071 size-large\" style=\"color: #333333; font-size: 16px;\" src=\"https:\/\/pomello.ee\/wp-content\/uploads\/2026\/03\/bella-collection-post_1-819x1024.jpg\" alt=\"\" width=\"819\" height=\"1024\" srcset=\"https:\/\/pomello.ee\/wp-content\/uploads\/2026\/03\/bella-collection-post_1-819x1024.jpg 819w, https:\/\/pomello.ee\/wp-content\/uploads\/2026\/03\/bella-collection-post_1-240x300.jpg 240w, https:\/\/pomello.ee\/wp-content\/uploads\/2026\/03\/bella-collection-post_1-768x960.jpg 768w, https:\/\/pomello.ee\/wp-content\/uploads\/2026\/03\/bella-collection-post_1-1229x1536.jpg 1229w, https:\/\/pomello.ee\/wp-content\/uploads\/2026\/03\/bella-collection-post_1-1200x1500.jpg 1200w, https:\/\/pomello.ee\/wp-content\/uploads\/2026\/03\/bella-collection-post_1-100x125.jpg 100w, https:\/\/pomello.ee\/wp-content\/uploads\/2026\/03\/bella-collection-post_1.jpg 1536w\" sizes=\"(max-width: 819px) 100vw, 819px\" \/><\/h3>\n","protected":false},"excerpt":{"rendered":"<h2 data-section-id=\"eqfvxr\" data-start=\"48\" data-end=\"77\">Maxymova Step 1 Lift BELLA<\/h2>\n<p data-start=\"79\" data-end=\"211\"><strong data-start=\"79\" data-end=\"109\">Maxymova Step 1 Lift BELLA<\/strong> on ammattik\u00e4ytt\u00f6\u00f6n tarkoitettu kysteamiiniin perustuva lifting-liuos ripsien ja kulmien laminointiin.<\/p>\n<p data-start=\"213\" data-end=\"485\">Bella Cysteamine on <strong data-start=\"233\" data-end=\"265\">Cysteamine Only -j\u00e4rjestelm\u00e4<\/strong>, joka muokkaa disulfidisidoksia hallitusti ja hell\u00e4varaisesti auttaen s\u00e4ilytt\u00e4m\u00e4\u00e4n karvan keratiinirakenteen eheyden. T\u00e4m\u00e4 tekee tuotteesta ihanteellisen valinnan <strong data-start=\"429\" data-end=\"484\">ohuille, heikoille ja herkille ripsille ja kulmille<\/strong>.<\/p>\n<p data-start=\"487\" data-end=\"569\">Sopii k\u00e4ytett\u00e4v\u00e4ksi sek\u00e4 <strong data-start=\"512\" data-end=\"568\">glue-free-tekniikassa ett\u00e4 korealaisessa tekniikassa<\/strong>.<\/p>\n<p data-start=\"571\" data-end=\"605\"><strong data-start=\"571\" data-end=\"605\">Mit\u00e4 t\u00e4m\u00e4 tarkoittaa ty\u00f6ss\u00e4si?<\/strong><\/p>\n<p data-start=\"607\" data-end=\"789\">\u2022 Pehme\u00e4mpi ja turvallisempi kohotus<br data-start=\"643\" data-end=\"646\" \/>\u2022 Pienempi vaurioitumisen ja ylik\u00e4sittelyn riski<br data-start=\"694\" data-end=\"697\" \/>\u2022 Parempi kontrolli ty\u00f6prosessin aikana<br data-start=\"736\" data-end=\"739\" \/>\u2022 Luonnollinen, elastinen ja kiilt\u00e4v\u00e4 lopputulos<\/p>\n<p data-start=\"791\" data-end=\"995\">Koostumus on rikastettu <strong data-start=\"815\" data-end=\"833\">kasviuutteilla<\/strong> (Opuntia Ficus-Indica, vihre\u00e4 tee, selja, orvokki, piikkipaatsama, viiniryp\u00e4leen lehti), jotka auttavat <strong data-start=\"938\" data-end=\"994\">kosteuttamaan ja suojaamaan karvaa k\u00e4sittelyn aikana<\/strong>.<\/p>\n<p data-start=\"997\" data-end=\"1163\">Lis\u00e4tyt <strong data-start=\"1005\" data-end=\"1047\">aminohapot ja hydrolysoidut proteiinit<\/strong> (vehn\u00e4, riisi, makea manteli, hamppu) tukevat keratiinirakennetta, parantavat elastisuutta ja v\u00e4hent\u00e4v\u00e4t katkeilua.<\/p>\n<p data-start=\"1165\" data-end=\"1198\"><strong data-start=\"1165\" data-end=\"1172\">pH:<\/strong> 9\u20139,4<br data-start=\"1178\" data-end=\"1181\" \/><strong data-start=\"1181\" data-end=\"1190\">Koko:<\/strong> 10 ml<\/p>\n<p data-start=\"1200\" data-end=\"1225\"><strong data-start=\"1200\" data-end=\"1225\">Vain ammattik\u00e4ytt\u00f6\u00f6n.<\/strong><\/p>\n","protected":false},"featured_media":40065,"comment_status":"open","ping_status":"closed","template":"","meta":{"_monsterinsights_skip_tracking":false,"_monsterinsights_sitenote_active":false,"_monsterinsights_sitenote_note":"","_monsterinsights_sitenote_category":0},"product_brand":[],"product_cat":[476,899,517,1249,477,516,475],"product_tag":[],"class_list":{"0":"post-40258","1":"product","2":"type-product","3":"status-publish","4":"has-post-thumbnail","6":"product_cat-kulmakarvat","7":"product_cat-emulsiot-fi","8":"product_cat-emulsiot","9":"product_cat-korean-lash-lift-fi","10":"product_cat-kulmien-laminointi","11":"product_cat-lash-lift-fi","12":"product_cat-ripset","13":"pa_brand-maxymova-fi","14":"pa_suurus-10-ml-fi","16":"first","17":"instock","18":"taxable","19":"shipping-taxable","20":"purchasable","21":"product-type-simple"},"_links":{"self":[{"href":"https:\/\/pomello.ee\/fi\/wp-json\/wp\/v2\/product\/40258","targetHints":{"allow":["GET"]}}],"collection":[{"href":"https:\/\/pomello.ee\/fi\/wp-json\/wp\/v2\/product"}],"about":[{"href":"https:\/\/pomello.ee\/fi\/wp-json\/wp\/v2\/types\/product"}],"replies":[{"embeddable":true,"href":"https:\/\/pomello.ee\/fi\/wp-json\/wp\/v2\/comments?post=40258"}],"wp:featuredmedia":[{"embeddable":true,"href":"https:\/\/pomello.ee\/fi\/wp-json\/wp\/v2\/media\/40065"}],"wp:attachment":[{"href":"https:\/\/pomello.ee\/fi\/wp-json\/wp\/v2\/media?parent=40258"}],"wp:term":[{"taxonomy":"product_brand","embeddable":true,"href":"https:\/\/pomello.ee\/fi\/wp-json\/wp\/v2\/product_brand?post=40258"},{"taxonomy":"product_cat","embeddable":true,"href":"https:\/\/pomello.ee\/fi\/wp-json\/wp\/v2\/product_cat?post=40258"},{"taxonomy":"product_tag","embeddable":true,"href":"https:\/\/pomello.ee\/fi\/wp-json\/wp\/v2\/product_tag?post=40258"}],"curies":[{"name":"wp","href":"https:\/\/api.w.org\/{rel}","templated":true}]}}