{"id":40261,"date":"2026-03-02T22:15:48","date_gmt":"2026-03-02T20:15:48","guid":{"rendered":"https:\/\/pomello.ee\/toode\/maxymova-cysteamine-tga-solution-step-1-bella\/"},"modified":"2026-03-23T20:52:10","modified_gmt":"2026-03-23T18:52:10","slug":"maxymova-cysteamine-tga-solution-step-1-bella","status":"publish","type":"product","link":"https:\/\/pomello.ee\/fi\/toode\/maxymova-cysteamine-tga-solution-step-1-bella\/","title":{"rendered":"Maxymova Cysteamine + TGA Solution Step 1 BELLA"},"content":{"rendered":"<h1 data-section-id=\"ngkvnr\" data-start=\"1480\" data-end=\"1511\">Hoitava ja suojaava koostumus<\/h1>\n<p data-start=\"1513\" data-end=\"1537\">Koostumus on rikastettu:<\/p>\n<p data-start=\"1539\" data-end=\"1621\">\u2022 aminohapoilla<br data-start=\"1554\" data-end=\"1557\" \/>\u2022 biotiinilla (vitamiini H)<br data-start=\"1584\" data-end=\"1587\" \/>\u2022 hydrolysoiduilla proteiineilla<\/p>\n<p data-start=\"1623\" data-end=\"1732\">Ne auttavat s\u00e4ilytt\u00e4m\u00e4\u00e4n karvan <strong data-start=\"1655\" data-end=\"1710\">elastisuuden, kest\u00e4vyyden ja rakenteellisen eheyden<\/strong> koko k\u00e4sittelyn ajan.<\/p>\n<p data-start=\"1734\" data-end=\"1783\">Lis\u00e4tty <strong data-start=\"1742\" data-end=\"1782\">orgaanisten kasviuutteiden kompleksi<\/strong>:<\/p>\n<ul data-start=\"1785\" data-end=\"1898\">\n<li data-section-id=\"1po2gfz\" data-start=\"1785\" data-end=\"1809\">\n<p data-start=\"1787\" data-end=\"1809\">Opuntia Ficus-Indica<\/p>\n<\/li>\n<li data-section-id=\"dqumrc\" data-start=\"1810\" data-end=\"1824\">\n<p data-start=\"1812\" data-end=\"1824\">vihre\u00e4 tee<\/p>\n<\/li>\n<li data-section-id=\"1w6s5yx\" data-start=\"1825\" data-end=\"1834\">\n<p data-start=\"1827\" data-end=\"1834\">selja<\/p>\n<\/li>\n<li data-section-id=\"1muxcn9\" data-start=\"1835\" data-end=\"1846\">\n<p data-start=\"1837\" data-end=\"1846\">orvokki<\/p>\n<\/li>\n<li data-section-id=\"115c3rf\" data-start=\"1847\" data-end=\"1865\">\n<p data-start=\"1849\" data-end=\"1865\">piikkipaatsama<\/p>\n<\/li>\n<li data-section-id=\"126d77n\" data-start=\"1866\" data-end=\"1898\">\n<p data-start=\"1868\" data-end=\"1898\">punaisen viiniryp\u00e4leen lehti<\/p>\n<\/li>\n<\/ul>\n<p data-start=\"1900\" data-end=\"1980\">Tarjoavat <strong data-start=\"1910\" data-end=\"1979\">kosteutusta, rauhoittavan vaikutuksen ja antioksidanttista suojaa<\/strong>.<\/p>\n<h1 data-section-id=\"10nolat\" data-start=\"1987\" data-end=\"2011\">Keskeiset ominaisuudet<\/h1>\n<p data-start=\"2013\" data-end=\"2445\">\u2714 Suunniteltu <strong data-start=\"2027\" data-end=\"2065\">korealaiseen laminointitekniikkaan<\/strong><br data-start=\"2065\" data-end=\"2068\" \/>\u2714 Kaksivaikutteinen j\u00e4rjestelm\u00e4: <strong data-start=\"2101\" data-end=\"2122\">kysteamiini + TGA<\/strong><br data-start=\"2122\" data-end=\"2125\" \/>\u2714 Hallittu ja ennustettava vaikutus<br data-start=\"2160\" data-end=\"2163\" \/>\u2714 Sopii <strong data-start=\"2171\" data-end=\"2225\">keskivahvoille ja vahvoille sek\u00e4 lyhyille ripsille<\/strong><br data-start=\"2225\" data-end=\"2228\" \/>\u2714 Tehokas <strong data-start=\"2238\" data-end=\"2283\">tiheill\u00e4 ja vastustuskykyisill\u00e4 karvoilla<\/strong><br data-start=\"2283\" data-end=\"2286\" \/>\u2714 Vahvistaa ja suojaa karvakuitua k\u00e4sittelyn aikana<br data-start=\"2337\" data-end=\"2340\" \/>\u2714 Parantaa elastisuutta ja k\u00e4sitelt\u00e4vyytt\u00e4<br data-start=\"2382\" data-end=\"2385\" \/>\u2714 Antaa <strong data-start=\"2393\" data-end=\"2445\">pitk\u00e4kestoisen, selke\u00e4n ja rakenteellisen kaaren<\/strong><\/p>\n<h1 data-section-id=\"1lyawry\" data-start=\"2452\" data-end=\"2464\">K\u00e4ytt\u00f6ohje<\/h1>\n<h3 data-section-id=\"1xnp4aq\" data-start=\"2466\" data-end=\"2498\">STEP 1 LIFT BELLA COLLECTION<\/h3>\n<p data-start=\"2500\" data-end=\"2607\">Levit\u00e4 tuote <strong data-start=\"2513\" data-end=\"2573\">ripsiin tai kulmiin tasaisena kerroksena tyvest\u00e4 k\u00e4rkeen<\/strong> (v\u00e4lt\u00e4 kosketusta limakalvoihin).<\/p>\n<p data-start=\"2609\" data-end=\"2676\">Vaikutusaika karvatyypist\u00e4 riippuen <strong data-start=\"2645\" data-end=\"2675\">keskim\u00e4\u00e4rin 6\u201316 minuuttia<\/strong>.<\/p>\n<p data-start=\"2678\" data-end=\"2796\">Tarkista karvan joustavuus muutaman minuutin v\u00e4lein \u2014 karvan tulee muuttua <strong data-start=\"2753\" data-end=\"2795\">elastiseksi ja helposti muotoiltavaksi<\/strong>.<\/p>\n<p data-start=\"2798\" data-end=\"2919\">Poista tuote huolellisesti <strong data-start=\"2825\" data-end=\"2860\">kevyesti kostealla vanupuikolla<\/strong>. Varmista, ettei j\u00e4\u00e4mi\u00e4 j\u00e4\u00e4, jotta v\u00e4ltet\u00e4\u00e4n ylik\u00e4sittely.<\/p>\n<p data-start=\"2921\" data-end=\"3087\"><strong data-start=\"2921\" data-end=\"2933\">T\u00e4rke\u00e4\u00e4:<\/strong> Vahvoilla ja vastustuskykyisill\u00e4 karvoilla voi olla tarpeen pidempi vaikutusaika. Jauheliiman tai balmin k\u00e4ytt\u00f6 voi pident\u00e4\u00e4 vaikutusaikaa jopa <strong data-start=\"3078\" data-end=\"3086\">20 %<\/strong>.<\/p>\n<p data-start=\"3089\" data-end=\"3198\">T\u00e4m\u00e4n j\u00e4lkeen jatka <strong data-start=\"3109\" data-end=\"3135\">STEP 2 FIX -vaiheeseen<\/strong> ja seuraavaan hoitovaiheeseen valmistajan ohjeiden mukaisesti.<\/p>\n<p data-start=\"2462\" data-end=\"2551\" data-is-last-node=\"\" data-is-only-node=\"\"><img decoding=\"async\" class=\"alignnone wp-image-40071 size-large\" src=\"https:\/\/pomello.ee\/wp-content\/uploads\/2026\/03\/bella-collection-post_1-819x1024.jpg\" alt=\"\" width=\"819\" height=\"1024\" srcset=\"https:\/\/pomello.ee\/wp-content\/uploads\/2026\/03\/bella-collection-post_1-819x1024.jpg 819w, https:\/\/pomello.ee\/wp-content\/uploads\/2026\/03\/bella-collection-post_1-240x300.jpg 240w, https:\/\/pomello.ee\/wp-content\/uploads\/2026\/03\/bella-collection-post_1-768x960.jpg 768w, https:\/\/pomello.ee\/wp-content\/uploads\/2026\/03\/bella-collection-post_1-1229x1536.jpg 1229w, https:\/\/pomello.ee\/wp-content\/uploads\/2026\/03\/bella-collection-post_1-1200x1500.jpg 1200w, https:\/\/pomello.ee\/wp-content\/uploads\/2026\/03\/bella-collection-post_1-100x125.jpg 100w, https:\/\/pomello.ee\/wp-content\/uploads\/2026\/03\/bella-collection-post_1.jpg 1536w\" sizes=\"(max-width: 819px) 100vw, 819px\" \/><\/p>\n","protected":false},"excerpt":{"rendered":"<h1 data-section-id=\"cfkgrx\" data-start=\"48\" data-end=\"97\">Maxymova Cysteamine + TGA Solution Step 1 BELLA<\/h1>\n<p data-start=\"99\" data-end=\"240\"><strong data-start=\"99\" data-end=\"150\">Maxymova Cysteamine + TGA Solution Step 1 BELLA<\/strong> on ammattik\u00e4ytt\u00f6\u00f6n tarkoitettu kaksivaikutteinen emulsio ripsien ja kulmien laminointiin.<\/p>\n<p data-start=\"242\" data-end=\"536\">Se yhdist\u00e4\u00e4 <strong data-start=\"254\" data-end=\"295\">kysteamiinin ja tioglykolihapon (TGA)<\/strong> tasapainoiseksi j\u00e4rjestelm\u00e4ksi, joka muokkaa disulfidisidoksia tehokkaasti mutta hallitusti. Tulos on <strong data-start=\"398\" data-end=\"452\">voimakkaampi vaikutus kuin pelk\u00e4ll\u00e4 kysteamiinilla<\/strong>, mutta samalla <strong data-start=\"468\" data-end=\"535\">paremmin hallittava ja turvallisempi kuin perinteinen TGA-liuos<\/strong>.<\/p>\n<p data-start=\"538\" data-end=\"769\">Ihanteellinen valinta <strong data-start=\"560\" data-end=\"655\">keskivahvoille ja vahvoille, lyhyille, tiheille ja vastustuskykyisille ripsille ja kulmille<\/strong>.<br data-start=\"656\" data-end=\"659\" \/>Sopii erityisen hyvin <strong data-start=\"681\" data-end=\"719\">korealaiseen laminointitekniikkaan<\/strong>, jossa t\u00e4rke\u00e4\u00e4 on selke\u00e4 ja rakenteellinen kaari.<\/p>\n<p data-start=\"771\" data-end=\"805\"><strong data-start=\"771\" data-end=\"805\">Mit\u00e4 t\u00e4m\u00e4 tarkoittaa ty\u00f6ss\u00e4si?<\/strong><\/p>\n<p data-start=\"807\" data-end=\"1015\">\u2022 Enemm\u00e4n voimaa vaikeasti k\u00e4sitelt\u00e4ville karvoille<br data-start=\"858\" data-end=\"861\" \/>\u2022 Hallittu ja ennustettava ty\u00f6prosessi<br data-start=\"899\" data-end=\"902\" \/>\u2022 Selke\u00e4 ja pitk\u00e4kestoinen kaari<br data-start=\"934\" data-end=\"937\" \/>\u2022 V\u00e4hemm\u00e4n rasitusta karvakuidulle verrattuna perinteiseen TGA-j\u00e4rjestelm\u00e4\u00e4n<\/p>\n<p data-start=\"1017\" data-end=\"1217\">Koostumus on rikastettu <strong data-start=\"1041\" data-end=\"1119\">aminohapoilla, biotiinilla (vitamiini H) ja hydrolysoiduilla proteiineilla<\/strong>, jotka auttavat s\u00e4ilytt\u00e4m\u00e4\u00e4n karvan elastisuuden ja vahvuuden my\u00f6s kemiallisen k\u00e4sittelyn aikana.<\/p>\n<p data-start=\"1219\" data-end=\"1411\"><strong data-start=\"1219\" data-end=\"1247\">Kasviuutteiden kompleksi<\/strong> (Opuntia Ficus-Indica, vihre\u00e4 tee, selja, orvokki, piikkipaatsama, punaisen viiniryp\u00e4leen lehti) tukee kosteutusta, rauhoittaa ja tarjoaa antioksidanttista suojaa.<\/p>\n<p data-start=\"1413\" data-end=\"1446\"><strong data-start=\"1413\" data-end=\"1420\">pH:<\/strong> 9\u20139,4<br data-start=\"1426\" data-end=\"1429\" \/><strong data-start=\"1429\" data-end=\"1438\">Koko:<\/strong> 10 ml<\/p>\n<p data-start=\"1448\" data-end=\"1473\"><strong data-start=\"1448\" data-end=\"1473\">Vain ammattik\u00e4ytt\u00f6\u00f6n.<\/strong><\/p>\n","protected":false},"featured_media":40061,"comment_status":"open","ping_status":"closed","template":"","meta":{"_monsterinsights_skip_tracking":false,"_monsterinsights_sitenote_active":false,"_monsterinsights_sitenote_note":"","_monsterinsights_sitenote_category":0},"product_brand":[],"product_cat":[476,517,899,1249,477,516,475],"product_tag":[],"class_list":{"0":"post-40261","1":"product","2":"type-product","3":"status-publish","4":"has-post-thumbnail","6":"product_cat-kulmakarvat","7":"product_cat-emulsiot","8":"product_cat-emulsiot-fi","9":"product_cat-korean-lash-lift-fi","10":"product_cat-kulmien-laminointi","11":"product_cat-lash-lift-fi","12":"product_cat-ripset","13":"pa_brand-maxymova-fi","14":"pa_suurus-10-ml-fi","16":"first","17":"instock","18":"taxable","19":"shipping-taxable","20":"purchasable","21":"product-type-simple"},"_links":{"self":[{"href":"https:\/\/pomello.ee\/fi\/wp-json\/wp\/v2\/product\/40261","targetHints":{"allow":["GET"]}}],"collection":[{"href":"https:\/\/pomello.ee\/fi\/wp-json\/wp\/v2\/product"}],"about":[{"href":"https:\/\/pomello.ee\/fi\/wp-json\/wp\/v2\/types\/product"}],"replies":[{"embeddable":true,"href":"https:\/\/pomello.ee\/fi\/wp-json\/wp\/v2\/comments?post=40261"}],"wp:featuredmedia":[{"embeddable":true,"href":"https:\/\/pomello.ee\/fi\/wp-json\/wp\/v2\/media\/40061"}],"wp:attachment":[{"href":"https:\/\/pomello.ee\/fi\/wp-json\/wp\/v2\/media?parent=40261"}],"wp:term":[{"taxonomy":"product_brand","embeddable":true,"href":"https:\/\/pomello.ee\/fi\/wp-json\/wp\/v2\/product_brand?post=40261"},{"taxonomy":"product_cat","embeddable":true,"href":"https:\/\/pomello.ee\/fi\/wp-json\/wp\/v2\/product_cat?post=40261"},{"taxonomy":"product_tag","embeddable":true,"href":"https:\/\/pomello.ee\/fi\/wp-json\/wp\/v2\/product_tag?post=40261"}],"curies":[{"name":"wp","href":"https:\/\/api.w.org\/{rel}","templated":true}]}}