{"id":40264,"date":"2026-03-02T22:21:43","date_gmt":"2026-03-02T20:21:43","guid":{"rendered":"https:\/\/pomello.ee\/toode\/maxymova-fixing-cream-step-2-bella\/"},"modified":"2026-03-23T20:52:10","modified_gmt":"2026-03-23T18:52:10","slug":"maxymova-fixing-cream-step-2-bella","status":"publish","type":"product","link":"https:\/\/pomello.ee\/fi\/toode\/maxymova-fixing-cream-step-2-bella\/","title":{"rendered":"Maxymova Fixing Cream Step 2 BELLA"},"content":{"rendered":"","protected":false},"excerpt":{"rendered":"<p data-start=\"0\" data-end=\"187\"><strong data-start=\"0\" data-end=\"38\">Maxymova Fixing Cream Step 2 BELLA<\/strong> on BELLA-sarjan toinen vaihe ripsien ja kulmien laminointiin.<br data-start=\"100\" data-end=\"103\" \/>Sit\u00e4 k\u00e4ytet\u00e4\u00e4n <strong data-start=\"118\" data-end=\"137\">Cysteamine Only<\/strong> tai <strong data-start=\"142\" data-end=\"169\">Cysteamine + TGA Step 1<\/strong> -vaiheen j\u00e4lkeen.<\/p>\n<p data-start=\"189\" data-end=\"333\"><strong data-start=\"189\" data-end=\"203\">STEP 2 FIX<\/strong> kiinnitt\u00e4\u00e4 uuden muodon palauttamalla disulfidisidokset ja lukitsemalla lopputuloksen <strong data-start=\"290\" data-end=\"332\">puhtaaksi ja pitk\u00e4kestoiseksi kaareksi<\/strong>.<\/p>\n<h2 data-section-id=\"1a70m0x\" data-start=\"340\" data-end=\"371\">Tarkka ja hallittu kiinnitys<\/h2>\n<p data-start=\"373\" data-end=\"446\">Vakaa <strong data-start=\"379\" data-end=\"402\">kermainen koostumus<\/strong> mahdollistaa tasaisen ja tarkan levityksen.<\/p>\n<p data-start=\"448\" data-end=\"594\">Erityinen <strong data-start=\"458\" data-end=\"494\">pH-tasapainoa tukeva j\u00e4rjestelm\u00e4<\/strong> (fosforihappo, tetrasodium pyrophosphate, sodium stannate, tetrasodium glutamate diacetate) auttaa:<\/p>\n<p data-start=\"596\" data-end=\"805\">\u2022 varmistamaan disulfidisidosten oikean palautumisen<br data-start=\"648\" data-end=\"651\" \/>\u2022 kiinnitt\u00e4m\u00e4\u00e4n ripsen muodon puhtaasti ja selke\u00e4sti<br data-start=\"703\" data-end=\"706\" \/>\u2022 sulkemaan kutiikulan tasaisesti<br data-start=\"739\" data-end=\"742\" \/>\u2022 saavuttamaan pitk\u00e4kestoisen ja selke\u00e4sti m\u00e4\u00e4ritellyn kaaren<\/p>\n<p data-start=\"807\" data-end=\"877\">Tulos on <strong data-start=\"816\" data-end=\"876\">rakenteellinen, kiilt\u00e4v\u00e4 ja ammattimaisesti viimeistelty<\/strong>.<\/p>\n<h2 data-section-id=\"1q0b6pp\" data-start=\"884\" data-end=\"921\">Hoitava vaikutus k\u00e4sittelyn aikana<\/h2>\n<p data-start=\"923\" data-end=\"942\">Koostumus sis\u00e4lt\u00e4\u00e4:<\/p>\n<p data-start=\"944\" data-end=\"1031\">\u2022 hydrolysoitua riisiproteiinia<br data-start=\"975\" data-end=\"978\" \/>\u2022 hydrolysoitua hampunsiemenuutetta<br data-start=\"1013\" data-end=\"1016\" \/>\u2022 glyseriini\u00e4<\/p>\n<p data-start=\"1033\" data-end=\"1116\">N\u00e4m\u00e4 auttavat s\u00e4ilytt\u00e4m\u00e4\u00e4n karvan <strong data-start=\"1067\" data-end=\"1115\">pehmeyden, elastisuuden ja hoidetun tuntuman<\/strong>.<\/p>\n<p data-start=\"1118\" data-end=\"1231\"><strong data-start=\"1118\" data-end=\"1163\">Camellia Sinensis (vihre\u00e4 tee) -lehtiuute<\/strong> tuo hell\u00e4varaista kasvipohjaista tukea ja antioksidanttista suojaa.<\/p>\n<h2 data-section-id=\"e2wy1k\" data-start=\"1238\" data-end=\"1271\">Mit\u00e4 t\u00e4m\u00e4 tarkoittaa ty\u00f6ss\u00e4si?<\/h2>\n<p data-start=\"1273\" data-end=\"1435\">\u2022 Puhdas ja tarkasti kiinnitetty kaari<br data-start=\"1311\" data-end=\"1314\" \/>\u2022 Kutiikulan oikea sulkeutuminen<br data-start=\"1346\" data-end=\"1349\" \/>\u2022 Pehme\u00e4mpi ja hoidetumpi lopputulos<br data-start=\"1385\" data-end=\"1388\" \/>\u2022 Pitk\u00e4kestoinen ja ammattimainen viimeistely<\/p>\n<p data-start=\"1437\" data-end=\"1472\"><strong data-start=\"1437\" data-end=\"1444\">pH:<\/strong> 2,2\u20132,6<br data-start=\"1452\" data-end=\"1455\" \/><strong data-start=\"1455\" data-end=\"1464\">Koko:<\/strong> 10 ml<\/p>\n<p data-start=\"1474\" data-end=\"1499\" data-is-last-node=\"\" data-is-only-node=\"\"><strong data-start=\"1474\" data-end=\"1499\" data-is-last-node=\"\">Vain ammattik\u00e4ytt\u00f6\u00f6n.<\/strong><\/p>\n","protected":false},"featured_media":40069,"comment_status":"open","ping_status":"closed","template":"","meta":{"_monsterinsights_skip_tracking":false,"_monsterinsights_sitenote_active":false,"_monsterinsights_sitenote_note":"","_monsterinsights_sitenote_category":0},"product_brand":[],"product_cat":[476,517,899,1249,477,516,475],"product_tag":[],"class_list":{"0":"post-40264","1":"product","2":"type-product","3":"status-publish","4":"has-post-thumbnail","6":"product_cat-kulmakarvat","7":"product_cat-emulsiot","8":"product_cat-emulsiot-fi","9":"product_cat-korean-lash-lift-fi","10":"product_cat-kulmien-laminointi","11":"product_cat-lash-lift-fi","12":"product_cat-ripset","13":"pa_brand-maxymova-fi","14":"pa_suurus-10-ml-fi","16":"first","17":"instock","18":"taxable","19":"shipping-taxable","20":"purchasable","21":"product-type-simple"},"_links":{"self":[{"href":"https:\/\/pomello.ee\/fi\/wp-json\/wp\/v2\/product\/40264","targetHints":{"allow":["GET"]}}],"collection":[{"href":"https:\/\/pomello.ee\/fi\/wp-json\/wp\/v2\/product"}],"about":[{"href":"https:\/\/pomello.ee\/fi\/wp-json\/wp\/v2\/types\/product"}],"replies":[{"embeddable":true,"href":"https:\/\/pomello.ee\/fi\/wp-json\/wp\/v2\/comments?post=40264"}],"wp:featuredmedia":[{"embeddable":true,"href":"https:\/\/pomello.ee\/fi\/wp-json\/wp\/v2\/media\/40069"}],"wp:attachment":[{"href":"https:\/\/pomello.ee\/fi\/wp-json\/wp\/v2\/media?parent=40264"}],"wp:term":[{"taxonomy":"product_brand","embeddable":true,"href":"https:\/\/pomello.ee\/fi\/wp-json\/wp\/v2\/product_brand?post=40264"},{"taxonomy":"product_cat","embeddable":true,"href":"https:\/\/pomello.ee\/fi\/wp-json\/wp\/v2\/product_cat?post=40264"},{"taxonomy":"product_tag","embeddable":true,"href":"https:\/\/pomello.ee\/fi\/wp-json\/wp\/v2\/product_tag?post=40264"}],"curies":[{"name":"wp","href":"https:\/\/api.w.org\/{rel}","templated":true}]}}