{"id":40268,"date":"2026-03-02T22:26:36","date_gmt":"2026-03-02T20:26:36","guid":{"rendered":"https:\/\/pomello.ee\/toode\/maxymova-repair-balm-step-3-bella\/"},"modified":"2026-03-23T20:52:10","modified_gmt":"2026-03-23T18:52:10","slug":"maxymova-repair-balm-step-3-bella","status":"publish","type":"product","link":"https:\/\/pomello.ee\/fi\/toode\/maxymova-repair-balm-step-3-bella\/","title":{"rendered":"Maxymova Repair Balm Step 3 BELLA"},"content":{"rendered":"","protected":false},"excerpt":{"rendered":"<p data-start=\"0\" data-end=\"207\"><strong data-start=\"0\" data-end=\"37\">Maxymova Step 3 REPAIR BALM Bella<\/strong> on ripsien ja kulmien laminoinnin viimeinen vaihe.<br data-start=\"88\" data-end=\"91\" \/>Se on <strong data-start=\"97\" data-end=\"120\">leave-in-hoitotuote<\/strong>, joka j\u00e4\u00e4 karvalle ja viimeistelee k\u00e4sittelyn ravitsevalla ja suojaavalla kerroksella.<\/p>\n<p data-start=\"209\" data-end=\"384\">Sopii erinomaisesti k\u00e4ytett\u00e4v\u00e4ksi <strong data-start=\"243\" data-end=\"280\">Bella Collection Step 1 ja Step 2<\/strong> -tuotteiden kanssa sek\u00e4 toimii t\u00e4ydellisesti my\u00f6s <strong data-start=\"331\" data-end=\"363\">Original &amp; Supreme -liuosten<\/strong> viimeistelyvaiheena.<\/p>\n<h2 data-section-id=\"fg09o4\" data-start=\"391\" data-end=\"428\">Korjaava ja vahvistava viimeistely<\/h2>\n<p data-start=\"430\" data-end=\"613\">Koostumuksen keski\u00f6ss\u00e4 on <strong data-start=\"456\" data-end=\"483\">Palmitoyl Tripeptide-37<\/strong> \u2013 innovatiivinen peptidi, joka tukee <strong data-start=\"521\" data-end=\"612\">vahvempien ja terveemm\u00e4n n\u00e4k\u00f6isten ripsien muodostumista kemiallisen k\u00e4sittelyn j\u00e4lkeen<\/strong>.<\/p>\n<p data-start=\"615\" data-end=\"722\"><strong data-start=\"615\" data-end=\"650\">Amino- ja kosteuttava kompleksi<\/strong> (lysiini, glutamiini, seriini, pantenoli, natriumhyaluronaatti) auttaa:<\/p>\n<p data-start=\"724\" data-end=\"842\">\u2022 s\u00e4ilytt\u00e4m\u00e4\u00e4n pehmeyden ja elastisuuden<br data-start=\"764\" data-end=\"767\" \/>\u2022 tukemaan kosteustasapainoa<br data-start=\"795\" data-end=\"798\" \/>\u2022 v\u00e4hent\u00e4m\u00e4\u00e4n kuivuutta k\u00e4sittelyn j\u00e4lkeen<\/p>\n<h2 data-section-id=\"y8e3n3\" data-start=\"849\" data-end=\"881\">Kasvipohjainen hoito ja suoja<\/h2>\n<p data-start=\"883\" data-end=\"1073\"><strong data-start=\"883\" data-end=\"915\">Kasvipohjaiset aktiiviaineet<\/strong> (leskenlehti, siank\u00e4rs\u00e4m\u00f6, kaura, rucola, p\u00e4hkin\u00e4, viiniryp\u00e4leen meristeemisoluviljelm\u00e4) tukevat ripsien ja kulmien <strong data-start=\"1032\" data-end=\"1072\">hoidettua ja elinvoimaista ulkon\u00e4k\u00f6\u00e4<\/strong>.<\/p>\n<p data-start=\"1075\" data-end=\"1135\"><strong data-start=\"1075\" data-end=\"1103\">Hydrolysoidut proteiinit<\/strong> (riisi, makea manteli, hamppu):<\/p>\n<p data-start=\"1137\" data-end=\"1225\">\u2022 silottavat karvan pintaa<br data-start=\"1163\" data-end=\"1166\" \/>\u2022 parantavat k\u00e4sitelt\u00e4vyytt\u00e4<br data-start=\"1194\" data-end=\"1197\" \/>\u2022 tukevat karvan vahvuutta<\/p>\n<p data-start=\"1227\" data-end=\"1369\">Kevyet <strong data-start=\"1234\" data-end=\"1256\">luonnolliset \u00f6ljyt<\/strong> (avokado-, risiini- ja pellavansiemen\u00f6ljy) muodostavat pehme\u00e4n suojakerroksen ilman ett\u00e4 karva tuntuu raskaalta.<\/p>\n<p data-start=\"1376\" data-end=\"1551\">\u2022 Ravittu ja elastinen lopputulos<br data-start=\"1409\" data-end=\"1412\" \/>\u2022 Kiilt\u00e4v\u00e4, pehme\u00e4 ja hoidettu viimeistely<br data-start=\"1454\" data-end=\"1457\" \/>\u2022 Karva suojattu kemiallisen k\u00e4sittelyn j\u00e4lkeen<br data-start=\"1504\" data-end=\"1507\" \/>\u2022 Ammattimainen ja viimeistelty lopputulos<\/p>\n<p data-start=\"1553\" data-end=\"1570\"><strong data-start=\"1553\" data-end=\"1562\">Koko:<\/strong> 10 ml<\/p>\n<p data-start=\"1572\" data-end=\"1623\" data-is-last-node=\"\" data-is-only-node=\"\"><strong data-start=\"1572\" data-end=\"1597\">Vain ammattik\u00e4ytt\u00f6\u00f6n.<\/strong><br data-start=\"1597\" data-end=\"1600\" \/><strong data-start=\"1600\" data-end=\"1623\" data-is-last-node=\"\">Ei vaadi huuhtelua.<\/strong><\/p>\n","protected":false},"featured_media":40057,"comment_status":"open","ping_status":"closed","template":"","meta":{"_monsterinsights_skip_tracking":false,"_monsterinsights_sitenote_active":false,"_monsterinsights_sitenote_note":"","_monsterinsights_sitenote_category":0},"product_brand":[],"product_cat":[476,899,517,923,1249,477,516,475],"product_tag":[],"class_list":{"0":"post-40268","1":"product","2":"type-product","3":"status-publish","4":"has-post-thumbnail","6":"product_cat-kulmakarvat","7":"product_cat-emulsiot-fi","8":"product_cat-emulsiot","9":"product_cat-jalkihoito-ja-kosteuttaminen","10":"product_cat-korean-lash-lift-fi","11":"product_cat-kulmien-laminointi","12":"product_cat-lash-lift-fi","13":"product_cat-ripset","14":"pa_brand-maxymova-fi","15":"pa_suurus-10-ml-fi","17":"first","18":"instock","19":"taxable","20":"shipping-taxable","21":"purchasable","22":"product-type-simple"},"_links":{"self":[{"href":"https:\/\/pomello.ee\/fi\/wp-json\/wp\/v2\/product\/40268","targetHints":{"allow":["GET"]}}],"collection":[{"href":"https:\/\/pomello.ee\/fi\/wp-json\/wp\/v2\/product"}],"about":[{"href":"https:\/\/pomello.ee\/fi\/wp-json\/wp\/v2\/types\/product"}],"replies":[{"embeddable":true,"href":"https:\/\/pomello.ee\/fi\/wp-json\/wp\/v2\/comments?post=40268"}],"wp:featuredmedia":[{"embeddable":true,"href":"https:\/\/pomello.ee\/fi\/wp-json\/wp\/v2\/media\/40057"}],"wp:attachment":[{"href":"https:\/\/pomello.ee\/fi\/wp-json\/wp\/v2\/media?parent=40268"}],"wp:term":[{"taxonomy":"product_brand","embeddable":true,"href":"https:\/\/pomello.ee\/fi\/wp-json\/wp\/v2\/product_brand?post=40268"},{"taxonomy":"product_cat","embeddable":true,"href":"https:\/\/pomello.ee\/fi\/wp-json\/wp\/v2\/product_cat?post=40268"},{"taxonomy":"product_tag","embeddable":true,"href":"https:\/\/pomello.ee\/fi\/wp-json\/wp\/v2\/product_tag?post=40268"}],"curies":[{"name":"wp","href":"https:\/\/api.w.org\/{rel}","templated":true}]}}