{"id":40518,"date":"2026-03-21T07:54:21","date_gmt":"2026-03-21T05:54:21","guid":{"rendered":"https:\/\/pomello.ee\/toode\/italwax-vahalaitteiden-puhdistusaine-500-ml\/"},"modified":"2026-03-21T07:54:21","modified_gmt":"2026-03-21T05:54:21","slug":"italwax-vahalaitteiden-puhdistusaine-500-ml","status":"publish","type":"product","link":"https:\/\/pomello.ee\/fi\/toode\/italwax-vahalaitteiden-puhdistusaine-500-ml\/","title":{"rendered":"Italwax vahalaitteiden puhdistusaine 500 ml"},"content":{"rendered":"","protected":false},"excerpt":{"rendered":"<p data-start=\"622\" data-end=\"684\"><strong data-start=\"634\" data-end=\"682\">Italwax vahalaitteiden puhdistusaine, 500 ml<\/strong><\/p>\n<p data-start=\"686\" data-end=\"887\">Tehokas puhdistusaine ty\u00f6pintojen ja vahauslaitteiden huoltoon. Sopii erinomaisesti vahal\u00e4mmittimien, ty\u00f6p\u00f6ytien ja ty\u00f6v\u00e4lineiden puhdistukseen, poistaen vahan j\u00e4\u00e4m\u00e4t ja lian nopeasti ja tehokkaasti.<\/p>\n<p data-start=\"889\" data-end=\"997\">S\u00e4\u00e4nn\u00f6llinen k\u00e4ytt\u00f6 auttaa pit\u00e4m\u00e4\u00e4n laitteet puhtaina ja hyv\u00e4ss\u00e4 kunnossa sek\u00e4 pident\u00e4\u00e4 niiden k\u00e4ytt\u00f6ik\u00e4\u00e4.<\/p>\n<p data-start=\"999\" data-end=\"1209\"><strong data-start=\"999\" data-end=\"1016\">Ominaisuudet:<\/strong><br data-start=\"1016\" data-end=\"1019\" \/>\u2022 suunniteltu erityisesti vahalaitteiden puhdistukseen<br data-start=\"1073\" data-end=\"1076\" \/>\u2022 poistaa tehokkaasti vahan j\u00e4\u00e4m\u00e4t ja lian<br data-start=\"1118\" data-end=\"1121\" \/>\u2022 sopii ty\u00f6pinnoille ja ty\u00f6v\u00e4lineille<br data-start=\"1158\" data-end=\"1161\" \/>\u2022 helppo ja nopea k\u00e4ytt\u00e4\u00e4<br data-start=\"1186\" data-end=\"1189\" \/>\u2022 tilavuus: 500 ml<\/p>\n","protected":false},"featured_media":40515,"comment_status":"open","ping_status":"closed","template":"","meta":{"_monsterinsights_skip_tracking":false,"_monsterinsights_sitenote_active":false,"_monsterinsights_sitenote_note":"","_monsterinsights_sitenote_category":0},"product_brand":[],"product_cat":[557,507],"product_tag":[],"class_list":{"0":"post-40518","1":"product","2":"type-product","3":"status-publish","4":"has-post-thumbnail","6":"product_cat-desinfiointi","7":"product_cat-karvanpoisto","8":"pa_brand-italwax-fi","9":"pa_suurus-500ml-fi","11":"first","12":"instock","13":"taxable","14":"shipping-taxable","15":"purchasable","16":"product-type-simple"},"_links":{"self":[{"href":"https:\/\/pomello.ee\/fi\/wp-json\/wp\/v2\/product\/40518","targetHints":{"allow":["GET"]}}],"collection":[{"href":"https:\/\/pomello.ee\/fi\/wp-json\/wp\/v2\/product"}],"about":[{"href":"https:\/\/pomello.ee\/fi\/wp-json\/wp\/v2\/types\/product"}],"replies":[{"embeddable":true,"href":"https:\/\/pomello.ee\/fi\/wp-json\/wp\/v2\/comments?post=40518"}],"wp:featuredmedia":[{"embeddable":true,"href":"https:\/\/pomello.ee\/fi\/wp-json\/wp\/v2\/media\/40515"}],"wp:attachment":[{"href":"https:\/\/pomello.ee\/fi\/wp-json\/wp\/v2\/media?parent=40518"}],"wp:term":[{"taxonomy":"product_brand","embeddable":true,"href":"https:\/\/pomello.ee\/fi\/wp-json\/wp\/v2\/product_brand?post=40518"},{"taxonomy":"product_cat","embeddable":true,"href":"https:\/\/pomello.ee\/fi\/wp-json\/wp\/v2\/product_cat?post=40518"},{"taxonomy":"product_tag","embeddable":true,"href":"https:\/\/pomello.ee\/fi\/wp-json\/wp\/v2\/product_tag?post=40518"}],"curies":[{"name":"wp","href":"https:\/\/api.w.org\/{rel}","templated":true}]}}