{"id":40554,"date":"2026-03-24T10:53:56","date_gmt":"2026-03-24T08:53:56","guid":{"rendered":"https:\/\/pomello.ee\/?post_type=product&#038;p=40554"},"modified":"2026-04-14T14:39:50","modified_gmt":"2026-04-14T12:39:50","slug":"elan-flex-lash-lift-liim-10ml","status":"publish","type":"product","link":"https:\/\/pomello.ee\/fi\/toode\/elan-flex-lash-lift-liim-10ml\/","title":{"rendered":"ELAN Flex Lash Lift liim 10ml"},"content":{"rendered":"","protected":false},"excerpt":{"rendered":"<p data-start=\"74\" data-end=\"110\"><strong>ELAN Flex Lash Lift liim<\/strong>\u00a0on professionaalne silikoonp\u00f5hine ripsmete lamineerimise liim, mis on loodud tagama t\u00e4pse ja mugava ripsmete asetuse kogu protseduuri v\u00e4ltel.<\/p>\n<p data-start=\"260\" data-end=\"572\">Liim fikseerib ripsmed kindlalt silikoonpadjadel igas t\u00f6\u00f6etapis ning sobib kasutamiseks k\u00f5ikide ripsmet\u00fc\u00fcpidega \u2013 nii peened, tugevad, naturaalsed kui ka v\u00e4rvitud ripsmed. T\u00e4nu elastsele konsistentsile ei kuiva liim liiga kiiresti, v\u00f5imaldades ripsmete asetust vajadusel korrigeerida ilma ebamugavust tekitamata.<\/p>\n<p data-start=\"574\" data-end=\"711\">FLEX aitab lash &amp; lami spetsialistidel saavutada puhtaid ja etteaimatavaid tulemusi, tagades korrektse ripsmesuuna ja \u00fchtlase kaarduvuse.<\/p>\n<p data-start=\"713\" data-end=\"780\"><strong data-start=\"713\" data-end=\"729\">S\u00e4ilivusaeg:<\/strong> 24 kuud<br data-start=\"737\" data-end=\"740\" \/><strong data-start=\"740\" data-end=\"771\">S\u00e4ilivusaeg p\u00e4rast avamist:<\/strong> 6 kuud<\/p>\n<p data-start=\"782\" data-end=\"842\">Tootja j\u00e4tab endale \u00f5iguse muuta toote koostist ja pakendit.<\/p>\n","protected":false},"featured_media":40555,"comment_status":"open","ping_status":"closed","template":"","meta":{"_monsterinsights_skip_tracking":false,"_monsterinsights_sitenote_active":false,"_monsterinsights_sitenote_note":"","_monsterinsights_sitenote_category":0},"product_brand":[],"product_cat":[199,200,203],"product_tag":[],"class_list":{"0":"post-40554","1":"product","2":"type-product","3":"status-publish","4":"has-post-thumbnail","6":"product_cat-ripsmed","7":"product_cat-lash-lift","8":"product_cat-liimid","9":"pa_brand-elan","10":"pa_suurus-10-ml","12":"first","13":"instock","14":"taxable","15":"shipping-taxable","16":"purchasable","17":"product-type-simple"},"_links":{"self":[{"href":"https:\/\/pomello.ee\/fi\/wp-json\/wp\/v2\/product\/40554","targetHints":{"allow":["GET"]}}],"collection":[{"href":"https:\/\/pomello.ee\/fi\/wp-json\/wp\/v2\/product"}],"about":[{"href":"https:\/\/pomello.ee\/fi\/wp-json\/wp\/v2\/types\/product"}],"replies":[{"embeddable":true,"href":"https:\/\/pomello.ee\/fi\/wp-json\/wp\/v2\/comments?post=40554"}],"wp:featuredmedia":[{"embeddable":true,"href":"https:\/\/pomello.ee\/fi\/wp-json\/wp\/v2\/media\/40555"}],"wp:attachment":[{"href":"https:\/\/pomello.ee\/fi\/wp-json\/wp\/v2\/media?parent=40554"}],"wp:term":[{"taxonomy":"product_brand","embeddable":true,"href":"https:\/\/pomello.ee\/fi\/wp-json\/wp\/v2\/product_brand?post=40554"},{"taxonomy":"product_cat","embeddable":true,"href":"https:\/\/pomello.ee\/fi\/wp-json\/wp\/v2\/product_cat?post=40554"},{"taxonomy":"product_tag","embeddable":true,"href":"https:\/\/pomello.ee\/fi\/wp-json\/wp\/v2\/product_tag?post=40554"}],"curies":[{"name":"wp","href":"https:\/\/api.w.org\/{rel}","templated":true}]}}