{"id":40675,"date":"2026-04-02T09:11:27","date_gmt":"2026-04-02T07:11:27","guid":{"rendered":"https:\/\/pomello.ee\/?post_type=product&#038;p=40675"},"modified":"2026-04-02T09:11:28","modified_gmt":"2026-04-02T07:11:28","slug":"maxymova-bella-discovery-kit-4-x-1ml","status":"publish","type":"product","link":"https:\/\/pomello.ee\/fi\/toode\/maxymova-bella-discovery-kit-4-x-1ml\/","title":{"rendered":"MAXYMOVA BELLA Discovery Kit 4 x 1ml"},"content":{"rendered":"<p data-start=\"0\" data-end=\"36\"><strong data-start=\"0\" data-end=\"36\">KASUTAMINE \u2013 BELLA Discovery Set<\/strong><\/p>\n<p data-start=\"38\" data-end=\"107\">See komplekt sisaldab professionaalseks kasutamiseks m\u00f5eldud tooteid.<\/p>\n<p data-start=\"109\" data-end=\"312\">Enne igat protseduuri tee alati nahatundlikkuse test. Loe hoolikalt l\u00e4bi k\u00f5ik pakendis olevad juhised, hoiatused ja ettevaatusabin\u00f5ud. Allolev info on \u00fcldine juhend ega asenda ametlikke kasutusjuhendeid.<\/p>\n<p data-section-id=\"1axnrdq\" data-start=\"319\" data-end=\"360\"><span role=\"text\"><strong data-start=\"323\" data-end=\"360\">Ripsmete hindamine &amp; Step 1 valik<\/strong><\/span><\/p>\n<ul data-start=\"361\" data-end=\"528\">\n<li data-section-id=\"1e93a02\" data-start=\"361\" data-end=\"434\">Peenikeste ja keskmiste ripsmete puhul kasuta <strong data-start=\"409\" data-end=\"432\">Step 1 \u2013 Cysteamine<\/strong><\/li>\n<li data-section-id=\"13s2euk\" data-start=\"435\" data-end=\"528\">V\u00e4ga tugevate ja j\u00e4medate ripsmete puhul kasuta <strong data-start=\"485\" data-end=\"528\">Step 1 \u2013 Cysteamine + Thioglycolic Acid<\/strong><\/li>\n<\/ul>\n<p data-section-id=\"uvnf6f\" data-start=\"535\" data-end=\"563\"><span role=\"text\"><strong data-start=\"539\" data-end=\"563\">Step 1 pealekandmine<\/strong><\/span><\/p>\n<ul data-start=\"564\" data-end=\"760\">\n<li data-section-id=\"qpnhz7\" data-start=\"564\" data-end=\"639\">Kanna Step 1 ripsmetele <strong data-start=\"590\" data-end=\"607\">6\u201315 minutiks<\/strong>, vastavalt karva struktuurile<\/li>\n<li data-section-id=\"1djcyek\" data-start=\"640\" data-end=\"683\">Alusta kontrollimist alates 6. minutist<\/li>\n<li data-section-id=\"1563xf7\" data-start=\"684\" data-end=\"760\">Ripsmed on valmis, kui need on <strong data-start=\"717\" data-end=\"760\">pehmed, elastsed ja kergesti vormitavad<\/strong><\/li>\n<\/ul>\n<p data-section-id=\"1kdcmh8\" data-start=\"767\" data-end=\"784\"><span role=\"text\"><strong data-start=\"771\" data-end=\"784\">Vaheetapp<\/strong><\/span><\/p>\n<ul data-start=\"785\" data-end=\"907\">\n<li data-section-id=\"1y0cbo1\" data-start=\"785\" data-end=\"813\">Eemalda Step 1 hoolikalt<\/li>\n<li data-section-id=\"1208f5x\" data-start=\"814\" data-end=\"907\">Puhasta ripsmed kasutades <strong data-start=\"842\" data-end=\"889\">Afterlift Regeneratorit (Autolift seerumit)<\/strong> enne fikseerimist<\/li>\n<\/ul>\n<p data-section-id=\"1muhpc2\" data-start=\"914\" data-end=\"934\"><span role=\"text\"><strong data-start=\"918\" data-end=\"934\">Step 2 \u2013 Fix<\/strong><\/span><\/p>\n<ul data-start=\"935\" data-end=\"1004\">\n<li data-section-id=\"15etbt5\" data-start=\"935\" data-end=\"977\">Kanna Step 2 ripsmetele <strong data-start=\"961\" data-end=\"975\">8 minutiks<\/strong><\/li>\n<li data-section-id=\"w6wwx3\" data-start=\"978\" data-end=\"1004\">Eemalda toode t\u00e4ielikult<\/li>\n<\/ul>\n<p data-section-id=\"178svcw\" data-start=\"1011\" data-end=\"1033\"><span role=\"text\"><strong data-start=\"1015\" data-end=\"1033\">L\u00f5ppviimistlus<\/strong><\/span><\/p>\n<ul data-start=\"1034\" data-end=\"1212\">\n<li data-section-id=\"vyq7y\" data-start=\"1034\" data-end=\"1072\">L\u00f5peta hooldus <strong data-start=\"1051\" data-end=\"1070\">Repair Balm\u2019iga<\/strong><\/li>\n<li data-section-id=\"1bfg2yi\" data-start=\"1073\" data-end=\"1128\">Tegemist on <strong data-start=\"1087\" data-end=\"1107\">leave-in tootega<\/strong>, mida ei eemaldata<\/li>\n<li data-section-id=\"qh1vmx\" data-start=\"1129\" data-end=\"1212\">Toode <strong data-start=\"1137\" data-end=\"1168\">toidab, niisutab ja kaitseb<\/strong> ripsmeid ning aitab fikseerida l\u00f5pptulemuse<\/li>\n<\/ul>\n<p data-start=\"1219\" data-end=\"1299\" data-is-last-node=\"\" data-is-only-node=\"\"><strong data-start=\"1219\" data-end=\"1299\" data-is-last-node=\"\">Professionaalne tulemus algab \u00f5igetest valikutest ja t\u00e4psest t\u00f6\u00f6protsessist.<\/strong><\/p>\n","protected":false},"excerpt":{"rendered":"<p data-start=\"0\" data-end=\"65\"><strong data-start=\"0\" data-end=\"65\">MAXYMOVA BELLA Discovery Kit \u2013 proovi kogu s\u00fcsteemi ja leia oma lemmik<\/strong><\/p>\n<p data-start=\"67\" data-end=\"241\">BELLA Discovery Set on loodud professionaalile, kes soovib enne suuremate toodete valikut katsetada kogu s\u00fcsteemi ja tunnetada erinevate koostiste toimivust p\u00e4ris hooldustes.<\/p>\n<p data-start=\"243\" data-end=\"480\">Komplekt sisaldab 4 eraldi 1 ml pakikesi, millest iga\u00fcks v\u00f5imaldab teha kuni 2 protseduuri. See annab v\u00f5imaluse katsetada mitmeid hooldusi ning valida just need valemid, mis sinu t\u00f6\u00f6stiili ja klientide vajadustega k\u00f5ige paremini sobivad.<\/p>\n<p data-start=\"482\" data-end=\"504\"><strong data-start=\"482\" data-end=\"504\">Komplekt sisaldab:<\/strong><\/p>\n<ul data-start=\"505\" data-end=\"1018\">\n<li data-section-id=\"1wpef6j\" data-start=\"505\" data-end=\"662\"><strong data-start=\"507\" data-end=\"528\">Step 1 Cysteamine<\/strong> \u2013 ideaalne peenikestele kuni keskmistele ripsmetele ja kulmudele. \u00d5rn, kuid t\u00f5hus koostis, mis s\u00e4ilitab karva elastsuse ja tervise.<\/li>\n<li data-section-id=\"13s20xn\" data-start=\"663\" data-end=\"826\"><strong data-start=\"665\" data-end=\"706\">Step 1 Cysteamine + Thioglycolic Acid<\/strong> \u2013 loodud tugevamatele ja raskemini t\u00f6\u00f6deldavatele ripsmetele ning kulmudele. Tagab tugevama toime ja kindla tulemuse.<\/li>\n<li data-section-id=\"14s2191\" data-start=\"827\" data-end=\"892\"><strong data-start=\"829\" data-end=\"843\">Step 2 Fix<\/strong> \u2013 fikseerib uue kuju ja tagab p\u00fcsiva tulemuse.<\/li>\n<li data-section-id=\"1ug6f9q\" data-start=\"893\" data-end=\"1018\"><strong data-start=\"895\" data-end=\"910\">Repair Balm<\/strong> \u2013 hooldav l\u00f5ppfaas, mis toidab, niisutab ja kaitseb karva, j\u00e4ttes ripsmed ja kulmud tervislikult l\u00e4ikivaks.<\/li>\n<\/ul>\n<p data-start=\"1020\" data-end=\"1171\">BELLA kollektsioon lansseeriti 2026. aasta veebruaris ning on v\u00e4lja t\u00f6\u00f6tatud spetsiaalselt professionaalseks kasutamiseks <strong>Korea<\/strong> lamineerimistehnikates.<\/p>\n<p data-start=\"1173\" data-end=\"1304\">Individuaalsed sachet\u2019id tagavad maksimaalse v\u00e4rskuse, h\u00fcgieeni ja t\u00e4pse doseerimise \u2013 t\u00e4pselt nii, nagu professionaalne t\u00f6\u00f6 n\u00f5uab.<\/p>\n<p data-start=\"1306\" data-end=\"1347\" data-is-last-node=\"\" data-is-only-node=\"\"><strong data-start=\"1306\" data-end=\"1347\" data-is-last-node=\"\">Avasta kogu s\u00fcsteem. Leia oma lemmik.<\/strong><\/p>\n","protected":false},"featured_media":40676,"comment_status":"open","ping_status":"closed","template":"","meta":{"_monsterinsights_skip_tracking":false,"_monsterinsights_sitenote_active":false,"_monsterinsights_sitenote_note":"","_monsterinsights_sitenote_category":0},"product_brand":[],"product_cat":[199,204,1247,200],"product_tag":[],"class_list":{"0":"post-40675","1":"product","2":"type-product","3":"status-publish","4":"has-post-thumbnail","6":"product_cat-ripsmed","7":"product_cat-emulsioonid","8":"product_cat-korean-lash-lift","9":"product_cat-lash-lift","10":"pa_brand-maxymova","11":"pa_suurus-4-x-1ml","13":"first","14":"instock","15":"taxable","16":"shipping-taxable","17":"purchasable","18":"product-type-simple"},"_links":{"self":[{"href":"https:\/\/pomello.ee\/fi\/wp-json\/wp\/v2\/product\/40675","targetHints":{"allow":["GET"]}}],"collection":[{"href":"https:\/\/pomello.ee\/fi\/wp-json\/wp\/v2\/product"}],"about":[{"href":"https:\/\/pomello.ee\/fi\/wp-json\/wp\/v2\/types\/product"}],"replies":[{"embeddable":true,"href":"https:\/\/pomello.ee\/fi\/wp-json\/wp\/v2\/comments?post=40675"}],"wp:featuredmedia":[{"embeddable":true,"href":"https:\/\/pomello.ee\/fi\/wp-json\/wp\/v2\/media\/40676"}],"wp:attachment":[{"href":"https:\/\/pomello.ee\/fi\/wp-json\/wp\/v2\/media?parent=40675"}],"wp:term":[{"taxonomy":"product_brand","embeddable":true,"href":"https:\/\/pomello.ee\/fi\/wp-json\/wp\/v2\/product_brand?post=40675"},{"taxonomy":"product_cat","embeddable":true,"href":"https:\/\/pomello.ee\/fi\/wp-json\/wp\/v2\/product_cat?post=40675"},{"taxonomy":"product_tag","embeddable":true,"href":"https:\/\/pomello.ee\/fi\/wp-json\/wp\/v2\/product_tag?post=40675"}],"curies":[{"name":"wp","href":"https:\/\/api.w.org\/{rel}","templated":true}]}}