{"id":40935,"date":"2026-04-14T19:23:21","date_gmt":"2026-04-14T17:23:21","guid":{"rendered":"https:\/\/pomello.ee\/toode\/my-lamination-exo-boost-lashbrow\/"},"modified":"2026-04-14T19:23:21","modified_gmt":"2026-04-14T17:23:21","slug":"my-lamination-exo-boost-lashbrow","status":"publish","type":"product","link":"https:\/\/pomello.ee\/fi\/toode\/my-lamination-exo-boost-lashbrow\/","title":{"rendered":"My Lamination Exo Boost LashBrow"},"content":{"rendered":"<p>Vaikuttavat ainesosat ja niiden vaikutukset<\/p>\n<p>Malvan eksosomit<br \/>\nTukevat solujen v\u00e4list\u00e4 kommunikaatiota ja luovat optimaalisen ymp\u00e4rist\u00f6n hiustupelle. Auttaa vahvistamaan hiusjuuria, v\u00e4hent\u00e4m\u00e4\u00e4n hiustenl\u00e4ht\u00f6\u00e4 ja kosteuttamaan tehokkaasti.<\/p>\n<p>Yrttifytokeratiini (hamppu + riisi)<br \/>\nAminohapporikas koostumus, joka korjaa vaurioita, vahvistaa hiusrakennetta ja lis\u00e4\u00e4 kiiltoa.<\/p>\n<p>Monitoiminnallinen kasvitieteellinen kompleksi<br \/>\nTasapainottaa, stimuloi ja vahvistaa:<\/p>\n<p>Valeriana &#8211; rauhoittava ja tulehdusta ehk\u00e4isev\u00e4 vaikutus<br \/>\nSiank\u00e4rs\u00e4m\u00f6 &#8211; elvytt\u00e4v\u00e4 vaikutus<br \/>\nKiinanpuu &#8211; vahvistava ja antioksidanttinen vaikutus<br \/>\nGranaattiomenauute<br \/>\nTehokas antioksidantti, joka auttaa s\u00e4ilytt\u00e4m\u00e4\u00e4n kosteuden ja parantaa kimmoisuutta.<\/p>\n<p>Mansikka-, vadelma- ja mustikkauutteet<br \/>\nVitamiinipitoiset ainesosat, jotka suojaavat vapailta radikaaleilta ja kosteuttavat syv\u00e4lt\u00e4.<\/p>\n<p>Mustaherukkauute<br \/>\nRauhoittavalla vaikutuksella auttaa suojaamaan hiuksia ymp\u00e4rist\u00f6n vaikutuksilta.<\/p>\n<p>Pantenoli (B5-vitamiini)<br \/>\nRavitsee, vahvistaa ja parantaa hiusten kimmoisuutta.<\/p>\n<p>K\u00e4ytt\u00f6:<\/p>\n<p>Levit\u00e4 riitt\u00e4v\u00e4 m\u00e4\u00e4r\u00e4 tuotetta ripsien pituudelle 2-3 mm:n et\u00e4isyydell\u00e4 ihosta.<br \/>\nAnna vaikuttaa 5 minuuttia.<\/p>\n<p>Poista tuote mikrosiveltimell\u00e4 yl\u00f6sp\u00e4in liikkuen.<\/p>\n<p>Avattuna s\u00e4ilyy 6 kuukautta.<\/p>\n","protected":false},"excerpt":{"rendered":"<p>My Lamination Exo Boost LashBrow \u2013 ammattimainen seerumi eksosomeilla ripsille ja kulmakarvoille<\/p>\n<p>Intensiivinen vahvistava hoito ripsille ja kulmakarvoille<\/p>\n<p>Exo Boost LashBrow on ammattimainen seerumi, jossa on runsaasti aktiivisia ainesosia. Se on suunniteltu vahvistamaan, suojaamaan ja korostamaan ripsien ja kulmakarvojen luonnollista kauneutta.<\/p>\n<p>Innovatiivisen koostumuksensa ansiosta, joka yhdist\u00e4\u00e4 kasvieksosomeja ja huolellisesti valittuja kasvitieteellisi\u00e4 komplekseja, seerumi vaikuttaa syv\u00e4ll\u00e4 hiustupessa. Se parantaa hiusten laatua, lis\u00e4\u00e4 niiden vastustuskyky\u00e4 ja auttaa v\u00e4hent\u00e4m\u00e4\u00e4n hiustenl\u00e4ht\u00f6\u00e4.<\/p>\n<p>Ihanteellinen kosmetologien k\u00e4ytt\u00f6\u00f6n sek\u00e4 hoitojen aikana ett\u00e4 kuurina.<\/p>\n<p>T\u00e4rkeimm\u00e4t hy\u00f6dyt<\/p>\n<p>Vahvistaa hiuksia ja hiustupen rakennetta<br \/>\nStimuloi kasvua ja v\u00e4hent\u00e4\u00e4 hiustenl\u00e4ht\u00f6\u00e4<br \/>\nKosteuttaa syv\u00e4sti ja parantaa kimmoisuutta<br \/>\nSuojaa oksidatiiviselta stressilt\u00e4<br \/>\nAntaa v\u00e4lit\u00f6nt\u00e4 kiiltoa ja pehmeytt\u00e4<br \/>\nParantaa n\u00e4kyv\u00e4sti ripsien ja kulmakarvojen laatua<br \/>\nExo Boost LashBrow ei ole tavallinen seerumi \u2013 se vaikuttaa syv\u00e4ll\u00e4 hiustupessa ja auttaa palauttamaan hiusten vahvuuden ja elinvoiman sis\u00e4lt\u00e4p\u00e4in.<\/p>\n","protected":false},"featured_media":40927,"comment_status":"open","ping_status":"closed","template":"","meta":{"_monsterinsights_skip_tracking":false,"_monsterinsights_sitenote_active":false,"_monsterinsights_sitenote_note":"","_monsterinsights_sitenote_category":0},"product_brand":[],"product_cat":[476,915,518,917,923,475],"product_tag":[],"class_list":{"0":"post-40935","1":"product","2":"type-product","3":"status-publish","4":"has-post-thumbnail","6":"product_cat-kulmakarvat","7":"product_cat-esi-ja-jalkihoito","8":"product_cat-jalkihoito","9":"product_cat-jalkihoito-fi","10":"product_cat-jalkihoito-ja-kosteuttaminen","11":"product_cat-ripset","12":"pa_brand-my-lamination-fi","13":"pa_suurus-15-ml-fi","15":"first","16":"instock","17":"taxable","18":"shipping-taxable","19":"purchasable","20":"product-type-simple"},"_links":{"self":[{"href":"https:\/\/pomello.ee\/fi\/wp-json\/wp\/v2\/product\/40935","targetHints":{"allow":["GET"]}}],"collection":[{"href":"https:\/\/pomello.ee\/fi\/wp-json\/wp\/v2\/product"}],"about":[{"href":"https:\/\/pomello.ee\/fi\/wp-json\/wp\/v2\/types\/product"}],"replies":[{"embeddable":true,"href":"https:\/\/pomello.ee\/fi\/wp-json\/wp\/v2\/comments?post=40935"}],"wp:featuredmedia":[{"embeddable":true,"href":"https:\/\/pomello.ee\/fi\/wp-json\/wp\/v2\/media\/40927"}],"wp:attachment":[{"href":"https:\/\/pomello.ee\/fi\/wp-json\/wp\/v2\/media?parent=40935"}],"wp:term":[{"taxonomy":"product_brand","embeddable":true,"href":"https:\/\/pomello.ee\/fi\/wp-json\/wp\/v2\/product_brand?post=40935"},{"taxonomy":"product_cat","embeddable":true,"href":"https:\/\/pomello.ee\/fi\/wp-json\/wp\/v2\/product_cat?post=40935"},{"taxonomy":"product_tag","embeddable":true,"href":"https:\/\/pomello.ee\/fi\/wp-json\/wp\/v2\/product_tag?post=40935"}],"curies":[{"name":"wp","href":"https:\/\/api.w.org\/{rel}","templated":true}]}}