{"id":40973,"date":"2026-04-16T09:30:56","date_gmt":"2026-04-16T07:30:56","guid":{"rendered":"https:\/\/pomello.ee\/toode\/pink-flash-ripsienpidennys-silikonityynyt-hybridisuojat-8-paria\/"},"modified":"2026-04-16T09:30:56","modified_gmt":"2026-04-16T07:30:56","slug":"pink-flash-ripsienpidennys-silikonityynyt-hybridisuojat-8-paria","status":"publish","type":"product","link":"https:\/\/pomello.ee\/fi\/toode\/pink-flash-ripsienpidennys-silikonityynyt-hybridisuojat-8-paria\/","title":{"rendered":"Pink Flash -ripsienpidennys silikonityynyt \u2013 hybridisuojat (8 paria)"},"content":{"rendered":"<p>Setti sis\u00e4lt\u00e4\u00e4 \u2013 8 kokoa t\u00e4ydelliseen r\u00e4\u00e4t\u00e4l\u00f6intiin<\/p>\n<p>1,5 \u2013 XS<br \/>\n2 \u2013 S<br \/>\n2,5 \u2013 M<br \/>\n3 \u2013 L<br \/>\n3,5 \u2013 LL<br \/>\n3,7 \u2013 LL+<br \/>\n4 \u2013 XL<br \/>\n4,5 \u2013 XXL<br \/>\n\ud83d\udc49 Voit valita juuri oikean tyynyn asiakkaan ripsien pituuden ja halutun kaaren perusteella.<\/p>\n<p>Materiaali \u2013 100 % platinasilikoni<\/p>\n<p>Korkealaatuinen platinasilikoni varmistaa:<\/p>\n<p>korkean joustavuuden ja kest\u00e4vyyden<br \/>\nihoyst\u00e4v\u00e4llisen ja mukavan k\u00e4ytt\u00e4\u00e4<br \/>\nhelppo puhdistaa ja desinfioida<br \/>\npitk\u00e4n k\u00e4ytt\u00f6i\u00e4n (uudelleenk\u00e4ytett\u00e4v\u00e4)<\/p>\n<p>K\u00e4ytt\u00f6<\/p>\n<p>Valitse sopiva silikonityyny ripsiesi pituuden ja halutun tuloksen mukaan.<br \/>\nPuhdista ripsesi ja varmista, ett\u00e4 iho on rasvaton.<br \/>\nAseta tyyny silm\u00e4luomellesi \u2013 liimaa ei tarvita.<br \/>\nKiinnit\u00e4 ripset tyynyyn ja erota ne varovasti.<br \/>\nSuorita ripsienkohotus normaalin ty\u00f6protokollasi mukaisesti.<br \/>\nPuhdista ja desinfioi tyynyt k\u00e4yt\u00f6n j\u00e4lkeen.<br \/>\nHuolto<\/p>\n<p>Pese l\u00e4mpim\u00e4ll\u00e4 vedell\u00e4 ja saippualla.<br \/>\nDesinfioi alkoholilla jokaisen k\u00e4ytt\u00f6kerran j\u00e4lkeen.<\/p>\n","protected":false},"excerpt":{"rendered":"<p>Pink Flash Lash Lifting -silikonityynyt on suunniteltu ammattilaisille, jotka haluavat saavuttaa tasaisen, puhtaan ja pitk\u00e4kestoisen ripsienkohotuksen jokaiselle asiakkaalle.<\/p>\n<p>Innovatiivisen hybridimuotoilunsa ansiosta n\u00e4m\u00e4 tyynyt yhdist\u00e4v\u00e4t sek\u00e4 litteiden ett\u00e4 kaarevien tyynyjen edut varmistaen t\u00e4ydellisen ripsien sijoittelun, kauniin kaaren ja siistin erottelun.<\/p>\n<p>Miksi valita n\u00e4m\u00e4 silikonityynyt?<\/p>\n<p>\u2714\ufe0f T\u00e4ydellinen ripsien sijoittelu \u2013 joustava materiaali mahdollistaa ripsien tarkan sijoittelun<br \/>\n\u2714\ufe0f Hybridimuoto \u2013 luonnolliset mutta selke\u00e4t tulokset<br \/>\n\u2714\ufe0f Ei tarvitse liimaa silm\u00e4luomeen kiinnitt\u00e4miseen \u2013 nopeampi ja mukavampi ty\u00f6skentely<br \/>\n\u2714\ufe0f Sopii kaikille silm\u00e4nmuodoille ja ripsien pituuksille<br \/>\n\u2714\ufe0f Pehme\u00e4t ja mukavat asiakkaalle<\/p>\n<p>Tulokset, jotka asiakkaat huomaavat<\/p>\n<p>N\u00e4m\u00e4 silikonityynyt antavat sinulle hallintaa, tarkkuutta ja mukavuutta luodaksesi:<br \/>\n\u2728 siististi erotellut ripset<br \/>\n\u2728 t\u00e4ydellisen kohotuksen ja kaaren<br \/>\n\u2728 luonnolliset mutta ammattimaiset tulokset<\/p>\n<p>Luotu ripsienkohotuksen mestareille, jotka eiv\u00e4t tingi laadusta. \ud83d\udc9b<\/p>\n","protected":false},"featured_media":40970,"comment_status":"open","ping_status":"closed","template":"","meta":{"_monsterinsights_skip_tracking":false,"_monsterinsights_sitenote_active":false,"_monsterinsights_sitenote_note":"","_monsterinsights_sitenote_category":0},"product_brand":[],"product_cat":[475,1249,516,521],"product_tag":[],"class_list":{"0":"post-40973","1":"product","2":"type-product","3":"status-publish","4":"has-post-thumbnail","6":"product_cat-ripset","7":"product_cat-korean-lash-lift-fi","8":"product_cat-lash-lift-fi","9":"product_cat-silikonityynyt","10":"pa_brand-pink-flash-switzerland-fi","12":"first","13":"instock","14":"taxable","15":"shipping-taxable","16":"purchasable","17":"product-type-simple"},"_links":{"self":[{"href":"https:\/\/pomello.ee\/fi\/wp-json\/wp\/v2\/product\/40973","targetHints":{"allow":["GET"]}}],"collection":[{"href":"https:\/\/pomello.ee\/fi\/wp-json\/wp\/v2\/product"}],"about":[{"href":"https:\/\/pomello.ee\/fi\/wp-json\/wp\/v2\/types\/product"}],"replies":[{"embeddable":true,"href":"https:\/\/pomello.ee\/fi\/wp-json\/wp\/v2\/comments?post=40973"}],"wp:featuredmedia":[{"embeddable":true,"href":"https:\/\/pomello.ee\/fi\/wp-json\/wp\/v2\/media\/40970"}],"wp:attachment":[{"href":"https:\/\/pomello.ee\/fi\/wp-json\/wp\/v2\/media?parent=40973"}],"wp:term":[{"taxonomy":"product_brand","embeddable":true,"href":"https:\/\/pomello.ee\/fi\/wp-json\/wp\/v2\/product_brand?post=40973"},{"taxonomy":"product_cat","embeddable":true,"href":"https:\/\/pomello.ee\/fi\/wp-json\/wp\/v2\/product_cat?post=40973"},{"taxonomy":"product_tag","embeddable":true,"href":"https:\/\/pomello.ee\/fi\/wp-json\/wp\/v2\/product_tag?post=40973"}],"curies":[{"name":"wp","href":"https:\/\/api.w.org\/{rel}","templated":true}]}}