{"id":41033,"date":"2026-04-20T08:40:24","date_gmt":"2026-04-20T06:40:24","guid":{"rendered":"https:\/\/pomello.ee\/?post_type=product&#038;p=41033"},"modified":"2026-04-20T08:47:13","modified_gmt":"2026-04-20T06:47:13","slug":"kosmeetiku-kliendivoodi-azzurro-891-elektriline-valge","status":"publish","type":"product","link":"https:\/\/pomello.ee\/fi\/toode\/kosmeetiku-kliendivoodi-azzurro-891-elektriline-valge\/","title":{"rendered":"Kosmeetiku kliendivoodi Azzurro 891 elektriline valge"},"content":{"rendered":"<p data-start=\"0\" data-end=\"34\"><strong>Funktsionaalse varustuse lihtsus<\/strong><\/p>\n<p data-start=\"36\" data-end=\"432\" data-is-last-node=\"\" data-is-only-node=\"\">Azzurro 891 elektriline kosmeetikatool on varustatud 3 mootoriga, mida juhitakse juhtmega puldi abil. Lihtne kasutamine ja v\u00f5imalus kohandada tooli vastavalt individuaalsetele vajadustele muudavad erinevate hoolduste tegemise oluliselt mugavamaks. Tooli iseloomustavad stabiilsus, minimalistlik disain ja universaalsus, mist\u00f5ttu sobib see suurep\u00e4raselt paljudesse spetsialiseeritud kabinetidesse.<\/p>\n<p><img decoding=\"async\" src=\"https:\/\/activeshop.com.pl\/media\/wysiwyg\/product\/148114\/EN_148114_2.jpg\" alt=\"\"><\/p>\n<p data-start=\"0\" data-end=\"31\"><strong>Reguleerimine puldi abil<\/strong><\/p>\n<p data-start=\"33\" data-end=\"497\" data-is-last-node=\"\" data-is-only-node=\"\">Lihtsa ja intuitiivse puldi abil saab tooli sujuvalt reguleerida kolmes tasapinnas \u2013 reguleeritavad on istme k\u00f5rgus, seljatoe ja jalatoe kaldenurgad. See v\u00f5imaldab h\u00f5lpsasti seadistada sobiva asendi vastavalt parasjagu teostatavale protseduurile, tagades mugavuse nii kliendile kui ka teenuse osutajale. Reguleerimisvahemik ja m\u00f5\u00f5tmed v\u00f5imaldavad tooli kasutada erineva pikkusega inimestel ning kohandada seda vastavalt nii kliendi kui ka spetsialisti vajadustele.<\/p>\n<h2><img decoding=\"async\" src=\"https:\/\/activeshop.com.pl\/media\/wysiwyg\/product\/148114\/EN_148114_3.jpg\" alt=\"\"><\/h2>\n<p data-start=\"0\" data-end=\"50\"><strong>Funktsioonid, mis muudavad kasutamise mugavamaks<\/strong><\/p>\n<p data-start=\"52\" data-end=\"434\">Istme k\u00f5rgust saab reguleerida vahemikus 61 cm kuni 92 cm ning t\u00e4ielikult pikendatuna ulatub tooli pikkus 190 cm-ni. Need m\u00f5\u00f5dud v\u00f5imaldavad seadet mugavalt kasutada erineva pikkusega inimestel ning kohandada seda vastavalt nii kliendi kui ka protseduuri teostaja vajadustele. Istme m\u00f5lemal k\u00fcljel asuvad hoidikud v\u00f5imaldavad puldi mugavalt riputada, et see oleks alati k\u00e4ep\u00e4rast.<\/p>\n<p data-start=\"436\" data-end=\"459\"><strong>Mugav iste ja k\u00e4etoed<\/strong><\/p>\n<p data-start=\"461\" data-end=\"734\" data-is-last-node=\"\" data-is-only-node=\"\">Lai iste tagab mugavuse ka pikemate protseduuride ajal. K\u00e4etoed on liigutatavad \u2013 neid saab seada vertikaalsesse asendisse v\u00f5i p\u00f6\u00f6rata 180\u00b0, mis h\u00f5lbustab toolile istumist ning tagab mugava ligip\u00e4\u00e4su teenuse osutajale. Vajadusel saab k\u00e4etoed lihtsalt ja kiiresti eemaldada.<\/p>\n<p><img decoding=\"async\" src=\"https:\/\/activeshop.com.pl\/media\/wysiwyg\/product\/148114\/EN_148114_4.jpg\" alt=\"\"><\/p>\n<p data-start=\"0\" data-end=\"41\"><strong>V\u00f5imalused nii n\u00e4o- kui kehahooldusteks<\/strong><\/p>\n<p data-start=\"43\" data-end=\"550\" data-is-last-node=\"\" data-is-only-node=\"\">Seadme t\u00e4ielikult lamamisasendisse reguleerimise v\u00f5imalus suurendab oluliselt selle funktsionaalsust nii n\u00e4o- kui kehahoolduste puhul. See v\u00f5imaldab mugavalt teostada erinevaid protseduure, sealhulgas kosmeetilisi hooldusi, f\u00fcsioteraapiat ja t\u00e4toveerimist. Jalatuge saab pikendada kuni 15 cm, mis aitab kohandada tooli erineva pikkusega kasutajatele ning tagab jalgadele stabiilse toe erinevate protseduuride ajal. Kasutatud lahendused parandavad m\u00e4rkimisv\u00e4\u00e4rselt nii kasutusmugavust kui ka t\u00f6\u00f6ergonoomikat.<\/p>\n<h2><img decoding=\"async\" src=\"https:\/\/activeshop.com.pl\/media\/wysiwyg\/product\/148114\/EN_148114_5.jpg\" alt=\"\"><\/h2>\n<div class=\"video-container\">\n<section class=\"text-token-text-primary w-full focus:outline-none [--shadow-height:45px] has-data-writing-block:pointer-events-none has-data-writing-block:-mt-(--shadow-height) has-data-writing-block:pt-(--shadow-height) [&amp;:has([data-writing-block])&gt;*]:pointer-events-auto scroll-mt-(--header-height)\" dir=\"auto\" style=\"caret-color: #000000; color: #000000; font-style: normal; font-variant-caps: normal; font-weight: 400; letter-spacing: normal; orphans: auto; text-align: start; text-indent: 0px; text-transform: none; white-space: normal; widows: auto; word-spacing: 0px; -webkit-text-stroke-width: 0px; text-decoration: none;\" data-turn-id=\"d3003e52-c58f-4f60-81b6-4d5c812e5bd0\" data-testid=\"conversation-turn-27\" data-scroll-anchor=\"false\" data-turn=\"user\"><\/section>\n<section class=\"text-token-text-primary w-full focus:outline-none [--shadow-height:45px] has-data-writing-block:pointer-events-none has-data-writing-block:-mt-(--shadow-height) has-data-writing-block:pt-(--shadow-height) [&amp;:has([data-writing-block])&gt;*]:pointer-events-auto scroll-mt-[calc(var(--header-height)+min(200px,max(70px,20svh)))]\" dir=\"auto\" style=\"caret-color: #000000; color: #000000; font-style: normal; font-variant-caps: normal; font-weight: 400; letter-spacing: normal; orphans: auto; text-align: start; text-indent: 0px; text-transform: none; white-space: normal; widows: auto; word-spacing: 0px; -webkit-text-stroke-width: 0px; text-decoration: none;\" data-turn-id=\"request-WEB:b9a0fd49-e8b6-4cc3-8520-03fac389eafa-13\" data-testid=\"conversation-turn-28\" data-scroll-anchor=\"true\" data-turn=\"assistant\">\n<div class=\"text-base my-auto mx-auto pb-10 [--thread-content-margin:var(--thread-content-margin-xs,calc(var(--spacing)*4))] @w-sm\/main:[--thread-content-margin:var(--thread-content-margin-sm,calc(var(--spacing)*6))] @w-lg\/main:[--thread-content-margin:var(--thread-content-margin-lg,calc(var(--spacing)*16))] px-(--thread-content-margin)\">\n<div class=\"[--thread-content-max-width:40rem] @w-lg\/main:[--thread-content-max-width:48rem] mx-auto max-w-(--thread-content-max-width) flex-1 group\/turn-messages focus-visible:outline-hidden relative flex w-full min-w-0 flex-col agent-turn\">\n<div class=\"flex max-w-full flex-col gap-4 grow\">\n<div class=\"min-h-8 text-message relative flex w-full flex-col items-end gap-2 text-start break-words whitespace-normal outline-none keyboard-focused:focus-ring [.text-message+&amp;]:mt-1\" dir=\"auto\" tabindex=\"0\" data-message-author-role=\"assistant\" data-message-id=\"b9e047c3-3ddd-4bbf-bbb6-53fb48cdea94\" data-message-model-slug=\"gpt-5-3\" data-turn-start-message=\"true\">\n<div class=\"flex w-full flex-col gap-1 empty:hidden\">\n<div class=\"markdown prose dark:prose-invert w-full wrap-break-word light markdown-new-styling\">\n<p data-start=\"0\" data-end=\"37\"><strong>Minimalistlik kosmeetikatooli mudel<\/strong><\/p>\n<p data-start=\"39\" data-end=\"484\" data-is-last-node=\"\" data-is-only-node=\"\">Tool on t\u00e4idetud sobiva j\u00e4ikusega vahuga ning kaetud meeldiva puudutusega hallides toonides kunstnahaga. T\u00e4nu kergesti puhastatavale ja valitud desinfitseerimisvahenditele vastupidavale materjalile on seade mugav kasutada, niiskuskindel ja lihtsasti hooldatav. Vastupidavast valgest materjalist tugev alus tagab protseduuride ajal stabiilsuse. Hoolikalt viimistletud \u00f5mblused annavad toolile stiilse v\u00e4limuse ning muudavad istme ergonoomiliseks.<\/p>\n<\/div>\n<\/div>\n<\/div>\n<\/div>\n<\/div>\n<\/div>\n<\/section>\n<\/div>\n<p data-start=\"0\" data-end=\"106\">Tooli t\u00e4psed m\u00f5\u00f5dud on toodud fotol.<br data-start=\"36\" data-end=\"39\" \/>Komplekti kuuluvad: iste koos alusega, juhtmega pult, toiteplokk.<\/p>\n<p data-start=\"108\" data-end=\"337\" data-is-last-node=\"\" data-is-only-node=\"\"><strong data-start=\"108\" data-end=\"119\">Andmed:<\/strong><br data-start=\"119\" data-end=\"122\" \/>T\u00fc\u00fcp: elektriline<br data-start=\"139\" data-end=\"142\" \/>Mootorite arv: 3<br data-start=\"158\" data-end=\"161\" \/>Aluse v\u00e4rv: valge toonid<br data-start=\"185\" data-end=\"188\" \/>Polstri v\u00e4rv: valged toonid<br data-start=\"215\" data-end=\"218\" \/>Polstri materjal: s\u00fcnteetiline nahk<br data-start=\"253\" data-end=\"256\" \/>Istme t\u00e4idis: vaht<br data-start=\"274\" data-end=\"277\" \/>Juhtimine: juhtmega pult<br data-start=\"301\" data-end=\"304\" \/>V\u00f5imsus: 160 W<br data-start=\"318\" data-end=\"321\" \/>Pinge: 220\u2013240 V<\/p>\n","protected":false},"excerpt":{"rendered":"<div class=\"flex flex-col text-sm pb-25\">\n<section class=\"text-token-text-primary w-full focus:outline-none [--shadow-height:45px] has-data-writing-block:pointer-events-none has-data-writing-block:-mt-(--shadow-height) has-data-writing-block:pt-(--shadow-height) [&amp;:has([data-writing-block])&gt;*]:pointer-events-auto scroll-mt-[calc(var(--header-height)+min(200px,max(70px,20svh)))]\" dir=\"auto\" data-turn-id=\"request-WEB:b9a0fd49-e8b6-4cc3-8520-03fac389eafa-8\" data-testid=\"conversation-turn-18\" data-scroll-anchor=\"true\" data-turn=\"assistant\">\n<div class=\"text-base my-auto mx-auto pb-10 [--thread-content-margin:var(--thread-content-margin-xs,calc(var(--spacing)*4))] @w-sm\/main:[--thread-content-margin:var(--thread-content-margin-sm,calc(var(--spacing)*6))] @w-lg\/main:[--thread-content-margin:var(--thread-content-margin-lg,calc(var(--spacing)*16))] px-(--thread-content-margin)\">\n<div class=\"[--thread-content-max-width:40rem] @w-lg\/main:[--thread-content-max-width:48rem] mx-auto max-w-(--thread-content-max-width) flex-1 group\/turn-messages focus-visible:outline-hidden relative flex w-full min-w-0 flex-col agent-turn\">\n<div class=\"flex max-w-full flex-col gap-4 grow\">\n<div class=\"min-h-8 text-message relative flex w-full flex-col items-end gap-2 text-start break-words whitespace-normal outline-none keyboard-focused:focus-ring [.text-message+&amp;]:mt-1\" dir=\"auto\" tabindex=\"0\" data-message-author-role=\"assistant\" data-message-id=\"ae0232aa-3576-4194-889c-410c1de539f2\" data-message-model-slug=\"gpt-5-3\" data-turn-start-message=\"true\">\n<div class=\"flex w-full flex-col gap-1 empty:hidden\">\n<div class=\"markdown prose dark:prose-invert w-full wrap-break-word light markdown-new-styling\"><strong>Kosmeetiku kliendivoodi Azzurro 891<\/strong> \u00fchendab endas mugavuse, funktsionaalsuse ja minimalistliku disaini. Kolme mootoriga s\u00fcsteem v\u00f5imaldab tooli sujuvalt reguleerida \u2013 muudetav on nii k\u00f5rgus kui ka selja- ja jalatoe asend, tagades sobiva t\u00f6\u00f6positsiooni erinevateks hooldusteks.<\/div>\n<\/div>\n<\/div>\n<\/div>\n<\/div>\n<\/div>\n<\/section>\n<\/div>\n<p data-start=\"404\" data-end=\"619\">Lai ja pehme iste ning liigutatavad k\u00e4etoed pakuvad kliendile maksimaalset mugavust ka pikemate protseduuride ajal. Tooli saab reguleerida ka lamamisasendisse, mis teeb selle sobivaks nii n\u00e4o- kui kehahooldusteks.<\/p>\n<p data-start=\"621\" data-end=\"901\">Tool on kaetud vastupidava ja kergesti puhastatava halli tooniga kunstnahaga, mis sobib ideaalselt professionaalseks kasutamiseks. Stabiilne konstruktsioon ja praktilised lahendused muudavad selle usaldusv\u00e4\u00e4rseks valikuks ilusalongidesse, massaa\u017ei- ja f\u00fcsioteraapiakabinettidesse.<\/p>\n<h2 data-section-id=\"rbgenx\" data-start=\"908\" data-end=\"931\">Tehnilised andmed<\/h2>\n<ul data-start=\"933\" data-end=\"1248\">\n<li data-section-id=\"yw0uc0\" data-start=\"933\" data-end=\"954\">T\u00fc\u00fcp: elektriline<\/li>\n<li data-section-id=\"108zok8\" data-start=\"955\" data-end=\"975\">Mootorite arv: 3<\/li>\n<li data-section-id=\"1ukedmv\" data-start=\"976\" data-end=\"1004\">Juhtimine: juhtmega pult<\/li>\n<li data-section-id=\"1gdamt2\" data-start=\"1005\" data-end=\"1040\">K\u00f5rguse reguleerimine: 61\u201392 cm<\/li>\n<li data-section-id=\"oaooq4\" data-start=\"1041\" data-end=\"1071\">Maksimaalne pikkus: 190 cm<\/li>\n<li data-section-id=\"1rou7lu\" data-start=\"1072\" data-end=\"1104\">Jalatoe pikendus: kuni 15 cm<\/li>\n<li data-section-id=\"1b7fx34\" data-start=\"1105\" data-end=\"1123\">V\u00f5imsus: 160 W<\/li>\n<li data-section-id=\"t6ge2s\" data-start=\"1124\" data-end=\"1144\">Pinge: 220\u2013240 V<\/li>\n<li data-section-id=\"m1djy7\" data-start=\"1145\" data-end=\"1184\">Polstri materjal: s\u00fcnteetiline nahk<\/li>\n<li data-section-id=\"p6gouw\" data-start=\"1185\" data-end=\"1207\">Istme t\u00e4idis: vaht<\/li>\n<li data-section-id=\"epda7q\" data-start=\"1208\" data-end=\"1248\">V\u00e4rvus: valge (polster), valge (alus)<\/li>\n<\/ul>\n<h2 data-section-id=\"w35k7b\" data-start=\"1255\" data-end=\"1269\">Lisainfo<\/h2>\n<ul data-start=\"1271\" data-end=\"1458\">\n<li data-section-id=\"ozxrj\" data-start=\"1271\" data-end=\"1333\">Toote kaal: ca 95 kg<\/li>\n<li data-section-id=\"1csvnc2\" data-start=\"1334\" data-end=\"1359\">Kandev\u00f5ime: ca 180 kg<\/li>\n<li data-section-id=\"hadv9d\" data-start=\"1360\" data-end=\"1458\">Komplektis: iste koos alusega, juhtmega pult, toiteplokk<\/li>\n<\/ul>\n","protected":false},"featured_media":41034,"comment_status":"open","ping_status":"closed","template":"","meta":{"_monsterinsights_skip_tracking":false,"_monsterinsights_sitenote_active":false,"_monsterinsights_sitenote_note":"","_monsterinsights_sitenote_category":0},"product_brand":[],"product_cat":[1570],"product_tag":[1579],"class_list":{"0":"post-41033","1":"product","2":"type-product","3":"status-publish","4":"has-post-thumbnail","6":"product_cat-salongisisustus-ja-moobel","7":"product_tag-installation","8":"pa_brand-azzurro","10":"first","11":"instock","12":"taxable","13":"shipping-taxable","14":"purchasable","15":"product-type-simple"},"_links":{"self":[{"href":"https:\/\/pomello.ee\/fi\/wp-json\/wp\/v2\/product\/41033","targetHints":{"allow":["GET"]}}],"collection":[{"href":"https:\/\/pomello.ee\/fi\/wp-json\/wp\/v2\/product"}],"about":[{"href":"https:\/\/pomello.ee\/fi\/wp-json\/wp\/v2\/types\/product"}],"replies":[{"embeddable":true,"href":"https:\/\/pomello.ee\/fi\/wp-json\/wp\/v2\/comments?post=41033"}],"wp:featuredmedia":[{"embeddable":true,"href":"https:\/\/pomello.ee\/fi\/wp-json\/wp\/v2\/media\/41034"}],"wp:attachment":[{"href":"https:\/\/pomello.ee\/fi\/wp-json\/wp\/v2\/media?parent=41033"}],"wp:term":[{"taxonomy":"product_brand","embeddable":true,"href":"https:\/\/pomello.ee\/fi\/wp-json\/wp\/v2\/product_brand?post=41033"},{"taxonomy":"product_cat","embeddable":true,"href":"https:\/\/pomello.ee\/fi\/wp-json\/wp\/v2\/product_cat?post=41033"},{"taxonomy":"product_tag","embeddable":true,"href":"https:\/\/pomello.ee\/fi\/wp-json\/wp\/v2\/product_tag?post=41033"}],"curies":[{"name":"wp","href":"https:\/\/api.w.org\/{rel}","templated":true}]}}