{"id":41337,"date":"2026-04-22T12:14:05","date_gmt":"2026-04-22T10:14:05","guid":{"rendered":"https:\/\/pomello.ee\/toode\/my-lamination-white-eternity-serum-15-ml\/"},"modified":"2026-04-22T12:14:05","modified_gmt":"2026-04-22T10:14:05","slug":"my-lamination-white-eternity-serum-15-ml","status":"publish","type":"product","link":"https:\/\/pomello.ee\/fi\/toode\/my-lamination-white-eternity-serum-15-ml\/","title":{"rendered":"My Lamination White Eternity Serum 15 ml"},"content":{"rendered":"<p>Levit\u00e4 riitt\u00e4v\u00e4 m\u00e4\u00e4r\u00e4 tuotetta ripsiin mikrosiveltimell\u00e4 pit\u00e4en 2\u20133 mm:n et\u00e4isyyden ripsien tyvest\u00e4.<\/p>\n<p>Anna vaikuttaa 5 minuuttia.<\/p>\n<p>Poista tuote mikrosiveltimell\u00e4 kampaamalla ripsi\u00e4 yl\u00f6sp\u00e4in.<\/p>\n","protected":false},"excerpt":{"rendered":"<p>My Lamination White Eternity \u2013 syv\u00e4kosteuttava ja palauttava hoito ripsille ja kulmakarvoille<\/p>\n<p>White Eternity on seerumi, joka on luotu erityisesti ripsille ja kulmakarvoille, jotka tarvitsevat muutakin kuin vain kauniin tuloksen \u2013 ne tarvitsevat hoitoa, kosteutusta ja palauttamista.<\/p>\n<p>Ripsien ja kulmakarvojen laminointi voi tilap\u00e4isesti tehd\u00e4 hiuksista kuivemmat ja herkemm\u00e4t. White Eternity auttaa palauttamaan hiusten luonnollisen tasapainon, jotta tulos ei ole vain kaunis, vaan my\u00f6s terve ja kest\u00e4v\u00e4.<\/p>\n<p>Mit\u00e4 White Eternity tekee?<\/p>\n<p>Kosteuttaa syv\u00e4sti hyaluronihapon ansiosta<br \/>\nTukee hiusten rakennetta aminohapoilla ja proteiineilla<br \/>\nParantaa hiusten kimmoisuutta ja kest\u00e4vyytt\u00e4<br \/>\nAuttaa v\u00e4hent\u00e4m\u00e4\u00e4n kuivuutta ja haurautta<br \/>\n\ud83d\udc49 Tulos: karvat ovat pehme\u00e4mm\u00e4t, vahvemmat ja helpommin k\u00e4sitelt\u00e4v\u00e4t<\/p>\n<p>Miksi ripsien kestoleikkausmestari tarvitsee sit\u00e4?<\/p>\n<p>Jos karvat ovat kuivat tai vaurioituneet, tulos ei ole tasainen tai pysyv\u00e4. White Eternity auttaa sinua:<\/p>\n<p>saavuttamaan laadukkaamman ja tasaisemman lopputuloksen<br \/>\ntarjoamaan asiakkaallesi todella v\u00e4litt\u00e4v\u00e4\u00e4 palvelua<br \/>\nv\u00e4hent\u00e4m\u00e4\u00e4n turkin haurauden tai himmeyden riski\u00e4<br \/>\nEnemm\u00e4n kuin vain hoitoa<\/p>\n<p>White Eternity ei vaikuta vain pinnallisesti \u2013 se tukee turkkia sis\u00e4lt\u00e4p\u00e4in ja auttaa s\u00e4ilytt\u00e4m\u00e4\u00e4n sen vahvuuden ja terveyden my\u00f6s toimenpiteen j\u00e4lkeen.<\/p>\n<p>Kevyt ja ei-raskastava koostumus ei pilaa kohotettua muotoa, vaan noudattaa luonnollista muotoa j\u00e4tt\u00e4en lopputuloksen puhtaaksi ja luonnolliseksi.<\/p>\n<p>Lis\u00e4ksi mineraalikimaljahiukkasia sis\u00e4lt\u00e4v\u00e4 koostumus antaa levitykselle visuaalisesti kauniin ja ylellisen vaikutelman.<\/p>\n","protected":false},"featured_media":41330,"comment_status":"open","ping_status":"closed","template":"","meta":{"_monsterinsights_skip_tracking":false,"_monsterinsights_sitenote_active":false,"_monsterinsights_sitenote_note":"","_monsterinsights_sitenote_category":0},"product_brand":[],"product_cat":[476,915,518,917,923,1249,477,516,475],"product_tag":[],"class_list":{"0":"post-41337","1":"product","2":"type-product","3":"status-publish","4":"has-post-thumbnail","6":"product_cat-kulmakarvat","7":"product_cat-esi-ja-jalkihoito","8":"product_cat-jalkihoito","9":"product_cat-jalkihoito-fi","10":"product_cat-jalkihoito-ja-kosteuttaminen","11":"product_cat-korean-lash-lift-fi","12":"product_cat-kulmien-laminointi","13":"product_cat-lash-lift-fi","14":"product_cat-ripset","15":"pa_brand-my-lamination-fi","16":"pa_suurus-15-ml-fi","18":"first","19":"instock","20":"taxable","21":"shipping-taxable","22":"purchasable","23":"product-type-simple"},"_links":{"self":[{"href":"https:\/\/pomello.ee\/fi\/wp-json\/wp\/v2\/product\/41337","targetHints":{"allow":["GET"]}}],"collection":[{"href":"https:\/\/pomello.ee\/fi\/wp-json\/wp\/v2\/product"}],"about":[{"href":"https:\/\/pomello.ee\/fi\/wp-json\/wp\/v2\/types\/product"}],"replies":[{"embeddable":true,"href":"https:\/\/pomello.ee\/fi\/wp-json\/wp\/v2\/comments?post=41337"}],"wp:featuredmedia":[{"embeddable":true,"href":"https:\/\/pomello.ee\/fi\/wp-json\/wp\/v2\/media\/41330"}],"wp:attachment":[{"href":"https:\/\/pomello.ee\/fi\/wp-json\/wp\/v2\/media?parent=41337"}],"wp:term":[{"taxonomy":"product_brand","embeddable":true,"href":"https:\/\/pomello.ee\/fi\/wp-json\/wp\/v2\/product_brand?post=41337"},{"taxonomy":"product_cat","embeddable":true,"href":"https:\/\/pomello.ee\/fi\/wp-json\/wp\/v2\/product_cat?post=41337"},{"taxonomy":"product_tag","embeddable":true,"href":"https:\/\/pomello.ee\/fi\/wp-json\/wp\/v2\/product_tag?post=41337"}],"curies":[{"name":"wp","href":"https:\/\/api.w.org\/{rel}","templated":true}]}}