{"id":41340,"date":"2026-04-22T12:01:24","date_gmt":"2026-04-22T10:01:24","guid":{"rendered":"https:\/\/pomello.ee\/toode\/my-lamination-blue-infinity-serum-15-ml\/"},"modified":"2026-04-22T12:01:24","modified_gmt":"2026-04-22T10:01:24","slug":"my-lamination-blue-infinity-serum-15-ml","status":"publish","type":"product","link":"https:\/\/pomello.ee\/fi\/toode\/my-lamination-blue-infinity-serum-15-ml\/","title":{"rendered":"My Lamination Blue Infinity Serum 15 ml"},"content":{"rendered":"<p>Levit\u00e4 riitt\u00e4v\u00e4 m\u00e4\u00e4r\u00e4 tuotetta ripsiin mikrosiveltimell\u00e4 pit\u00e4en 2\u20133 mm:n et\u00e4isyyden ripsien tyvest\u00e4.<\/p>\n<p>Anna vaikuttaa 5 minuuttia.<\/p>\n<p>Poista tuote mikrosiveltimell\u00e4 kampaamalla ripsi\u00e4 yl\u00f6sp\u00e4in.<\/p>\n","protected":false},"excerpt":{"rendered":"<p>My Lamination Blue Infinity \u2013 ammattimainen seerumi ripsille ja kulmakarvoille<\/p>\n<p>Blue Infinity ei ole vain seerumi \u2013 se on ty\u00f6kalu, joka auttaa sinua saavuttamaan paremman lopputuloksen.<\/p>\n<p>Jokainen yksityiskohta on t\u00e4rke\u00e4 ripsien ja kulmakarvojen kestok\u00e4sittelyiss\u00e4. Jos karvat ovat kuivat, karheat tai elottomat, tulos ei ole tarpeeksi kaunis tai kest\u00e4v\u00e4. T\u00e4ss\u00e4 kohtaa Blue Infinity astuu kuvaan.<\/p>\n<p>\ud83d\udc49 Seerumi auttaa:<\/p>\n<p>tekem\u00e4\u00e4n ripsist\u00e4 ja kulmakarvoista pehme\u00e4mpi\u00e4 ja joustavampia<br \/>\nantaa hiuksille terveen ja kiilt\u00e4v\u00e4n pinnan<br \/>\nparantaa hiuskuidun laatua jo toimenpiteen aikana<br \/>\nPantenoli (provitamiini B5) kosteuttaa ja tekee hiuksista joustavammat, kun taas hydrolysoidut vehn\u00e4proteiinit auttavat vahvistamaan ja silottamaan hiusrakennetta. T\u00e4m\u00e4 tarkoittaa, ett\u00e4 hiukset kest\u00e4v\u00e4t k\u00e4sittelyn paremmin ja tulos on tasaisempi.<\/p>\n<p>Yrttiuutteet ja antioksidantit tukevat hiusten yleiskuntoa, ja kulta antaa visuaalisesti ylellisen kiillon, jonka asiakas huomaa v\u00e4litt\u00f6m\u00e4sti.<\/p>\n<p>Milloin k\u00e4ytt\u00e4\u00e4?<\/p>\n<p>Suositellaan, jos ripset tai kulmakarvat ovat:<\/p>\n<p>tyls\u00e4t ja elottomat<br \/>\nkarhean tuntuiset<br \/>\nkaipaavat lis\u00e4\u00e4 pehmeytt\u00e4 ja kiiltoa<br \/>\nsuositellaan jokaiselle asiakkaalle<br \/>\nT\u00e4rkeimm\u00e4t hy\u00f6dyt<\/p>\n<p>Ammattimainen koostumus, joka on suunniteltu kampaamok\u00e4ytt\u00f6\u00f6n<br \/>\nTukee hiusten pehmeytt\u00e4 ja kimmoisuutta<br \/>\nAuttaa parantamaan kiiltoa ja visuaalista laatua<br \/>\nKevyt, rasvaton koostumus<br \/>\nMineraalikimallehiukkasia (muovia sis\u00e4lt\u00e4m\u00e4t\u00f6n)<br \/>\nSis\u00e4lt\u00e4\u00e4 ravitsevia kasviuutteita ja kultaa<\/p>\n","protected":false},"featured_media":41321,"comment_status":"open","ping_status":"closed","template":"","meta":{"_monsterinsights_skip_tracking":false,"_monsterinsights_sitenote_active":false,"_monsterinsights_sitenote_note":"","_monsterinsights_sitenote_category":0},"product_brand":[],"product_cat":[476,915,518,917,923,1249,477,516,475],"product_tag":[],"class_list":{"0":"post-41340","1":"product","2":"type-product","3":"status-publish","4":"has-post-thumbnail","6":"product_cat-kulmakarvat","7":"product_cat-esi-ja-jalkihoito","8":"product_cat-jalkihoito","9":"product_cat-jalkihoito-fi","10":"product_cat-jalkihoito-ja-kosteuttaminen","11":"product_cat-korean-lash-lift-fi","12":"product_cat-kulmien-laminointi","13":"product_cat-lash-lift-fi","14":"product_cat-ripset","15":"pa_brand-my-lamination-fi","16":"pa_suurus-15-ml-fi","18":"first","19":"instock","20":"taxable","21":"shipping-taxable","22":"purchasable","23":"product-type-simple"},"_links":{"self":[{"href":"https:\/\/pomello.ee\/fi\/wp-json\/wp\/v2\/product\/41340","targetHints":{"allow":["GET"]}}],"collection":[{"href":"https:\/\/pomello.ee\/fi\/wp-json\/wp\/v2\/product"}],"about":[{"href":"https:\/\/pomello.ee\/fi\/wp-json\/wp\/v2\/types\/product"}],"replies":[{"embeddable":true,"href":"https:\/\/pomello.ee\/fi\/wp-json\/wp\/v2\/comments?post=41340"}],"wp:featuredmedia":[{"embeddable":true,"href":"https:\/\/pomello.ee\/fi\/wp-json\/wp\/v2\/media\/41321"}],"wp:attachment":[{"href":"https:\/\/pomello.ee\/fi\/wp-json\/wp\/v2\/media?parent=41340"}],"wp:term":[{"taxonomy":"product_brand","embeddable":true,"href":"https:\/\/pomello.ee\/fi\/wp-json\/wp\/v2\/product_brand?post=41340"},{"taxonomy":"product_cat","embeddable":true,"href":"https:\/\/pomello.ee\/fi\/wp-json\/wp\/v2\/product_cat?post=41340"},{"taxonomy":"product_tag","embeddable":true,"href":"https:\/\/pomello.ee\/fi\/wp-json\/wp\/v2\/product_tag?post=41340"}],"curies":[{"name":"wp","href":"https:\/\/api.w.org\/{rel}","templated":true}]}}