{"id":41654,"date":"2026-04-25T17:45:45","date_gmt":"2026-04-25T15:45:45","guid":{"rendered":"https:\/\/pomello.ee\/toode\/italwax-plum-hot-film-wax-1-kg\/"},"modified":"2026-04-25T17:45:45","modified_gmt":"2026-04-25T15:45:45","slug":"italwax-plum-hot-film-wax-1-kg","status":"publish","type":"product","link":"https:\/\/pomello.ee\/fi\/toode\/italwax-plum-hot-film-wax-1-kg\/","title":{"rendered":"Italwax Plum Hot Film Wax 1 kg"},"content":{"rendered":"","protected":false},"excerpt":{"rendered":"<p>Italwax Plum -kuumakalvovaha 1 kg \u2013 ammattimainen kalvovaha herkille alueille<\/p>\n<p>Italwax Plum on ammattimainen kuumakalvovaha, joka on suunniteltu tehokkaaseen ja hell\u00e4varaiseen karvanpoistoon my\u00f6s herkilt\u00e4 alueilta. Se sopii erinomaisesti salonkik\u00e4ytt\u00f6\u00f6n ja tarjoaa tarkkoja ja puhtaita tuloksia my\u00f6s lyhyit\u00e4 ja vahvoja karvoja poistettaessa.<\/p>\n<p>Kalvovaha levitet\u00e4\u00e4n iholle ohuena kerroksena ja poistetaan ilman raitoja, mik\u00e4 tekee ty\u00f6st\u00e4 nopeampaa ja mukavampaa. Joustavan koostumuksensa ansiosta vaha seuraa tarkasti vartalon muotoja ja tarttuu karvoihin juurista tarttumatta ihoon \u2013 t\u00e4m\u00e4 auttaa v\u00e4hent\u00e4m\u00e4\u00e4n kipua ja iho\u00e4rsytyst\u00e4.<\/p>\n<p>Alhainen sulamisl\u00e4mp\u00f6tila (noin 40\u201345 \u00b0C) takaa asiakkaalle suuremman mukavuuden ja v\u00e4hent\u00e4\u00e4 palovammojen riski\u00e4. Vahan pidempi kuivumisaika antaa ammattilaiselle paremman hallinnan levitett\u00e4ess\u00e4 ja mahdollistaa tarkan ty\u00f6skentelyn my\u00f6s vaikeammilla alueilla.<\/p>\n<p>Luumun tuoksuinen koostumus tekee toimenpiteest\u00e4 miellytt\u00e4v\u00e4mm\u00e4n ja sopii erityisesti kainaloiden, bikinialueen ja kasvojen karvanpoistoon.<\/p>\n<p>T\u00e4rkeimm\u00e4t ominaisuudet:<\/p>\n<p>\u2022 Kuumakalvovaha \u2013 poistaa ilman liuskoja<br \/>\n\u2022 Sopii herkille alueille (bikinit, kainalot, kasvot)<br \/>\n\u2022 Tehokas my\u00f6s lyhyiden ja vahvojen karvojen poistoon<br \/>\n\u2022 Alhainen sulamispiste (40\u201345 \u00b0C)<br \/>\n\u2022 Joustava ja ihoyst\u00e4v\u00e4llinen koostumus<br \/>\n\u2022 Ei tartu ihoon \u2013 v\u00e4hemm\u00e4n kipua ja \u00e4rsytyst\u00e4<br \/>\n\u2022 Miellytt\u00e4v\u00e4 luumun tuoksu<\/p>\n<p>M\u00e4\u00e4r\u00e4: 1 kg<\/p>\n","protected":false},"featured_media":41651,"comment_status":"open","ping_status":"closed","template":"","meta":{"_monsterinsights_skip_tracking":false,"_monsterinsights_sitenote_active":false,"_monsterinsights_sitenote_note":"","_monsterinsights_sitenote_category":0},"product_brand":[],"product_cat":[507,555],"product_tag":[],"class_list":{"0":"post-41654","1":"product","2":"type-product","3":"status-publish","4":"has-post-thumbnail","6":"product_cat-karvanpoisto","7":"product_cat-vahat","8":"pa_brand-italwax-fi","9":"pa_suurus-1-kg-fi","11":"first","12":"instock","13":"taxable","14":"shipping-taxable","15":"purchasable","16":"product-type-simple"},"_links":{"self":[{"href":"https:\/\/pomello.ee\/fi\/wp-json\/wp\/v2\/product\/41654","targetHints":{"allow":["GET"]}}],"collection":[{"href":"https:\/\/pomello.ee\/fi\/wp-json\/wp\/v2\/product"}],"about":[{"href":"https:\/\/pomello.ee\/fi\/wp-json\/wp\/v2\/types\/product"}],"replies":[{"embeddable":true,"href":"https:\/\/pomello.ee\/fi\/wp-json\/wp\/v2\/comments?post=41654"}],"wp:featuredmedia":[{"embeddable":true,"href":"https:\/\/pomello.ee\/fi\/wp-json\/wp\/v2\/media\/41651"}],"wp:attachment":[{"href":"https:\/\/pomello.ee\/fi\/wp-json\/wp\/v2\/media?parent=41654"}],"wp:term":[{"taxonomy":"product_brand","embeddable":true,"href":"https:\/\/pomello.ee\/fi\/wp-json\/wp\/v2\/product_brand?post=41654"},{"taxonomy":"product_cat","embeddable":true,"href":"https:\/\/pomello.ee\/fi\/wp-json\/wp\/v2\/product_cat?post=41654"},{"taxonomy":"product_tag","embeddable":true,"href":"https:\/\/pomello.ee\/fi\/wp-json\/wp\/v2\/product_tag?post=41654"}],"curies":[{"name":"wp","href":"https:\/\/api.w.org\/{rel}","templated":true}]}}