{"id":41672,"date":"2026-04-26T09:21:10","date_gmt":"2026-04-26T07:21:10","guid":{"rendered":"https:\/\/pomello.ee\/toode\/ripsiharjat-glitter-100-kpl-musta\/"},"modified":"2026-04-26T09:21:10","modified_gmt":"2026-04-26T07:21:10","slug":"ripsiharjat-glitter-100-kpl-musta","status":"publish","type":"product","link":"https:\/\/pomello.ee\/fi\/toode\/ripsiharjat-glitter-100-kpl-musta\/","title":{"rendered":"Ripsiharjat Glitter 100 kpl musta"},"content":{"rendered":"","protected":false},"excerpt":{"rendered":"<p>Ripsiharjat Glitter 100 kpl Mustat ovat tyylikk\u00e4\u00e4t mustat glitterkahvaiset ripsiharjat, jotka sopivat erinomaisesti ripsien ja kulmakarvojen harjaamiseen sek\u00e4 salongissa ett\u00e4 kotona. Kertak\u00e4ytt\u00f6harjat auttavat pit\u00e4m\u00e4\u00e4n ty\u00f6skentelyn hygieenisen\u00e4 ja antavat hoidolle ammattimaisen lopputuloksen.<\/p>\n<p>Ripsiharjat sopivat k\u00e4ytett\u00e4v\u00e4ksi ripsienpidennysten, ripsienkohotuksen, kulmakarvojen k\u00e4sittelyn ja meikin kanssa. Mukava harja auttaa erottelemaan ripset, siistim\u00e4\u00e4n kulmakarvat ja antamaan lopputuloksen siistin ja hyvin hoidetun ulkon\u00e4\u00f6n.<\/p>\n<p>Pakkaus: 100 kpl<br \/>\nV\u00e4ri: musta glitter<\/p>\n","protected":false},"featured_media":41660,"comment_status":"open","ping_status":"closed","template":"","meta":{"_monsterinsights_skip_tracking":false,"_monsterinsights_sitenote_active":false,"_monsterinsights_sitenote_note":"","_monsterinsights_sitenote_category":0},"product_brand":[],"product_cat":[540,511,546,1599],"product_tag":[],"class_list":{"0":"post-41672","1":"product","2":"type-product","3":"status-publish","4":"has-post-thumbnail","6":"product_cat-tarvikkeet","7":"product_cat-kulmakarvojen-tarvikkeet","8":"product_cat-ripsien-tarvikkeet","9":"product_cat-ripsiharjat","10":"pa_suurus-100tk-fi","11":"pa_varv-must-fi","13":"first","14":"instock","15":"taxable","16":"shipping-taxable","17":"purchasable","18":"product-type-simple"},"_links":{"self":[{"href":"https:\/\/pomello.ee\/fi\/wp-json\/wp\/v2\/product\/41672","targetHints":{"allow":["GET"]}}],"collection":[{"href":"https:\/\/pomello.ee\/fi\/wp-json\/wp\/v2\/product"}],"about":[{"href":"https:\/\/pomello.ee\/fi\/wp-json\/wp\/v2\/types\/product"}],"replies":[{"embeddable":true,"href":"https:\/\/pomello.ee\/fi\/wp-json\/wp\/v2\/comments?post=41672"}],"wp:featuredmedia":[{"embeddable":true,"href":"https:\/\/pomello.ee\/fi\/wp-json\/wp\/v2\/media\/41660"}],"wp:attachment":[{"href":"https:\/\/pomello.ee\/fi\/wp-json\/wp\/v2\/media?parent=41672"}],"wp:term":[{"taxonomy":"product_brand","embeddable":true,"href":"https:\/\/pomello.ee\/fi\/wp-json\/wp\/v2\/product_brand?post=41672"},{"taxonomy":"product_cat","embeddable":true,"href":"https:\/\/pomello.ee\/fi\/wp-json\/wp\/v2\/product_cat?post=41672"},{"taxonomy":"product_tag","embeddable":true,"href":"https:\/\/pomello.ee\/fi\/wp-json\/wp\/v2\/product_tag?post=41672"}],"curies":[{"name":"wp","href":"https:\/\/api.w.org\/{rel}","templated":true}]}}