{"id":41689,"date":"2026-04-25T17:35:05","date_gmt":"2026-04-25T15:35:05","guid":{"rendered":"https:\/\/pomello.ee\/toode\/pesupaikka-gabbiano-carmen-musta\/"},"modified":"2026-04-25T17:35:05","modified_gmt":"2026-04-25T15:35:05","slug":"pesupaikka-gabbiano-carmen-musta","status":"publish","type":"product","link":"https:\/\/pomello.ee\/fi\/toode\/pesupaikka-gabbiano-carmen-musta\/","title":{"rendered":"Pesupaikka Gabbiano Carmen musta"},"content":{"rendered":"<div class=\"\" data-turn-id-container=\"request-WEB:0774f57c-acd0-4824-975e-07c981ed9c20-52\" data-is-intersecting=\"true\">\n<section class=\"text-token-text-primary w-full focus:outline-none [--shadow-height:45px] has-data-writing-block:pointer-events-none has-data-writing-block:-mt-(--shadow-height) has-data-writing-block:pt-(--shadow-height) [&amp;:has([data-writing-block])&gt;*]:pointer-events-auto R6Vx5W_threadScrollVars scroll-mb-[calc(var(--scroll-root-safe-area-inset-bottom,0px)+var(--thread-response-height))] scroll-mt-[calc(var(--header-height)+min(200px,max(70px,20svh)))]\" dir=\"auto\" data-turn-id=\"request-WEB:0774f57c-acd0-4824-975e-07c981ed9c20-52\" data-testid=\"conversation-turn-104\" data-scroll-anchor=\"false\" data-turn=\"assistant\">\n<div class=\"text-base my-auto mx-auto pb-10 [--thread-content-margin:var(--thread-content-margin-xs,calc(var(--spacing)*4))] @w-sm\/main:[--thread-content-margin:var(--thread-content-margin-sm,calc(var(--spacing)*6))] @w-lg\/main:[--thread-content-margin:var(--thread-content-margin-lg,calc(var(--spacing)*16))] px-(--thread-content-margin)\">\n<div class=\"[--thread-content-max-width:40rem] @w-lg\/main:[--thread-content-max-width:48rem] mx-auto max-w-(--thread-content-max-width) flex-1 group\/turn-messages focus-visible:outline-hidden relative flex w-full min-w-0 flex-col agent-turn\">\n<div class=\"flex max-w-full flex-col gap-4 grow\">\n<div class=\"min-h-8 text-message relative flex w-full flex-col items-end gap-2 text-start break-words whitespace-normal outline-none keyboard-focused:focus-ring [.text-message+&amp;]:mt-1\" dir=\"auto\" tabindex=\"0\" data-message-author-role=\"assistant\" data-message-id=\"6faba64b-52ec-45bc-9c69-b23253adb46a\" data-message-model-slug=\"gpt-5-3\" data-turn-start-message=\"true\">\n<div class=\"flex w-full flex-col gap-1 empty:hidden\">\n<div class=\"markdown prose dark:prose-invert w-full wrap-break-word light markdown-new-styling\">\n<p data-start=\"0\" data-end=\"270\" data-is-last-node=\"\" data-is-only-node=\"\">Gabbiano on luksusluokan kampaamolaitteiden ja -kalusteiden tuotemerkki, joka erottuu edukseen luotettavuudellaan, laadullaan, esteettisell\u00e4 viimeistelyll\u00e4\u00e4n ja helppok\u00e4ytt\u00f6isyydell\u00e4\u00e4n. Tuotemerkki tarjoaa laajan valikoiman toiminnallisia kampaamokalusteita, kuten tuoleja, hiustenpesulaitteita ja infrapunas\u00e4teit\u00e4.<\/p>\n<\/div>\n<\/div>\n<\/div>\n<\/div>\n<div class=\"z-0 flex min-h-[46px] justify-start\"><\/div>\n<\/div>\n<\/div>\n<\/section>\n<\/div>\n<p><img decoding=\"async\" src=\"https:\/\/activeshop.com.pl\/media\/wysiwyg\/product\/153420\/EN_153420_2.jpg\" alt=\"\"><\/p>\n<p>Olennainen osa kampaamoa<\/p>\n<p>Gabbiano Carmen -hiustenpesutuoli s\u00e4\u00e4dett\u00e4v\u00e4ll\u00e4 jalkatuella on k\u00e4yt\u00e4nn\u00f6llinen ja tyylik\u00e4s elementti mink\u00e4 tahansa kampaamon sisustuksessa. Sen avulla voit mukavasti suorittaa perustoimenpiteit\u00e4, kuten hiusten pesua, v\u00e4rj\u00e4yst\u00e4 ja hoitoa.<\/p>\n<p>Integroitu rakenne takaa mukavuuden sek\u00e4 stylistille ett\u00e4 asiakkaalle, ja moderni muotoilu korostaa kampaamon luonnetta. S\u00e4\u00e4dett\u00e4v\u00e4 jalkatuki lis\u00e4\u00e4 mukavuutta jokaiseen toimenpiteeseen tehden asiakaskokemuksesta entist\u00e4 miellytt\u00e4v\u00e4mm\u00e4n.<\/p>\n<p><img decoding=\"async\" src=\"https:\/\/activeshop.com.pl\/media\/wysiwyg\/product\/153420\/EN_153420_3.jpg\" alt=\"\"><\/p>\n<p>K\u00e4yt\u00e4nn\u00f6llinen allas<\/p>\n<p>Musta keraaminen allas sopivalla syvyydell\u00e4 v\u00e4hent\u00e4\u00e4 tehokkaasti veden ja tuotteiden roiskumista toimenpiteiden aikana. S\u00e4\u00e4dett\u00e4v\u00e4n kulman ansiosta voit helposti s\u00e4\u00e4t\u00e4\u00e4 sen asentoa tarpeen mukaan, mik\u00e4 tekee ty\u00f6skentelyst\u00e4 mukavampaa ja tehokkaampaa.<\/p>\n<p>Korkealaatuinen keramiikka takaa kest\u00e4vyyden, naarmuuntumisen ja v\u00e4rj\u00e4ytymisen est\u00e4vyyden ja on helppo puhdistaa. Ergonomisesti muotoiltu niskatuki tarjoaa optimaalisen tuen ja mukavuuden pesun aikana, kun taas musta muovisuojus v\u00e4hent\u00e4\u00e4 kylm\u00e4n tunnetta ja tekee toimenpiteest\u00e4 asiakkaalle miellytt\u00e4v\u00e4mm\u00e4n.<\/p>\n<p><img decoding=\"async\" src=\"https:\/\/activeshop.com.pl\/media\/wysiwyg\/product\/153420\/EN_153420_4.jpg\" alt=\"\"><\/p>\n<p>Toiminnallisia ratkaisuja mukavaan k\u00e4ytt\u00f6\u00f6n<\/p>\n<p>Manuaalisesti s\u00e4\u00e4dett\u00e4v\u00e4, vivulla ohjattava jalkatuki lis\u00e4\u00e4 mukavuutta toimenpiteiden aikana. P\u00e4\u00e4npesutuoli on varustettu sekoittimella, jonka avulla veden l\u00e4mp\u00f6tilaa voi helposti s\u00e4\u00e4t\u00e4\u00e4 asiakkaan mieltymysten mukaan.<\/p>\n<p>K\u00e4yt\u00e4nn\u00f6llinen suihkup\u00e4\u00e4n pidike auttaa pit\u00e4m\u00e4\u00e4n ty\u00f6paikan siistin\u00e4, ja tyhjennystulppa integroidulla siivil\u00e4ll\u00e4 mahdollistaa veden virtauksen hallinnan ja tukee hygieniaa. Vesiliit\u00e4nt\u00e4 on piilotettu jalustan sis\u00e4\u00e4n, mik\u00e4 mahdollistaa asennuksen ilman n\u00e4kyvi\u00e4 putkia ja luo siistin kokonaisvaikutelman.<\/p>\n<p>Ergonominen muoto varmistaa mukavuuden sek\u00e4 asiakkaalle ett\u00e4 kampaajalle ja helpottaa erilaisten palvelujen suorittamista.<\/p>\n<p><img decoding=\"async\" src=\"https:\/\/activeshop.com.pl\/media\/wysiwyg\/product\/153420\/EN_153420_5.jpg\" alt=\"\"><\/p>\n<p>Toiminnallinen huonekalu modernilla muotoilulla<\/p>\n<p>Ergonomisesti muotoiltu istuin kest\u00e4v\u00e4ll\u00e4 vaahtomuovipehmusteella tarjoaa riitt\u00e4v\u00e4n tuen sel\u00e4lle, erityisesti lannerangalle, varmistaen erinomaisen k\u00e4ytt\u00f6mukavuuden. Pehmustetut k\u00e4sinojat auttavat yll\u00e4pit\u00e4m\u00e4\u00e4n hartioiden oikean asennon ja tukevat mukavaa ryhti\u00e4 toimenpiteiden aikana.<\/p>\n<p>Pehme\u00e4 musta keinonahka on kest\u00e4v\u00e4\u00e4, helposti puhdistettavaa ja kosteutta hylkiv\u00e4\u00e4, joten se sopii erinomaisesti intensiiviseen p\u00e4ivitt\u00e4iseen k\u00e4ytt\u00f6\u00f6n. Yl\u00e4suihkutuolin moderni muoto lis\u00e4\u00e4 sisustukseen luonnetta ja tyyli\u00e4.<\/p>\n<p>Setti sis\u00e4lt\u00e4\u00e4 kaikki tarvittavat elementit mustana &#8211; hanan, suihkup\u00e4\u00e4n ja erikoisletkut &#8211; luoden heti k\u00e4ytt\u00f6valmiin ty\u00f6paikan.<\/p>\n<div class=\"video-container\"><iframe loading=\"lazy\" src=\"https:\/\/www.youtube.com\/embed\/2iAnr4n09Yk\" width=\"560\" height=\"315\" frameborder=\"0\" allowfullscreen=\"allowfullscreen\" data-mce-fragment=\"1\"><\/iframe><\/div>\n<p>Tarkat mitat l\u00f6ytyv\u00e4t tuotekuvasta.<\/p>\n<p>Tekniset tiedot:<br \/>\nKulhon materiaali: keraaminen<br \/>\nKulhon v\u00e4ri: mustan s\u00e4vyt<br \/>\nVerhoilun v\u00e4ri: mustan s\u00e4vyt<br \/>\nPohjan v\u00e4ri: mustan s\u00e4vyt<br \/>\nHuonekalujen v\u00e4ri: mustan s\u00e4vyt<br \/>\nVerhoilun materiaali: keinonahka<\/p>\n","protected":false},"excerpt":{"rendered":"<p data-start=\"0\" data-end=\"84\"><strong data-start=\"0\" data-end=\"84\">Pesupaikka Gabbiano Carmen \u2013 mukavuutta, toiminnallisuutta ja modernia muotoilua<\/strong><\/p>\n<p data-start=\"86\" data-end=\"351\">Gabbiano Carmen -pesupaikka on suunniteltu ammattik\u00e4ytt\u00f6\u00f6n kampaamoissa, tarjoten maksimaalista mukavuutta sek\u00e4 asiakkaalle ett\u00e4 tekij\u00e4lle. Sen moderni ja tyylik\u00e4s ulkon\u00e4k\u00f6 sopii erinomaisesti erilaisiin salonkiymp\u00e4rist\u00f6ihin ja korostaa tilan ammattimaista ilmett\u00e4.<\/p>\n<p data-start=\"353\" data-end=\"645\">Ergonomisesti muotoiltu istuin pehme\u00e4ll\u00e4 ja kest\u00e4v\u00e4ll\u00e4 verhoilulla tukee kehon luonnollista asentoa ja takaa mukavuuden my\u00f6s pidempien hoitojen aikana. Pehmustetut k\u00e4sinojat auttavat pit\u00e4m\u00e4\u00e4n hartiat oikeassa asennossa, ja s\u00e4\u00e4dett\u00e4v\u00e4 jalkatuki mahdollistaa rentoutuneen puolimakaavan asennon.<\/p>\n<p data-start=\"647\" data-end=\"975\">Syv\u00e4 musta keraaminen allas v\u00e4hent\u00e4\u00e4 veden ja hoitotuotteiden roiskumista ja on kest\u00e4v\u00e4 naarmuja, v\u00e4rj\u00e4ytymist\u00e4 sek\u00e4 kemikaaleja vastaan. S\u00e4\u00e4dett\u00e4v\u00e4 kallistuskulma mahdollistaa altaan asennon mukauttamisen tarpeen mukaan. Niskatuki ja pehme\u00e4 suojus lis\u00e4\u00e4v\u00e4t k\u00e4ytt\u00f6mukavuutta ja tekev\u00e4t hiustenpesusta miellytt\u00e4v\u00e4mm\u00e4n kokemuksen.<\/p>\n<p data-start=\"977\" data-end=\"1193\">Pesupaikka on varustettu hanalla, k\u00e4sisuihkulla ja letkuilla, jotka takaavat v\u00e4litt\u00f6m\u00e4n k\u00e4ytt\u00f6valmiuden. Integroitu viem\u00e4rij\u00e4rjestelm\u00e4 ja piilotettu vesiliit\u00e4nt\u00e4 auttavat pit\u00e4m\u00e4\u00e4n ty\u00f6pisteen siistin\u00e4 ja huoliteltuna.<\/p>\n<p data-start=\"1195\" data-end=\"1348\"><strong data-start=\"1195\" data-end=\"1215\">Tekniset tiedot:<\/strong><br data-start=\"1215\" data-end=\"1218\" \/>\u2022 Altaan materiaali: keraami<br data-start=\"1246\" data-end=\"1249\" \/>\u2022 Altaan v\u00e4ri: musta<br data-start=\"1269\" data-end=\"1272\" \/>\u2022 Verhoilu: synteettinen nahka<br data-start=\"1302\" data-end=\"1305\" \/>\u2022 V\u00e4ri: musta<br data-start=\"1318\" data-end=\"1321\" \/>\u2022 Varusteiden v\u00e4ri: musta<\/p>\n<p data-start=\"1350\" data-end=\"1535\" data-is-last-node=\"\" data-is-only-node=\"\"><strong data-start=\"1350\" data-end=\"1369\">Toimitustiedot:<\/strong><br data-start=\"1369\" data-end=\"1372\" \/>Mik\u00e4li tuote ei ole valmistajan varastossa, toimitusaika voi pidenty\u00e4. Tarkemman toimitusajan saamiseksi pyyd\u00e4mme ottamaan yhteytt\u00e4 s\u00e4hk\u00f6postitse: <a class=\"decorated-link cursor-pointer\" rel=\"noopener\" data-start=\"1519\" data-end=\"1534\">info@pomello.ee<\/a>.<\/p>\n","protected":false},"featured_media":41622,"comment_status":"open","ping_status":"closed","template":"","meta":{"_monsterinsights_skip_tracking":false,"_monsterinsights_sitenote_active":false,"_monsterinsights_sitenote_note":"","_monsterinsights_sitenote_category":0},"product_brand":[],"product_cat":[1601,1602],"product_tag":[],"class_list":{"0":"post-41689","1":"product","2":"type-product","3":"status-publish","4":"has-post-thumbnail","6":"product_cat-kauneushoitolan-kalusteet","7":"product_cat-kampaamokalusteet","8":"pa_brand-gabbiano","10":"first","11":"instock","12":"taxable","13":"shipping-taxable","14":"purchasable","15":"product-type-simple"},"_links":{"self":[{"href":"https:\/\/pomello.ee\/fi\/wp-json\/wp\/v2\/product\/41689","targetHints":{"allow":["GET"]}}],"collection":[{"href":"https:\/\/pomello.ee\/fi\/wp-json\/wp\/v2\/product"}],"about":[{"href":"https:\/\/pomello.ee\/fi\/wp-json\/wp\/v2\/types\/product"}],"replies":[{"embeddable":true,"href":"https:\/\/pomello.ee\/fi\/wp-json\/wp\/v2\/comments?post=41689"}],"wp:featuredmedia":[{"embeddable":true,"href":"https:\/\/pomello.ee\/fi\/wp-json\/wp\/v2\/media\/41622"}],"wp:attachment":[{"href":"https:\/\/pomello.ee\/fi\/wp-json\/wp\/v2\/media?parent=41689"}],"wp:term":[{"taxonomy":"product_brand","embeddable":true,"href":"https:\/\/pomello.ee\/fi\/wp-json\/wp\/v2\/product_brand?post=41689"},{"taxonomy":"product_cat","embeddable":true,"href":"https:\/\/pomello.ee\/fi\/wp-json\/wp\/v2\/product_cat?post=41689"},{"taxonomy":"product_tag","embeddable":true,"href":"https:\/\/pomello.ee\/fi\/wp-json\/wp\/v2\/product_tag?post=41689"}],"curies":[{"name":"wp","href":"https:\/\/api.w.org\/{rel}","templated":true}]}}