{"id":41690,"date":"2026-04-25T17:21:47","date_gmt":"2026-04-25T15:21:47","guid":{"rendered":"https:\/\/pomello.ee\/toode\/kampaamo-pesu-gabbiano-bergen-musta\/"},"modified":"2026-04-25T17:21:47","modified_gmt":"2026-04-25T15:21:47","slug":"kampaamo-pesu-gabbiano-bergen-musta","status":"publish","type":"product","link":"https:\/\/pomello.ee\/fi\/toode\/kampaamo-pesu-gabbiano-bergen-musta\/","title":{"rendered":"Kampaamo Pesu Gabbiano Bergen Musta"},"content":{"rendered":"","protected":false},"excerpt":{"rendered":"<p data-start=\"67\" data-end=\"112\"><strong data-start=\"67\" data-end=\"112\">Kampaamo pesupaikka Gabbiano Bergen musta<\/strong><\/p>\n<p data-start=\"114\" data-end=\"321\">Gabbiano Bergen on k\u00e4yt\u00e4nn\u00f6llinen ja mukava kampaamo pesupaikka p\u00e4ivitt\u00e4iseen k\u00e4ytt\u00f6\u00f6n. Ergonominen istuin ja tukeva selk\u00e4noja tarjoavat asiakkaalle miellytt\u00e4v\u00e4n asennon my\u00f6s pidempien k\u00e4sittelyjen aikana.<\/p>\n<p data-start=\"323\" data-end=\"472\">Syv\u00e4 keraaminen allas v\u00e4hent\u00e4\u00e4 roiskumista ja tekee hiustenpesusta sujuvaa. Kest\u00e4v\u00e4 ja helposti puhdistettava verhoilu sopii hyvin ammattik\u00e4ytt\u00f6\u00f6n.<\/p>\n<p data-start=\"474\" data-end=\"542\">Tukeva rakenne varmistaa vakaan ja luotettavan k\u00e4yt\u00f6n kampaamossa.<\/p>\n<p data-start=\"549\" data-end=\"697\" data-is-last-node=\"\" data-is-only-node=\"\"><strong data-start=\"549\" data-end=\"568\">Toimitustiedot:<\/strong><br data-start=\"568\" data-end=\"571\" \/>Mik\u00e4li tuote ei ole valmistajan varastossa, toimitusaika voi pidenty\u00e4. Lis\u00e4tietoja saat ottamalla yhteytt\u00e4: <a class=\"decorated-link cursor-pointer\" rel=\"noopener\" data-start=\"679\" data-end=\"694\">info@pomello.ee<\/a> \ud83d\udc4d<\/p>\n","protected":false},"featured_media":41609,"comment_status":"open","ping_status":"closed","template":"","meta":{"_monsterinsights_skip_tracking":false,"_monsterinsights_sitenote_active":false,"_monsterinsights_sitenote_note":"","_monsterinsights_sitenote_category":0},"product_brand":[],"product_cat":[1601,1602],"product_tag":[],"class_list":{"0":"post-41690","1":"product","2":"type-product","3":"status-publish","4":"has-post-thumbnail","6":"product_cat-kauneushoitolan-kalusteet","7":"product_cat-kampaamokalusteet","8":"pa_brand-gabbiano","10":"first","11":"instock","12":"taxable","13":"shipping-taxable","14":"purchasable","15":"product-type-simple"},"_links":{"self":[{"href":"https:\/\/pomello.ee\/fi\/wp-json\/wp\/v2\/product\/41690","targetHints":{"allow":["GET"]}}],"collection":[{"href":"https:\/\/pomello.ee\/fi\/wp-json\/wp\/v2\/product"}],"about":[{"href":"https:\/\/pomello.ee\/fi\/wp-json\/wp\/v2\/types\/product"}],"replies":[{"embeddable":true,"href":"https:\/\/pomello.ee\/fi\/wp-json\/wp\/v2\/comments?post=41690"}],"wp:featuredmedia":[{"embeddable":true,"href":"https:\/\/pomello.ee\/fi\/wp-json\/wp\/v2\/media\/41609"}],"wp:attachment":[{"href":"https:\/\/pomello.ee\/fi\/wp-json\/wp\/v2\/media?parent=41690"}],"wp:term":[{"taxonomy":"product_brand","embeddable":true,"href":"https:\/\/pomello.ee\/fi\/wp-json\/wp\/v2\/product_brand?post=41690"},{"taxonomy":"product_cat","embeddable":true,"href":"https:\/\/pomello.ee\/fi\/wp-json\/wp\/v2\/product_cat?post=41690"},{"taxonomy":"product_tag","embeddable":true,"href":"https:\/\/pomello.ee\/fi\/wp-json\/wp\/v2\/product_tag?post=41690"}],"curies":[{"name":"wp","href":"https:\/\/api.w.org\/{rel}","templated":true}]}}