{"id":41691,"date":"2026-04-25T17:10:56","date_gmt":"2026-04-25T15:10:56","guid":{"rendered":"https:\/\/pomello.ee\/toode\/kampaamotuoli-omega-astra-musta\/"},"modified":"2026-04-25T17:10:56","modified_gmt":"2026-04-25T15:10:56","slug":"kampaamotuoli-omega-astra-musta","status":"publish","type":"product","link":"https:\/\/pomello.ee\/fi\/toode\/kampaamotuoli-omega-astra-musta\/","title":{"rendered":"Kampaamotuoli Omega Astra Musta"},"content":{"rendered":"<p>Omega on kampaamo- ja parturikalusteisiin erikoistunut br\u00e4ndi, joka on erikoistunut ammattimaisten salonkien kalusteisiin. Heid\u00e4n toiminnalliset ja tyylikk\u00e4\u00e4t ratkaisunsa on suunniteltu stylistien ja parturien jokap\u00e4iv\u00e4ist\u00e4 ty\u00f6t\u00e4 ajatellen.<\/p>\n<p>Br\u00e4ndin tuotteet yhdist\u00e4v\u00e4t kest\u00e4v\u00e4n rakenteen, ergonomian ja monipuolisen muotoilun, joka sopii saumattomasti erilaisiin salonkien sisustuksiin.<\/p>\n<p><img decoding=\"async\" src=\"https:\/\/activeshop.com.pl\/media\/wysiwyg\/product\/154512\/EN_154512_02.jpg\" alt=\"\"><\/p>\n<p>Minimalistinen parturituoli hydraulisella nostolla<\/p>\n<p>Omega Astra -parturituoli yhdist\u00e4\u00e4 minimalistisen muodon ja jokap\u00e4iv\u00e4isess\u00e4 ty\u00f6ss\u00e4 tarvittavan toiminnallisuuden. Hydraulinen nostolaite mahdollistaa k\u00e4tev\u00e4n istuinkorkeuden s\u00e4\u00e4d\u00f6n, ja ergonomisesti muotoiltu selk\u00e4noja ja k\u00e4yt\u00e4nn\u00f6llinen jalkatuki lis\u00e4\u00e4v\u00e4t mukavuutta toimenpiteiden aikana.<\/p>\n<p>Tyylik\u00e4s v\u00e4rimaailma auttaa tuolia sulautumaan saumattomasti sek\u00e4 moderniin ett\u00e4 tyylikk\u00e4\u00e4seen kampaamon sisustukseen.<\/p>\n<p data-start=\"0\" data-end=\"53\"><img decoding=\"async\" src=\"https:\/\/activeshop.com.pl\/media\/wysiwyg\/product\/154512\/EN_154512_03.jpg\" alt=\"\"><\/p>\n<p>Tehokkuutta, kest\u00e4vyytt\u00e4 ja mukavuutta<\/p>\n<p>Vahvan hydraulisen nostomekanismin ansiosta istuinkorkeutta voidaan s\u00e4\u00e4t\u00e4\u00e4 portaattomasti 50 ja 60 cm v\u00e4lill\u00e4 my\u00f6s tuolin ollessa k\u00e4yt\u00f6ss\u00e4. T\u00e4m\u00e4 tukee ergonomista ty\u00f6asentoa, sill\u00e4 tuoli voidaan s\u00e4\u00e4t\u00e4\u00e4 sek\u00e4 asiakkaan ett\u00e4 kampaajan pituuteen sopivaksi.<\/p>\n<p>Ergonomisesti muotoiltu selk\u00e4noja tukee selk\u00e4\u00e4 asianmukaisesti ja auttaa yll\u00e4pit\u00e4m\u00e4\u00e4n mukavan asennon toimenpiteiden aikana. Integroitu jalkatuki tarjoaa vakaan tuen jaloille, mik\u00e4 lis\u00e4\u00e4 k\u00e4ytt\u00f6mukavuutta.<\/p>\n<p><img decoding=\"async\" src=\"https:\/\/activeshop.com.pl\/media\/wysiwyg\/product\/154512\/EN_154512_04.jpg\" alt=\"\"><\/p>\n<p>Harkittuja ratkaisuja<\/p>\n<p>Tuolin muotoilu takaa mukavuuden my\u00f6s pidempien toimenpiteiden aikana. Ergonomisesti muotoiltu istuin auttaa pit\u00e4m\u00e4\u00e4n vartalon luonnollisessa ja mukavassa asennossa, ja pehmustetut k\u00e4sinojat tarjoavat vakaan tuen k\u00e4sille. Leve\u00e4 istuin parantaa entisest\u00e4\u00e4n asiakkaan mukavuutta.<\/p>\n<p>T\u00e4ysin k\u00e4\u00e4ntyv\u00e4 mekanismi antaa stylistille suuremman liikkumisvapauden ja tekee tuolissa liikkumisesta helppoa ja sujuvaa.<\/p>\n<p><img decoding=\"async\" src=\"https:\/\/activeshop.com.pl\/media\/wysiwyg\/product\/154512\/EN_154512_05.jpg\" alt=\"\"><\/p>\n<div class=\"video-container\">\n<p>Eleganssia jokaisessa yksityiskohdassa<\/p>\n<p>Mallille on ominaista moderni ja hillitty tyyli, joka korostaa t\u00e4ydellisesti salongin ammattimaista ilmett\u00e4. Korkealaatuisesta keinonahasta valmistettu verhoilu elegantissa mustassa s\u00e4vyss\u00e4 antaa tuolille kevyen ja tyylikk\u00e4\u00e4n ulkon\u00e4\u00f6n.<\/p>\n<p>Verhoilumateriaali on kest\u00e4v\u00e4\u00e4, kosteutta hylkiv\u00e4\u00e4 ja helppo puhdistaa, joten se sopii erinomaisesti jokap\u00e4iv\u00e4iseen k\u00e4ytt\u00f6\u00f6n. Kromiviimeistelty metallirakenne korostaa tuolin modernia luonnetta, kun taas py\u00f6re\u00e4 jalusta varmistaa vakauden ja visuaalisesti viimeistellyn kokonaisuuden.<\/p>\n<p><iframe loading=\"lazy\" src=\"https:\/\/www.youtube.com\/embed\/hcfLBWd2lEg\" width=\"560\" height=\"315\" frameborder=\"0\" allowfullscreen=\"allowfullscreen\" data-mce-fragment=\"1\"><\/iframe><\/div>\n<p>Tarkat mitat n\u00e4kyv\u00e4t viimeisess\u00e4 kuvassa. Tuotteen mitat voivat poiketa todellisista mitoista \u00b12 cm.<\/p>\n<p>Mukana: istuin, nostomekanismi jalustalla<\/p>\n<p>Tekniset tiedot:<br \/>\nNosto: hydraulinen<br \/>\nJalusta: py\u00f6re\u00e4<br \/>\nVerhoilumateriaali: keinonahka<br \/>\nVerhoilun v\u00e4ri: mustan s\u00e4vyt<br \/>\nJalustan v\u00e4ri: kromin s\u00e4vyt<\/p>\n","protected":false},"excerpt":{"rendered":"<p data-start=\"0\" data-end=\"64\"><strong data-start=\"0\" data-end=\"64\">Kampaamotuoli Omega Astra musta \u2013 tyylik\u00e4s ja k\u00e4yt\u00e4nn\u00f6llinen<\/strong><\/p>\n<p data-start=\"66\" data-end=\"257\">Omega Astra on moderni ja toimiva kampaamotuoli, joka sopii p\u00e4ivitt\u00e4iseen ammattik\u00e4ytt\u00f6\u00f6n. Musta v\u00e4ri antaa tuolille ajattoman ja elegantin ilmeen, joka sopii erilaisiin salonkiymp\u00e4rist\u00f6ihin.<\/p>\n<p data-start=\"259\" data-end=\"461\">Hydraulinen nostin mahdollistaa istuinkorkeuden helpon s\u00e4\u00e4d\u00f6n (50\u201360 cm), mik\u00e4 tukee ergonomista ty\u00f6skentely\u00e4 sek\u00e4 asiakkaalle ett\u00e4 tekij\u00e4lle. Selk\u00e4noja ja jalkatuki lis\u00e4\u00e4v\u00e4t mukavuutta hoitojen aikana.<\/p>\n<p data-start=\"463\" data-end=\"610\">Leve\u00e4 istuin ja pehmustetut k\u00e4sinojat takaavat miellytt\u00e4v\u00e4n istuma-asennon. Py\u00f6riv\u00e4 mekanismi helpottaa ty\u00f6skentely\u00e4 ja lis\u00e4\u00e4 liikkumisen vapautta.<\/p>\n<p data-start=\"612\" data-end=\"776\">Kest\u00e4v\u00e4 synteettinen nahkaverhoilu on helppo puhdistaa ja sopii hyvin p\u00e4ivitt\u00e4iseen k\u00e4ytt\u00f6\u00f6n. Krominen jalusta varmistaa vakauden ja viimeistelee modernin ulkon\u00e4\u00f6n.<\/p>\n<p data-start=\"778\" data-end=\"910\"><strong data-start=\"778\" data-end=\"798\">Tekniset tiedot:<\/strong><br data-start=\"798\" data-end=\"801\" \/>\u2022 Hydraulinen nostin<br data-start=\"821\" data-end=\"824\" \/>\u2022 Py\u00f6re\u00e4 jalusta<br data-start=\"840\" data-end=\"843\" \/>\u2022 Verhoilu: synteettinen nahka<br data-start=\"873\" data-end=\"876\" \/>\u2022 V\u00e4ri: musta<br data-start=\"889\" data-end=\"892\" \/>\u2022 Jalusta: kromi<\/p>\n<p data-start=\"912\" data-end=\"963\"><strong data-start=\"912\" data-end=\"925\">Sis\u00e4lt\u00e4\u00e4:<\/strong> istuin ja nostomekanismi jalustalla<\/p>\n<p data-start=\"965\" data-end=\"1113\" data-is-last-node=\"\" data-is-only-node=\"\"><strong data-start=\"965\" data-end=\"984\">Toimitustiedot:<\/strong><br data-start=\"984\" data-end=\"987\" \/>Mik\u00e4li tuote ei ole valmistajan varastossa, toimitusaika voi pidenty\u00e4. Lis\u00e4tietoja saat ottamalla yhteytt\u00e4: <a class=\"decorated-link cursor-pointer\" rel=\"noopener\" data-start=\"1095\" data-end=\"1110\">info@pomello.ee<\/a><\/p>\n","protected":false},"featured_media":41576,"comment_status":"open","ping_status":"closed","template":"","meta":{"_monsterinsights_skip_tracking":false,"_monsterinsights_sitenote_active":false,"_monsterinsights_sitenote_note":"","_monsterinsights_sitenote_category":0},"product_brand":[],"product_cat":[1601,1602],"product_tag":[],"class_list":{"0":"post-41691","1":"product","2":"type-product","3":"status-publish","4":"has-post-thumbnail","6":"product_cat-kauneushoitolan-kalusteet","7":"product_cat-kampaamokalusteet","8":"pa_brand-omega","10":"first","11":"instock","12":"taxable","13":"shipping-taxable","14":"purchasable","15":"product-type-simple"},"_links":{"self":[{"href":"https:\/\/pomello.ee\/fi\/wp-json\/wp\/v2\/product\/41691","targetHints":{"allow":["GET"]}}],"collection":[{"href":"https:\/\/pomello.ee\/fi\/wp-json\/wp\/v2\/product"}],"about":[{"href":"https:\/\/pomello.ee\/fi\/wp-json\/wp\/v2\/types\/product"}],"replies":[{"embeddable":true,"href":"https:\/\/pomello.ee\/fi\/wp-json\/wp\/v2\/comments?post=41691"}],"wp:featuredmedia":[{"embeddable":true,"href":"https:\/\/pomello.ee\/fi\/wp-json\/wp\/v2\/media\/41576"}],"wp:attachment":[{"href":"https:\/\/pomello.ee\/fi\/wp-json\/wp\/v2\/media?parent=41691"}],"wp:term":[{"taxonomy":"product_brand","embeddable":true,"href":"https:\/\/pomello.ee\/fi\/wp-json\/wp\/v2\/product_brand?post=41691"},{"taxonomy":"product_cat","embeddable":true,"href":"https:\/\/pomello.ee\/fi\/wp-json\/wp\/v2\/product_cat?post=41691"},{"taxonomy":"product_tag","embeddable":true,"href":"https:\/\/pomello.ee\/fi\/wp-json\/wp\/v2\/product_tag?post=41691"}],"curies":[{"name":"wp","href":"https:\/\/api.w.org\/{rel}","templated":true}]}}