{"id":41693,"date":"2026-04-25T16:50:38","date_gmt":"2026-04-25T14:50:38","guid":{"rendered":"https:\/\/pomello.ee\/toode\/kampaamotuoli-omega-astra\/"},"modified":"2026-04-25T16:50:38","modified_gmt":"2026-04-25T14:50:38","slug":"kampaamotuoli-omega-astra","status":"publish","type":"product","link":"https:\/\/pomello.ee\/fi\/toode\/kampaamotuoli-omega-astra\/","title":{"rendered":"Kampaamotuoli Omega Astra"},"content":{"rendered":"<p><img decoding=\"async\" src=\"https:\/\/activeshop.com.pl\/media\/wysiwyg\/product\/154511\/EN_154511_02.jpg\" alt=\"\"><\/p>\n<p>Minimalistinen parturituoli hydraulisella nostolla<\/p>\n<p>Omega Astra -parturituoli yhdist\u00e4\u00e4 minimalistisen muodon ja jokap\u00e4iv\u00e4isess\u00e4 ty\u00f6ss\u00e4 tarvittavan toiminnallisuuden. Hydraulinen nostolaite mahdollistaa k\u00e4tev\u00e4n istuinkorkeuden s\u00e4\u00e4d\u00f6n, ja ergonomisesti muotoiltu selk\u00e4noja ja k\u00e4yt\u00e4nn\u00f6llinen jalkatuki lis\u00e4\u00e4v\u00e4t mukavuutta toimenpiteiden aikana.<\/p>\n<p>Tyylik\u00e4s v\u00e4rimaailma auttaa tuolia sulautumaan saumattomasti sek\u00e4 moderniin ett\u00e4 tyylikk\u00e4\u00e4seen kampaamon sisustukseen.<\/p>\n<p data-start=\"0\" data-end=\"53\"><img decoding=\"async\" src=\"https:\/\/activeshop.com.pl\/media\/wysiwyg\/product\/154511\/EN_154511_03.jpg\" alt=\"\"><\/p>\n<p>Tehokkuutta, kest\u00e4vyytt\u00e4 ja mukavuutta<\/p>\n<p>Vahvan hydraulisen nostomekanismin ansiosta istuinkorkeutta voidaan s\u00e4\u00e4t\u00e4\u00e4 portaattomasti 50 ja 60 cm v\u00e4lill\u00e4 my\u00f6s tuolin ollessa k\u00e4yt\u00f6ss\u00e4. T\u00e4m\u00e4 tukee ergonomista ty\u00f6asentoa, sill\u00e4 tuoli voidaan s\u00e4\u00e4t\u00e4\u00e4 sek\u00e4 asiakkaan ett\u00e4 kampaajan pituuteen sopivaksi.<\/p>\n<p>Ergonomisesti muotoiltu selk\u00e4noja tukee selk\u00e4\u00e4 asianmukaisesti ja auttaa yll\u00e4pit\u00e4m\u00e4\u00e4n mukavan asennon toimenpiteiden aikana. Integroitu jalkatuki tarjoaa vakaan tuen jaloille, mik\u00e4 lis\u00e4\u00e4 k\u00e4ytt\u00f6mukavuutta.<\/p>\n<p><img decoding=\"async\" src=\"https:\/\/activeshop.com.pl\/media\/wysiwyg\/product\/154511\/EN_154511_04.jpg\" alt=\"\"><\/p>\n<p>Harkittuja ratkaisuja<\/p>\n<p>Tuolin muotoilu varmistaa mukavuuden my\u00f6s pidempien toimenpiteiden aikana. Ergonomisesti muotoiltu istuin auttaa pit\u00e4m\u00e4\u00e4n vartalon mukavassa asennossa, ja pehmustetut k\u00e4sinojat tarjoavat vakaan tuen k\u00e4sille. Leve\u00e4 istuin lis\u00e4\u00e4 entisest\u00e4\u00e4n asiakkaan mukavuutta.<\/p>\n<p>T\u00e4ysin k\u00e4\u00e4ntyv\u00e4 mekanismi antaa stylistille suuremman liikkumisvapauden ja tekee tuolissa liikkumisesta helpompaa ja sujuvampaa.<\/p>\n<p><img decoding=\"async\" src=\"https:\/\/activeshop.com.pl\/media\/wysiwyg\/product\/154511\/EN_154511_05.jpg\" alt=\"\"><\/p>\n<p>Eleganssia jokaisessa yksityiskohdassa<\/p>\n<p>Mallille on ominaista moderni ja hillitty tyyli, joka korostaa t\u00e4ydellisesti salongin ammattimaista ilmett\u00e4. Korkealaatuisesta beigenv\u00e4risest\u00e4 keinonahasta valmistettu verhoilu antaa tuolille kevyen ja tyylikk\u00e4\u00e4n ilmeen.<\/p>\n<p>Verhoilumateriaali on kest\u00e4v\u00e4\u00e4, kosteutta hylkiv\u00e4\u00e4 ja helppohoitoista, joten se sopii erinomaisesti jokap\u00e4iv\u00e4iseen k\u00e4ytt\u00f6\u00f6n. Kromiviimeistelty metallirakenne korostaa tuolin modernia luonnetta, kun taas py\u00f6re\u00e4 jalusta varmistaa vakauden ja visuaalisesti viimeistellyn kokonaisuuden.<\/p>\n<div class=\"video-container\"><iframe loading=\"lazy\" src=\"https:\/\/www.youtube.com\/embed\/hcfLBWd2lEg\" width=\"560\" height=\"315\" frameborder=\"0\" allowfullscreen=\"allowfullscreen\" data-mce-fragment=\"1\"><\/iframe><\/div>\n<p>Tarkat mitat n\u00e4kyv\u00e4t viimeisess\u00e4 kuvassa. Tuotteen mitat voivat poiketa todellisista mitoista \u00b12 cm.<\/p>\n<p>Mukana: istuin, nostomekanismi jalustalla<\/p>\n<p>Tekniset tiedot:<br \/>\nNosto: hydraulinen<br \/>\nJalusta: py\u00f6re\u00e4<br \/>\nVerhoilumateriaali: keinonahka<br \/>\nVerhoilun v\u00e4ri: beigen s\u00e4vyt<br \/>\nJalustan v\u00e4ri: kromin s\u00e4vyt<\/p>\n","protected":false},"excerpt":{"rendered":"<p data-start=\"0\" data-end=\"75\"><strong data-start=\"0\" data-end=\"75\">Kampaamotuoli Omega Astra \u2013 minimalistinen tyyli ja luotettava mukavuus<\/strong><\/p>\n<p data-start=\"77\" data-end=\"360\">Omega Astra -kampaamotuoli on suunniteltu p\u00e4ivitt\u00e4iseen ammattik\u00e4ytt\u00f6\u00f6n, yhdist\u00e4en minimalistisen muotoilun ja k\u00e4yt\u00e4nn\u00f6llisen toimivuuden. Sen tyylik\u00e4s ulkon\u00e4k\u00f6 sopii erinomaisesti sek\u00e4 moderneihin ett\u00e4 klassisiin salonkiymp\u00e4rist\u00f6ihin, korostaen tilan siisteytt\u00e4 ja ammattimaisuutta.<\/p>\n<p data-start=\"362\" data-end=\"709\">Hydraulinen nostin mahdollistaa istuinkorkeuden sujuvan s\u00e4\u00e4d\u00f6n v\u00e4lill\u00e4 50\u201360 cm my\u00f6s k\u00e4yt\u00f6n aikana, tarjoten ergonomisen ty\u00f6asennon sek\u00e4 asiakkaalle ett\u00e4 tekij\u00e4lle. Ergonominen selk\u00e4noja tukee selk\u00e4\u00e4 ja auttaa s\u00e4ilytt\u00e4m\u00e4\u00e4n mukavan asennon my\u00f6s pidempien hoitojen aikana. Integroitu jalkatuki tarjoaa vakaan tuen jaloille ja lis\u00e4\u00e4 k\u00e4ytt\u00f6mukavuutta.<\/p>\n<p data-start=\"711\" data-end=\"928\">Tuolin harkittu muotoilu sis\u00e4lt\u00e4\u00e4 leve\u00e4n istuimen ja pehmustetut k\u00e4sinojat, jotka takaavat maksimaalisen mukavuuden. T\u00e4yspy\u00f6riv\u00e4 mekanismi lis\u00e4\u00e4 liikkumisen vapautta ja tekee ty\u00f6skentelyst\u00e4 sujuvampaa ja tehokkaampaa.<\/p>\n<p data-start=\"930\" data-end=\"1173\">Laadukas synteettinen nahkaverhoilu beigen s\u00e4vyiss\u00e4 on kest\u00e4v\u00e4, kosteutta hylkiv\u00e4 ja helppo puhdistaa \u2013 ihanteellinen intensiiviseen p\u00e4ivitt\u00e4iseen k\u00e4ytt\u00f6\u00f6n. Kromatut yksityiskohdat ja vakaa py\u00f6re\u00e4 jalusta viimeistelev\u00e4t tuolin modernin ilmeen.<\/p>\n<p data-start=\"1175\" data-end=\"1317\"><strong data-start=\"1175\" data-end=\"1195\">Tekniset tiedot:<\/strong><br data-start=\"1195\" data-end=\"1198\" \/>\u2022 Hydraulinen nostin<br data-start=\"1218\" data-end=\"1221\" \/>\u2022 Py\u00f6re\u00e4 jalusta<br data-start=\"1237\" data-end=\"1240\" \/>\u2022 Verhoilu: synteettinen nahka<br data-start=\"1270\" data-end=\"1273\" \/>\u2022 V\u00e4ri: beigen s\u00e4vyt<br data-start=\"1293\" data-end=\"1296\" \/>\u2022 Jalusta: kromattu<\/p>\n<p data-start=\"1319\" data-end=\"1370\"><strong data-start=\"1319\" data-end=\"1332\">Sis\u00e4lt\u00e4\u00e4:<\/strong> istuin ja nostomekanismi jalustalla<\/p>\n<p data-start=\"1372\" data-end=\"1520\" data-is-last-node=\"\" data-is-only-node=\"\"><strong data-start=\"1372\" data-end=\"1391\">Toimitustiedot:<\/strong><br data-start=\"1391\" data-end=\"1394\" \/>Mik\u00e4li tuote ei ole valmistajan varastossa, toimitusaika voi pidenty\u00e4. Lis\u00e4tietoja saat ottamalla yhteytt\u00e4: <a class=\"decorated-link cursor-pointer\" rel=\"noopener\" data-start=\"1502\" data-end=\"1517\">info@pomello.ee<\/a><\/p>\n","protected":false},"featured_media":41529,"comment_status":"open","ping_status":"closed","template":"","meta":{"_monsterinsights_skip_tracking":false,"_monsterinsights_sitenote_active":false,"_monsterinsights_sitenote_note":"","_monsterinsights_sitenote_category":0},"product_brand":[],"product_cat":[1601,1602],"product_tag":[],"class_list":{"0":"post-41693","1":"product","2":"type-product","3":"status-publish","4":"has-post-thumbnail","6":"product_cat-kauneushoitolan-kalusteet","7":"product_cat-kampaamokalusteet","8":"pa_brand-omega","10":"first","11":"instock","12":"taxable","13":"shipping-taxable","14":"purchasable","15":"product-type-simple"},"_links":{"self":[{"href":"https:\/\/pomello.ee\/fi\/wp-json\/wp\/v2\/product\/41693","targetHints":{"allow":["GET"]}}],"collection":[{"href":"https:\/\/pomello.ee\/fi\/wp-json\/wp\/v2\/product"}],"about":[{"href":"https:\/\/pomello.ee\/fi\/wp-json\/wp\/v2\/types\/product"}],"replies":[{"embeddable":true,"href":"https:\/\/pomello.ee\/fi\/wp-json\/wp\/v2\/comments?post=41693"}],"wp:featuredmedia":[{"embeddable":true,"href":"https:\/\/pomello.ee\/fi\/wp-json\/wp\/v2\/media\/41529"}],"wp:attachment":[{"href":"https:\/\/pomello.ee\/fi\/wp-json\/wp\/v2\/media?parent=41693"}],"wp:term":[{"taxonomy":"product_brand","embeddable":true,"href":"https:\/\/pomello.ee\/fi\/wp-json\/wp\/v2\/product_brand?post=41693"},{"taxonomy":"product_cat","embeddable":true,"href":"https:\/\/pomello.ee\/fi\/wp-json\/wp\/v2\/product_cat?post=41693"},{"taxonomy":"product_tag","embeddable":true,"href":"https:\/\/pomello.ee\/fi\/wp-json\/wp\/v2\/product_tag?post=41693"}],"curies":[{"name":"wp","href":"https:\/\/api.w.org\/{rel}","templated":true}]}}