{"id":41694,"date":"2026-04-25T16:40:05","date_gmt":"2026-04-25T14:40:05","guid":{"rendered":"https:\/\/pomello.ee\/toode\/omega-marina-paanpesutuoli\/"},"modified":"2026-04-25T16:40:05","modified_gmt":"2026-04-25T14:40:05","slug":"omega-marina-paanpesutuoli","status":"publish","type":"product","link":"https:\/\/pomello.ee\/fi\/toode\/omega-marina-paanpesutuoli\/","title":{"rendered":"Omega Marina -p\u00e4\u00e4npesutuoli"},"content":{"rendered":"<p>Omega on kampaamo- ja parturikalusteisiin erikoistunut br\u00e4ndi, joka on erikoistunut ammattimaisten salonkien kalusteisiin. Sen toiminnalliset ja tyylikk\u00e4\u00e4t ratkaisut on suunniteltu stylistien ja parturien jokap\u00e4iv\u00e4ist\u00e4 ty\u00f6t\u00e4 ajatellen.<\/p>\n<p>Br\u00e4ndin tuotteet yhdist\u00e4v\u00e4t kest\u00e4v\u00e4n rakenteen, ergonomian ja monipuolisen muotoilun, joka sopii saumattomasti erilaisiin salonkien sisustuksiin.<\/p>\n<p><img decoding=\"async\" src=\"https:\/\/activeshop.com.pl\/media\/wysiwyg\/product\/154527\/EN_154527_02.jpg\" alt=\"\"><\/p>\n<p>Tyylik\u00e4s hiustenpesutuoli moderniin sisustukseen<\/p>\n<p>Omega Marina -hiustenpesutuoli yhdist\u00e4\u00e4 minimalistisen muotoilun ja k\u00e4yt\u00e4nn\u00f6lliset ratkaisut, jotka tekev\u00e4t arkip\u00e4iv\u00e4isest\u00e4 ty\u00f6st\u00e4 mukavampaa. Integroitu rakenne varmistaa vakauden ja luo t\u00e4ydellisen ja esteettisen ty\u00f6paikan, kun taas py\u00f6re\u00e4 muoto sopii t\u00e4ydellisesti moderniin kampaamo- ja parturiliiketilojen sisustukseen.<\/p>\n<p>Ergonomisesti muotoiltu istuin mahdollistaa asiakkaalle mukavan puolinojaavan asennon, ja sopiva jalkatuki lis\u00e4\u00e4 mukavuutta my\u00f6s pidempien toimenpiteiden aikana. Tuoli on varustettu mukavalla selk\u00e4nojalla ja muotoilluilla k\u00e4sinojilla, jotka tarjoavat vakaan tuen ja tekev\u00e4t hiustenpesusta erityisen miellytt\u00e4v\u00e4n kokemuksen asiakkaalle.<\/p>\n<h2><img decoding=\"async\" style=\"color: #333333; font-size: 16px;\" src=\"https:\/\/activeshop.com.pl\/media\/wysiwyg\/product\/154527\/EN_154527_03.jpg\" alt=\"\"><\/h2>\n<p>Mukava k\u00e4ytt\u00e4\u00e4<\/p>\n<p>Syv\u00e4, py\u00f6re\u00e4 valkoinen keraaminen allas v\u00e4hent\u00e4\u00e4 veden ja tuotteiden roiskumista, mik\u00e4 auttaa pit\u00e4m\u00e4\u00e4n ty\u00f6paikan puhtaana. Kest\u00e4v\u00e4 keramiikka on eritt\u00e4in kest\u00e4v\u00e4\u00e4 v\u00e4rj\u00e4ytymist\u00e4, naarmuja ja kemikaaleja vastaan.<\/p>\n<p>Profiloitu niskatuki tarjoaa vakaan tuen asiakkaan p\u00e4\u00e4lle, ja altaan k\u00e4yt\u00e4nn\u00f6llinen tuki auttaa pit\u00e4m\u00e4\u00e4n p\u00e4\u00e4n mukavassa asennossa. Silikonisuojus v\u00e4hent\u00e4\u00e4 kylm\u00e4n tunnetta ja tekee toimenpiteest\u00e4 entist\u00e4 miellytt\u00e4v\u00e4mm\u00e4n asiakkaalle.<\/p>\n<p><img decoding=\"async\" src=\"https:\/\/activeshop.com.pl\/media\/wysiwyg\/product\/154527\/EN_154527_04.jpg\" alt=\"\"><\/p>\n<p>Harkittuja ominaisuuksia ja lis\u00e4varusteita<\/p>\n<p>Mallissa on hana, joka tarjoaa jatkuvan p\u00e4\u00e4syn sek\u00e4 kuumaan ett\u00e4 kylm\u00e4\u00e4n veteen ja jonka avulla voit k\u00e4tev\u00e4sti s\u00e4\u00e4t\u00e4\u00e4 l\u00e4mp\u00f6tilaa tarpeidesi mukaan. Suihkup\u00e4\u00e4n pidike auttaa pit\u00e4m\u00e4\u00e4n ty\u00f6tilasi siistin\u00e4, kun taas integroitu tyhjennystulppa siivil\u00e4n kanssa mahdollistaa veden virtauksen hallinnan ja auttaa yll\u00e4pit\u00e4m\u00e4\u00e4n hygieniaa.<\/p>\n<p>Pohjaan piilotettu vesiliit\u00e4nt\u00e4 mahdollistaa putkien huomaamattoman piilottamisen, mik\u00e4 korostaa suihkup\u00e4\u00e4n puhtaita linjoja ja ammattimaista ulkon\u00e4k\u00f6\u00e4. N\u00e4m\u00e4 k\u00e4yt\u00e4nn\u00f6lliset ratkaisut takaavat sujuvan ja j\u00e4rjestelm\u00e4llisen p\u00e4ivitt\u00e4isen ty\u00f6skentelyn salongissa.<\/p>\n<p data-start=\"0\" data-end=\"37\"><img decoding=\"async\" src=\"https:\/\/activeshop.com.pl\/media\/wysiwyg\/product\/154527\/EN_154527_05.jpg\" alt=\"\"><\/p>\n<div class=\"\" data-turn-id-container=\"bca57712-6596-4624-9f34-a980aee6fad3\" data-is-intersecting=\"true\">\n<p>Eleganssia ja mukavuutta<br \/>\nModerni muotoilu takaa mukavat olosuhteet kampaamopalveluiden aikana ja tukee asiakkaan hyvinvointia my\u00f6s pidempien toimenpiteiden aikana. Tukeva selk\u00e4noja auttaa yll\u00e4pit\u00e4m\u00e4\u00e4n oikean ryhdin, ja leve\u00e4 istuin lis\u00e4\u00e4 istumismukavuutta.<\/p>\n<p>Beigenv\u00e4rinen keinonahkaverhoilu on kosteutta hylkiv\u00e4 ja helppo puhdistaa, joten hiustenpesutuoli sopii erinomaisesti intensiiviseen p\u00e4ivitt\u00e4iseen k\u00e4ytt\u00f6\u00f6n. Korkeuss\u00e4\u00e4dett\u00e4v\u00e4t jalat mahdollistavat laitteen tarkan tasaamisen my\u00f6s ep\u00e4tasaisilla pinnoilla, mik\u00e4 lis\u00e4\u00e4 koko sarjan vakautta.<\/p>\n<\/div>\n<div class=\"\" data-turn-id-container=\"request-WEB:0774f57c-acd0-4824-975e-07c981ed9c20-28\" data-is-intersecting=\"true\">\n<section class=\"text-token-text-primary w-full focus:outline-none [--shadow-height:45px] has-data-writing-block:pointer-events-none has-data-writing-block:-mt-(--shadow-height) has-data-writing-block:pt-(--shadow-height) [&amp;:has([data-writing-block])&gt;*]:pointer-events-auto R6Vx5W_threadScrollVars scroll-mb-[calc(var(--scroll-root-safe-area-inset-bottom,0px)+var(--thread-response-height))] scroll-mt-[calc(var(--header-height)+min(200px,max(70px,20svh)))]\" dir=\"auto\" data-turn-id=\"request-WEB:0774f57c-acd0-4824-975e-07c981ed9c20-28\" data-testid=\"conversation-turn-58\" data-scroll-anchor=\"false\" data-turn=\"assistant\">\n<div class=\"text-base my-auto mx-auto pb-10 [--thread-content-margin:var(--thread-content-margin-xs,calc(var(--spacing)*4))] @w-sm\/main:[--thread-content-margin:var(--thread-content-margin-sm,calc(var(--spacing)*6))] @w-lg\/main:[--thread-content-margin:var(--thread-content-margin-lg,calc(var(--spacing)*16))] px-(--thread-content-margin)\">\n<div class=\"[--thread-content-max-width:40rem] @w-lg\/main:[--thread-content-max-width:48rem] mx-auto max-w-(--thread-content-max-width) flex-1 group\/turn-messages focus-visible:outline-hidden relative flex w-full min-w-0 flex-col agent-turn\">\n<div class=\"flex max-w-full flex-col gap-4 grow\">\n<div class=\"min-h-8 text-message relative flex w-full flex-col items-end gap-2 text-start break-words whitespace-normal outline-none keyboard-focused:focus-ring [.text-message+&amp;]:mt-1\" dir=\"auto\" tabindex=\"0\" data-message-author-role=\"assistant\" data-message-id=\"8f91eb73-ea23-4e22-bb81-8253562819e7\" data-message-model-slug=\"gpt-5-3\" data-turn-start-message=\"true\">\n<div class=\"flex w-full flex-col gap-1 empty:hidden\">\n<div class=\"markdown prose dark:prose-invert w-full wrap-break-word light markdown-new-styling\">\n<p data-start=\"552\" data-end=\"685\" data-is-last-node=\"\" data-is-only-node=\"\">Pakkaus sis\u00e4lt\u00e4\u00e4 kaikki tarvittavat osat \u2013 hanan, suihkup\u00e4\u00e4n ja erikoisletkut \u2013 joiden avulla ty\u00f6paikka on heti k\u00e4ytt\u00f6valmis.<\/p>\n<\/div>\n<\/div>\n<\/div>\n<\/div>\n<\/div>\n<\/div>\n<\/section>\n<\/div>\n<div class=\"video-container\"><iframe loading=\"lazy\" src=\"https:\/\/www.youtube.com\/embed\/3oRggyJlOrA\" width=\"560\" height=\"315\" frameborder=\"0\" allowfullscreen=\"allowfullscreen\" data-mce-fragment=\"1\"><\/iframe><\/div>\n<p>Tarkat mitat n\u00e4kyv\u00e4t viimeisess\u00e4 kuvassa. Tuotteen mitat voivat poiketa todellisista mitoista \u00b12 cm.<\/p>\n<p>Tuotteen v\u00e4ri kuvassa voi poiketa todellisesta v\u00e4rist\u00e4 n\u00e4yt\u00f6n asetusten ja valaistusolosuhteiden mukaan.<\/p>\n<p>Tekniset tiedot:<br \/>\nKulhon materiaali: keraaminen<br \/>\nKulhon v\u00e4ri: valkoisen s\u00e4vyt<br \/>\nVerhoilun v\u00e4ri: beigen s\u00e4vyt<br \/>\nPohjan v\u00e4ri: beigen s\u00e4vyt<br \/>\nMekanismin v\u00e4ri: kromin s\u00e4vyt<br \/>\nVerhoilun materiaali: keinonahka<\/p>\n","protected":false},"excerpt":{"rendered":"<p data-start=\"0\" data-end=\"82\"><strong data-start=\"0\" data-end=\"82\">Kampaamo pesupaikka Omega Marina \u2013 mukavuutta ja tyyli\u00e4 p\u00e4ivitt\u00e4iseen k\u00e4ytt\u00f6\u00f6n<\/strong><\/p>\n<p data-start=\"84\" data-end=\"413\">Omega Marina -pesupaikka on suunniteltu ammattik\u00e4ytt\u00f6\u00f6n, yhdist\u00e4en modernin muotoilun ja k\u00e4yt\u00e4nn\u00f6lliset ratkaisut, jotka tekev\u00e4t p\u00e4ivitt\u00e4isest\u00e4 ty\u00f6st\u00e4 sujuvaa ja mukavaa. Minimalistinen muoto ja py\u00f6ristetyt linjat sopivat erinomaisesti sek\u00e4 moderneihin ett\u00e4 klassisiin sisustuksiin, luoden siistin ja ammattimaisen kokonaisuuden.<\/p>\n<p data-start=\"415\" data-end=\"809\">Ergonomisesti muotoiltu istuin mahdollistaa asiakkaalle mukavan puolimakaavan asennon, kun taas tukeva selk\u00e4noja ja k\u00e4sinojat takaavat hyv\u00e4n tuen my\u00f6s pidempien k\u00e4sittelyjen aikana. Syv\u00e4 keraaminen allas v\u00e4hent\u00e4\u00e4 roiskumista ja on kest\u00e4v\u00e4 naarmuja, v\u00e4rj\u00e4ytymist\u00e4 ja kemikaaleja vastaan. Niskatuki ja silikonisuojus lis\u00e4\u00e4v\u00e4t k\u00e4ytt\u00f6mukavuutta ja tekev\u00e4t hiustenpesusta miellytt\u00e4v\u00e4mm\u00e4n kokemuksen.<\/p>\n<p data-start=\"811\" data-end=\"1066\">K\u00e4yt\u00e4nn\u00f6lliset yksityiskohdat, kuten hana, k\u00e4sisuihku ja integroitu viem\u00e4r\u00f6inti, takaavat helpon ja hygieenisen k\u00e4yt\u00f6n. Piilotettu vesiliit\u00e4nt\u00e4 pit\u00e4\u00e4 ty\u00f6pisteen siistin\u00e4, ja s\u00e4\u00e4dett\u00e4v\u00e4t jalat mahdollistavat tukevan asennuksen my\u00f6s ep\u00e4tasaisella lattialla.<\/p>\n<p data-start=\"1068\" data-end=\"1280\"><strong data-start=\"1068\" data-end=\"1088\">Tekniset tiedot:<\/strong><br data-start=\"1088\" data-end=\"1091\" \/>\u2022 Altaan materiaali: keraami<br data-start=\"1119\" data-end=\"1122\" \/>\u2022 Altaan v\u00e4ri: valkoisen s\u00e4vyt<br data-start=\"1152\" data-end=\"1155\" \/>\u2022 Verhoilu: synteettinen nahka<br data-start=\"1185\" data-end=\"1188\" data-is-only-node=\"\" \/>\u2022 Verhoilun v\u00e4ri: beigen s\u00e4vyt<br data-start=\"1218\" data-end=\"1221\" \/>\u2022 Jalustan v\u00e4ri: beigen s\u00e4vyt<br data-start=\"1250\" data-end=\"1253\" \/>\u2022 Varusteiden v\u00e4ri: kromi<\/p>\n<p data-start=\"1282\" data-end=\"1430\" data-is-last-node=\"\" data-is-only-node=\"\"><strong data-start=\"1282\" data-end=\"1301\">Toimitustiedot:<\/strong><br data-start=\"1301\" data-end=\"1304\" \/>Mik\u00e4li tuote ei ole valmistajan varastossa, toimitusaika voi pidenty\u00e4. Lis\u00e4tietoja saat ottamalla yhteytt\u00e4: <a class=\"decorated-link cursor-pointer\" rel=\"noopener\" data-start=\"1412\" data-end=\"1427\">info@pomello.ee<\/a><\/p>\n","protected":false},"featured_media":41500,"comment_status":"open","ping_status":"closed","template":"","meta":{"_monsterinsights_skip_tracking":false,"_monsterinsights_sitenote_active":false,"_monsterinsights_sitenote_note":"","_monsterinsights_sitenote_category":0},"product_brand":[],"product_cat":[1602,1601],"product_tag":[],"class_list":{"0":"post-41694","1":"product","2":"type-product","3":"status-publish","4":"has-post-thumbnail","6":"product_cat-kampaamokalusteet","7":"product_cat-kauneushoitolan-kalusteet","8":"pa_brand-omega","10":"first","11":"instock","12":"taxable","13":"shipping-taxable","14":"purchasable","15":"product-type-simple"},"_links":{"self":[{"href":"https:\/\/pomello.ee\/fi\/wp-json\/wp\/v2\/product\/41694","targetHints":{"allow":["GET"]}}],"collection":[{"href":"https:\/\/pomello.ee\/fi\/wp-json\/wp\/v2\/product"}],"about":[{"href":"https:\/\/pomello.ee\/fi\/wp-json\/wp\/v2\/types\/product"}],"replies":[{"embeddable":true,"href":"https:\/\/pomello.ee\/fi\/wp-json\/wp\/v2\/comments?post=41694"}],"wp:featuredmedia":[{"embeddable":true,"href":"https:\/\/pomello.ee\/fi\/wp-json\/wp\/v2\/media\/41500"}],"wp:attachment":[{"href":"https:\/\/pomello.ee\/fi\/wp-json\/wp\/v2\/media?parent=41694"}],"wp:term":[{"taxonomy":"product_brand","embeddable":true,"href":"https:\/\/pomello.ee\/fi\/wp-json\/wp\/v2\/product_brand?post=41694"},{"taxonomy":"product_cat","embeddable":true,"href":"https:\/\/pomello.ee\/fi\/wp-json\/wp\/v2\/product_cat?post=41694"},{"taxonomy":"product_tag","embeddable":true,"href":"https:\/\/pomello.ee\/fi\/wp-json\/wp\/v2\/product_tag?post=41694"}],"curies":[{"name":"wp","href":"https:\/\/api.w.org\/{rel}","templated":true}]}}