{"id":41695,"date":"2026-04-25T08:06:04","date_gmt":"2026-04-25T06:06:04","guid":{"rendered":"https:\/\/pomello.ee\/toode\/kampaamotuoli-omega-aurora\/"},"modified":"2026-04-25T08:06:04","modified_gmt":"2026-04-25T06:06:04","slug":"kampaamotuoli-omega-aurora","status":"publish","type":"product","link":"https:\/\/pomello.ee\/fi\/toode\/kampaamotuoli-omega-aurora\/","title":{"rendered":"Kampaamotuoli Omega Aurora"},"content":{"rendered":"<p><img decoding=\"async\" src=\"https:\/\/activeshop.com.pl\/media\/wysiwyg\/product\/154505\/EN_154505_02.jpg\" alt=\"\"><\/p>\n<p>Minimalistinen hydraulinen nostolaite parturituoli<\/p>\n<p>Omega Aurora -parturituoli yhdist\u00e4\u00e4 modernin muotoilun k\u00e4yt\u00e4nn\u00f6lliseen toimivuuteen, joten se sopii erinomaisesti jokap\u00e4iv\u00e4iseen k\u00e4ytt\u00f6\u00f6n ammattimaisessa kampaamossa. Tehokas hydraulinen nostolaite mahdollistaa sujuvan korkeudens\u00e4\u00e4d\u00f6n, ja ergonomisesti muotoiltu istuin ja jalkatuki takaavat mukavan asennon my\u00f6s pidempien toimenpiteiden aikana. Sen minimalistinen muoto sopii t\u00e4ydellisesti moderneihin sisustuksiin.<\/p>\n<p data-start=\"0\" data-end=\"53\">.<\/p>\n<p><img decoding=\"async\" src=\"https:\/\/activeshop.com.pl\/media\/wysiwyg\/product\/154505\/EN_154505_03.jpg\" alt=\"\"><\/p>\n<p>Tehokkuutta, kest\u00e4vyytt\u00e4 ja mukavuutta<\/p>\n<p>Kest\u00e4v\u00e4n hydraulisen nostomekanismin ansiosta istuinkorkeutta voidaan s\u00e4\u00e4t\u00e4\u00e4 portaattomasti 49 ja 59 cm v\u00e4lill\u00e4 my\u00f6s tuolin ollessa k\u00e4yt\u00f6ss\u00e4. T\u00e4m\u00e4 tukee ergonomista ty\u00f6asentoa, sill\u00e4 tuoli on helppo s\u00e4\u00e4t\u00e4\u00e4 sek\u00e4 asiakkaan ett\u00e4 kampaajan pituuteen sopivaksi, mik\u00e4 lis\u00e4\u00e4 merkitt\u00e4v\u00e4sti ty\u00f6mukavuutta.<\/p>\n<p>Ergonomisesti muotoiltu selk\u00e4noja tarjoaa vakaan tuen sel\u00e4lle ja auttaa s\u00e4ilytt\u00e4m\u00e4\u00e4n mukavan asennon my\u00f6s pidempien toimenpiteiden aikana. T\u00e4rke\u00e4 yksityiskohta on malliin sopiva jalkatuki, joka antaa jaloille tukevan tuen ja lis\u00e4\u00e4 k\u00e4ytt\u00f6mukavuutta.<\/p>\n<p><img decoding=\"async\" src=\"https:\/\/activeshop.com.pl\/media\/wysiwyg\/product\/154505\/EN_154505_04.jpg\" alt=\"\"><\/p>\n<p>Harkittuja ratkaisuja helppok\u00e4ytt\u00f6isyyden takaamiseksi<\/p>\n<p>Tuoli on suunniteltu mukavuutta ajatellen pitkien ty\u00f6p\u00e4ivien aikana kampaamossa. Paksu ja pehme\u00e4 istuin sek\u00e4 ergonomiset, osittain pehmustetut metalliset k\u00e4sinojat tukevat asiakkaan luonnollista ryhti\u00e4 ja mahdollistavat tarkat ja mukavat kampaamopalvelut.<\/p>\n<p>T\u00e4ysin k\u00e4\u00e4ntyv\u00e4 mekanismi lis\u00e4\u00e4 liikkumisvapautta, mik\u00e4 tekee ty\u00f6skentelyst\u00e4 sujuvampaa ja tehokkaampaa. K\u00e4yt\u00e4nn\u00f6llinen rako istuimen ja selk\u00e4nojan v\u00e4lill\u00e4 mahdollistaa nopean karvanpoiston ja auttaa pit\u00e4m\u00e4\u00e4n ty\u00f6paikan puhtaana ja siistin\u00e4.<\/p>\n<p><img decoding=\"async\" src=\"https:\/\/activeshop.com.pl\/media\/wysiwyg\/product\/154505\/EN_154505_05.jpg\" alt=\"\"><\/p>\n<p>Eleganssia, luotu kampaamoille<\/p>\n<p>Tuolin moderni muotoilu ja tukeva py\u00f6re\u00e4 beigenv\u00e4rinen jalusta korostavat sen eleganttia luonnetta. Pehme\u00e4 vaaleanruskea keinonahka takaa erinomaisen mukavuuden my\u00f6s pidempien toimenpiteiden aikana ja on samalla kest\u00e4v\u00e4, kosteutta hylkiv\u00e4 ja helppo puhdistaa.<\/p>\n<p>Tuoli sopii t\u00e4ydellisesti sek\u00e4 moderniin ett\u00e4 klassiseen sisustukseen ja korostaa kampaamon ammattimaista ja hyvin hoidettua yleisilmett\u00e4.<\/p>\n<div class=\"video-container\"><iframe loading=\"lazy\" src=\"https:\/\/www.youtube.com\/embed\/1W2Ba3HhMYY\" width=\"560\" height=\"315\" frameborder=\"0\" allowfullscreen=\"allowfullscreen\" data-mce-fragment=\"1\"><\/iframe><\/div>\n<p>Tarkat mitat n\u00e4kyv\u00e4t viimeisess\u00e4 kuvassa. Tuotteen mitat voivat poiketa todellisista mitoista \u00b12 cm.<\/p>\n<p>Kuvassa olevan tuotteen v\u00e4ri voi poiketa todellisesta s\u00e4vyst\u00e4 n\u00e4yt\u00f6n asetuksista ja valaistusolosuhteista riippuen.<\/p>\n<p>Mukana: istuin, nostomekanismi jalustalla<\/p>\n<p>Tekniset tiedot:<br \/>\nNosto: hydraulinen<br \/>\nJalusta: py\u00f6re\u00e4<br \/>\nVerhoilumateriaali: keinonahka<br \/>\nVerhoilun v\u00e4ri: vaaleanruskean s\u00e4vyt<br \/>\nJalustan v\u00e4ri: beigen s\u00e4vyt<\/p>\n","protected":false},"excerpt":{"rendered":"<section class=\"text-token-text-primary w-full focus:outline-none [--shadow-height:45px] has-data-writing-block:pointer-events-none has-data-writing-block:-mt-(--shadow-height) has-data-writing-block:pt-(--shadow-height) [&amp;:has([data-writing-block])&gt;*]:pointer-events-auto R6Vx5W_threadScrollVars scroll-mb-[calc(var(--scroll-root-safe-area-inset-bottom,0px)+var(--thread-response-height))] scroll-mt-(--header-height)\" dir=\"auto\" style=\"caret-color: #000000; color: #000000; font-style: normal; font-variant-caps: normal; font-weight: 400; letter-spacing: normal; orphans: auto; text-align: start; text-indent: 0px; text-transform: none; white-space: normal; widows: auto; word-spacing: 0px; -webkit-text-stroke-width: 0px; text-decoration: none;\" data-turn-id=\"29894c31-6ba6-4961-a537-6c93525fde41\" data-testid=\"conversation-turn-223\" data-scroll-anchor=\"false\" data-turn=\"user\"><\/section>\n<section class=\"text-token-text-primary w-full focus:outline-none [--shadow-height:45px] has-data-writing-block:pointer-events-none has-data-writing-block:-mt-(--shadow-height) has-data-writing-block:pt-(--shadow-height) [&amp;:has([data-writing-block])&gt;*]:pointer-events-auto [content-visibility:auto] supports-[content-visibility:auto]:[contain-intrinsic-size:auto_100lvh] R6Vx5W_threadScrollVars scroll-mb-[calc(var(--scroll-root-safe-area-inset-bottom,0px)+var(--thread-response-height))] scroll-mt-[calc(var(--header-height)+min(200px,max(70px,20svh)))]\" dir=\"auto\" style=\"caret-color: #000000; color: #000000; font-style: normal; font-variant-caps: normal; font-weight: 400; letter-spacing: normal; orphans: auto; text-align: start; text-indent: 0px; text-transform: none; white-space: normal; widows: auto; word-spacing: 0px; -webkit-text-stroke-width: 0px; text-decoration: none;\" data-turn-id=\"request-69ec5391-7364-83eb-999a-d781f947affc-36\" data-testid=\"conversation-turn-224\" data-scroll-anchor=\"false\" data-turn=\"assistant\">\n<div class=\"text-base my-auto mx-auto pb-10 [--thread-content-margin:var(--thread-content-margin-xs,calc(var(--spacing)*4))] @w-sm\/main:[--thread-content-margin:var(--thread-content-margin-sm,calc(var(--spacing)*6))] @w-lg\/main:[--thread-content-margin:var(--thread-content-margin-lg,calc(var(--spacing)*16))] px-(--thread-content-margin)\">\n<div class=\"[--thread-content-max-width:40rem] @w-lg\/main:[--thread-content-max-width:48rem] mx-auto max-w-(--thread-content-max-width) flex-1 group\/turn-messages focus-visible:outline-hidden relative flex w-full min-w-0 flex-col agent-turn\">\n<div class=\"flex max-w-full flex-col gap-4 grow\">\n<div class=\"min-h-8 text-message relative flex w-full flex-col items-end gap-2 text-start break-words whitespace-normal outline-none keyboard-focused:focus-ring [.text-message+&amp;]:mt-1\" dir=\"auto\" tabindex=\"0\" data-message-author-role=\"assistant\" data-message-id=\"89345a23-d549-4e14-8859-4fcba3c5e31f\" data-message-model-slug=\"gpt-5-3\" data-turn-start-message=\"true\">\n<div class=\"flex w-full flex-col gap-1 empty:hidden\">\n<div class=\"markdown prose dark:prose-invert w-full wrap-break-word light markdown-new-styling\">\n<p data-start=\"0\" data-end=\"76\"><strong data-start=\"0\" data-end=\"76\">Kampaamotuoli Omega Aurora \u2013 mukavuutta ja tyyli\u00e4 p\u00e4ivitt\u00e4iseen k\u00e4ytt\u00f6\u00f6n<\/strong><\/p>\n<p data-start=\"78\" data-end=\"341\">Omega Aurora -kampaamotuoli on suunniteltu ammattik\u00e4ytt\u00f6\u00f6n, tarjoten erinomaisen tasapainon minimalistisen muotoilun ja k\u00e4yt\u00e4nn\u00f6llisen toimivuuden v\u00e4lill\u00e4. Se sopii t\u00e4ydellisesti salonkiin, jossa arvostetaan selkeit\u00e4 linjoja, mukavuutta ja tehokasta ty\u00f6skentely\u00e4.<\/p>\n<p data-start=\"343\" data-end=\"704\">Hydraulinen nostin mahdollistaa istuinkorkeuden sujuvan s\u00e4\u00e4d\u00f6n v\u00e4lill\u00e4 49\u201359 cm my\u00f6s k\u00e4yt\u00f6n aikana, varmistaen ergonomisen ty\u00f6asennon sek\u00e4 asiakkaalle ett\u00e4 tekij\u00e4lle. Ergonominen selk\u00e4noja tukee selk\u00e4\u00e4 ja auttaa s\u00e4ilytt\u00e4m\u00e4\u00e4n mukavan asennon pidempien hoitojen aikana. Paksu ja pehme\u00e4 istuin yhdess\u00e4 integroidun jalkatuen kanssa tarjoaa maksimaalista mukavuutta.<\/p>\n<p data-start=\"706\" data-end=\"930\">Tuolin k\u00e4yt\u00e4nn\u00f6lliset ratkaisut helpottavat p\u00e4ivitt\u00e4ist\u00e4 ty\u00f6skentely\u00e4 \u2013 t\u00e4yspy\u00f6riv\u00e4 mekanismi lis\u00e4\u00e4 liikkumisen vapautta, ja istuimen ja selk\u00e4nojan v\u00e4linen tila helpottaa hiusten poistamista ja ty\u00f6pisteen siistin\u00e4 pit\u00e4mist\u00e4.<\/p>\n<p data-start=\"932\" data-end=\"1166\">Tyylik\u00e4s synteettinen nahkaverhoilu vaaleanruskeissa s\u00e4vyiss\u00e4 on kest\u00e4v\u00e4, kosteutta hylkiv\u00e4 ja helppo puhdistaa. Beigen s\u00e4vyinen py\u00f6re\u00e4 jalusta ja moderni muotoilu sopivat hyvin sek\u00e4 nykyaikaisiin ett\u00e4 klassisiin salonkiymp\u00e4rist\u00f6ihin.<\/p>\n<p data-start=\"1168\" data-end=\"1322\"><strong data-start=\"1168\" data-end=\"1188\">Tekniset tiedot:<\/strong><br data-start=\"1188\" data-end=\"1191\" \/>\u2022 Hydraulinen nostin<br data-start=\"1211\" data-end=\"1214\" \/>\u2022 Py\u00f6re\u00e4 jalusta<br data-start=\"1230\" data-end=\"1233\" \/>\u2022 Verhoilu: synteettinen nahka<br data-start=\"1263\" data-end=\"1266\" \/>\u2022 V\u00e4ri: vaaleanruskean s\u00e4vyt<br data-start=\"1294\" data-end=\"1297\" \/>\u2022 Jalusta: beigen s\u00e4vyt<\/p>\n<p data-start=\"1324\" data-end=\"1375\"><strong data-start=\"1324\" data-end=\"1337\">Sis\u00e4lt\u00e4\u00e4:<\/strong> istuin ja nostomekanismi jalustalla<\/p>\n<p data-start=\"1377\" data-end=\"1550\"><strong data-start=\"1377\" data-end=\"1392\">Lis\u00e4tiedot:<\/strong><br data-start=\"1392\" data-end=\"1395\" \/>Tarkat mitat on esitetty tuotteen kuvassa. Mitat voivat poiketa ilmoitetuista \u00b12 cm. Tuotteen v\u00e4ri voi vaihdella n\u00e4yt\u00f6n asetusten ja valaistuksen mukaan.<\/p>\n<p data-start=\"1552\" data-end=\"1700\" data-is-last-node=\"\" data-is-only-node=\"\"><strong data-start=\"1552\" data-end=\"1571\">Toimitustiedot:<\/strong><br data-start=\"1571\" data-end=\"1574\" \/>Mik\u00e4li tuote ei ole valmistajan varastossa, toimitusaika voi pidenty\u00e4. Lis\u00e4tietoja saat ottamalla yhteytt\u00e4: <a class=\"decorated-link cursor-pointer\" rel=\"noopener\" data-start=\"1682\" data-end=\"1697\">info@pomello.ee<\/a><\/p>\n<\/div>\n<\/div>\n<\/div>\n<\/div>\n<\/div>\n<\/div>\n<\/section>\n","protected":false},"featured_media":41470,"comment_status":"open","ping_status":"closed","template":"","meta":{"_monsterinsights_skip_tracking":false,"_monsterinsights_sitenote_active":false,"_monsterinsights_sitenote_note":"","_monsterinsights_sitenote_category":0},"product_brand":[],"product_cat":[1601,1602],"product_tag":[],"class_list":{"0":"post-41695","1":"product","2":"type-product","3":"status-publish","4":"has-post-thumbnail","6":"product_cat-kauneushoitolan-kalusteet","7":"product_cat-kampaamokalusteet","8":"pa_brand-omega","10":"first","11":"instock","12":"taxable","13":"shipping-taxable","14":"purchasable","15":"product-type-simple"},"_links":{"self":[{"href":"https:\/\/pomello.ee\/fi\/wp-json\/wp\/v2\/product\/41695","targetHints":{"allow":["GET"]}}],"collection":[{"href":"https:\/\/pomello.ee\/fi\/wp-json\/wp\/v2\/product"}],"about":[{"href":"https:\/\/pomello.ee\/fi\/wp-json\/wp\/v2\/types\/product"}],"replies":[{"embeddable":true,"href":"https:\/\/pomello.ee\/fi\/wp-json\/wp\/v2\/comments?post=41695"}],"wp:featuredmedia":[{"embeddable":true,"href":"https:\/\/pomello.ee\/fi\/wp-json\/wp\/v2\/media\/41470"}],"wp:attachment":[{"href":"https:\/\/pomello.ee\/fi\/wp-json\/wp\/v2\/media?parent=41695"}],"wp:term":[{"taxonomy":"product_brand","embeddable":true,"href":"https:\/\/pomello.ee\/fi\/wp-json\/wp\/v2\/product_brand?post=41695"},{"taxonomy":"product_cat","embeddable":true,"href":"https:\/\/pomello.ee\/fi\/wp-json\/wp\/v2\/product_cat?post=41695"},{"taxonomy":"product_tag","embeddable":true,"href":"https:\/\/pomello.ee\/fi\/wp-json\/wp\/v2\/product_tag?post=41695"}],"curies":[{"name":"wp","href":"https:\/\/api.w.org\/{rel}","templated":true}]}}