{"id":41698,"date":"2026-04-23T09:01:00","date_gmt":"2026-04-23T07:01:00","guid":{"rendered":"https:\/\/pomello.ee\/toode\/tyotuoli-giovanni-1025\/"},"modified":"2026-04-23T09:01:00","modified_gmt":"2026-04-23T07:01:00","slug":"tyotuoli-giovanni-1025","status":"publish","type":"product","link":"https:\/\/pomello.ee\/fi\/toode\/tyotuoli-giovanni-1025\/","title":{"rendered":"Ty\u00f6tuoli Giovanni 1025"},"content":{"rendered":"","protected":false},"excerpt":{"rendered":"<p data-start=\"0\" data-end=\"26\"><strong data-start=\"0\" data-end=\"26\">Ty\u00f6tuoli Giovanni 1025<\/strong><\/p>\n<p data-start=\"28\" data-end=\"337\">Mukava, vakaa ja ammattik\u00e4ytt\u00f6\u00f6n suunniteltu Giovanni 1025 -ty\u00f6tuoli sopii erinomaisesti kauneudenhoitoalan ammattilaiselle, joka arvostaa ergonomiaa ja laatua p\u00e4ivitt\u00e4isess\u00e4 ty\u00f6ss\u00e4. Muotoiltu istuin ja selk\u00e4noja tukevat oikeaa kehon asentoa ja auttavat v\u00e4hent\u00e4m\u00e4\u00e4n kuormitusta my\u00f6s pidempien hoitojen aikana.<\/p>\n<p data-start=\"339\" data-end=\"640\">Vahva viisijalkainen alusta py\u00f6rill\u00e4 takaa hyv\u00e4n liikkuvuuden ja vakauden, kun taas hydraulinen korkeudens\u00e4\u00e4t\u00f6 mahdollistaa tuolin nopean ja helpon s\u00e4\u00e4t\u00e4misen sopivaan ty\u00f6asentoon. Lis\u00e4ksi sek\u00e4 istuimen kallistuskulmaa ett\u00e4 selk\u00e4nojan korkeutta voidaan s\u00e4\u00e4t\u00e4\u00e4 maksimaalisen mukavuuden saavuttamiseksi.<\/p>\n<p data-start=\"642\" data-end=\"891\"><strong data-start=\"642\" data-end=\"683\">Miksi valita Giovanni 1025 -ty\u00f6tuoli?<\/strong><br data-start=\"683\" data-end=\"686\" \/>\u2022 Ergonominen ja muotoiltu istuin<br data-start=\"719\" data-end=\"722\" \/>\u2022 S\u00e4\u00e4dett\u00e4v\u00e4 istuimen kallistus ja selk\u00e4noja<br data-start=\"766\" data-end=\"769\" \/>\u2022 Hydraulinen korkeudens\u00e4\u00e4t\u00f6<br data-start=\"797\" data-end=\"800\" \/>\u2022 Vakaa viisijalkainen alusta py\u00f6rill\u00e4<br data-start=\"838\" data-end=\"841\" \/>\u2022 Sopii ripsi-, kulma-, kynsi- ja kasvohoitoihin<\/p>\n<p data-start=\"893\" data-end=\"1131\" data-is-last-node=\"\" data-is-only-node=\"\"><strong data-start=\"893\" data-end=\"913\">Tekniset tiedot:<\/strong><br data-start=\"913\" data-end=\"916\" \/>\u2022 Istuimen mitat: 48 \u00d7 39,5 cm<br data-start=\"946\" data-end=\"949\" \/>\u2022 Korkeus: 55\u201373 cm<br data-start=\"968\" data-end=\"971\" \/>\u2022 Mekanismi: hydraulinen<br data-start=\"995\" data-end=\"998\" \/>\u2022 Alusta: viisijalkainen py\u00f6rill\u00e4<br data-start=\"1031\" data-end=\"1034\" \/>\u2022 Pakkauksen mitat: 49,5 \u00d7 49,5 \u00d7 22 cm<br data-start=\"1073\" data-end=\"1076\" \/>\u2022 Paino pakkauksen kanssa: 7 kg<br data-start=\"1107\" data-end=\"1110\" \/>\u2022 Pakkausten m\u00e4\u00e4r\u00e4: 1<\/p>\n","protected":false},"featured_media":41374,"comment_status":"open","ping_status":"closed","template":"","meta":{"_monsterinsights_skip_tracking":false,"_monsterinsights_sitenote_active":false,"_monsterinsights_sitenote_note":"","_monsterinsights_sitenote_category":0},"product_brand":[],"product_cat":[1601,1608],"product_tag":[],"class_list":{"0":"post-41698","1":"product","2":"type-product","3":"status-publish","4":"has-post-thumbnail","6":"product_cat-kauneushoitolan-kalusteet","7":"product_cat-tyotuolit","8":"pa_brand-giovanni","9":"pa_varv-hall-fi","10":"pa_varv-must-fi","11":"pa_varv-valge-fi","13":"first","14":"instock","15":"taxable","16":"shipping-taxable","17":"purchasable","18":"product-type-variable"},"_links":{"self":[{"href":"https:\/\/pomello.ee\/fi\/wp-json\/wp\/v2\/product\/41698","targetHints":{"allow":["GET"]}}],"collection":[{"href":"https:\/\/pomello.ee\/fi\/wp-json\/wp\/v2\/product"}],"about":[{"href":"https:\/\/pomello.ee\/fi\/wp-json\/wp\/v2\/types\/product"}],"replies":[{"embeddable":true,"href":"https:\/\/pomello.ee\/fi\/wp-json\/wp\/v2\/comments?post=41698"}],"wp:featuredmedia":[{"embeddable":true,"href":"https:\/\/pomello.ee\/fi\/wp-json\/wp\/v2\/media\/41374"}],"wp:attachment":[{"href":"https:\/\/pomello.ee\/fi\/wp-json\/wp\/v2\/media?parent=41698"}],"wp:term":[{"taxonomy":"product_brand","embeddable":true,"href":"https:\/\/pomello.ee\/fi\/wp-json\/wp\/v2\/product_brand?post=41698"},{"taxonomy":"product_cat","embeddable":true,"href":"https:\/\/pomello.ee\/fi\/wp-json\/wp\/v2\/product_cat?post=41698"},{"taxonomy":"product_tag","embeddable":true,"href":"https:\/\/pomello.ee\/fi\/wp-json\/wp\/v2\/product_tag?post=41698"}],"curies":[{"name":"wp","href":"https:\/\/api.w.org\/{rel}","templated":true}]}}