{"id":41702,"date":"2026-04-23T08:48:56","date_gmt":"2026-04-23T06:48:56","guid":{"rendered":"https:\/\/pomello.ee\/toode\/tyotuoli-gabbiano-a450-musta\/"},"modified":"2026-04-23T08:48:56","modified_gmt":"2026-04-23T06:48:56","slug":"tyotuoli-gabbiano-a450-musta","status":"publish","type":"product","link":"https:\/\/pomello.ee\/fi\/toode\/tyotuoli-gabbiano-a450-musta\/","title":{"rendered":"Ty\u00f6tuoli Gabbiano A450 musta"},"content":{"rendered":"","protected":false},"excerpt":{"rendered":"<p data-start=\"0\" data-end=\"32\"><strong data-start=\"0\" data-end=\"32\">Ty\u00f6tuoli Gabbiano A450 musta<\/strong><\/p>\n<p data-start=\"34\" data-end=\"304\">Mukava ja toimiva Gabbiano A450 -ty\u00f6tuoli on suunniteltu ammattik\u00e4ytt\u00f6\u00f6n, jossa ergonomia ja kest\u00e4vyys ovat t\u00e4rkeit\u00e4. Tuoli on valmistettu laadukkaista materiaaleista ja viimeistelty huolellisesti, jotta se takaa pitk\u00e4n k\u00e4ytt\u00f6i\u00e4n ja luotettavuuden p\u00e4ivitt\u00e4isess\u00e4 ty\u00f6ss\u00e4.<\/p>\n<p data-start=\"306\" data-end=\"544\" data-is-last-node=\"\" data-is-only-node=\"\">Pehme\u00e4 ja eritt\u00e4in mukava istuin on verhoiltu laadukkaalla mustalla keinonahalla, joka on kest\u00e4v\u00e4, helppo puhdistaa ja sopii erinomaisesti salonkiymp\u00e4rist\u00f6\u00f6n. Harkittu muotoilu tukee miellytt\u00e4v\u00e4\u00e4 ty\u00f6asentoa my\u00f6s pitkien ty\u00f6p\u00e4ivien aikana.<\/p>\n","protected":false},"featured_media":41366,"comment_status":"open","ping_status":"closed","template":"","meta":{"_monsterinsights_skip_tracking":false,"_monsterinsights_sitenote_active":false,"_monsterinsights_sitenote_note":"","_monsterinsights_sitenote_category":0},"product_brand":[],"product_cat":[1601,1608],"product_tag":[],"class_list":{"0":"post-41702","1":"product","2":"type-product","3":"status-publish","4":"has-post-thumbnail","6":"product_cat-kauneushoitolan-kalusteet","7":"product_cat-tyotuolit","8":"pa_brand-gabbiano","10":"first","11":"instock","12":"taxable","13":"shipping-taxable","14":"purchasable","15":"product-type-simple"},"_links":{"self":[{"href":"https:\/\/pomello.ee\/fi\/wp-json\/wp\/v2\/product\/41702","targetHints":{"allow":["GET"]}}],"collection":[{"href":"https:\/\/pomello.ee\/fi\/wp-json\/wp\/v2\/product"}],"about":[{"href":"https:\/\/pomello.ee\/fi\/wp-json\/wp\/v2\/types\/product"}],"replies":[{"embeddable":true,"href":"https:\/\/pomello.ee\/fi\/wp-json\/wp\/v2\/comments?post=41702"}],"wp:featuredmedia":[{"embeddable":true,"href":"https:\/\/pomello.ee\/fi\/wp-json\/wp\/v2\/media\/41366"}],"wp:attachment":[{"href":"https:\/\/pomello.ee\/fi\/wp-json\/wp\/v2\/media?parent=41702"}],"wp:term":[{"taxonomy":"product_brand","embeddable":true,"href":"https:\/\/pomello.ee\/fi\/wp-json\/wp\/v2\/product_brand?post=41702"},{"taxonomy":"product_cat","embeddable":true,"href":"https:\/\/pomello.ee\/fi\/wp-json\/wp\/v2\/product_cat?post=41702"},{"taxonomy":"product_tag","embeddable":true,"href":"https:\/\/pomello.ee\/fi\/wp-json\/wp\/v2\/product_tag?post=41702"}],"curies":[{"name":"wp","href":"https:\/\/api.w.org\/{rel}","templated":true}]}}