{"id":41703,"date":"2026-04-20T20:01:01","date_gmt":"2026-04-20T18:01:01","guid":{"rendered":"https:\/\/pomello.ee\/toode\/kosmetologin-asiakassanky-azzurro-803d-harmaa-3-moottoria\/"},"modified":"2026-04-20T20:01:01","modified_gmt":"2026-04-20T18:01:01","slug":"kosmetologin-asiakassanky-azzurro-803d-harmaa-3-moottoria","status":"publish","type":"product","link":"https:\/\/pomello.ee\/fi\/toode\/kosmetologin-asiakassanky-azzurro-803d-harmaa-3-moottoria\/","title":{"rendered":"Kosmetologin asiakass\u00e4nky AZZURRO 803D harmaa, 3 moottoria"},"content":{"rendered":"<div class=\"flex flex-col text-sm pb-25\">\n<section class=\"text-token-text-primary w-full focus:outline-none [--shadow-height:45px] has-data-writing-block:pointer-events-none has-data-writing-block:-mt-(--shadow-height) has-data-writing-block:pt-(--shadow-height) [&amp;:has([data-writing-block])&gt;*]:pointer-events-auto scroll-mt-[calc(var(--header-height)+min(200px,max(70px,20svh)))]\" dir=\"auto\" data-turn-id=\"request-69e3aee5-b24c-83eb-a3a4-ca3857e0f4a2-29\" data-testid=\"conversation-turn-90\" data-scroll-anchor=\"true\" data-turn=\"assistant\">\n<div class=\"text-base my-auto mx-auto pb-10 [--thread-content-margin:var(--thread-content-margin-xs,calc(var(--spacing)*4))] @w-sm\/main:[--thread-content-margin:var(--thread-content-margin-sm,calc(var(--spacing)*6))] @w-lg\/main:[--thread-content-margin:var(--thread-content-margin-lg,calc(var(--spacing)*16))] px-(--thread-content-margin)\">\n<div class=\"[--thread-content-max-width:40rem] @w-lg\/main:[--thread-content-max-width:48rem] mx-auto max-w-(--thread-content-max-width) flex-1 group\/turn-messages focus-visible:outline-hidden relative flex w-full min-w-0 flex-col agent-turn\">\n<div class=\"flex max-w-full flex-col gap-4 grow\">\n<div class=\"min-h-8 text-message relative flex w-full flex-col items-end gap-2 text-start break-words whitespace-normal outline-none keyboard-focused:focus-ring [.text-message+&amp;]:mt-1\" dir=\"auto\" tabindex=\"0\" data-message-author-role=\"assistant\" data-message-id=\"88cd0039-b92f-4234-a692-c7574a7dbfa5\" data-message-model-slug=\"gpt-5-3\" data-turn-start-message=\"true\">\n<div class=\"flex w-full flex-col gap-1 empty:hidden\">\n<div class=\"markdown prose dark:prose-invert w-full wrap-break-word light markdown-new-styling\">\n<p data-start=\"0\" data-end=\"227\" data-is-last-node=\"\" data-is-only-node=\"\">Azzurro-tuotemerkki tarjoaa korkealaatuisia kosmeettisia tuoleja ja s\u00e4nkyj\u00e4 sek\u00e4 monitoimilaitteita. Ammattimaisia \u200b\u200blaitteita k\u00e4ytet\u00e4\u00e4n muun muassa kauneushoitoloissa, jalkaterapian vastaanotoilla, hierontastudioissa ja fysioterapiassa.<\/p>\n<\/div>\n<\/div>\n<\/div>\n<\/div>\n<\/div>\n<\/div>\n<\/section>\n<\/div>\n<p><img decoding=\"async\" src=\"https:\/\/activeshop.com.pl\/media\/wysiwyg\/product\/148392\/EN_148392_2.jpg\" alt=\"\"><\/p>\n<p>K\u00e4yt\u00e4nn\u00f6llisi\u00e4 varusteita kauneushoitolaan<\/p>\n<p>Azzurro 803D -s\u00e4hk\u00f6k\u00e4ytt\u00f6inen kosmeettisten hoitojen tuoli on varustettu kolmella moottorilla ja sit\u00e4 ohjataan langallisella kaukos\u00e4\u00e4timell\u00e4 tai mukana tulevalla jalkakytkimell\u00e4. Tuolille on ominaista vakaus, laajat s\u00e4\u00e4t\u00f6mahdollisuudet ja monipuolisuus, joten se sopii erinomaisesti moniin erikoistoimistoihin.<\/p>\n<p data-start=\"0\" data-end=\"33\"><img decoding=\"async\" src=\"https:\/\/activeshop.com.pl\/media\/wysiwyg\/product\/148392\/EN_148392_3.jpg\" alt=\"\"><\/p>\n<p>Vapaa s\u00e4\u00e4t\u00f6<\/p>\n<p>Tuolia voidaan s\u00e4\u00e4t\u00e4\u00e4 kaukos\u00e4\u00e4timell\u00e4 kolmeen suuntaan \u2013 korkeus, selk\u00e4noja ja jalkatuki ovat s\u00e4hk\u00f6isesti s\u00e4\u00e4dett\u00e4vi\u00e4. Istuinkorkeutta voi s\u00e4\u00e4t\u00e4\u00e4 64 ja 90 cm v\u00e4lill\u00e4, ja t\u00e4ysin pidennettyn\u00e4 tuolin pituus on yli 2 metri\u00e4.<\/p>\n<p>Lis\u00e4ksi tuolissa on s\u00e4\u00e4dett\u00e4v\u00e4 niskatuki ja jalkatuki (molempien enimm\u00e4ispituus on noin \u00b117 cm). N\u00e4iden mittojen ansiosta eri pituiset ihmiset voivat k\u00e4ytt\u00e4\u00e4 tuolia mukavasti ja sit\u00e4 voidaan mukauttaa sek\u00e4 asiakkaan ett\u00e4 toimenpiteen suorittajan tarpeisiin.<\/p>\n<p>Istuimen oikealla puolella olevaan pidikkeeseen voit ripustaa kaukos\u00e4\u00e4timen k\u00e4tev\u00e4sti, jotta se on aina k\u00e4den ulottuvilla.<\/p>\n<p><img decoding=\"async\" src=\"https:\/\/activeshop.com.pl\/media\/wysiwyg\/product\/148392\/EN_148392_4.jpg\" alt=\"\"><\/p>\n<p>Helppo ohjaus jalkakytkimell\u00e4<\/p>\n<p>Jalkakytkin on k\u00e4yt\u00e4nn\u00f6llinen ratkaisu, joka varmistaa k\u00e4ytt\u00f6mukavuuden ja tuolin asennon tarkan s\u00e4\u00e4d\u00f6n. Se antaa kosmetologille t\u00e4yden hallinnan tuolin liikkeist\u00e4, mik\u00e4 parantaa merkitt\u00e4v\u00e4sti ty\u00f6tehokkuutta.<\/p>\n<p>Tuolista tulee intuitiivisempi ja ergonomisempi k\u00e4ytt\u00e4\u00e4, mik\u00e4 mahdollistaa s\u00e4\u00e4t\u00f6jen tekemisen ilman k\u00e4si\u00e4. T\u00e4m\u00e4 varmistaa suuremman mukavuuden toimenpiteit\u00e4 suoritettaessa ja auttaa pit\u00e4m\u00e4\u00e4n ty\u00f6alueen puhtaana.<\/p>\n<p>Mukavuuden lis\u00e4ksi se on my\u00f6s hygieeninen ratkaisu, joka auttaa nostamaan palvelun laatua ja standardeja kauneusalalla.<\/p>\n<p data-start=\"0\" data-end=\"31\"><img decoding=\"async\" src=\"https:\/\/activeshop.com.pl\/media\/wysiwyg\/product\/148392\/EN_148392_5.jpg\" alt=\"\"><\/p>\n<p>Erilaisten palvelujen k\u00e4tev\u00e4 suorittaminen<\/p>\n<p>Niskatuki on ihanteellinen toimenpiteisiin, joissa asiakas makaa vatsallaan (esim. hieronta). Sarja sis\u00e4lt\u00e4\u00e4 niskatuen suojuksen ja mukavan tyynyn, jotka mahdollistavat laajan valikoiman kasvo- ja vartalohoitoja.<\/p>\n<p>Liikkuvat k\u00e4sinojat voidaan asettaa pystysuoraan asentoon tai k\u00e4\u00e4nt\u00e4\u00e4 180\u00b0, ja ne on lis\u00e4ksi helppo irrottaa tarvittaessa, mik\u00e4 varmistaa k\u00e4tev\u00e4n ja v\u00e4litt\u00f6m\u00e4n p\u00e4\u00e4syn asiakkaalle.<\/p>\n<p data-start=\"0\" data-end=\"37\"><img decoding=\"async\" src=\"https:\/\/activeshop.com.pl\/media\/wysiwyg\/product\/148392\/EN_148392_6.jpg\" alt=\"\"><\/p>\n<p>Profiloitu istuin mukavaan k\u00e4ytt\u00f6\u00f6n<\/p>\n<p>Sopiva profilointi antaa tuolille ergonomisen muodon ja mahdollistaa vartalon mukavan asennon. Tuoli voidaan s\u00e4\u00e4t\u00e4\u00e4 t\u00e4ysin makuuasentoon ja niskatuen aukon ansiosta se sopii erinomaisesti my\u00f6s sel\u00e4n hoitoon ja hierontaan.<\/p>\n<p><img decoding=\"async\" src=\"https:\/\/activeshop.com.pl\/media\/wysiwyg\/product\/148392\/EN_148392_7.jpg\" alt=\"\"><\/p>\n<div class=\"video-container\">\n<p>Esteettinen ulkon\u00e4k\u00f6 ja korkea toimivuus<\/p>\n<p>Vahva rakenne takaa huonekalun vakauden ja kest\u00e4vyyden. Tuoli on t\u00e4ytetty vaahtomuovilla ja p\u00e4\u00e4llystetty miellytt\u00e4v\u00e4n tuntuisella harmaalla keinonahalla. Materiaali on kosteutta kest\u00e4v\u00e4 ja helppo puhdistaa.<\/p>\n<p>Minimalistinen ja yksinkertainen muotoilu sek\u00e4 klassiset v\u00e4rit mahdollistavat tuolin sopivuuden mihin tahansa sisustukseen.<\/p>\n<p><iframe loading=\"lazy\" src=\"https:\/\/www.youtube.com\/embed\/YSXedOH2TRM\" width=\"560\" height=\"315\" frameborder=\"0\" allowfullscreen=\"allowfullscreen\" data-mce-fragment=\"1\"><\/iframe><\/div>\n<p>Tuolin tarkat mitat n\u00e4kyv\u00e4t kuvassa.<br \/>\nSarja sis\u00e4lt\u00e4\u00e4: tuolin, kaukos\u00e4\u00e4timen, virtal\u00e4hteen ja kaksi niskatukea.<\/p>\n<p>Tekniset tiedot:<br \/>\nTyyppi: s\u00e4hk\u00f6inen<br \/>\nV\u00e4ri: harmaan s\u00e4vyt<br \/>\nVerhoilumateriaali: keinonahka<br \/>\nIstuimen t\u00e4yte: vaahtomuovi<br \/>\nOhjaus: langallinen kaukos\u00e4\u00e4din, jalkakytkin<br \/>\nTeho: 50 W<br \/>\nJ\u00e4nnite: 220\u2013240 V<\/p>\n","protected":false},"excerpt":{"rendered":"<p data-start=\"0\" data-end=\"72\"><strong data-start=\"0\" data-end=\"72\">Kosmetiikkatuoli AZZURRO 803D \u2013 s\u00e4hk\u00f6inen hoitotuoli ammattik\u00e4ytt\u00f6\u00f6n<\/strong><\/p>\n<p data-start=\"74\" data-end=\"326\">AZZURRO 803D on s\u00e4hk\u00f6inen kosmetiikkatuoli, joka on suunniteltu p\u00e4ivitt\u00e4iseen k\u00e4ytt\u00f6\u00f6n kauneushoitoloissa ja hoitotiloissa. Se yhdist\u00e4\u00e4 mukavuuden, toimivuuden ja kest\u00e4vyyden, tarjoten erinomaisen k\u00e4ytt\u00f6kokemuksen sek\u00e4 asiakkaalle ett\u00e4 ammattilaiselle.<\/p>\n<p data-start=\"328\" data-end=\"598\">Kolmen moottorin j\u00e4rjestelm\u00e4 mahdollistaa tuolin sujuvan s\u00e4\u00e4t\u00e4misen \u2013 korkeutta, selk\u00e4nojaa ja jalkatukea voidaan muuttaa helposti. Ohjaus onnistuu sek\u00e4 k\u00e4siohjaimella ett\u00e4 jalkakytkimell\u00e4, mik\u00e4 vapauttaa k\u00e4det ty\u00f6skentelyyn ja tekee ty\u00f6st\u00e4 sujuvampaa ja hygieenisemp\u00e4\u00e4.<\/p>\n<p data-start=\"600\" data-end=\"858\">Tuoli voidaan s\u00e4\u00e4t\u00e4\u00e4 t\u00e4ysin makuuasentoon, ja p\u00e4\u00e4tyosan aukko tekee siit\u00e4 sopivan my\u00f6s hierontaan ja selk\u00e4hoitoihin. S\u00e4\u00e4dett\u00e4v\u00e4t yksityiskohdat, irrotettavat ja k\u00e4\u00e4nnett\u00e4v\u00e4t k\u00e4sinojat sek\u00e4 pidennett\u00e4v\u00e4 jalkatuki takaavat mukavuuden eripituisille asiakkaille.<\/p>\n<p data-start=\"860\" data-end=\"996\">Laadukas keinonahkaverhoilu on kest\u00e4v\u00e4, kosteutta hylkiv\u00e4 ja helppo puhdistaa, mik\u00e4 tekee tuolista erinomaisen valinnan ammattik\u00e4ytt\u00f6\u00f6n.<\/p>\n<p data-start=\"998\" data-end=\"1318\"><strong data-start=\"998\" data-end=\"1015\">Ominaisuudet:<\/strong><br data-start=\"1015\" data-end=\"1018\" \/>\u2022 S\u00e4hk\u00f6inen s\u00e4\u00e4t\u00f6 (3 moottoria)<br data-start=\"1049\" data-end=\"1052\" \/>\u2022 Ohjaus k\u00e4siohjaimella ja jalkakytkimell\u00e4<br data-start=\"1094\" data-end=\"1097\" \/>\u2022 S\u00e4\u00e4dett\u00e4viss\u00e4 makuuasentoon<br data-start=\"1126\" data-end=\"1129\" \/>\u2022 P\u00e4\u00e4tyosan aukko \u2013 sopii my\u00f6s hierontaan<br data-start=\"1170\" data-end=\"1173\" \/>\u2022 K\u00e4\u00e4nnett\u00e4v\u00e4t ja irrotettavat k\u00e4sinojat<br data-start=\"1213\" data-end=\"1216\" \/>\u2022 Pidennett\u00e4v\u00e4 jalkatuki (n. 17 cm)<br data-start=\"1251\" data-end=\"1254\" \/>\u2022 Vakaa ja kest\u00e4v\u00e4 rakenne<br data-start=\"1280\" data-end=\"1283\" \/>\u2022 Helppo puhdistaa ja desinfioida<\/p>\n<p data-start=\"1320\" data-end=\"1585\"><strong data-start=\"1320\" data-end=\"1340\">Tekniset tiedot:<\/strong><br data-start=\"1340\" data-end=\"1343\" \/>\u2022 Tyyppi: s\u00e4hk\u00f6inen kosmetiikkatuoli<br data-start=\"1379\" data-end=\"1382\" \/>\u2022 Moottoreiden m\u00e4\u00e4r\u00e4: 3<br data-start=\"1405\" data-end=\"1408\" \/>\u2022 Korkeus: 64\u201390 cm<br data-start=\"1427\" data-end=\"1430\" \/>\u2022 Ohjaus: johdollinen k\u00e4siohjain ja jalkakytkin<br data-start=\"1477\" data-end=\"1480\" \/>\u2022 Teho: 50 W<br data-start=\"1492\" data-end=\"1495\" \/>\u2022 J\u00e4nnite: 220\u2013240 V<br data-start=\"1515\" data-end=\"1518\" \/>\u2022 Verhoilu: synteettinen nahka<br data-start=\"1548\" data-end=\"1551\" \/>\u2022 T\u00e4yte: vaahto<br data-start=\"1566\" data-end=\"1569\" \/>\u2022 V\u00e4ri: harmaa<\/p>\n<p data-start=\"1587\" data-end=\"1694\" data-is-last-node=\"\" data-is-only-node=\"\"><strong data-start=\"1587\" data-end=\"1602\">Lis\u00e4tiedot:<\/strong><br data-start=\"1602\" data-end=\"1605\" \/>\u2022 Maksimikantavuus: n. 180 kg<br data-start=\"1634\" data-end=\"1637\" \/>\u2022 Sis\u00e4lt\u00e4\u00e4: tuoli, ohjain, virtal\u00e4hde, kaksi p\u00e4\u00e4tyyny\u00e4<\/p>\n","protected":false},"featured_media":41273,"comment_status":"open","ping_status":"closed","template":"","meta":{"_monsterinsights_skip_tracking":false,"_monsterinsights_sitenote_active":false,"_monsterinsights_sitenote_note":"","_monsterinsights_sitenote_category":0},"product_brand":[],"product_cat":[1601,1604],"product_tag":[],"class_list":{"0":"post-41703","1":"product","2":"type-product","3":"status-publish","4":"has-post-thumbnail","6":"product_cat-kauneushoitolan-kalusteet","7":"product_cat-asiakasvuoteet-ja-hoitotuolit","8":"pa_brand-azzurro","10":"first","11":"instock","12":"taxable","13":"shipping-taxable","14":"purchasable","15":"product-type-simple"},"_links":{"self":[{"href":"https:\/\/pomello.ee\/fi\/wp-json\/wp\/v2\/product\/41703","targetHints":{"allow":["GET"]}}],"collection":[{"href":"https:\/\/pomello.ee\/fi\/wp-json\/wp\/v2\/product"}],"about":[{"href":"https:\/\/pomello.ee\/fi\/wp-json\/wp\/v2\/types\/product"}],"replies":[{"embeddable":true,"href":"https:\/\/pomello.ee\/fi\/wp-json\/wp\/v2\/comments?post=41703"}],"wp:featuredmedia":[{"embeddable":true,"href":"https:\/\/pomello.ee\/fi\/wp-json\/wp\/v2\/media\/41273"}],"wp:attachment":[{"href":"https:\/\/pomello.ee\/fi\/wp-json\/wp\/v2\/media?parent=41703"}],"wp:term":[{"taxonomy":"product_brand","embeddable":true,"href":"https:\/\/pomello.ee\/fi\/wp-json\/wp\/v2\/product_brand?post=41703"},{"taxonomy":"product_cat","embeddable":true,"href":"https:\/\/pomello.ee\/fi\/wp-json\/wp\/v2\/product_cat?post=41703"},{"taxonomy":"product_tag","embeddable":true,"href":"https:\/\/pomello.ee\/fi\/wp-json\/wp\/v2\/product_tag?post=41703"}],"curies":[{"name":"wp","href":"https:\/\/api.w.org\/{rel}","templated":true}]}}