{"id":41704,"date":"2026-04-20T19:40:49","date_gmt":"2026-04-20T17:40:49","guid":{"rendered":"https:\/\/pomello.ee\/toode\/kosmetologin-asiakassanky-azzurro-708a-4-moottorilla-lammitetty\/"},"modified":"2026-04-20T19:40:49","modified_gmt":"2026-04-20T17:40:49","slug":"kosmetologin-asiakassanky-azzurro-708a-4-moottorilla-lammitetty","status":"publish","type":"product","link":"https:\/\/pomello.ee\/fi\/toode\/kosmetologin-asiakassanky-azzurro-708a-4-moottorilla-lammitetty\/","title":{"rendered":"Kosmetologin asiakass\u00e4nky Azzurro 708A 4 moottorilla l\u00e4mmitetty"},"content":{"rendered":"","protected":false},"excerpt":{"rendered":"<p data-start=\"0\" data-end=\"75\"><strong data-start=\"0\" data-end=\"75\">Kosmetiikkatuoli Azzurro 708A \u2013 4 moottoria, l\u00e4mmitys ja muistitoiminto<\/strong><\/p>\n<p data-start=\"77\" data-end=\"324\">Tutustu ammattik\u00e4ytt\u00f6\u00f6n suunniteltuun Azzurro 708A -kosmetiikkatuoliin, joka yhdist\u00e4\u00e4 mukavuuden, toimivuuden ja modernin teknologian. Se on erinomainen valinta kauneushoitoloihin ja SPA-tiloihin, joissa arvostetaan laatua ja sujuvaa ty\u00f6skentely\u00e4.<\/p>\n<p data-start=\"326\" data-end=\"545\">Nelj\u00e4 itsen\u00e4ist\u00e4 moottoria mahdollistavat tuolin tarkan s\u00e4\u00e4d\u00f6n \u2013 korkeutta, selk\u00e4nojaa, jalkatukea sek\u00e4 istuimen keinuasentoa voidaan muuttaa helposti. N\u00e4in ty\u00f6asento voidaan mukauttaa sek\u00e4 kasvo- ett\u00e4 vartalohoitoihin.<\/p>\n<p data-start=\"547\" data-end=\"778\">Tuolin erityisominaisuutena on integroitu l\u00e4mmitystoiminto, joka lis\u00e4\u00e4 asiakkaan mukavuutta erityisesti pidempien hoitojen aikana. Lis\u00e4ksi ohjaimessa on muistitoiminto, jonka avulla voit tallentaa jopa kolme eri ty\u00f6asentoa (P1\u2013P3).<\/p>\n<p data-start=\"780\" data-end=\"996\">S\u00e4\u00e4dett\u00e4v\u00e4 p\u00e4\u00e4ty, irrotettavat k\u00e4sinojat ja pidennett\u00e4v\u00e4 jalkatuki takaavat joustavuuden eri asiakkaille ja hoidoille. Laadukas ja helposti puhdistettava verhoilu tekee tuolista sopivan p\u00e4ivitt\u00e4iseen ammattik\u00e4ytt\u00f6\u00f6n.<\/p>\n<p data-start=\"998\" data-end=\"1288\"><strong data-start=\"998\" data-end=\"1015\">Ominaisuudet:<\/strong><br data-start=\"1015\" data-end=\"1018\" \/>\u2022 4 moottoria \u2013 tarkka ja sujuva s\u00e4\u00e4t\u00f6<br data-start=\"1056\" data-end=\"1059\" \/>\u2022 Istuimen l\u00e4mmitys (heated-toiminto)<br data-start=\"1096\" data-end=\"1099\" \/>\u2022 Muistitoiminto (P1\u2013P3)<br data-start=\"1123\" data-end=\"1126\" \/>\u2022 S\u00e4\u00e4dett\u00e4v\u00e4 keinuasento<br data-start=\"1150\" data-end=\"1153\" \/>\u2022 Sopii kasvo- ja vartalohoitoihin<br data-start=\"1187\" data-end=\"1190\" \/>\u2022 Helppo ohjaus kaukos\u00e4\u00e4timell\u00e4<br data-start=\"1221\" data-end=\"1224\" \/>\u2022 Vakaa ja kest\u00e4v\u00e4 rakenne<br data-start=\"1250\" data-end=\"1253\" \/>\u2022 Helppo puhdistaa ja desinfioida<\/p>\n<p data-start=\"1290\" data-end=\"1593\"><strong data-start=\"1290\" data-end=\"1310\">Tekniset tiedot:<\/strong><br data-start=\"1310\" data-end=\"1313\" \/>\u2022 Tyyppi: s\u00e4hk\u00f6inen kosmetiikkatuoli<br data-start=\"1349\" data-end=\"1352\" \/>\u2022 Moottoreiden m\u00e4\u00e4r\u00e4: 4<br data-start=\"1375\" data-end=\"1378\" \/>\u2022 Korkeus: 59\u201391 cm<br data-start=\"1397\" data-end=\"1400\" \/>\u2022 Istuimen leveys: 62 cm<br data-start=\"1424\" data-end=\"1427\" \/>\u2022 Leveys k\u00e4sinojien kanssa: 88 cm<br data-start=\"1460\" data-end=\"1463\" \/>\u2022 P\u00e4\u00e4tyosan leveys: 39 cm<br data-start=\"1488\" data-end=\"1491\" \/>\u2022 Ohjaus: kaukos\u00e4\u00e4din<br data-start=\"1512\" data-end=\"1515\" \/>\u2022 Toiminnot: keinuasento, l\u00e4mmitys, muistitoiminto<br data-start=\"1565\" data-end=\"1568\" \/>\u2022 Virtal\u00e4hde: 110\u2013240 V<\/p>\n<p data-start=\"1595\" data-end=\"1659\" data-is-last-node=\"\" data-is-only-node=\"\"><strong data-start=\"1595\" data-end=\"1610\">Lis\u00e4tiedot:<\/strong><br data-start=\"1610\" data-end=\"1613\" \/>\u2022 Paino: 70 kg<br data-start=\"1627\" data-end=\"1630\" \/>\u2022 Maksimikantavuus: 140 kg<\/p>\n","protected":false},"featured_media":41248,"comment_status":"open","ping_status":"closed","template":"","meta":{"_monsterinsights_skip_tracking":false,"_monsterinsights_sitenote_active":false,"_monsterinsights_sitenote_note":"","_monsterinsights_sitenote_category":0},"product_brand":[],"product_cat":[1601,1604],"product_tag":[],"class_list":{"0":"post-41704","1":"product","2":"type-product","3":"status-publish","4":"has-post-thumbnail","6":"product_cat-kauneushoitolan-kalusteet","7":"product_cat-asiakasvuoteet-ja-hoitotuolit","8":"pa_brand-azzurro","10":"first","11":"instock","12":"taxable","13":"shipping-taxable","14":"purchasable","15":"product-type-simple"},"_links":{"self":[{"href":"https:\/\/pomello.ee\/fi\/wp-json\/wp\/v2\/product\/41704","targetHints":{"allow":["GET"]}}],"collection":[{"href":"https:\/\/pomello.ee\/fi\/wp-json\/wp\/v2\/product"}],"about":[{"href":"https:\/\/pomello.ee\/fi\/wp-json\/wp\/v2\/types\/product"}],"replies":[{"embeddable":true,"href":"https:\/\/pomello.ee\/fi\/wp-json\/wp\/v2\/comments?post=41704"}],"wp:featuredmedia":[{"embeddable":true,"href":"https:\/\/pomello.ee\/fi\/wp-json\/wp\/v2\/media\/41248"}],"wp:attachment":[{"href":"https:\/\/pomello.ee\/fi\/wp-json\/wp\/v2\/media?parent=41704"}],"wp:term":[{"taxonomy":"product_brand","embeddable":true,"href":"https:\/\/pomello.ee\/fi\/wp-json\/wp\/v2\/product_brand?post=41704"},{"taxonomy":"product_cat","embeddable":true,"href":"https:\/\/pomello.ee\/fi\/wp-json\/wp\/v2\/product_cat?post=41704"},{"taxonomy":"product_tag","embeddable":true,"href":"https:\/\/pomello.ee\/fi\/wp-json\/wp\/v2\/product_tag?post=41704"}],"curies":[{"name":"wp","href":"https:\/\/api.w.org\/{rel}","templated":true}]}}