{"id":41705,"date":"2026-04-20T10:38:02","date_gmt":"2026-04-20T08:38:02","guid":{"rendered":"https:\/\/pomello.ee\/toode\/hydraulinen-jalkahoitotuoli-azzurro-713a\/"},"modified":"2026-04-20T10:38:02","modified_gmt":"2026-04-20T08:38:02","slug":"hydraulinen-jalkahoitotuoli-azzurro-713a","status":"publish","type":"product","link":"https:\/\/pomello.ee\/fi\/toode\/hydraulinen-jalkahoitotuoli-azzurro-713a\/","title":{"rendered":"Hydraulinen jalkahoitotuoli Azzurro 713a"},"content":{"rendered":"","protected":false},"excerpt":{"rendered":"<p data-start=\"0\" data-end=\"43\"><strong data-start=\"0\" data-end=\"43\">Hydraulinen pedikyyrituoli Azzurro 713A<\/strong><\/p>\n<p data-start=\"45\" data-end=\"270\">Azzurro 713A -pedikyyrituoli tarjoaa maksimaalista mukavuutta sek\u00e4 asiakkaalle ett\u00e4 tekij\u00e4lle. Se on suunniteltu p\u00e4ivitt\u00e4iseen ammattik\u00e4ytt\u00f6\u00f6n, tarjoten vakautta, kest\u00e4vyytt\u00e4 ja k\u00e4yt\u00e4nn\u00f6llisi\u00e4 ratkaisuja erilaisiin hoitoihin.<\/p>\n<p data-start=\"272\" data-end=\"498\">Yl\u00f6s nostettavat k\u00e4sinojat helpottavat tuoliin istumista, ja s\u00e4\u00e4dett\u00e4v\u00e4t jalkatuet mahdollistavat tuolin mukauttamisen yksil\u00f6llisten tarpeiden mukaan. Pehme\u00e4 ja kest\u00e4v\u00e4 verhoilu takaa mukavuuden my\u00f6s pidempien hoitojen aikana.<\/p>\n<p data-start=\"500\" data-end=\"758\">Tuoli on verhoiltu laadukkaalla PU\/PVC-keinonahalla, joka on miellytt\u00e4v\u00e4 koskettaa ja helppo puhdistaa. Tukeva ruostumattomasta ter\u00e4ksest\u00e4 valmistettu py\u00f6re\u00e4 jalusta yhdistettyn\u00e4 hydrauliseen korkeudens\u00e4\u00e4t\u00f6\u00f6n varmistaa sujuvan ty\u00f6skentelyn ja hyv\u00e4n vakauden.<\/p>\n<p data-start=\"760\" data-end=\"871\">Minimalistinen ja moderni muotoilu sopii erinomaisesti sek\u00e4 klassisiin ett\u00e4 nykyaikaisiin salonkiymp\u00e4rist\u00f6ihin.<\/p>\n<p data-start=\"873\" data-end=\"1124\"><strong data-start=\"873\" data-end=\"890\">Ominaisuudet:<\/strong><br data-start=\"890\" data-end=\"893\" \/>\u2022 Hydraulinen korkeudens\u00e4\u00e4t\u00f6<br data-start=\"921\" data-end=\"924\" \/>\u2022 Tukeva ja vakaa rakenne<br data-start=\"949\" data-end=\"952\" \/>\u2022 K\u00e4\u00e4nnett\u00e4v\u00e4t k\u00e4sinojat \u2013 helppo istuutua<br data-start=\"994\" data-end=\"997\" \/>\u2022 S\u00e4\u00e4dett\u00e4v\u00e4t jalkatuet<br data-start=\"1020\" data-end=\"1023\" \/>\u2022 Mukava ja kest\u00e4v\u00e4 verhoilu<br data-start=\"1051\" data-end=\"1054\" \/>\u2022 Helposti puhdistettava PU\/PVC-nahka<br data-start=\"1091\" data-end=\"1094\" \/>\u2022 Sopii erilaisiin hoitoihin<\/p>\n<p data-start=\"1126\" data-end=\"1421\"><strong data-start=\"1126\" data-end=\"1146\">Tekniset tiedot:<\/strong><br data-start=\"1146\" data-end=\"1149\" \/>\u2022 Istuimen leveys: 55 cm<br data-start=\"1173\" data-end=\"1176\" \/>\u2022 Leveys k\u00e4sinojien kanssa: 80 cm<br data-start=\"1209\" data-end=\"1212\" \/>\u2022 Istuimen pituus: 54 cm<br data-start=\"1236\" data-end=\"1239\" \/>\u2022 Selk\u00e4nojan pituus: 80 cm<br data-start=\"1265\" data-end=\"1268\" \/>\u2022 Jalkatuen pituus: 48 cm<br data-start=\"1293\" data-end=\"1296\" \/>\u2022 Korkeus: 56\u201370 cm<br data-start=\"1315\" data-end=\"1318\" \/>\u2022 Mekanismi: hydraulinen<br data-start=\"1342\" data-end=\"1345\" \/>\u2022 Jalusta: ruostumaton ter\u00e4s (py\u00f6re\u00e4)<br data-start=\"1382\" data-end=\"1385\" \/>\u2022 Verhoilumateriaali: PU\/PVC-nahka<\/p>\n<p data-start=\"1423\" data-end=\"1509\" data-is-last-node=\"\" data-is-only-node=\"\"><strong data-start=\"1423\" data-end=\"1438\">Lis\u00e4tiedot:<\/strong><br data-start=\"1438\" data-end=\"1441\" \/>\u2022 Paino: 56,5 kg<br data-start=\"1457\" data-end=\"1460\" \/>\u2022 Maksimikantavuus: 150 kg<\/p>\n","protected":false},"featured_media":41201,"comment_status":"open","ping_status":"closed","template":"","meta":{"_monsterinsights_skip_tracking":false,"_monsterinsights_sitenote_active":false,"_monsterinsights_sitenote_note":"","_monsterinsights_sitenote_category":0},"product_brand":[],"product_cat":[1601,1604],"product_tag":[],"class_list":{"0":"post-41705","1":"product","2":"type-product","3":"status-publish","4":"has-post-thumbnail","6":"product_cat-kauneushoitolan-kalusteet","7":"product_cat-asiakasvuoteet-ja-hoitotuolit","8":"pa_brand-azzurro","10":"first","11":"instock","12":"taxable","13":"shipping-taxable","14":"purchasable","15":"product-type-simple"},"_links":{"self":[{"href":"https:\/\/pomello.ee\/fi\/wp-json\/wp\/v2\/product\/41705","targetHints":{"allow":["GET"]}}],"collection":[{"href":"https:\/\/pomello.ee\/fi\/wp-json\/wp\/v2\/product"}],"about":[{"href":"https:\/\/pomello.ee\/fi\/wp-json\/wp\/v2\/types\/product"}],"replies":[{"embeddable":true,"href":"https:\/\/pomello.ee\/fi\/wp-json\/wp\/v2\/comments?post=41705"}],"wp:featuredmedia":[{"embeddable":true,"href":"https:\/\/pomello.ee\/fi\/wp-json\/wp\/v2\/media\/41201"}],"wp:attachment":[{"href":"https:\/\/pomello.ee\/fi\/wp-json\/wp\/v2\/media?parent=41705"}],"wp:term":[{"taxonomy":"product_brand","embeddable":true,"href":"https:\/\/pomello.ee\/fi\/wp-json\/wp\/v2\/product_brand?post=41705"},{"taxonomy":"product_cat","embeddable":true,"href":"https:\/\/pomello.ee\/fi\/wp-json\/wp\/v2\/product_cat?post=41705"},{"taxonomy":"product_tag","embeddable":true,"href":"https:\/\/pomello.ee\/fi\/wp-json\/wp\/v2\/product_tag?post=41705"}],"curies":[{"name":"wp","href":"https:\/\/api.w.org\/{rel}","templated":true}]}}