{"id":41709,"date":"2026-04-20T09:51:14","date_gmt":"2026-04-20T07:51:14","guid":{"rendered":"https:\/\/pomello.ee\/toode\/pedikyyrituoli-azzurro-708bs-pedi-pro\/"},"modified":"2026-04-20T09:51:14","modified_gmt":"2026-04-20T07:51:14","slug":"pedikyyrituoli-azzurro-708bs-pedi-pro","status":"publish","type":"product","link":"https:\/\/pomello.ee\/fi\/toode\/pedikyyrituoli-azzurro-708bs-pedi-pro\/","title":{"rendered":"Pedikyyrituoli Azzurro 708BS Pedi-Pro"},"content":{"rendered":"","protected":false},"excerpt":{"rendered":"<p data-start=\"0\" data-end=\"51\"><strong data-start=\"0\" data-end=\"51\">Pedikyyrituoli Azzurro 708BS Pedi-Pro Exclusive<\/strong><\/p>\n<p data-start=\"53\" data-end=\"392\">Azzurro 708BS Pedi-Pro Exclusive on ainutlaatuinen s\u00e4hk\u00f6inen kosmetiikkatuoli, joka on suunniteltu ammattik\u00e4ytt\u00f6\u00f6n kauneushoitoloissa ja SPA-tiloissa. Kolmen itsen\u00e4isen moottorin ansiosta tuolia voidaan s\u00e4\u00e4t\u00e4\u00e4 kolmessa tasossa sek\u00e4 kaukos\u00e4\u00e4timell\u00e4 ett\u00e4 jalkakytkimill\u00e4, mik\u00e4 tekee pedikyyri-, kasvo- ja vartalohoidoista sujuvia ja mukavia.<\/p>\n<p data-start=\"394\" data-end=\"650\">Tuolin etuna ovat ohjelmoitavat asetukset sek\u00e4 HOT-toiminto, joka tarjoaa istuinl\u00e4mmityksen ja lis\u00e4\u00e4 asiakkaan mukavuutta. Mallin tekee erityiseksi my\u00f6s perforoitu verhoilu sek\u00e4 alustan LED-valaistus, jotka luovat modernin ja ylellisen tunnelman salonkiin.<\/p>\n<p data-start=\"652\" data-end=\"824\">Azzurro 708BS on erinomainen valinta salongeille, jotka haluavat tarjota asiakkailleen maksimaalista mukavuutta ja erottua tyylikk\u00e4\u00e4ll\u00e4 sek\u00e4 innovatiivisella sisustuksella.<\/p>\n<p data-start=\"826\" data-end=\"1156\"><strong data-start=\"826\" data-end=\"843\">Ominaisuudet:<\/strong><br data-start=\"843\" data-end=\"846\" \/>\u2022 S\u00e4hk\u00f6inen s\u00e4\u00e4t\u00f6 (3 moottoria)<br data-start=\"877\" data-end=\"880\" \/>\u2022 Ohjaus kaukos\u00e4\u00e4timell\u00e4 ja jalkakytkimill\u00e4<br data-start=\"923\" data-end=\"926\" \/>\u2022 Tallennettavat ty\u00f6asennot (P1\u2013P3)<br data-start=\"961\" data-end=\"964\" data-is-only-node=\"\" \/>\u2022 Istuinl\u00e4mmitys (HOT-toiminto)<br data-start=\"995\" data-end=\"998\" \/>\u2022 LED-valaistus jalustassa<br data-start=\"1024\" data-end=\"1027\" \/>\u2022 Perforoitu, helposti puhdistettava verhoilu<br data-start=\"1072\" data-end=\"1075\" \/>\u2022 Sopii pedikyyri-, kasvo- ja vartalohoitoihin<br data-start=\"1121\" data-end=\"1124\" \/>\u2022 Maksimikantavuus jopa 200 kg<\/p>\n<p data-start=\"1158\" data-end=\"1337\" data-is-last-node=\"\" data-is-only-node=\"\"><strong data-start=\"1158\" data-end=\"1178\">Tekniset tiedot:<\/strong><br data-start=\"1178\" data-end=\"1181\" \/>\u2022 Moottoreiden m\u00e4\u00e4r\u00e4: 3<br data-start=\"1204\" data-end=\"1207\" \/>\u2022 Maksimikantavuus: 200 kg<br data-start=\"1233\" data-end=\"1236\" \/>\u2022 Tuloj\u00e4nnite: 220\u2013240 V, 50\/60 Hz<br data-start=\"1270\" data-end=\"1273\" data-is-only-node=\"\" \/>\u2022 L\u00e4ht\u00f6j\u00e4nnite: 24 V<br data-start=\"1293\" data-end=\"1296\" \/>\u2022 Ohjaus: kaukos\u00e4\u00e4din ja jalkakytkimet<\/p>\n","protected":false},"featured_media":41116,"comment_status":"open","ping_status":"closed","template":"","meta":{"_monsterinsights_skip_tracking":false,"_monsterinsights_sitenote_active":false,"_monsterinsights_sitenote_note":"","_monsterinsights_sitenote_category":0},"product_brand":[],"product_cat":[1601,1604],"product_tag":[],"class_list":{"0":"post-41709","1":"product","2":"type-product","3":"status-publish","4":"has-post-thumbnail","6":"product_cat-kauneushoitolan-kalusteet","7":"product_cat-asiakasvuoteet-ja-hoitotuolit","8":"pa_brand-azzurro","10":"first","11":"instock","12":"taxable","13":"shipping-taxable","14":"purchasable","15":"product-type-simple"},"_links":{"self":[{"href":"https:\/\/pomello.ee\/fi\/wp-json\/wp\/v2\/product\/41709","targetHints":{"allow":["GET"]}}],"collection":[{"href":"https:\/\/pomello.ee\/fi\/wp-json\/wp\/v2\/product"}],"about":[{"href":"https:\/\/pomello.ee\/fi\/wp-json\/wp\/v2\/types\/product"}],"replies":[{"embeddable":true,"href":"https:\/\/pomello.ee\/fi\/wp-json\/wp\/v2\/comments?post=41709"}],"wp:featuredmedia":[{"embeddable":true,"href":"https:\/\/pomello.ee\/fi\/wp-json\/wp\/v2\/media\/41116"}],"wp:attachment":[{"href":"https:\/\/pomello.ee\/fi\/wp-json\/wp\/v2\/media?parent=41709"}],"wp:term":[{"taxonomy":"product_brand","embeddable":true,"href":"https:\/\/pomello.ee\/fi\/wp-json\/wp\/v2\/product_brand?post=41709"},{"taxonomy":"product_cat","embeddable":true,"href":"https:\/\/pomello.ee\/fi\/wp-json\/wp\/v2\/product_cat?post=41709"},{"taxonomy":"product_tag","embeddable":true,"href":"https:\/\/pomello.ee\/fi\/wp-json\/wp\/v2\/product_tag?post=41709"}],"curies":[{"name":"wp","href":"https:\/\/api.w.org\/{rel}","templated":true}]}}