{"id":41710,"date":"2026-04-20T09:26:21","date_gmt":"2026-04-20T07:26:21","guid":{"rendered":"https:\/\/pomello.ee\/toode\/kosmetologin-asiakassanky-sillon-3-moottorilla\/"},"modified":"2026-04-20T09:26:21","modified_gmt":"2026-04-20T07:26:21","slug":"kosmetologin-asiakassanky-sillon-3-moottorilla","status":"publish","type":"product","link":"https:\/\/pomello.ee\/fi\/toode\/kosmetologin-asiakassanky-sillon-3-moottorilla\/","title":{"rendered":"Kosmetologin asiakass\u00e4nky SILLON 3 moottorilla"},"content":{"rendered":"<div class=\"flex flex-col text-sm pb-25\">\n<section class=\"text-token-text-primary w-full focus:outline-none [--shadow-height:45px] has-data-writing-block:pointer-events-none has-data-writing-block:-mt-(--shadow-height) has-data-writing-block:pt-(--shadow-height) [&amp;:has([data-writing-block])&gt;*]:pointer-events-auto scroll-mt-[calc(var(--header-height)+min(200px,max(70px,20svh)))]\" dir=\"auto\" data-turn-id=\"request-69e3aee5-b24c-83eb-a3a4-ca3857e0f4a2-11\" data-testid=\"conversation-turn-54\" data-scroll-anchor=\"true\" data-turn=\"assistant\">\n<div class=\"text-base my-auto mx-auto pb-10 [--thread-content-margin:var(--thread-content-margin-xs,calc(var(--spacing)*4))] @w-sm\/main:[--thread-content-margin:var(--thread-content-margin-sm,calc(var(--spacing)*6))] @w-lg\/main:[--thread-content-margin:var(--thread-content-margin-lg,calc(var(--spacing)*16))] px-(--thread-content-margin)\">\n<div class=\"[--thread-content-max-width:40rem] @w-lg\/main:[--thread-content-max-width:48rem] mx-auto max-w-(--thread-content-max-width) flex-1 group\/turn-messages focus-visible:outline-hidden relative flex w-full min-w-0 flex-col agent-turn\">\n<div class=\"flex max-w-full flex-col gap-4 grow\">\n<div class=\"min-h-8 text-message relative flex w-full flex-col items-end gap-2 text-start break-words whitespace-normal outline-none keyboard-focused:focus-ring [.text-message+&amp;]:mt-1\" dir=\"auto\" tabindex=\"0\" data-message-author-role=\"assistant\" data-message-id=\"9defaed5-77f9-48e5-ae46-b2ed1e138360\" data-message-model-slug=\"gpt-5-3\" data-turn-start-message=\"true\">\n<div class=\"flex w-full flex-col gap-1 empty:hidden\">\n<div class=\"markdown prose dark:prose-invert w-full wrap-break-word light markdown-new-styling\">\n<p data-start=\"0\" data-end=\"202\" data-is-last-node=\"\" data-is-only-node=\"\">Sillon-tuotemerkki luotiin vastauksena k\u00e4ytt\u00e4jien kasvaviin odotuksiin. Heid\u00e4n tuotevalikoimaansa kuuluu toiminnallisia kosmeettisia tuoleja, jotka erottuvat edukseen hyv\u00e4ll\u00e4 laadullaan ja samalla edullisella hinnallaan.<\/p>\n<\/div>\n<\/div>\n<\/div>\n<\/div>\n<div class=\"z-0 flex min-h-[46px] justify-start\"><\/div>\n<\/div>\n<\/div>\n<\/section>\n<\/div>\n<p><img decoding=\"async\" src=\"https:\/\/activeshop.com.pl\/media\/wysiwyg\/product\/153288\/EN_153288_2.jpg\" alt=\"\"><\/p>\n<p>Minimalismia ja toimivuutta<\/p>\n<p>Modernisti muotoiltu Sillon Eclipse -s\u00e4hk\u00f6kauneustuoli on varustettu kolmella moottorilla, joita ohjataan langallisella kaukos\u00e4\u00e4timell\u00e4. Intuitiivisen s\u00e4\u00e4d\u00f6n ansiosta tuolia voi s\u00e4\u00e4t\u00e4\u00e4 sujuvasti, joten erilaisten toimenpiteiden suorittaminen on helppoa ja mukavaa.<\/p>\n<p>Eclipse-sarjan tuoleille on ominaista yksinkertainen ja moderni muotoilu, mink\u00e4 ansiosta ne sopivat t\u00e4ydellisesti sek\u00e4 ammattimaisiin kauneushoitoloihin ett\u00e4 erikoisl\u00e4\u00e4k\u00e4rin vastaanotoille.<\/p>\n<p data-start=\"0\" data-end=\"31\"><img decoding=\"async\" src=\"https:\/\/activeshop.com.pl\/media\/wysiwyg\/product\/153288\/EN_153288_3.jpg\" alt=\"\"><\/p>\n<p>Ergonomia ja helppok\u00e4ytt\u00f6isyys<\/p>\n<p>Intuitiivisen kaukos\u00e4\u00e4timen avulla tuolia voidaan s\u00e4\u00e4t\u00e4\u00e4 kolmessa tasossa \u2013 korkeus, selk\u00e4noja ja jalkatuen kaltevuus. N\u00e4in tuoli voidaan s\u00e4\u00e4t\u00e4\u00e4 portaattomasti mukavaan makuuasentoon, mik\u00e4 varmistaa mukavan ty\u00f6skentelyn sek\u00e4 kasvo- ett\u00e4 vartalohoidoissa.<\/p>\n<p>Istuinkorkeutta voidaan s\u00e4\u00e4t\u00e4\u00e4 60 cm:n ja 80 cm:n v\u00e4lill\u00e4, mink\u00e4 ansiosta ty\u00f6skentelyasentoa voidaan s\u00e4\u00e4t\u00e4\u00e4 sek\u00e4 asiakkaan ett\u00e4 hoitajan pituuden mukaan. T\u00e4ysin ojennettuna tuoli ulottuu yli 2 metrin pituiseksi, mik\u00e4 tarjoaa mukavuutta my\u00f6s pidemmille k\u00e4ytt\u00e4jille.<\/p>\n<p>Lis\u00e4mukavuutta varten kaukos\u00e4\u00e4din voidaan ripustaa istuimen molemmilla puolilla oleviin pidikkeisiin, jotta se on aina k\u00e4den ulottuvilla ja k\u00e4tev\u00e4sti s\u00e4ilytett\u00e4viss\u00e4.<\/p>\n<p data-start=\"0\" data-end=\"31\"><img decoding=\"async\" src=\"https:\/\/activeshop.com.pl\/media\/wysiwyg\/product\/153288\/EN_153288_4.jpg\" alt=\"\"><\/p>\n<p>K\u00e4yt\u00e4nn\u00f6n ominaisuuksia<\/p>\n<p>20 cm pidennett\u00e4v\u00e4 niskatuki mahdollistaa tuolin s\u00e4\u00e4t\u00e4misen k\u00e4ytt\u00e4j\u00e4n pituuteen ja varmistaa vakaan tuen toimenpiteiden aikana.<\/p>\n<p>Liikkuvat, 180\u00b0 k\u00e4\u00e4ntyv\u00e4t k\u00e4sinojat helpottavat istumista tuolissa ja varmistavat k\u00e4tev\u00e4n p\u00e4\u00e4syn asiantuntijan luo. Ne voidaan my\u00f6s tarvittaessa irrottaa nopeasti ja helposti.<\/p>\n<p>N\u00e4m\u00e4 ratkaisut lis\u00e4\u00e4v\u00e4t k\u00e4ytt\u00f6mukavuutta ja tukevat ergonomista ty\u00f6organisaatiota.<\/p>\n<p><img decoding=\"async\" src=\"https:\/\/activeshop.com.pl\/media\/wysiwyg\/product\/153288\/EN_153288_5.jpg\" alt=\"\"><\/p>\n<div class=\"video-container\">\n<p>Futuristinen muotoilu<\/p>\n<p>Vakaa ja vahva jalusta takaa tuolin kest\u00e4vyyden, turvallisuuden ja mukavuuden jokap\u00e4iv\u00e4isess\u00e4 k\u00e4yt\u00f6ss\u00e4. Tuoli on t\u00e4ytetty vaahtomuovilla ja p\u00e4\u00e4llystetty elegantilla harmaalla keinonahalla \u2013 materiaali on miellytt\u00e4v\u00e4 koskettaa, kosteutta hylkiv\u00e4 ja helppo puhdistaa.<\/p>\n<p>Virtaviivainen muoto ja minimalistinen viimeistely antavat tuolille modernin ja esteettisen ulkon\u00e4\u00f6n, joka sopii t\u00e4ydellisesti sek\u00e4 klassiseen ett\u00e4 moderniin sisustukseen.<\/p>\n<p><iframe loading=\"lazy\" src=\"https:\/\/www.youtube.com\/embed\/85kcREt5cnU\" width=\"560\" height=\"315\" frameborder=\"0\" allowfullscreen=\"allowfullscreen\" data-mce-fragment=\"1\"><\/iframe><\/div>\n<p>Tuolin tarkat mitat n\u00e4kyv\u00e4t kuvassa.<br \/>\nSarja sis\u00e4lt\u00e4\u00e4: istuimen jalustalla, langallisen kaukos\u00e4\u00e4timen ja virtal\u00e4hteen.<\/p>\n<p>Tekniset tiedot:<br \/>\nTyyppi: s\u00e4hk\u00f6inen<br \/>\nMoottoreiden lukum\u00e4\u00e4r\u00e4: 3<br \/>\nV\u00e4ri: harmaan s\u00e4vyt<br \/>\nVerhoilumateriaali: keinonahka<br \/>\nIstuimen t\u00e4yte: vaahtomuovi<br \/>\nOhjaus: kaukos\u00e4\u00e4din<br \/>\nTeho: 200 W<br \/>\nJ\u00e4nnite: 220\u2013230 V<\/p>\n","protected":false},"excerpt":{"rendered":"<p data-start=\"0\" data-end=\"41\"><strong data-start=\"0\" data-end=\"41\">Kosmetiikkatuoli SILLON \u2013 3 moottoria<\/strong><\/p>\n<p data-start=\"43\" data-end=\"386\">SILLON 3 -moottorinen kosmetiikkatuoli on moderni ja minimalistinen s\u00e4hk\u00f6inen hoitotuoli, joka on suunniteltu ammattik\u00e4ytt\u00f6\u00f6n kauneushoitoloissa ja hoitoklinikoilla. Kolmen moottorin ansiosta tuolia voidaan s\u00e4\u00e4t\u00e4\u00e4 sujuvasti \u2013 korkeutta, selk\u00e4nojaa ja jalkatukea voidaan muuttaa helposti, mik\u00e4 takaa ergonomisen ty\u00f6asennon erilaisiin hoitoihin.<\/p>\n<p data-start=\"388\" data-end=\"641\">Tuoli voidaan s\u00e4\u00e4t\u00e4\u00e4 t\u00e4ysin makuuasentoon, joten se soveltuu erinomaisesti sek\u00e4 kasvo- ett\u00e4 vartalohoitoihin. Leve\u00e4 istuin, k\u00e4\u00e4nnett\u00e4v\u00e4t ja irrotettavat k\u00e4sinojat sek\u00e4 pidennett\u00e4v\u00e4 p\u00e4\u00e4ty tarjoavat maksimaalista mukavuutta my\u00f6s pidempien hoitojen aikana.<\/p>\n<p data-start=\"643\" data-end=\"889\">Laadukas synteettinen nahkaverhoilu on miellytt\u00e4v\u00e4 koskettaa, kosteutta hylkiv\u00e4 ja helppo puhdistaa, mik\u00e4 tekee tuolista sopivan p\u00e4ivitt\u00e4iseen ammattik\u00e4ytt\u00f6\u00f6n. Vakaa rakenne ja virtaviivainen muotoilu luovat modernin ja luotettavan kokonaisuuden.<\/p>\n<p data-start=\"891\" data-end=\"951\">\ud83d\udc49 Saatavilla kolmessa v\u00e4riss\u00e4: valkoinen, harmaa ja musta<\/p>\n<p data-start=\"953\" data-end=\"1348\"><strong data-start=\"953\" data-end=\"973\">Tekniset tiedot:<\/strong><br data-start=\"973\" data-end=\"976\" \/>\u2022 Tuotteen mitat: 1930 \u00d7 820 \u00d7 670\u2013870 mm<br data-start=\"1017\" data-end=\"1020\" \/>\u2022 Selk\u00e4nojan s\u00e4\u00e4t\u00f6kulma: jopa 85\u00b0<br data-start=\"1053\" data-end=\"1056\" \/>\u2022 Istuimen s\u00e4\u00e4t\u00f6kulma: jopa 12\u00b0<br data-start=\"1087\" data-end=\"1090\" \/>\u2022 Jalkatuen s\u00e4\u00e4t\u00f6kulma: jopa 90\u00b0<br data-start=\"1122\" data-end=\"1125\" \/>\u2022 Tyyppi: s\u00e4hk\u00f6inen<br data-start=\"1144\" data-end=\"1147\" \/>\u2022 Moottoreiden m\u00e4\u00e4r\u00e4: 3<br data-start=\"1170\" data-end=\"1173\" \/>\u2022 Ohjaus: johdollinen kaukos\u00e4\u00e4din<br data-start=\"1206\" data-end=\"1209\" \/>\u2022 Virtal\u00e4hde: AC 100\u2013120 V, 50\/60 Hz tai AC 220\u2013240 V, 50\/60 Hz<br data-start=\"1272\" data-end=\"1275\" \/>\u2022 Maksimiteho: 300 W<br data-start=\"1295\" data-end=\"1298\" \/>\u2022 Verhoilu: synteettinen nahka<br data-start=\"1328\" data-end=\"1331\" \/>\u2022 T\u00e4yte: vaahto<\/p>\n<p data-start=\"1350\" data-end=\"1524\" data-is-last-node=\"\" data-is-only-node=\"\"><strong data-start=\"1350\" data-end=\"1365\">Lis\u00e4tiedot:<\/strong><br data-start=\"1365\" data-end=\"1368\" \/>\u2022 Nettopaino: 96 kg<br data-start=\"1387\" data-end=\"1390\" \/>\u2022 Bruttopaino: 110 kg<br data-start=\"1411\" data-end=\"1414\" \/>\u2022 Maksimikantavuus: 140 kg<br data-start=\"1440\" data-end=\"1443\" \/>\u2022 Takuu: 12 kuukautta<br data-start=\"1464\" data-end=\"1467\" \/>\u2022 Sis\u00e4lt\u00e4\u00e4: istuin jalustalla, kaukos\u00e4\u00e4din, virtal\u00e4hde<\/p>\n","protected":false},"featured_media":41095,"comment_status":"open","ping_status":"closed","template":"","meta":{"_monsterinsights_skip_tracking":false,"_monsterinsights_sitenote_active":false,"_monsterinsights_sitenote_note":"","_monsterinsights_sitenote_category":0},"product_brand":[],"product_cat":[1601,1604],"product_tag":[],"class_list":{"0":"post-41710","1":"product","2":"type-product","3":"status-publish","4":"has-post-thumbnail","6":"product_cat-kauneushoitolan-kalusteet","7":"product_cat-asiakasvuoteet-ja-hoitotuolit","8":"pa_brand-sillon","9":"pa_varv-hall-fi","10":"pa_varv-must-fi","11":"pa_varv-valge-fi","13":"first","14":"instock","15":"taxable","16":"shipping-taxable","17":"purchasable","18":"product-type-variable"},"_links":{"self":[{"href":"https:\/\/pomello.ee\/fi\/wp-json\/wp\/v2\/product\/41710","targetHints":{"allow":["GET"]}}],"collection":[{"href":"https:\/\/pomello.ee\/fi\/wp-json\/wp\/v2\/product"}],"about":[{"href":"https:\/\/pomello.ee\/fi\/wp-json\/wp\/v2\/types\/product"}],"replies":[{"embeddable":true,"href":"https:\/\/pomello.ee\/fi\/wp-json\/wp\/v2\/comments?post=41710"}],"wp:featuredmedia":[{"embeddable":true,"href":"https:\/\/pomello.ee\/fi\/wp-json\/wp\/v2\/media\/41095"}],"wp:attachment":[{"href":"https:\/\/pomello.ee\/fi\/wp-json\/wp\/v2\/media?parent=41710"}],"wp:term":[{"taxonomy":"product_brand","embeddable":true,"href":"https:\/\/pomello.ee\/fi\/wp-json\/wp\/v2\/product_brand?post=41710"},{"taxonomy":"product_cat","embeddable":true,"href":"https:\/\/pomello.ee\/fi\/wp-json\/wp\/v2\/product_cat?post=41710"},{"taxonomy":"product_tag","embeddable":true,"href":"https:\/\/pomello.ee\/fi\/wp-json\/wp\/v2\/product_tag?post=41710"}],"curies":[{"name":"wp","href":"https:\/\/api.w.org\/{rel}","templated":true}]}}