{"id":41716,"date":"2026-04-20T08:36:15","date_gmt":"2026-04-20T06:36:15","guid":{"rendered":"https:\/\/pomello.ee\/toode\/kosmetologin-asiakassanky-azzurro-891-sahkokayttoinen-harmaa\/"},"modified":"2026-04-20T08:36:15","modified_gmt":"2026-04-20T06:36:15","slug":"kosmetologin-asiakassanky-azzurro-891-sahkokayttoinen-harmaa","status":"publish","type":"product","link":"https:\/\/pomello.ee\/fi\/toode\/kosmetologin-asiakassanky-azzurro-891-sahkokayttoinen-harmaa\/","title":{"rendered":"Kosmetologin asiakass\u00e4nky Azzurro 891 s\u00e4hk\u00f6k\u00e4ytt\u00f6inen harmaa"},"content":{"rendered":"<p>Toiminnallisten laitteiden yksinkertaisuus<\/p>\n<p>Azzurro 891 -s\u00e4hk\u00f6isess\u00e4 kosmeettisessa tuolissa on kolme moottoria, joita ohjataan langallisella kaukos\u00e4\u00e4timell\u00e4. Helppok\u00e4ytt\u00f6isyys ja kyky s\u00e4\u00e4t\u00e4\u00e4 tuolia yksil\u00f6llisiin tarpeisiin tekev\u00e4t erilaisten hoitojen suorittamisesta paljon k\u00e4tev\u00e4mp\u00e4\u00e4. Tuolille on ominaista vakaus, minimalistinen muotoilu ja monipuolisuus, mink\u00e4 ansiosta se sopii t\u00e4ydellisesti moniin erikoistoimistoihin.<\/p>\n<p><img decoding=\"async\" src=\"https:\/\/activeshop.com.pl\/media\/wysiwyg\/product\/148294\/EN_148294_2.jpg\" alt=\"\"><\/p>\n<p>Kaukos\u00e4\u00e4timen s\u00e4\u00e4t\u00f6<\/p>\n<p>Yksinkertaisen ja intuitiivisen kaukos\u00e4\u00e4timen avulla tuolia voidaan s\u00e4\u00e4t\u00e4\u00e4 sujuvasti kolmessa tasossa \u2013 istuimen korkeus, selk\u00e4noja ja jalkatuen kulmat ovat s\u00e4\u00e4dett\u00e4viss\u00e4. T\u00e4m\u00e4 mahdollistaa helpon oikean asennon s\u00e4\u00e4t\u00e4misen suoritettavan toimenpiteen mukaan, mik\u00e4 varmistaa mukavuuden sek\u00e4 asiakkaalle ett\u00e4 palveluntarjoajalle. S\u00e4\u00e4t\u00f6alue ja mitat mahdollistavat tuolin k\u00e4yt\u00f6n eri pituisille ihmisille ja sen mukauttamisen sek\u00e4 asiakkaan ett\u00e4 asiantuntijan tarpeisiin.<\/p>\n<p data-start=\"0\" data-end=\"31\"><img decoding=\"async\" src=\"https:\/\/activeshop.com.pl\/media\/wysiwyg\/product\/148294\/EN_148294_3.jpg\" alt=\"\"><\/p>\n<p>K\u00e4ytt\u00f6mukavuutta lis\u00e4\u00e4v\u00e4t ominaisuudet<\/p>\n<p>Istuinkorkeutta voi s\u00e4\u00e4t\u00e4\u00e4 61 cm:st\u00e4 92 cm:iin, ja t\u00e4ysin ojennettuna tuolin pituus on 190 cm. N\u00e4iden mittojen ansiosta laitetta voi k\u00e4ytt\u00e4\u00e4 mukavasti eri pituiset ihmiset ja se voidaan mukauttaa sek\u00e4 asiakkaan ett\u00e4 toimenpiteen suorittajan tarpeisiin. Istuimen molemmilla puolilla olevat pidikkeet mahdollistavat kaukos\u00e4\u00e4timen k\u00e4tev\u00e4n ripustamisen, jotta se on aina k\u00e4den ulottuvilla.<\/p>\n<p>Mukava istuin ja k\u00e4sinojat<\/p>\n<p>Leve\u00e4 istuin varmistaa mukavuuden my\u00f6s pidempien toimenpiteiden aikana. K\u00e4sinojat ovat liikuteltavissa \u2013 ne voidaan asettaa pystysuoraan asentoon tai k\u00e4\u00e4nt\u00e4\u00e4 180\u00b0, mik\u00e4 helpottaa tuolilla istumista ja tarjoaa k\u00e4tev\u00e4n p\u00e4\u00e4syn palveluntarjoajan luo. Tarvittaessa k\u00e4sinojat voidaan irrottaa helposti ja nopeasti.<\/p>\n<p><img decoding=\"async\" src=\"https:\/\/activeshop.com.pl\/media\/wysiwyg\/product\/148294\/EN_148294_4.jpg\" alt=\"\"><\/p>\n<p>Vaihtoehtoja sek\u00e4 kasvo- ett\u00e4 vartalohoitoihin<\/p>\n<p>Mahdollisuus s\u00e4\u00e4t\u00e4\u00e4 laite t\u00e4ysin makuuasentoon lis\u00e4\u00e4 merkitt\u00e4v\u00e4sti sen toimivuutta sek\u00e4 kasvo- ett\u00e4 vartalohoidoissa. T\u00e4m\u00e4 mahdollistaa erilaisten toimenpiteiden, kuten kosmeettisten hoitojen, fysioterapian ja tatuointien, mukavan suorittamisen. Jalkatukea voidaan pident\u00e4\u00e4 jopa 15 cm, mik\u00e4 auttaa mukauttamaan tuolia eri pituisille k\u00e4ytt\u00e4jille ja varmistaa vakaan tuen jaloille erilaisten toimenpiteiden aikana. K\u00e4ytetyt ratkaisut parantavat merkitt\u00e4v\u00e4sti sek\u00e4 k\u00e4ytt\u00f6mukavuutta ett\u00e4 ty\u00f6ergonomiaa.<\/p>\n<h2><img decoding=\"async\" style=\"color: #333333; font-size: 16px;\" src=\"https:\/\/activeshop.com.pl\/media\/wysiwyg\/product\/148294\/EN_148294_5.jpg\" alt=\"\"><\/h2>\n<div class=\"video-container\">\n<section class=\"text-token-text-primary w-full focus:outline-none [--shadow-height:45px] has-data-writing-block:pointer-events-none has-data-writing-block:-mt-(--shadow-height) has-data-writing-block:pt-(--shadow-height) [&amp;:has([data-writing-block])&gt;*]:pointer-events-auto scroll-mt-(--header-height)\" dir=\"auto\" style=\"caret-color: #000000; color: #000000; font-style: normal; font-variant-caps: normal; font-weight: 400; letter-spacing: normal; orphans: auto; text-align: start; text-indent: 0px; text-transform: none; white-space: normal; widows: auto; word-spacing: 0px; -webkit-text-stroke-width: 0px; text-decoration: none;\" data-turn-id=\"d3003e52-c58f-4f60-81b6-4d5c812e5bd0\" data-testid=\"conversation-turn-27\" data-scroll-anchor=\"false\" data-turn=\"user\"><\/section>\n<section class=\"text-token-text-primary w-full focus:outline-none [--shadow-height:45px] has-data-writing-block:pointer-events-none has-data-writing-block:-mt-(--shadow-height) has-data-writing-block:pt-(--shadow-height) [&amp;:has([data-writing-block])&gt;*]:pointer-events-auto scroll-mt-[calc(var(--header-height)+min(200px,max(70px,20svh)))]\" dir=\"auto\" style=\"caret-color: #000000; color: #000000; font-style: normal; font-variant-caps: normal; font-weight: 400; letter-spacing: normal; orphans: auto; text-align: start; text-indent: 0px; text-transform: none; white-space: normal; widows: auto; word-spacing: 0px; -webkit-text-stroke-width: 0px; text-decoration: none;\" data-turn-id=\"request-WEB:b9a0fd49-e8b6-4cc3-8520-03fac389eafa-13\" data-testid=\"conversation-turn-28\" data-scroll-anchor=\"true\" data-turn=\"assistant\">\n<div class=\"text-base my-auto mx-auto pb-10 [--thread-content-margin:var(--thread-content-margin-xs,calc(var(--spacing)*4))] @w-sm\/main:[--thread-content-margin:var(--thread-content-margin-sm,calc(var(--spacing)*6))] @w-lg\/main:[--thread-content-margin:var(--thread-content-margin-lg,calc(var(--spacing)*16))] px-(--thread-content-margin)\">\n<div class=\"[--thread-content-max-width:40rem] @w-lg\/main:[--thread-content-max-width:48rem] mx-auto max-w-(--thread-content-max-width) flex-1 group\/turn-messages focus-visible:outline-hidden relative flex w-full min-w-0 flex-col agent-turn\">\n<div class=\"flex max-w-full flex-col gap-4 grow\">\n<div class=\"min-h-8 text-message relative flex w-full flex-col items-end gap-2 text-start break-words whitespace-normal outline-none keyboard-focused:focus-ring [.text-message+&amp;]:mt-1\" dir=\"auto\" tabindex=\"0\" data-message-author-role=\"assistant\" data-message-id=\"b9e047c3-3ddd-4bbf-bbb6-53fb48cdea94\" data-message-model-slug=\"gpt-5-3\" data-turn-start-message=\"true\">\n<div class=\"flex w-full flex-col gap-1 empty:hidden\">\n<div class=\"markdown prose dark:prose-invert w-full wrap-break-word light markdown-new-styling\">\n<p>Minimalistinen kosmeettinen tuolimalli<\/p>\n<p>Tuoli on t\u00e4ytetty sopivan j\u00e4ykkyyden omaavalla vaahtomuovilla ja verhoiltu miellytt\u00e4v\u00e4n harmaan s\u00e4vyisell\u00e4 keinonahalla. Helposti puhdistettavan ja valikoituja desinfiointiaineita kest\u00e4v\u00e4n materiaalin ansiosta laite on mukava k\u00e4ytt\u00e4\u00e4, kosteutta hylkiv\u00e4 ja helppohoitoinen. Kest\u00e4v\u00e4st\u00e4 valkoisesta materiaalista valmistettu vahva jalusta varmistaa vakauden toimenpiteiden aikana. Huolellisesti viimeistellyt saumat antavat tuolille tyylikk\u00e4\u00e4n ilmeen ja tekev\u00e4t istuimesta ergonomisen.<\/p>\n<p>Tuolin tarkat mitat n\u00e4kyv\u00e4t kuvassa.<\/p>\n<p>Setti sis\u00e4lt\u00e4\u00e4: istuimen jalustalla, langallisen kaukos\u00e4\u00e4timen, virtal\u00e4hteen.<\/p>\n<p>Tekniset tiedot:<br \/>\nTyyppi: s\u00e4hk\u00f6inen<br \/>\nMoottoreiden lukum\u00e4\u00e4r\u00e4: 3<br \/>\nJalustan v\u00e4ri: valkoiset s\u00e4vyt<br \/>\nVerhoilun v\u00e4ri: harmaan s\u00e4vyt<br \/>\nVerhoilun materiaali: keinonahka<br \/>\nIstuimen t\u00e4yte: vaahtomuovi<br \/>\nOhjaus: langallinen kaukos\u00e4\u00e4din<br \/>\nTeho: 160 W<br \/>\nJ\u00e4nnite: 220\u2013240 V<\/p>\n<\/div>\n<\/div>\n<\/div>\n<\/div>\n<\/div>\n<\/div>\n<\/section>\n<\/div>\n","protected":false},"excerpt":{"rendered":"<p data-start=\"0\" data-end=\"46\"><strong data-start=\"0\" data-end=\"46\">Kosmetiikkatuoli Azzurro 891 \u2013 3 moottoria<\/strong><\/p>\n<p data-start=\"48\" data-end=\"297\">Azzurro 891 -kosmetiikkatuoli yhdist\u00e4\u00e4 mukavuuden, toimivuuden ja minimalistisen muotoilun. Kolmen moottorin ansiosta tuolia voidaan s\u00e4\u00e4t\u00e4\u00e4 sujuvasti \u2013 korkeutta sek\u00e4 selk\u00e4- ja jalkatukea voidaan muuttaa, jotta sopiva ty\u00f6asento l\u00f6ytyy eri hoitoihin.<\/p>\n<p data-start=\"299\" data-end=\"524\">Leve\u00e4 ja pehme\u00e4 istuin sek\u00e4 liikuteltavat k\u00e4sinojat tarjoavat asiakkaalle maksimaalista mukavuutta my\u00f6s pidempien hoitojen aikana. Tuoli voidaan s\u00e4\u00e4t\u00e4\u00e4 makuuasentoon, joten se soveltuu hyvin sek\u00e4 kasvo- ett\u00e4 vartalohoitoihin.<\/p>\n<p data-start=\"526\" data-end=\"767\">Kest\u00e4v\u00e4 ja helposti puhdistettava harmaan s\u00e4vyinen keinonahkaverhoilu sopii erinomaisesti ammattik\u00e4ytt\u00f6\u00f6n. Vakaa rakenne ja k\u00e4yt\u00e4nn\u00f6lliset ratkaisut tekev\u00e4t tuolista luotettavan valinnan kauneushoitoloihin, hieronta- ja fysioterapiatiloihin.<\/p>\n<p data-start=\"769\" data-end=\"1097\"><strong data-start=\"769\" data-end=\"789\">Tekniset tiedot:<\/strong><br data-start=\"789\" data-end=\"792\" \/>\u2022 Tyyppi: s\u00e4hk\u00f6inen<br data-start=\"811\" data-end=\"814\" \/>\u2022 Moottoreiden m\u00e4\u00e4r\u00e4: 3<br data-start=\"837\" data-end=\"840\" \/>\u2022 Ohjaus: johdollinen kaukos\u00e4\u00e4din<br data-start=\"873\" data-end=\"876\" data-is-only-node=\"\" \/>\u2022 Korkeus: 61\u201392 cm<br data-start=\"895\" data-end=\"898\" \/>\u2022 Maksimipituus: 190 cm<br data-start=\"921\" data-end=\"924\" \/>\u2022 Jalkatuen pidennys: jopa 15 cm<br data-start=\"956\" data-end=\"959\" \/>\u2022 Teho: 160 W<br data-start=\"972\" data-end=\"975\" \/>\u2022 J\u00e4nnite: 220\u2013240 V<br data-start=\"995\" data-end=\"998\" \/>\u2022 Verhoilu: synteettinen nahka<br data-start=\"1028\" data-end=\"1031\" \/>\u2022 T\u00e4yte: vaahto<br data-start=\"1046\" data-end=\"1049\" \/>\u2022 V\u00e4ri: harmaa (verhoilu), valkoinen (jalusta)<\/p>\n<p data-start=\"1099\" data-end=\"1230\" data-is-last-node=\"\" data-is-only-node=\"\"><strong data-start=\"1099\" data-end=\"1114\">Lis\u00e4tiedot:<\/strong><br data-start=\"1114\" data-end=\"1117\" \/>\u2022 Paino: noin 95 kg<br data-start=\"1136\" data-end=\"1139\" \/>\u2022 Maksimikantavuus: noin 180 kg<br data-start=\"1170\" data-end=\"1173\" \/>\u2022 Sis\u00e4lt\u00e4\u00e4: istuin jalustalla, kaukos\u00e4\u00e4din, virtal\u00e4hde<\/p>\n","protected":false},"featured_media":41023,"comment_status":"open","ping_status":"closed","template":"","meta":{"_monsterinsights_skip_tracking":false,"_monsterinsights_sitenote_active":false,"_monsterinsights_sitenote_note":"","_monsterinsights_sitenote_category":0},"product_brand":[],"product_cat":[1601,1604],"product_tag":[],"class_list":{"0":"post-41716","1":"product","2":"type-product","3":"status-publish","4":"has-post-thumbnail","6":"product_cat-kauneushoitolan-kalusteet","7":"product_cat-asiakasvuoteet-ja-hoitotuolit","8":"pa_brand-azzurro","10":"first","11":"instock","12":"taxable","13":"shipping-taxable","14":"purchasable","15":"product-type-simple"},"_links":{"self":[{"href":"https:\/\/pomello.ee\/fi\/wp-json\/wp\/v2\/product\/41716","targetHints":{"allow":["GET"]}}],"collection":[{"href":"https:\/\/pomello.ee\/fi\/wp-json\/wp\/v2\/product"}],"about":[{"href":"https:\/\/pomello.ee\/fi\/wp-json\/wp\/v2\/types\/product"}],"replies":[{"embeddable":true,"href":"https:\/\/pomello.ee\/fi\/wp-json\/wp\/v2\/comments?post=41716"}],"wp:featuredmedia":[{"embeddable":true,"href":"https:\/\/pomello.ee\/fi\/wp-json\/wp\/v2\/media\/41023"}],"wp:attachment":[{"href":"https:\/\/pomello.ee\/fi\/wp-json\/wp\/v2\/media?parent=41716"}],"wp:term":[{"taxonomy":"product_brand","embeddable":true,"href":"https:\/\/pomello.ee\/fi\/wp-json\/wp\/v2\/product_brand?post=41716"},{"taxonomy":"product_cat","embeddable":true,"href":"https:\/\/pomello.ee\/fi\/wp-json\/wp\/v2\/product_cat?post=41716"},{"taxonomy":"product_tag","embeddable":true,"href":"https:\/\/pomello.ee\/fi\/wp-json\/wp\/v2\/product_tag?post=41716"}],"curies":[{"name":"wp","href":"https:\/\/api.w.org\/{rel}","templated":true}]}}