{"id":41724,"date":"2026-03-24T10:53:56","date_gmt":"2026-03-24T08:53:56","guid":{"rendered":"https:\/\/pomello.ee\/toode\/elan-flex-lash-lift-liim-10ml\/"},"modified":"2026-03-24T10:53:56","modified_gmt":"2026-03-24T08:53:56","slug":"elan-flex-lash-lift-liim-10ml","status":"publish","type":"product","link":"https:\/\/pomello.ee\/fi\/toode\/elan-flex-lash-lift-liim-10ml\/","title":{"rendered":"ELAN Flex Lash Lift liim 10ml"},"content":{"rendered":"","protected":false},"excerpt":{"rendered":"<p>ELAN Flex Lash Lift on ammattimainen silikonipohjainen ripsien laminointiliima, joka on suunniteltu varmistamaan ripsien tarkka ja mukava asettaminen koko toimenpiteen ajan.<\/p>\n<p>Liima kiinnitt\u00e4\u00e4 ripset tukevasti silikonityynyihin toimenpiteen jokaisessa vaiheessa ja sopii k\u00e4ytett\u00e4v\u00e4ksi kaikille ripsityypeille &#8211; ohuille, vahvoille, luonnollisille ja v\u00e4rj\u00e4tyille ripsille. Joustavan koostumuksensa ansiosta liima ei kuivu liian nopeasti, joten ripsien asentoa voidaan tarvittaessa s\u00e4\u00e4t\u00e4\u00e4 aiheuttamatta ep\u00e4mukavuutta.<\/p>\n<p>FLEX auttaa ripsien ja laminoinnin asiantuntijoita saavuttamaan puhtaat ja ennustettavat tulokset varmistaen ripsien oikean suunnan ja tasaisen kaarevuuden.<\/p>\n<p>S\u00e4ilyvyys: 24 kuukautta<br \/>\nS\u00e4ilyvyys avaamisen j\u00e4lkeen: 6 kuukautta<\/p>\n<p>Valmistaja pid\u00e4tt\u00e4\u00e4 oikeuden muuttaa tuotteen koostumusta ja pakkausta.<\/p>\n","protected":false},"featured_media":40557,"comment_status":"open","ping_status":"closed","template":"","meta":{"_monsterinsights_skip_tracking":false,"_monsterinsights_sitenote_active":false,"_monsterinsights_sitenote_note":"","_monsterinsights_sitenote_category":0},"product_brand":[],"product_cat":[475,516,519],"product_tag":[],"class_list":{"0":"post-41724","1":"product","2":"type-product","3":"status-publish","4":"has-post-thumbnail","6":"product_cat-ripset","7":"product_cat-lash-lift-fi","8":"product_cat-liimat","9":"pa_brand-elan-fi","10":"pa_suurus-10-ml-fi","12":"first","13":"instock","14":"taxable","15":"shipping-taxable","16":"purchasable","17":"product-type-simple"},"_links":{"self":[{"href":"https:\/\/pomello.ee\/fi\/wp-json\/wp\/v2\/product\/41724","targetHints":{"allow":["GET"]}}],"collection":[{"href":"https:\/\/pomello.ee\/fi\/wp-json\/wp\/v2\/product"}],"about":[{"href":"https:\/\/pomello.ee\/fi\/wp-json\/wp\/v2\/types\/product"}],"replies":[{"embeddable":true,"href":"https:\/\/pomello.ee\/fi\/wp-json\/wp\/v2\/comments?post=41724"}],"wp:featuredmedia":[{"embeddable":true,"href":"https:\/\/pomello.ee\/fi\/wp-json\/wp\/v2\/media\/40557"}],"wp:attachment":[{"href":"https:\/\/pomello.ee\/fi\/wp-json\/wp\/v2\/media?parent=41724"}],"wp:term":[{"taxonomy":"product_brand","embeddable":true,"href":"https:\/\/pomello.ee\/fi\/wp-json\/wp\/v2\/product_brand?post=41724"},{"taxonomy":"product_cat","embeddable":true,"href":"https:\/\/pomello.ee\/fi\/wp-json\/wp\/v2\/product_cat?post=41724"},{"taxonomy":"product_tag","embeddable":true,"href":"https:\/\/pomello.ee\/fi\/wp-json\/wp\/v2\/product_tag?post=41724"}],"curies":[{"name":"wp","href":"https:\/\/api.w.org\/{rel}","templated":true}]}}