{"id":41726,"date":"2026-03-15T12:45:57","date_gmt":"2026-03-15T10:45:57","guid":{"rendered":"https:\/\/pomello.ee\/toode\/ultrasonic-cleaner-acd-4830-vol-3-0l-150w\/"},"modified":"2026-03-15T12:45:57","modified_gmt":"2026-03-15T10:45:57","slug":"ultrasonic-cleaner-acd-4830-vol-3-0l-150w","status":"publish","type":"product","link":"https:\/\/pomello.ee\/fi\/toode\/ultrasonic-cleaner-acd-4830-vol-3-0l-150w\/","title":{"rendered":"Ultrasonic Cleaner ACD-4830 vol. 3.0l 150w"},"content":{"rendered":"<p>Tekniset tiedot:<\/p>\n<p>materiaali: SUS304 ruostumaton ter\u00e4s<\/p>\n<p>aika-asetus: 1-30 min<\/p>\n<p>j\u00e4nnite: AC 220-240 V \/ 50 Hz<\/p>\n<p>taajuus: 35 kHz<\/p>\n<p>ultra\u00e4\u00e4niteho: 150 W<\/p>\n<p>tilavuus: 3,0 l<\/p>\n<p>laitteen mitat: 385 \u00d7 234 \u00d7 193 mm<\/p>\n<p>s\u00e4ili\u00f6n mitat: 250 \u00d7 170 \u00d7 70 mm<\/p>\n<p>paino: 3,6 kg<\/p>\n<p>kansi: kyll\u00e4<\/p>\n<p>l\u00e4mmitys: 40-60 \u00b0C<\/p>\n<p>tyhjennys: kyll\u00e4<\/p>\n","protected":false},"excerpt":{"rendered":"<p>Ultra\u00e4\u00e4nipesuri ACD-4830 tilavuus 3,0 l 150 W<\/p>\n<p>ADC-4830 on tehokas ultra\u00e4\u00e4nipesuri kosmeettisten ja hammasl\u00e4\u00e4ketieteellisten instrumenttien sek\u00e4 erilaisten tarvikkeiden puhdistukseen ja desinfiointiin. Laite soveltuu erityisesti mikrohiontak\u00e4rkien, jyrsint\u00e4k\u00e4rkien ja muiden ty\u00f6kalujen puhdistukseen.<\/p>\n<p>Ultra\u00e4\u00e4nitekniikka takaa eritt\u00e4in tehokkaan puhdistuksen my\u00f6s vaikeasti tavoitettavissa paikoissa vahingoittamatta mekaanisesti puhdistettavia esineit\u00e4. Laite soveltuu k\u00e4ytett\u00e4v\u00e4ksi sek\u00e4 kosmetiikan ett\u00e4 l\u00e4\u00e4ketieteen aloilla.<\/p>\n<p>Puhdistimessa on digitaalinen n\u00e4ytt\u00f6, korkealaatuinen muovikotelo ja SUS304-ruostumattomasta ter\u00e4ksest\u00e4 valmistettu s\u00e4ili\u00f6. Laitteessa on s\u00e4\u00e4dett\u00e4v\u00e4 k\u00e4ytt\u00f6aika 1\u201330 minuuttia, l\u00e4mmitystoiminto l\u00e4mp\u00f6tila-alueella 40\u201360 \u00b0C ja tyhjennys, mik\u00e4 tekee k\u00e4yt\u00f6st\u00e4 k\u00e4tev\u00e4mp\u00e4\u00e4.<\/p>\n<p>Tuotteen edut:<\/p>\n<p>sopii kosmeettisten ja hammasl\u00e4\u00e4ketieteellisten instrumenttien puhdistukseen<\/p>\n<p>tehokas puhdistus my\u00f6s vaikeasti tavoitettavissa paikoissa<\/p>\n<p>ei vahingoita puhdistettavia esineit\u00e4<\/p>\n<p>SUS304 ruostumattomasta ter\u00e4ksest\u00e4 valmistettu s\u00e4ili\u00f6<\/p>\n<p>digitaalinen n\u00e4ytt\u00f6<\/p>\n<p>s\u00e4\u00e4dett\u00e4v\u00e4 ty\u00f6aika 1-30 min<\/p>\n<p>l\u00e4mmitystoiminto 40-60 \u00b0C<\/p>\n<p>tyhjennys helpottaa k\u00e4ytt\u00f6\u00e4<\/p>\n<p>korkealaatuinen muovikotelo<\/p>\n","protected":false},"featured_media":40435,"comment_status":"open","ping_status":"closed","template":"","meta":{"_monsterinsights_skip_tracking":false,"_monsterinsights_sitenote_active":false,"_monsterinsights_sitenote_note":"","_monsterinsights_sitenote_category":0},"product_brand":[],"product_cat":[559,509,1601,557,1607],"product_tag":[],"class_list":{"0":"post-41726","1":"product","2":"type-product","3":"status-publish","4":"has-post-thumbnail","6":"product_cat-laitteita","7":"product_cat-hygienia","8":"product_cat-kauneushoitolan-kalusteet","9":"product_cat-desinfiointi","10":"product_cat-sterilointilaitteet","12":"first","13":"instock","14":"downloadable","15":"taxable","16":"shipping-taxable","17":"purchasable","18":"product-type-simple"},"_links":{"self":[{"href":"https:\/\/pomello.ee\/fi\/wp-json\/wp\/v2\/product\/41726","targetHints":{"allow":["GET"]}}],"collection":[{"href":"https:\/\/pomello.ee\/fi\/wp-json\/wp\/v2\/product"}],"about":[{"href":"https:\/\/pomello.ee\/fi\/wp-json\/wp\/v2\/types\/product"}],"replies":[{"embeddable":true,"href":"https:\/\/pomello.ee\/fi\/wp-json\/wp\/v2\/comments?post=41726"}],"wp:featuredmedia":[{"embeddable":true,"href":"https:\/\/pomello.ee\/fi\/wp-json\/wp\/v2\/media\/40435"}],"wp:attachment":[{"href":"https:\/\/pomello.ee\/fi\/wp-json\/wp\/v2\/media?parent=41726"}],"wp:term":[{"taxonomy":"product_brand","embeddable":true,"href":"https:\/\/pomello.ee\/fi\/wp-json\/wp\/v2\/product_brand?post=41726"},{"taxonomy":"product_cat","embeddable":true,"href":"https:\/\/pomello.ee\/fi\/wp-json\/wp\/v2\/product_cat?post=41726"},{"taxonomy":"product_tag","embeddable":true,"href":"https:\/\/pomello.ee\/fi\/wp-json\/wp\/v2\/product_tag?post=41726"}],"curies":[{"name":"wp","href":"https:\/\/api.w.org\/{rel}","templated":true}]}}