{"id":41727,"date":"2026-03-15T12:33:18","date_gmt":"2026-03-15T10:33:18","guid":{"rendered":"https:\/\/pomello.ee\/toode\/ultrasonic-cleaner-denson-uc-002\/"},"modified":"2026-03-15T12:33:18","modified_gmt":"2026-03-15T10:33:18","slug":"ultrasonic-cleaner-denson-uc-002","status":"publish","type":"product","link":"https:\/\/pomello.ee\/fi\/toode\/ultrasonic-cleaner-denson-uc-002\/","title":{"rendered":"Ultrasonic Cleaner Denson UC-002"},"content":{"rendered":"<p>Tekniset tiedot:<\/p>\n<p>J\u00e4nnite: 220\u2013240 V \/ 50\u201360 Hz<\/p>\n<p>Teho: 100 W<\/p>\n<p>Ultra\u00e4\u00e4nitaajuus: 40 000 Hz<\/p>\n<p>Ultra\u00e4\u00e4niteho: 64 W<\/p>\n<p>Tilavuus: 2,5 L<\/p>\n<p>S\u00e4ili\u00f6n mitat: 240 \u00d7 140 \u00d7 70 mm<\/p>\n<p>Laitteen mitat: 280 \u00d7 210 \u00d7 160 mm<\/p>\n<p>Pakkauksen mitat: 340 \u00d7 255 \u00d7 225 mm<\/p>\n<p>Aikajaksot: 90 s, 180 s, 280 s, 380 s, 480 s<\/p>\n<p>Nestel\u00e4mmitys: kyll\u00e4<\/p>\n<p>Laitteen paino: 2,5 kg<\/p>\n<p>Paino pakkauksen kanssa: 3,0 kg<\/p>\n<p>Pakkaus sis\u00e4lt\u00e4\u00e4:<\/p>\n<p>laitteen<\/p>\n<p>muovikorin<\/p>\n<p>laitteen kannen<\/p>\n<p>virtajohdon<\/p>\n<p>k\u00e4ytt\u00f6ohjeen<\/p>\n","protected":false},"excerpt":{"rendered":"<p>Ultra\u00e4\u00e4nipesuri Denson UC-002 2,5 L<\/p>\n<p>Denson UC-002 on korkealaatuinen ja helppok\u00e4ytt\u00f6inen ultra\u00e4\u00e4nipesuri, joka sopii kosmeettisten ja hammasl\u00e4\u00e4ketieteellisten instrumenttien sek\u00e4 erilaisten tarvikkeiden tehokkaaseen puhdistukseen. Laite poistaa lian my\u00f6s vaikeasti tavoitettavista paikoista vahingoittamatta puhdistettavia esineit\u00e4.<\/p>\n<p>Ultra\u00e4\u00e4nipesuri sopii erinomaisesti esimerkiksi mikrohionta- ja jyrsint\u00e4suuttimien sek\u00e4 muiden ty\u00f6kalujen puhdistukseen. Ruostumattomasta ter\u00e4ksest\u00e4 valmistettu s\u00e4ili\u00f6 ja nesteenl\u00e4mmitystoiminto varmistavat entist\u00e4 tehokkaammat puhdistustulokset.<\/p>\n<p>Laitteessa on digitaalinen n\u00e4ytt\u00f6 ja 5 puhdistussykli\u00e4: 90 s, 180 s, 280 s, 380 s ja 480 s.<\/p>\n<p>Tuotteen edut:<\/p>\n<p>helppo ja k\u00e4tev\u00e4 k\u00e4ytt\u00e4\u00e4<\/p>\n<p>tehokas puhdistus my\u00f6s vaikeasti tavoitettavissa paikoissa<\/p>\n<p>ei vahingoita puhdistettavia esineit\u00e4<\/p>\n<p>sopii kosmeettisille ja hammasl\u00e4\u00e4ketieteellisille instrumenteille<\/p>\n<p>ruostumattomasta ter\u00e4ksest\u00e4 valmistettu s\u00e4ili\u00f6<\/p>\n<p>nesteenl\u00e4mmitystoiminto<\/p>\n<p>digitaalinen n\u00e4ytt\u00f6<\/p>\n","protected":false},"featured_media":40409,"comment_status":"open","ping_status":"closed","template":"","meta":{"_monsterinsights_skip_tracking":false,"_monsterinsights_sitenote_active":false,"_monsterinsights_sitenote_note":"","_monsterinsights_sitenote_category":0},"product_brand":[],"product_cat":[559,509,1601,557,1607],"product_tag":[],"class_list":{"0":"post-41727","1":"product","2":"type-product","3":"status-publish","4":"has-post-thumbnail","6":"product_cat-laitteita","7":"product_cat-hygienia","8":"product_cat-kauneushoitolan-kalusteet","9":"product_cat-desinfiointi","10":"product_cat-sterilointilaitteet","12":"first","13":"instock","14":"downloadable","15":"taxable","16":"shipping-taxable","17":"purchasable","18":"product-type-simple"},"_links":{"self":[{"href":"https:\/\/pomello.ee\/fi\/wp-json\/wp\/v2\/product\/41727","targetHints":{"allow":["GET"]}}],"collection":[{"href":"https:\/\/pomello.ee\/fi\/wp-json\/wp\/v2\/product"}],"about":[{"href":"https:\/\/pomello.ee\/fi\/wp-json\/wp\/v2\/types\/product"}],"replies":[{"embeddable":true,"href":"https:\/\/pomello.ee\/fi\/wp-json\/wp\/v2\/comments?post=41727"}],"wp:featuredmedia":[{"embeddable":true,"href":"https:\/\/pomello.ee\/fi\/wp-json\/wp\/v2\/media\/40409"}],"wp:attachment":[{"href":"https:\/\/pomello.ee\/fi\/wp-json\/wp\/v2\/media?parent=41727"}],"wp:term":[{"taxonomy":"product_brand","embeddable":true,"href":"https:\/\/pomello.ee\/fi\/wp-json\/wp\/v2\/product_brand?post=41727"},{"taxonomy":"product_cat","embeddable":true,"href":"https:\/\/pomello.ee\/fi\/wp-json\/wp\/v2\/product_cat?post=41727"},{"taxonomy":"product_tag","embeddable":true,"href":"https:\/\/pomello.ee\/fi\/wp-json\/wp\/v2\/product_tag?post=41727"}],"curies":[{"name":"wp","href":"https:\/\/api.w.org\/{rel}","templated":true}]}}