{"id":41728,"date":"2026-03-08T19:59:19","date_gmt":"2026-03-08T17:59:19","guid":{"rendered":"https:\/\/pomello.ee\/toode\/iwax-duo-vahalammitin-kahdelle-patruunalle\/"},"modified":"2026-03-08T19:59:19","modified_gmt":"2026-03-08T17:59:19","slug":"iwax-duo-vahalammitin-kahdelle-patruunalle","status":"publish","type":"product","link":"https:\/\/pomello.ee\/fi\/toode\/iwax-duo-vahalammitin-kahdelle-patruunalle\/","title":{"rendered":"iWax Duo -vahal\u00e4mmitin kahdelle patruunalle"},"content":{"rendered":"","protected":false},"excerpt":{"rendered":"<p>iWax Duo Wax \u2013 vahal\u00e4mmitin kahdelle patruunalle<\/p>\n<p>Duo Wax on k\u00e4yt\u00e4nn\u00f6llinen ja luotettava laite karvanpoistovahapatruunoiden l\u00e4mmitt\u00e4miseen. Laite on suunniteltu ammattik\u00e4ytt\u00f6\u00f6n kauneushoitoloissa, ja se tarjoaa k\u00e4tev\u00e4n ja nopean ratkaisun vahan l\u00e4mmitt\u00e4miseen. Lyhyt l\u00e4mmitysaika auttaa pit\u00e4m\u00e4\u00e4n ty\u00f6n sujuvana ja mahdollistaa kahden vahapatruunan k\u00e4yt\u00f6n samanaikaisesti.<\/p>\n<p>Vahal\u00e4mmitin on turvallinen ja helppok\u00e4ytt\u00f6inen, ja se sopii sek\u00e4 kokeneille kosmetologeille ett\u00e4 aloitteleville asiantuntijoille.<\/p>\n<p>Pakkaus sis\u00e4lt\u00e4\u00e4:<\/p>\n<p>jalustan<\/p>\n<p>2 vahal\u00e4mmitint\u00e4<\/p>\n<p>virtajohdon<\/p>\n<p>k\u00e4ytt\u00f6ohjeen<\/p>\n<p>takuun<\/p>\n<p>Tekniset tiedot:<\/p>\n<p>Merkki: Activ<\/p>\n<p>J\u00e4nnite: AC 230 V \/ 60 Hz<\/p>\n<p>Teho: 2 \u00d7 40 W<\/p>\n<p>L\u00e4mmittimen paino: 0,17 kg<\/p>\n<p>Jalustan paino: 0,41 kg<\/p>\n<p>Jalustan mitat: 180 \u00d7 130 \u00d7 100 mm<\/p>\n<p>L\u00e4mmittimen mitat: 180 \u00d7 65 \u00d7 40 mm<\/p>\n<p>Pakkauksen mitat: 21 \u00d7 17 \u00d7 22 cm<\/p>\n<p>Paino pakkauksen kanssa: 1 kg<\/p>\n<p>Pakkausten lukum\u00e4\u00e4r\u00e4: 1<\/p>\n<p>Ihanteellinen ty\u00f6kalu kosmetologille, joka haluaa tehd\u00e4 karvanpoistosta nopeaa, k\u00e4tev\u00e4\u00e4 ja tehokasta.<\/p>\n","protected":false},"featured_media":40254,"comment_status":"open","ping_status":"closed","template":"","meta":{"_monsterinsights_skip_tracking":false,"_monsterinsights_sitenote_active":false,"_monsterinsights_sitenote_note":"","_monsterinsights_sitenote_category":0},"product_brand":[],"product_cat":[507,559,540,925],"product_tag":[],"class_list":{"0":"post-41728","1":"product","2":"type-product","3":"status-publish","4":"has-post-thumbnail","6":"product_cat-karvanpoisto","7":"product_cat-laitteita","8":"product_cat-tarvikkeet","9":"product_cat-vahan-lammittajat","10":"pa_brand-iwax-fi","12":"first","13":"instock","14":"taxable","15":"shipping-taxable","16":"purchasable","17":"product-type-simple"},"_links":{"self":[{"href":"https:\/\/pomello.ee\/fi\/wp-json\/wp\/v2\/product\/41728","targetHints":{"allow":["GET"]}}],"collection":[{"href":"https:\/\/pomello.ee\/fi\/wp-json\/wp\/v2\/product"}],"about":[{"href":"https:\/\/pomello.ee\/fi\/wp-json\/wp\/v2\/types\/product"}],"replies":[{"embeddable":true,"href":"https:\/\/pomello.ee\/fi\/wp-json\/wp\/v2\/comments?post=41728"}],"wp:featuredmedia":[{"embeddable":true,"href":"https:\/\/pomello.ee\/fi\/wp-json\/wp\/v2\/media\/40254"}],"wp:attachment":[{"href":"https:\/\/pomello.ee\/fi\/wp-json\/wp\/v2\/media?parent=41728"}],"wp:term":[{"taxonomy":"product_brand","embeddable":true,"href":"https:\/\/pomello.ee\/fi\/wp-json\/wp\/v2\/product_brand?post=41728"},{"taxonomy":"product_cat","embeddable":true,"href":"https:\/\/pomello.ee\/fi\/wp-json\/wp\/v2\/product_cat?post=41728"},{"taxonomy":"product_tag","embeddable":true,"href":"https:\/\/pomello.ee\/fi\/wp-json\/wp\/v2\/product_tag?post=41728"}],"curies":[{"name":"wp","href":"https:\/\/api.w.org\/{rel}","templated":true}]}}