{"id":41729,"date":"2026-03-08T19:48:20","date_gmt":"2026-03-08T17:48:20","guid":{"rendered":"https:\/\/pomello.ee\/toode\/iwax-lux-vahasoojendaja-500ml\/"},"modified":"2026-03-08T19:48:20","modified_gmt":"2026-03-08T17:48:20","slug":"iwax-lux-vahasoojendaja-500ml","status":"publish","type":"product","link":"https:\/\/pomello.ee\/fi\/toode\/iwax-lux-vahasoojendaja-500ml\/","title":{"rendered":"iWax LUX Vahasoojendaja 500ml"},"content":{"rendered":"<picture class=\"mfwebp\"><img decoding=\"async\" src=\"https:\/\/activeshop.com.pl\/media\/wysiwyg\/product\/125145\/EN_125145_01.jpg\" data-webpconverted=\"1\" alt=\"\">iWAX-tuotemerkki pyrkii tarjoamaan monitoimisia ty\u00f6kaluja kosmeettiseen vahaukseen ja parafiinihoitoihin, kuten huippuluokan karvanpoistovahan l\u00e4mmittimi\u00e4. Se keskittyy mielenkiintoiseen muotoiluun, tuotteen monipuolisuuteen ja helppok\u00e4ytt\u00f6isyyteen, mink\u00e4 ansiosta iWAX-tuotelinja on suunnattu sek\u00e4 ammatti- ett\u00e4 kotik\u00e4ytt\u00f6\u00f6n.<\/picture>\n<picture class=\"mfwebp\"><source srcset=\"https:\/\/activeshop.com.pl\/media\/mf_webp\/jpg\/media\/wysiwyg\/product\/125145\/EN_125145_02.webp\" type=\"image\/webp\" \/><img decoding=\"async\" src=\"https:\/\/activeshop.com.pl\/media\/wysiwyg\/product\/125145\/EN_125145_02.jpg\" data-webpconverted=\"1\" alt=\"\"><\/picture>\n<p>Yleisk\u00e4ytt\u00f6inen purkki ja kovan vahan l\u00e4mmitin<\/p>\n<p>iWax-vahanl\u00e4mmittimen avulla voit valmistaa vahan karvanpoistoa varten oikein ja nopeasti. Se on suunniteltu 500 ml:n purkeille ja koville vahoille ja tarjoaa mukavuutta ja vapautta valita epilointimenetelm\u00e4n. Korkealaatuinen muovikotelo on helppo puhdistaa, ja l\u00e4pin\u00e4kyv\u00e4n kannen ansiosta voit seurata sulamisprosessia milloin tahansa.<\/p>\n<p>Tarkka l\u00e4mp\u00f6tilan ja k\u00e4ytt\u00f6ajan s\u00e4\u00e4t\u00f6<\/p>\n<p>L\u00e4mp\u00f6tila ja k\u00e4ytt\u00f6aika voidaan asettaa intuitiivisilla toimintopainikkeilla, joiden avulla voit s\u00e4\u00e4t\u00e4\u00e4 asetuksia tarkasti k\u00e4ytett\u00e4v\u00e4n hoitomenetelm\u00e4n ja vahan tyypin mukaan. L\u00e4mp\u00f6tilan s\u00e4\u00e4t\u00f6alue 35 \u00b0C &#8211; 125 \u00b0C mahdollistaa l\u00e4mmityksen voimakkuuden s\u00e4\u00e4t\u00e4misen tarkasti vahan tyypin ja hoitomenetelm\u00e4n mukaan. Laite sopii sek\u00e4 ammattik\u00e4ytt\u00f6\u00f6n ett\u00e4 p\u00e4ivitt\u00e4iseen salonkik\u00e4ytt\u00f6\u00f6n.<\/p>\n<p><img decoding=\"async\" src=\"https:\/\/activeshop.com.pl\/media\/wysiwyg\/product\/125145\/EN_125145_03.jpg\" data-webpconverted=\"1\" alt=\"\"><\/p>\n<p>Moderni n\u00e4ytt\u00f6 ja k\u00e4yt\u00e4nn\u00f6lliset ty\u00f6kalut<\/p>\n<p>Helppolukuinen n\u00e4ytt\u00f6 n\u00e4ytt\u00e4\u00e4 kaikki parametrit reaaliajassa, joten asetusten seuranta ja laitteen k\u00e4ytt\u00f6 on helppoa. L\u00e4mmitin k\u00e4ynnistyy yhdell\u00e4 painikkeen painalluksella, johon kuuluu lyhyt \u00e4\u00e4nimerkki. Uudelleen painaminen sammuttaa laitteen, jolloin kuuluu kolme vahvistus\u00e4\u00e4nt\u00e4. \u00c4\u00e4nimerkki kuuluu my\u00f6s joka kerta, kun asetuksia muutetaan, mik\u00e4 tarjoaa t\u00e4yden hallinnan laitteen toimintaan. Alumiinis\u00e4ili\u00f6 mukavalla kahvalla helpottaa laitteen huoltoa ja lis\u00e4\u00e4 p\u00e4ivitt\u00e4isen k\u00e4yt\u00f6n mukavuutta.<\/p>\n<p><img decoding=\"async\" src=\"https:\/\/activeshop.com.pl\/media\/wysiwyg\/product\/125145\/EN_125145_04.jpg\" data-webpconverted=\"1\" alt=\"\"><\/p>\n<p>K\u00e4yt\u00e4nn\u00f6n ratkaisuja<\/p>\n<p>Minimalistinen ja moderni omenanmuotoinen muoto antaa laitteelle ainutlaatuisen luonteen, ja kompaktit mitat tekev\u00e4t siit\u00e4 kauniin lis\u00e4n mihin tahansa kauneushoitolaan. L\u00e4mmitin on valmistettu kest\u00e4v\u00e4st\u00e4 muovista eleganteissa valkoisissa s\u00e4vyiss\u00e4, jotka ovat kest\u00e4vi\u00e4 ja helppoja puhdistaa. L\u00e4pin\u00e4kyv\u00e4n kannen avulla voit seurata vahan sulamisprosessia, ja kannen pienet rei\u00e4t toimivat tuuletusaukkoina, jotka suojaavat laitetta ylikuumenemiselta. Vakaa muotoilu ja liukumattomat jalat takaavat turvallisen asennon ja turvallisuuden ja mukavuuden k\u00e4yt\u00f6n aikana.<\/p>\n<p>Kuinka puhdistaa vahanl\u00e4mmitin?<\/p>\n<p>1) \u00c4l\u00e4 k\u00e4yt\u00e4 liuottimia tai vahvoja pesuaineita.<\/p>\n<p>2) Irrota laite aina pistorasiasta ennen puhdistamista.<\/p>\n<p>3) \u00c4l\u00e4 upota laitetta veteen.<\/p>\n<p>4) \u00c4l\u00e4 k\u00e4yt\u00e4 ter\u00e4vi\u00e4 ty\u00f6kaluja j\u00e4\u00e4mien poistamiseen.<\/p>\n<p>5. K\u00e4yt\u00e4 puhdistukseen erityist\u00e4 vahaj\u00e4\u00e4mien poistoainetta.<\/p>\n<p>Mukana: l\u00e4mmitin, virtajohto, kahvallinen vahas\u00e4ili\u00f6, kansi.<\/p>\n<p>Tekniset tiedot:<br \/>\nTeho: 100 W<br \/>\nTilavuus: 500 ml<br \/>\nL\u00e4mp\u00f6tilan s\u00e4\u00e4t\u00f6: 35\u2013125 \u00b0C<br \/>\nAjan s\u00e4\u00e4t\u00f6: 1\u201399 min<br \/>\nTuloj\u00e4nnite: 220\u2013240 V<br \/>\nVirtajohdon pituus: 140 cm<br \/>\nMitat: 20,2 x 20,2 x 18,8 cm<\/p>\n","protected":false},"excerpt":{"rendered":"<p>iWax Lux -vahal\u00e4mmitin \u2013 moderni vahal\u00e4mmitin ammattilaisille<\/p>\n<p>Tutustu iWax Lux -elektroniseen vahal\u00e4mmittimeemme, joka yhdist\u00e4\u00e4 tyylikk\u00e4\u00e4n ulkon\u00e4\u00f6n k\u00e4yt\u00e4nn\u00f6llisyyteen. T\u00e4m\u00e4 moderni laite on suunniteltu kosmetologeille, jotka arvostavat luotettavuutta, mukavuutta ja n\u00e4ytt\u00e4v\u00e4\u00e4 muotoilua.<\/p>\n<p>\u2022 Elektroninen l\u00e4mp\u00f6tilan s\u00e4\u00e4t\u00f6 \u2013 varmistaa tasaisen ja tarkan l\u00e4mm\u00f6n<br \/>\n\u2022 Tilaa jopa 500 ml vahaa \u2013 ihanteellinen jokap\u00e4iv\u00e4iseen k\u00e4ytt\u00f6\u00f6n salongissa<br \/>\n\u2022 Silmiinpist\u00e4v\u00e4 ja moderni muotoilu \u2013 sopii kauniisti mihin tahansa ty\u00f6tilaan<br \/>\n\u2022 Helppok\u00e4ytt\u00f6inen ja helppo puhdistaa<\/p>\n","protected":false},"featured_media":40227,"comment_status":"open","ping_status":"closed","template":"","meta":{"_monsterinsights_skip_tracking":false,"_monsterinsights_sitenote_active":false,"_monsterinsights_sitenote_note":"","_monsterinsights_sitenote_category":0},"product_brand":[],"product_cat":[540,507,559,925],"product_tag":[],"class_list":{"0":"post-41729","1":"product","2":"type-product","3":"status-publish","4":"has-post-thumbnail","6":"product_cat-tarvikkeet","7":"product_cat-karvanpoisto","8":"product_cat-laitteita","9":"product_cat-vahan-lammittajat","10":"pa_brand-iwax-fi","12":"first","13":"instock","14":"taxable","15":"shipping-taxable","16":"purchasable","17":"product-type-simple"},"_links":{"self":[{"href":"https:\/\/pomello.ee\/fi\/wp-json\/wp\/v2\/product\/41729","targetHints":{"allow":["GET"]}}],"collection":[{"href":"https:\/\/pomello.ee\/fi\/wp-json\/wp\/v2\/product"}],"about":[{"href":"https:\/\/pomello.ee\/fi\/wp-json\/wp\/v2\/types\/product"}],"replies":[{"embeddable":true,"href":"https:\/\/pomello.ee\/fi\/wp-json\/wp\/v2\/comments?post=41729"}],"wp:featuredmedia":[{"embeddable":true,"href":"https:\/\/pomello.ee\/fi\/wp-json\/wp\/v2\/media\/40227"}],"wp:attachment":[{"href":"https:\/\/pomello.ee\/fi\/wp-json\/wp\/v2\/media?parent=41729"}],"wp:term":[{"taxonomy":"product_brand","embeddable":true,"href":"https:\/\/pomello.ee\/fi\/wp-json\/wp\/v2\/product_brand?post=41729"},{"taxonomy":"product_cat","embeddable":true,"href":"https:\/\/pomello.ee\/fi\/wp-json\/wp\/v2\/product_cat?post=41729"},{"taxonomy":"product_tag","embeddable":true,"href":"https:\/\/pomello.ee\/fi\/wp-json\/wp\/v2\/product_tag?post=41729"}],"curies":[{"name":"wp","href":"https:\/\/api.w.org\/{rel}","templated":true}]}}