{"id":41731,"date":"2026-03-08T11:08:23","date_gmt":"2026-03-08T09:08:23","guid":{"rendered":"https:\/\/pomello.ee\/toode\/maxymova-kasvunvahvistin-kasvuseerumi\/"},"modified":"2026-03-08T11:08:23","modified_gmt":"2026-03-08T09:08:23","slug":"maxymova-kasvunvahvistin-kasvuseerumi","status":"publish","type":"product","link":"https:\/\/pomello.ee\/fi\/toode\/maxymova-kasvunvahvistin-kasvuseerumi\/","title":{"rendered":"MAXYMOVA Kasvunvahvistin Kasvuseerumi"},"content":{"rendered":"","protected":false},"excerpt":{"rendered":"<p>MAXYMOVA Growth Booster \u2013 Ripsien ja kulmakarvojen kasvuseerumi (5 % Capixyl\u2122)<\/p>\n<p>Haluatko ripsiesi ja kulmakarvojesi olevan vahvemmat, kiilt\u00e4v\u00e4mm\u00e4t ja n\u00e4ytt\u00e4v\u00e4n tuuheammilta? Growth Booster Advanced Lash &amp; Brow Gel Serum on p\u00e4ivitt\u00e4inen hoitoseerumi, joka auttaa pit\u00e4m\u00e4\u00e4n ripset ja kulmakarvat tervein\u00e4, kimmoisina ja kauniin muotoisina.<\/p>\n<p>T\u00e4m\u00e4 kevyt geeliseerumi kosteuttaa, ravitsee ja auttaa yll\u00e4pit\u00e4m\u00e4\u00e4n ripsien ja kulmakarvojen muotoa, erityisesti ripsien tai kulmakarvojen laminoinnin j\u00e4lkeen. S\u00e4\u00e4nn\u00f6llisesti k\u00e4ytettyn\u00e4 karvat n\u00e4ytt\u00e4v\u00e4t vahvemmilta, pehme\u00e4mmilt\u00e4 ja terveemmilt\u00e4.<\/p>\n<p>Miksi t\u00e4m\u00e4 seerumi on erityinen?<\/p>\n<p>Seerumin keskeinen vaikuttava aine on 5 % Capixyl\u2122 \u2013 innovatiivinen kompleksi, joka auttaa tukemaan karvojen luonnollista kasvukiertoa ja parantamaan ripsien ja kulmakarvojen ulkon\u00e4k\u00f6\u00e4.<\/p>\n<p>Lis\u00e4ksi seerumi sis\u00e4lt\u00e4\u00e4:<\/p>\n<p>Biotiinia ja niasiiniamidia, jotka auttavat vahvistamaan hiuksia<\/p>\n<p>Hyaluronihappoa, joka kosteuttaa syv\u00e4sti<\/p>\n<p>Proteiineja ja aminohappoja, jotka auttavat palauttamaan hiusrakenteen<\/p>\n<p>Yrttiuutteita, jotka tukevat tervett\u00e4 ymp\u00e4rist\u00f6\u00e4 hiustuppille<\/p>\n<p>Tuloksena on kiilt\u00e4v\u00e4mm\u00e4t, joustavammat ja vahvemman n\u00e4k\u00f6iset ripset ja kulmakarvat.<\/p>\n<p>Miksi k\u00e4ytt\u00e4\u00e4 sit\u00e4?<\/p>\n<p>Growth Booster auttaa:<\/p>\n<p>Parantamaan ripsien ja kulmakarvojen kiiltoa ja terveellisemp\u00e4\u00e4 ulkon\u00e4k\u00f6\u00e4<\/p>\n<p>Pit\u00e4m\u00e4\u00e4n hiukset pehmein\u00e4 ja joustavina<\/p>\n<p>S\u00e4ilytt\u00e4m\u00e4\u00e4n kiharan ja muodon laminoinnin j\u00e4lkeen<\/p>\n<p>Tukemaan paksumpien ja vahvempien hiusten ulkon\u00e4k\u00f6\u00e4<\/p>\n<p>Helppok\u00e4ytt\u00f6inen<\/p>\n<p>Levit\u00e4 seerumia puhtaisiin ripsiin ja kulmakarvoihin tyvest\u00e4 latvaan.<\/p>\n<p>\u00c4l\u00e4 huuhtele.<\/p>\n<p>Parhaan tuloksen saavuttamiseksi k\u00e4yt\u00e4 1-2 kertaa p\u00e4iv\u00e4ss\u00e4 &#8211; aamulla ja\/tai illalla.<\/p>\n<p>K\u00e4tev\u00e4 ja tarkka levitys<\/p>\n<p>Seerumi on pakattu 8 ml:n tuubiin ja siin\u00e4 on pehme\u00e4 sivellinlevitin, jonka avulla tuotetta on helppo ja tasainen levitt\u00e4\u00e4 ripsiin ja kulmakarvoihin.<\/p>\n<p>\u2714 kevyt ja nopeasti imeytyv\u00e4 geeli<br \/>\n\u2714 ei j\u00e4t\u00e4 hiuksia raskaita tai tahmeita<br \/>\n\u2714 sopii p\u00e4ivitt\u00e4iseen k\u00e4ytt\u00f6\u00f6n<br \/>\n\u2714 vegaaninen koostumus<\/p>\n","protected":false},"featured_media":40198,"comment_status":"open","ping_status":"closed","template":"","meta":{"_monsterinsights_skip_tracking":false,"_monsterinsights_sitenote_active":false,"_monsterinsights_sitenote_note":"","_monsterinsights_sitenote_category":0},"product_brand":[],"product_cat":[476,475,514],"product_tag":[],"class_list":{"0":"post-41731","1":"product","2":"type-product","3":"status-publish","4":"has-post-thumbnail","6":"product_cat-kulmakarvat","7":"product_cat-ripset","8":"product_cat-ripsi-ja-kulmakarvojen-seerumit","9":"pa_brand-maxymova-fi","10":"pa_suurus-8-ml","12":"first","13":"instock","14":"taxable","15":"shipping-taxable","16":"purchasable","17":"product-type-simple"},"_links":{"self":[{"href":"https:\/\/pomello.ee\/fi\/wp-json\/wp\/v2\/product\/41731","targetHints":{"allow":["GET"]}}],"collection":[{"href":"https:\/\/pomello.ee\/fi\/wp-json\/wp\/v2\/product"}],"about":[{"href":"https:\/\/pomello.ee\/fi\/wp-json\/wp\/v2\/types\/product"}],"replies":[{"embeddable":true,"href":"https:\/\/pomello.ee\/fi\/wp-json\/wp\/v2\/comments?post=41731"}],"wp:featuredmedia":[{"embeddable":true,"href":"https:\/\/pomello.ee\/fi\/wp-json\/wp\/v2\/media\/40198"}],"wp:attachment":[{"href":"https:\/\/pomello.ee\/fi\/wp-json\/wp\/v2\/media?parent=41731"}],"wp:term":[{"taxonomy":"product_brand","embeddable":true,"href":"https:\/\/pomello.ee\/fi\/wp-json\/wp\/v2\/product_brand?post=41731"},{"taxonomy":"product_cat","embeddable":true,"href":"https:\/\/pomello.ee\/fi\/wp-json\/wp\/v2\/product_cat?post=41731"},{"taxonomy":"product_tag","embeddable":true,"href":"https:\/\/pomello.ee\/fi\/wp-json\/wp\/v2\/product_tag?post=41731"}],"curies":[{"name":"wp","href":"https:\/\/api.w.org\/{rel}","templated":true}]}}