{"id":41734,"date":"2026-03-08T10:55:11","date_gmt":"2026-03-08T08:55:11","guid":{"rendered":"https:\/\/pomello.ee\/toode\/maxymova-night-therapy-hoitoaine\/"},"modified":"2026-03-08T10:55:11","modified_gmt":"2026-03-08T08:55:11","slug":"maxymova-night-therapy-hoitoaine","status":"publish","type":"product","link":"https:\/\/pomello.ee\/fi\/toode\/maxymova-night-therapy-hoitoaine\/","title":{"rendered":"MAXYMOVA Night Therapy -hoitoaine"},"content":{"rendered":"<p>K\u00e4ytt\u00f6<\/p>\n<p>Illalla puhdistuksen j\u00e4lkeen levit\u00e4 pieni m\u00e4\u00e4r\u00e4 tuotetta ripsirajaan ja kulmakarvojen tyveen.<\/p>\n<p>Levit\u00e4 hoitoaine tasaisesti ripsille ja kulmakarvoille tuotteen mukana tulevalla harjalla.<\/p>\n<p>Anna vaikuttaa y\u00f6n yli tehohoitona.<\/p>\n<p>Tuotetta voidaan haluttaessa k\u00e4ytt\u00e4\u00e4 my\u00f6s aamulla ennen ripsiv\u00e4ri\u00e4 antamaan ripsille ja kulmakarvoille lis\u00e4ravinteita ja suojaa.<\/p>\n","protected":false},"excerpt":{"rendered":"<p>MAXYMOVA Night Therapy Repair Balm \u2013 tehohoitoa y\u00f6ksi ripsille ja kulmakarvoille<\/p>\n<p>Night Therapy Repair Balm on tehokas y\u00f6hoito, joka yhdist\u00e4\u00e4 modernia bioteknologiaa, fytokeratiinin ja biomimeettisi\u00e4 keramideja tukeakseen ripsien ja kulmakarvojen luonnollista kasvuymp\u00e4rist\u00f6\u00e4 ja parantaakseen n\u00e4kyv\u00e4sti hiusten laatua.<\/p>\n<p>T\u00e4m\u00e4 tehohoito on suunniteltu palauttamaan ja vahvistamaan ripsi\u00e4 ja kulmakarvoja niiden lepovaiheen aikana. Ainutlaatuinen koostumus yhdist\u00e4\u00e4 kasvitieteellisi\u00e4 aktiiviaineita ja innovatiivisia vahvistavia komplekseja, jotka auttavat palauttamaan hiusten elinvoiman ja kimmoisuuden.<\/p>\n<p>Follicular Booster Complexin ja Peptide System PT-37:n synergistinen vuorovaikutus auttaa luomaan optimaalisen ymp\u00e4rist\u00f6n karvatupille, tukien ripsien ja kulmakarvojen tiheytt\u00e4, vahvuutta ja yleist\u00e4 elinvoimaa.<\/p>\n<p>Seerumi on pakattu pehme\u00e4\u00e4n ja joustavaan tuubiin, jossa on kaksitoiminen applikaattori.<\/p>\n<p>\u2022 Tarkkuusk\u00e4rjen ansiosta voit levitt\u00e4\u00e4 tuotteen suoraan ripsirajaan ja kulmakarvojen tyveen, mik\u00e4 varmistaa kohdennetun hoidon.<\/p>\n<p>\u2022 Harja auttaa levitt\u00e4m\u00e4\u00e4n tuotteen tasaisesti ripsille ja kulmakarvoille samalla kampaamalla ja muotoilemalla niit\u00e4 hell\u00e4varaisesti paremman imeytymisen ja hyvin hoidetun tuloksen saavuttamiseksi.<\/p>\n<p>T\u00e4rkeimm\u00e4t ominaisuudet<\/p>\n<p>Night Therapy Repair Balm on intensiivinen y\u00f6hoito, joka yhdist\u00e4\u00e4:<\/p>\n<p>Edistyksellist\u00e4 bioteknologiaa \u2013 3HC\u2122, ECM-Moduline\u2122<\/p>\n<p>Hiusrakenteen vahvistamista \u2013 VegeKer-Plus\u2122, aminohappoja ja proteiineja<\/p>\n<p>Biomimeettisi\u00e4 lipidej\u00e4 \u2013 keramideja<\/p>\n<p>Monitasoista kosteutusta \u2013 PatcH2O\u2122, hyaluronihappoa ja pantenolia<\/p>\n<p>Tukevia fytokomplekseja<\/p>\n<p>Tuloksena on uuden sukupolven koostumus, joka tukee hiustuppien luonnollista tasapainoa, parantaa hiusten visuaalista laatua ja antaa ripsille ja kulmakarvoille vahvemman, paksumman ja terveemm\u00e4n ulkon\u00e4\u00f6n.<\/p>\n","protected":false},"featured_media":40173,"comment_status":"open","ping_status":"closed","template":"","meta":{"_monsterinsights_skip_tracking":false,"_monsterinsights_sitenote_active":false,"_monsterinsights_sitenote_note":"","_monsterinsights_sitenote_category":0},"product_brand":[],"product_cat":[476,475,514],"product_tag":[],"class_list":{"0":"post-41734","1":"product","2":"type-product","3":"status-publish","4":"has-post-thumbnail","6":"product_cat-kulmakarvat","7":"product_cat-ripset","8":"product_cat-ripsi-ja-kulmakarvojen-seerumit","9":"pa_brand-maxymova-fi","10":"pa_suurus-8-ml","12":"first","13":"instock","14":"taxable","15":"shipping-taxable","16":"purchasable","17":"product-type-simple"},"_links":{"self":[{"href":"https:\/\/pomello.ee\/fi\/wp-json\/wp\/v2\/product\/41734","targetHints":{"allow":["GET"]}}],"collection":[{"href":"https:\/\/pomello.ee\/fi\/wp-json\/wp\/v2\/product"}],"about":[{"href":"https:\/\/pomello.ee\/fi\/wp-json\/wp\/v2\/types\/product"}],"replies":[{"embeddable":true,"href":"https:\/\/pomello.ee\/fi\/wp-json\/wp\/v2\/comments?post=41734"}],"wp:featuredmedia":[{"embeddable":true,"href":"https:\/\/pomello.ee\/fi\/wp-json\/wp\/v2\/media\/40173"}],"wp:attachment":[{"href":"https:\/\/pomello.ee\/fi\/wp-json\/wp\/v2\/media?parent=41734"}],"wp:term":[{"taxonomy":"product_brand","embeddable":true,"href":"https:\/\/pomello.ee\/fi\/wp-json\/wp\/v2\/product_brand?post=41734"},{"taxonomy":"product_cat","embeddable":true,"href":"https:\/\/pomello.ee\/fi\/wp-json\/wp\/v2\/product_cat?post=41734"},{"taxonomy":"product_tag","embeddable":true,"href":"https:\/\/pomello.ee\/fi\/wp-json\/wp\/v2\/product_tag?post=41734"}],"curies":[{"name":"wp","href":"https:\/\/api.w.org\/{rel}","templated":true}]}}