{"id":41737,"date":"2026-01-12T09:06:51","date_gmt":"2026-01-12T07:06:51","guid":{"rendered":"https:\/\/pomello.ee\/toode\/mia-pro-lashes-brush-no-2\/"},"modified":"2026-01-12T09:06:51","modified_gmt":"2026-01-12T07:06:51","slug":"mia-pro-lashes-brush-no-2","status":"publish","type":"product","link":"https:\/\/pomello.ee\/fi\/toode\/mia-pro-lashes-brush-no-2\/","title":{"rendered":"MIA Pro Lashes Brush No.2"},"content":{"rendered":"","protected":false},"excerpt":{"rendered":"<p>MIA PRO LASHES -harja nro 2<\/p>\n<p>MIA PRO LASHES -harja nro 2 on ammattimainen ty\u00f6kalu, jossa on litte\u00e4 ja viisto k\u00e4rki, ja joka on erityisesti suunniteltu ripsien kestoleikkaustoimenpiteisiin. Harjan avulla voit levitt\u00e4\u00e4 ja poistaa ripsiv\u00e4ri\u00e4, ripsiv\u00e4ri\u00e4 ja ripsiv\u00e4ri\u00e4 tarkasti varmistaen hallitun ja puhtaan ty\u00f6n jokaisessa vaiheessa.<\/p>\n<p>Viiso k\u00e4rki tarjoaa maksimaalisen hallinnan ja tarkkuuden, auttaen levitt\u00e4m\u00e4\u00e4n tuotteen tasaisesti ja poistamaan ylim\u00e4\u00e4r\u00e4isen ripsien vahingoittamatta. Muotonsa ansiosta harja sopii erinomaisesti my\u00f6s pienille alueille ja silikonityynyjen ymp\u00e4rille ty\u00f6skentelyyn.<\/p>\n<p>Harja tukee hygieenist\u00e4, sujuvaa ja ammattimaista ty\u00f6prosessia ja on v\u00e4ltt\u00e4m\u00e4t\u00f6n ty\u00f6kalu jokaiselle ripsiteknikolle, joka arvostaa tarkkuutta, mukavuutta ja korkealaatuisia tuloksia.<\/p>\n<p>Ominaisuudet<\/p>\n<p>Valmistettu korkealaatuisista synteettisist\u00e4 vaaleanpunaisista harjaksista, jotka s\u00e4ilytt\u00e4v\u00e4t muotonsa pitk\u00e4aikaisenkin k\u00e4yt\u00f6n j\u00e4lkeen<\/p>\n<p>Harjasten pituus: 10 mm<\/p>\n<p>Harjasten pohjan leveys: 4 mm<\/p>\n<p>Viistetty k\u00e4rki: 2 mm<\/p>\n<p>Ihanteellinen tarkkaan ty\u00f6skentelyyn silikonityynyill\u00e4 ja yksityiskohtaisilla alueilla<\/p>\n<p>Vaaleanpunainen harja ja kahva antavat ty\u00f6kaluille raikkaan ja tyylikk\u00e4\u00e4n ilmeen<\/p>\n<p>K\u00e4ytt\u00f6<\/p>\n<p>Emulsioiden levitt\u00e4minen ja jakaminen ripsien kohotuksen aikana<\/p>\n<p>Ylim\u00e4\u00e4r\u00e4isen tuotteen poistaminen<\/p>\n<p>Tarkka ty\u00f6skentely ripsiv\u00e4rill\u00e4<\/p>\n<p>\ud83d\udc97 MIA Pro \u2013 Harja nro 2 on v\u00e4ltt\u00e4m\u00e4t\u00f6n ty\u00f6kalu ammattimaisille kosmetologeille, jotka arvostavat tarkkuutta, hallintaa ja korkealaatuisia tuloksia.<\/p>\n","protected":false},"featured_media":39274,"comment_status":"open","ping_status":"closed","template":"","meta":{"_monsterinsights_skip_tracking":false,"_monsterinsights_sitenote_active":false,"_monsterinsights_sitenote_note":"","_monsterinsights_sitenote_category":0},"product_brand":[],"product_cat":[540,563,544],"product_tag":[],"class_list":{"0":"post-41737","1":"product","2":"type-product","3":"status-publish","4":"has-post-thumbnail","6":"product_cat-tarvikkeet","7":"product_cat-siveltimet","8":"product_cat-tarvikkeet-fi","9":"pa_brand-mia-pro-fi","11":"first","12":"instock","13":"taxable","14":"shipping-taxable","15":"purchasable","16":"product-type-simple"},"_links":{"self":[{"href":"https:\/\/pomello.ee\/fi\/wp-json\/wp\/v2\/product\/41737","targetHints":{"allow":["GET"]}}],"collection":[{"href":"https:\/\/pomello.ee\/fi\/wp-json\/wp\/v2\/product"}],"about":[{"href":"https:\/\/pomello.ee\/fi\/wp-json\/wp\/v2\/types\/product"}],"replies":[{"embeddable":true,"href":"https:\/\/pomello.ee\/fi\/wp-json\/wp\/v2\/comments?post=41737"}],"wp:featuredmedia":[{"embeddable":true,"href":"https:\/\/pomello.ee\/fi\/wp-json\/wp\/v2\/media\/39274"}],"wp:attachment":[{"href":"https:\/\/pomello.ee\/fi\/wp-json\/wp\/v2\/media?parent=41737"}],"wp:term":[{"taxonomy":"product_brand","embeddable":true,"href":"https:\/\/pomello.ee\/fi\/wp-json\/wp\/v2\/product_brand?post=41737"},{"taxonomy":"product_cat","embeddable":true,"href":"https:\/\/pomello.ee\/fi\/wp-json\/wp\/v2\/product_cat?post=41737"},{"taxonomy":"product_tag","embeddable":true,"href":"https:\/\/pomello.ee\/fi\/wp-json\/wp\/v2\/product_tag?post=41737"}],"curies":[{"name":"wp","href":"https:\/\/api.w.org\/{rel}","templated":true}]}}