{"id":41740,"date":"2025-12-13T10:35:07","date_gmt":"2025-12-13T08:35:07","guid":{"rendered":"https:\/\/pomello.ee\/toode\/kosmetologin-led-tyovalo-glow\/"},"modified":"2025-12-13T10:35:07","modified_gmt":"2025-12-13T08:35:07","slug":"kosmetologin-led-tyovalo-glow","status":"publish","type":"product","link":"https:\/\/pomello.ee\/fi\/toode\/kosmetologin-led-tyovalo-glow\/","title":{"rendered":"Kosmetologin LED-ty\u00f6valo GLOW"},"content":{"rendered":"<p><img decoding=\"async\" src=\"https:\/\/activeshop.com.pl\/media\/wysiwyg\/product\/152217\/EN_152217_1.jpg\" alt=\"\"><\/p>\n<p>GLOW \u2013 ammattivalaistusta kauneus- ja l\u00e4\u00e4ketieteen aloille<\/p>\n<p>GLOW-merkkivalot on suunniteltu ammattilaisille, jotka vaativat ty\u00f6ss\u00e4\u00e4n maksimaalista tarkkuutta ja laatua. Valikoimaan kuuluu ammattik\u00e4ytt\u00f6\u00f6n tarkoitettuja lamppuja, joissa on laaja valikoima toimintoja, mukaan lukien UV\/LED- ja huoltovalot, jotka tarjoavat tasaista ja s\u00e4\u00e4dett\u00e4v\u00e4\u00e4 valoa.<\/p>\n<p>N\u00e4m\u00e4 valaisimet parantavat merkitt\u00e4v\u00e4sti ty\u00f6n n\u00e4kyvyytt\u00e4 ja tarkkuutta, mik\u00e4 tekee niist\u00e4 v\u00e4ltt\u00e4m\u00e4tt\u00f6mi\u00e4 sek\u00e4 kauneushoitoloissa ett\u00e4 l\u00e4\u00e4k\u00e4rin vastaanotoilla.<\/p>\n<p><img decoding=\"async\" src=\"https:\/\/activeshop.com.pl\/media\/wysiwyg\/product\/152217\/EN_152217_2.jpg\" alt=\"\"><\/p>\n<p>Varjoton kosmeettinen lamppu<\/p>\n<p>GLOW-merkkinen ripsilamppu on suunniteltu tarkkuustoimenpiteisiin. Ainutlaatuinen kaarenmuotoinen lamppup\u00e4\u00e4 ja s\u00e4\u00e4dett\u00e4v\u00e4t kulmat takaavat tasaisen ja varjottoman valon koko ty\u00f6alueelle.<\/p>\n<p>T\u00e4m\u00e4 lamppu sopii erinomaisesti kaikkiin erikoistuneisiin salonkeihin, joissa oikea valaistus vaikuttaa suoraan palvelun laatuun. T\u00e4ydellinen ripsienpidennyksiin ja -v\u00e4rj\u00e4ykseen, tatuointiin, kauneushoitoihin tai ammattimaiseen meikkiin.<\/p>\n<h3 data-start=\"71\" data-end=\"101\"><img decoding=\"async\" style=\"color: #333333; font-size: 16px;\" src=\"https:\/\/activeshop.com.pl\/media\/wysiwyg\/product\/152217\/EN_152217_3.jpg\" alt=\"\"><\/h3>\n<p>Liikuteltava kaareva lampunp\u00e4\u00e4<\/p>\n<p>Lampun tyypillinen kaareva muoto ei ole vain moderni muotoiluelementti, vaan ennen kaikkea toiminnallinen ratkaisu. Leve\u00e4, kahteen osaan jaettu ja yhteens\u00e4 308 LEDill\u00e4 varustettu kaareva paneeli varmistaa koko ty\u00f6alueen tasaisen ja varjottoman valaistuksen, mik\u00e4 lis\u00e4\u00e4 merkitt\u00e4v\u00e4sti ty\u00f6skentelymukavuutta.<\/p>\n<p>T\u00e4m\u00e4 valaisin sopii erinomaisesti my\u00f6s toimenpiteiden tulosten valokuvaamiseen ja yksityiskohtien tarkkaan korostamiseen. Paneelin pinta hajottaa valoa tehokkaasti, mik\u00e4 v\u00e4hent\u00e4\u00e4 h\u00e4ik\u00e4isy\u00e4 ja tarjoaa hell\u00e4varaisemman ty\u00f6ymp\u00e4rist\u00f6n silmille.<\/p>\n<p>Sek\u00e4 valons\u00e4vyn ett\u00e4 -intensiteetin s\u00e4\u00e4t\u00f6mahdollisuus varmistaa tarkan v\u00e4rintoiston ja auttaa v\u00e4hent\u00e4m\u00e4\u00e4n silmien v\u00e4symist\u00e4 my\u00f6s pitk\u00e4aikaisessa k\u00e4yt\u00f6ss\u00e4. Lis\u00e4ksi lampunp\u00e4\u00e4t\u00e4 voidaan k\u00e4\u00e4nt\u00e4\u00e4 ja runko mahdollistaa laajan kulmas\u00e4\u00e4d\u00f6n. Molempia valopaneeleja voidaan s\u00e4\u00e4t\u00e4\u00e4 my\u00f6s toisistaan \u200b\u200briippumatta jopa 90\u00b0, mik\u00e4 tarjoaa entist\u00e4 suuremman joustavuuden ja yksil\u00f6lliset valoasetukset.<\/p>\n<p><img decoding=\"async\" src=\"https:\/\/activeshop.com.pl\/media\/wysiwyg\/product\/152217\/EN_152217_4.jpg\" alt=\"\"><\/p>\n<p>Laajat s\u00e4\u00e4t\u00f6mahdollisuudet<\/p>\n<p>Jalustan korkeutta voidaan helposti s\u00e4\u00e4t\u00e4\u00e4 155 ja 195 cm v\u00e4lill\u00e4 varressa olevalla lukitusmutterilla. N\u00e4in lamppup\u00e4\u00e4t\u00e4 voidaan s\u00e4\u00e4t\u00e4\u00e4 tarkasti k\u00e4ytt\u00e4j\u00e4n tarpeiden ja erilaisten kosmeettisten tuolien, lepotuolien ja hoitos\u00e4nkyjen korkeuden mukaan, varmistaen aina ty\u00f6alueen optimaalisen valaistuksen.<\/p>\n<p>Valon s\u00e4vy\u00e4 ja voimakkuutta voidaan s\u00e4\u00e4t\u00e4\u00e4 k\u00e4tev\u00e4sti kahdella kaukos\u00e4\u00e4timell\u00e4:<\/p>\n<p>johdossa oleva kaukos\u00e4\u00e4din on aina k\u00e4den ulottuvilla,<\/p>\n<p>langattoman kaukos\u00e4\u00e4timen avulla voit muuttaa asetuksia et\u00e4\u00e4lt\u00e4.<\/p>\n<p>Langaton kaukos\u00e4\u00e4din on varustettu sis\u00e4\u00e4nrakennetulla magneetilla, jonka avulla voit kiinnitt\u00e4\u00e4 sen k\u00e4tev\u00e4sti juuri haluamaasi paikkaan.<\/p>\n<p><img decoding=\"async\" src=\"https:\/\/activeshop.com.pl\/media\/wysiwyg\/product\/152217\/EN_152217_5.jpg\" alt=\"\"><\/p>\n<p>Mukautettavissa yksil\u00f6llisiin tarpeisiin<\/p>\n<p>Lamppu tarjoaa laajan valikoiman s\u00e4\u00e4t\u00f6vaihtoehtoja:<\/p>\n<p>kolme valon v\u00e4ril\u00e4mp\u00f6tilaa (3000\u20136000 K)<\/p>\n<p>seitsem\u00e4n valon voimakkuustasoa<\/p>\n<p>N\u00e4in valaistusta voidaan s\u00e4\u00e4t\u00e4\u00e4 tarkasti tiettyyn toimenpiteeseen ja k\u00e4ytt\u00e4j\u00e4n mieltymyksiin.<\/p>\n<p>Lampun p\u00e4\u00e4n t\u00e4ysi liikkuvuus ja jalustan varren py\u00f6riv\u00e4 muotoilu mahdollistavat valon suunnan eritt\u00e4in tarkan s\u00e4\u00e4d\u00f6n. Paras vakaus saavutetaan asettamalla lamppu jalustan pohjan akselin suuntaan.<\/p>\n<p>Lis\u00e4ksi lukittava nivel tarjoaa entist\u00e4 suuremman turvallisuuden ja mahdollistaa lampun asettamisen t\u00e4sm\u00e4lleen oikeaan kulmaan, mik\u00e4 tekee ty\u00f6skentelyst\u00e4 mukavaa ja tarkkaa.<\/p>\n<p><img decoding=\"async\" src=\"https:\/\/activeshop.com.pl\/media\/wysiwyg\/product\/152217\/EN_152217_6.jpg\" alt=\"\"><\/p>\n<p>Ty\u00f6n jakaminen on helppoa<\/p>\n<p>Mukana tulevan puhelintelineen avulla voit dokumentoida ty\u00f6si vakaalla ja laadukkaalla tavalla. T\u00e4m\u00e4 tekee videoiden tallentamisesta ja kuvien ottamisesta paljon k\u00e4tev\u00e4mp\u00e4\u00e4, jotta voit jakaa tulokset my\u00f6hemmin sosiaalisessa mediassa. Telinett\u00e4 voidaan sijoittaa eri kulmiin monipuolisten ja mielenkiintoisten kuvien aikaansaamiseksi. Laaja s\u00e4\u00e4t\u00f6alue sopii monille puhelinmalleille.<\/p>\n<p>Moderni ja toimiva muotoilu<\/p>\n<p>Valaisin erottuu elegantilla ja minimalistisella ulkon\u00e4\u00f6ll\u00e4\u00e4n, joka sopii t\u00e4ydellisesti kauneushoitoloihin, esteettisen l\u00e4\u00e4ketieteen vastaanotoille ja ammattimaisiin ripsien ja kynsien leikkausymp\u00e4rist\u00f6ihin. Ohut s\u00e4\u00e4dett\u00e4v\u00e4 jalusta ja vakaa pohja takaavat helppok\u00e4ytt\u00f6isyyden ilman, ett\u00e4 lamppu rasittaa visuaalisesti tilaa. Pehme\u00e4 valkoinen viimeistely lis\u00e4\u00e4 modernia ja tyylik\u00e4st\u00e4 ilmett\u00e4.<\/p>\n<p><iframe loading=\"lazy\" title=\"GLOW eyelash lamp FX07\" width=\"500\" height=\"281\" src=\"https:\/\/www.youtube.com\/embed\/1nklW4rYnYw?feature=oembed\" frameborder=\"0\" allow=\"accelerometer; autoplay; clipboard-write; encrypted-media; gyroscope; picture-in-picture; web-share\" referrerpolicy=\"strict-origin-when-cross-origin\" allowfullscreen><\/iframe><\/p>\n<p>&nbsp;<\/p>\n","protected":false},"excerpt":{"rendered":"<p>GLOW LED -kosmetiikkaty\u00f6valo \u2013 Tarkkaan ripsien, kynsien ja kauneudenhoitoon<\/p>\n<p>GLOW-ammattimainen varjoton kosmeettinen ty\u00f6valo on suunniteltu kauneudenhoidon ammattilaisille, jotka tarvitsevat tarkkaa, tasaista ja silm\u00e4yst\u00e4v\u00e4llist\u00e4 valoa p\u00e4ivitt\u00e4iseen ty\u00f6h\u00f6ns\u00e4. Kaareva, kaksiosainen LED-paneeli tarjoaa laajan valokent\u00e4n ja varjottomat tulokset, joten se sopii t\u00e4ydellisesti ripsienpidennyksiin, kulmakarvojen leikkausty\u00f6h\u00f6n, kynsistudioihin, meikkiin, tatuointiin ja esteettiseen l\u00e4\u00e4ketieteeseen.<\/p>\n<p>Kaareva, liikuteltava valaisinp\u00e4\u00e4<\/p>\n<p>Ainutlaatuinen kaareva valaisinp\u00e4\u00e4, jossa on 308 LEDi\u00e4, valaisee tasaisesti koko ty\u00f6alueen, v\u00e4hent\u00e4\u00e4 h\u00e4ik\u00e4isy\u00e4 ja varmistaa ammattimaisen v\u00e4rintoiston. Molempia paneeleita voidaan k\u00e4\u00e4nt\u00e4\u00e4 jopa 90\u00b0, mik\u00e4 antaa t\u00e4yden hallinnan valon suunnasta. Valo on tasaisesti hajaantunut, mik\u00e4 sopii my\u00f6s ty\u00f6n tulosten kuvaamiseen.<\/p>\n<p>Laaja valon s\u00e4\u00e4t\u00f6alue<\/p>\n<p>3 valon v\u00e4ril\u00e4mp\u00f6tilaa: 3000\u20136000 K<\/p>\n<p>7 valon voimakkuustasoa<\/p>\n<p>Tarkka kohdistus liikuteltavan valaisinp\u00e4\u00e4n ja s\u00e4\u00e4dett\u00e4v\u00e4n jalustavarren ansiosta<\/p>\n<p>N\u00e4in voit mukauttaa valon kunkin palvelun ja k\u00e4ytt\u00e4j\u00e4n mieltymysten mukaan, mik\u00e4 v\u00e4hent\u00e4\u00e4 silmien v\u00e4symist\u00e4 jopa pitkin\u00e4 ty\u00f6p\u00e4ivin\u00e4.<\/p>\n<p>S\u00e4\u00e4dett\u00e4v\u00e4 jalusta ja k\u00e4tev\u00e4 k\u00e4ytt\u00f6<\/p>\n<p>Jalustan korkeus on s\u00e4\u00e4dett\u00e4viss\u00e4 155\u2013195 cm:n v\u00e4lill\u00e4, mik\u00e4 varmistaa optimaalisen valaistuksen kaikille ty\u00f6pisteille ja korkeuksille. Lukittavan nivelen avulla voit kiinnitt\u00e4\u00e4 lampun tarkasti, ja paras vakaus saavutetaan, kun lamppu on suunnattu jalustan akselin suuntaisesti.<\/p>\n<p>Valaisin on varustettu kahdella kaukos\u00e4\u00e4timell\u00e4:<\/p>\n<p>Johdollinen kaukos\u00e4\u00e4din nopeaan jokap\u00e4iv\u00e4iseen k\u00e4ytt\u00f6\u00f6n<\/p>\n<p>Langaton kaukos\u00e4\u00e4din magneetilla, joka kiinnittyy k\u00e4tev\u00e4sti ty\u00f6pisteen l\u00e4helle<\/p>\n<p>Ty\u00f6tulosten jakaminen on helppoa<\/p>\n<p>Mukana tuleva puhelinteline mahdollistaa ty\u00f6n ammattimaisen dokumentoinnin, videoiden tallentamisen ja sis\u00e4ll\u00f6n jakamisen sosiaalisessa mediassa. Telinett\u00e4 voidaan k\u00e4\u00e4nt\u00e4\u00e4 eri kulmiin ja se sopii monille puhelinmalleille.<\/p>\n<p>Moderni ja minimalistinen muotoilu<\/p>\n<p>Valkoinen viimeistely, kapea s\u00e4\u00e4dett\u00e4v\u00e4 jalusta ja vakaa pohja luovat modernin ja puhtaan ilmeen, joka sopii mihin tahansa kauneusstudioon, esteetikon vastaanotolle tai ripsi- ja kynsiteknikon ty\u00f6tilaan.<\/p>\n","protected":false},"featured_media":38973,"comment_status":"open","ping_status":"closed","template":"","meta":{"_monsterinsights_skip_tracking":false,"_monsterinsights_sitenote_active":false,"_monsterinsights_sitenote_note":"","_monsterinsights_sitenote_category":0},"product_brand":[],"product_cat":[1601,1605],"product_tag":[],"class_list":{"0":"post-41740","1":"product","2":"type-product","3":"status-publish","4":"has-post-thumbnail","6":"product_cat-kauneushoitolan-kalusteet","7":"product_cat-suurennuslamput-ja-valaisimet","8":"pa_brand-glow","9":"pa_varv-must-fi","10":"pa_varv-valge-fi","12":"first","13":"instock","14":"taxable","15":"shipping-taxable","16":"purchasable","17":"product-type-variable"},"_links":{"self":[{"href":"https:\/\/pomello.ee\/fi\/wp-json\/wp\/v2\/product\/41740","targetHints":{"allow":["GET"]}}],"collection":[{"href":"https:\/\/pomello.ee\/fi\/wp-json\/wp\/v2\/product"}],"about":[{"href":"https:\/\/pomello.ee\/fi\/wp-json\/wp\/v2\/types\/product"}],"replies":[{"embeddable":true,"href":"https:\/\/pomello.ee\/fi\/wp-json\/wp\/v2\/comments?post=41740"}],"wp:featuredmedia":[{"embeddable":true,"href":"https:\/\/pomello.ee\/fi\/wp-json\/wp\/v2\/media\/38973"}],"wp:attachment":[{"href":"https:\/\/pomello.ee\/fi\/wp-json\/wp\/v2\/media?parent=41740"}],"wp:term":[{"taxonomy":"product_brand","embeddable":true,"href":"https:\/\/pomello.ee\/fi\/wp-json\/wp\/v2\/product_brand?post=41740"},{"taxonomy":"product_cat","embeddable":true,"href":"https:\/\/pomello.ee\/fi\/wp-json\/wp\/v2\/product_cat?post=41740"},{"taxonomy":"product_tag","embeddable":true,"href":"https:\/\/pomello.ee\/fi\/wp-json\/wp\/v2\/product_tag?post=41740"}],"curies":[{"name":"wp","href":"https:\/\/api.w.org\/{rel}","templated":true}]}}