{"id":41743,"date":"2025-12-13T09:50:31","date_gmt":"2025-12-13T07:50:31","guid":{"rendered":"https:\/\/pomello.ee\/toode\/ammattimainen-led-rengasvalo-48w\/"},"modified":"2025-12-13T09:50:31","modified_gmt":"2025-12-13T07:50:31","slug":"ammattimainen-led-rengasvalo-48w","status":"publish","type":"product","link":"https:\/\/pomello.ee\/fi\/toode\/ammattimainen-led-rengasvalo-48w\/","title":{"rendered":"Ammattimainen LED-rengasvalo 48W"},"content":{"rendered":"","protected":false},"excerpt":{"rendered":"<p>Ammattimainen LED-rengasvalo 48W \u2013 T\u00e4ydellinen valo valokuvaukseen ja meikkiin<\/p>\n<p>LED-rengasvalo on ihanteellinen ty\u00f6kalu toimenpiteisiin, valokuvaukseen, yksityiskohtaiseen esinekuvaukseen ja makrokuvaukseen. Sen tasainen ja pehme\u00e4 valo tekee siit\u00e4 korvaamattoman apurin meikkaajille, kosmetologeille ja sis\u00e4ll\u00f6ntuottajille. Lamppu varmistaa luonnollisen v\u00e4rintoiston ja pitk\u00e4n k\u00e4ytt\u00f6i\u00e4n, mik\u00e4 on t\u00e4rke\u00e4\u00e4 ammattimaisten tulosten saavuttamiseksi.<\/p>\n<p>Asennus vakaaseen metallijalustaan \u200b\u200bon helppoa ja k\u00e4tev\u00e4\u00e4, jolloin voit s\u00e4\u00e4t\u00e4\u00e4 valoa juuri haluttuun kulmaan. Py\u00f6re\u00e4 valo hajottaa varjot ja valaisee kohteen tasaisesti kaikilta puolilta \u2013 erillisi\u00e4 valonl\u00e4hteit\u00e4 ei tarvita.<\/p>\n<p>Tekniset tiedot:<\/p>\n<p>Teho: 48 W<\/p>\n<p>V\u00e4ril\u00e4mp\u00f6tila: 5500 K<\/p>\n<p>Valon voimakkuuden s\u00e4\u00e4t\u00f6<\/p>\n<p>Valon v\u00e4rin s\u00e4\u00e4t\u00f6<\/p>\n<p>Puhelinteline<\/p>\n<p>Halkaisija: 18&#8243;<\/p>\n<p>Paino: 3,5 kg<\/p>\n<p>S\u00e4\u00e4dett\u00e4v\u00e4 kiinnitysvarsi jalustalle<\/p>\n<p>Mukana:<\/p>\n<p>Py\u00f6re\u00e4 lamppu 480 LED-lampulla<\/p>\n<p>Puhelinteline<\/p>\n<p>S\u00e4\u00e4dett\u00e4v\u00e4 jalusta (maksimikorkeus 185 cm)<\/p>\n<p>Lampun suojakotelo<\/p>\n<p>Sis\u00e4\u00e4nrakennettu valonhajotin<\/p>\n","protected":false},"featured_media":38899,"comment_status":"open","ping_status":"closed","template":"","meta":{"_monsterinsights_skip_tracking":false,"_monsterinsights_sitenote_active":false,"_monsterinsights_sitenote_note":"","_monsterinsights_sitenote_category":0},"product_brand":[],"product_cat":[1601,1605],"product_tag":[],"class_list":{"0":"post-41743","1":"product","2":"type-product","3":"status-publish","4":"has-post-thumbnail","6":"product_cat-kauneushoitolan-kalusteet","7":"product_cat-suurennuslamput-ja-valaisimet","8":"pa_brand-active","10":"first","11":"instock","12":"taxable","13":"shipping-taxable","14":"purchasable","15":"product-type-simple"},"_links":{"self":[{"href":"https:\/\/pomello.ee\/fi\/wp-json\/wp\/v2\/product\/41743","targetHints":{"allow":["GET"]}}],"collection":[{"href":"https:\/\/pomello.ee\/fi\/wp-json\/wp\/v2\/product"}],"about":[{"href":"https:\/\/pomello.ee\/fi\/wp-json\/wp\/v2\/types\/product"}],"replies":[{"embeddable":true,"href":"https:\/\/pomello.ee\/fi\/wp-json\/wp\/v2\/comments?post=41743"}],"wp:featuredmedia":[{"embeddable":true,"href":"https:\/\/pomello.ee\/fi\/wp-json\/wp\/v2\/media\/38899"}],"wp:attachment":[{"href":"https:\/\/pomello.ee\/fi\/wp-json\/wp\/v2\/media?parent=41743"}],"wp:term":[{"taxonomy":"product_brand","embeddable":true,"href":"https:\/\/pomello.ee\/fi\/wp-json\/wp\/v2\/product_brand?post=41743"},{"taxonomy":"product_cat","embeddable":true,"href":"https:\/\/pomello.ee\/fi\/wp-json\/wp\/v2\/product_cat?post=41743"},{"taxonomy":"product_tag","embeddable":true,"href":"https:\/\/pomello.ee\/fi\/wp-json\/wp\/v2\/product_tag?post=41743"}],"curies":[{"name":"wp","href":"https:\/\/api.w.org\/{rel}","templated":true}]}}