{"id":41748,"date":"2025-12-11T11:05:44","date_gmt":"2025-12-11T09:05:44","guid":{"rendered":"https:\/\/pomello.ee\/toode\/kosmetologin-tyotuoli-am-877\/"},"modified":"2025-12-11T11:05:44","modified_gmt":"2025-12-11T09:05:44","slug":"kosmetologin-tyotuoli-am-877","status":"publish","type":"product","link":"https:\/\/pomello.ee\/fi\/toode\/kosmetologin-tyotuoli-am-877\/","title":{"rendered":"Kosmetologin ty\u00f6tuoli AM-877"},"content":{"rendered":"","protected":false},"excerpt":{"rendered":"<p>Kosmetologin ty\u00f6tuoli AM-877 pehme\u00e4ll\u00e4 tikatulla istuimella ja selk\u00e4nojalla<\/p>\n<p>T\u00e4m\u00e4 elegantti kosmetologin ty\u00f6tuoli yhdist\u00e4\u00e4 mukavuuden, tyylin ja k\u00e4yt\u00e4nn\u00f6llisyyden, mik\u00e4 tekee siit\u00e4 ihanteellisen valinnan ammattimaiseen ty\u00f6skentelyyn salonkihoidossa. Tikattu istuin tarjoaa pehme\u00e4\u00e4 tukea ja mukava selk\u00e4noja auttaa pit\u00e4m\u00e4\u00e4n vartalon oikealla korkeudella my\u00f6s pidempien toimenpiteiden aikana.<\/p>\n<p>Korkeutta voidaan s\u00e4\u00e4t\u00e4\u00e4 portaattomasti, mink\u00e4 ansiosta jakkaraa voidaan helposti mukauttaa sek\u00e4 ty\u00f6pinnan ett\u00e4 ammattilaisen tarpeisiin. Vahvaan metallirunkoon perustuva kahvan muotoinen jalusta on varustettu korkealaatuisilla metallisilla kumipy\u00f6rill\u00e4, jotka takaavat vakauden ja sujuvan liikkumisen salonkihoidossa.<\/p>\n<p>Ominaisuudet:<\/p>\n<p>Tyylik\u00e4s musta muotoilu<\/p>\n<p>Pehme\u00e4 ja tikattu istuin mukavaan ty\u00f6skentelyyn<\/p>\n<p>Selk\u00e4noja lis\u00e4tukea ja ergonomiaa varten<\/p>\n<p>S\u00e4\u00e4dett\u00e4v\u00e4 istuinkorkeus<\/p>\n<p>Kest\u00e4v\u00e4t metalliset kumipy\u00f6r\u00e4t sujuvaan liikkumiseen<\/p>\n<p>T\u00e4m\u00e4 ty\u00f6tuoli on loistava valinta kaikille kosmetologeille, jotka arvostavat mukavuutta, luotettavuutta ja modernia muotoilua.<\/p>\n","protected":false},"featured_media":38756,"comment_status":"open","ping_status":"closed","template":"","meta":{"_monsterinsights_skip_tracking":false,"_monsterinsights_sitenote_active":false,"_monsterinsights_sitenote_note":"","_monsterinsights_sitenote_category":0},"product_brand":[],"product_cat":[1601,1608],"product_tag":[],"class_list":{"0":"post-41748","1":"product","2":"type-product","3":"status-publish","4":"has-post-thumbnail","6":"product_cat-kauneushoitolan-kalusteet","7":"product_cat-tyotuolit","8":"pa_brand-active","9":"pa_varv-must-fi","10":"pa_varv-valge-fi","12":"first","13":"instock","14":"taxable","15":"shipping-taxable","16":"purchasable","17":"product-type-variable"},"_links":{"self":[{"href":"https:\/\/pomello.ee\/fi\/wp-json\/wp\/v2\/product\/41748","targetHints":{"allow":["GET"]}}],"collection":[{"href":"https:\/\/pomello.ee\/fi\/wp-json\/wp\/v2\/product"}],"about":[{"href":"https:\/\/pomello.ee\/fi\/wp-json\/wp\/v2\/types\/product"}],"replies":[{"embeddable":true,"href":"https:\/\/pomello.ee\/fi\/wp-json\/wp\/v2\/comments?post=41748"}],"wp:featuredmedia":[{"embeddable":true,"href":"https:\/\/pomello.ee\/fi\/wp-json\/wp\/v2\/media\/38756"}],"wp:attachment":[{"href":"https:\/\/pomello.ee\/fi\/wp-json\/wp\/v2\/media?parent=41748"}],"wp:term":[{"taxonomy":"product_brand","embeddable":true,"href":"https:\/\/pomello.ee\/fi\/wp-json\/wp\/v2\/product_brand?post=41748"},{"taxonomy":"product_cat","embeddable":true,"href":"https:\/\/pomello.ee\/fi\/wp-json\/wp\/v2\/product_cat?post=41748"},{"taxonomy":"product_tag","embeddable":true,"href":"https:\/\/pomello.ee\/fi\/wp-json\/wp\/v2\/product_tag?post=41748"}],"curies":[{"name":"wp","href":"https:\/\/api.w.org\/{rel}","templated":true}]}}