{"id":41751,"date":"2025-12-11T10:52:38","date_gmt":"2025-12-11T08:52:38","guid":{"rendered":"https:\/\/pomello.ee\/toode\/lapinakyva-kosmetologin-tuoli-ghost\/"},"modified":"2025-12-11T10:52:38","modified_gmt":"2025-12-11T08:52:38","slug":"lapinakyva-kosmetologin-tuoli-ghost","status":"publish","type":"product","link":"https:\/\/pomello.ee\/fi\/toode\/lapinakyva-kosmetologin-tuoli-ghost\/","title":{"rendered":"L\u00e4pin\u00e4kyv\u00e4 kosmetologin tuoli Ghost"},"content":{"rendered":"<p><img decoding=\"async\" src=\"https:\/\/activeshop.com.pl\/media\/wysiwyg\/product\/154170\/EN_154170_02.jpg\" alt=\"\"><\/p>\n<p>K\u00e4yt\u00e4nn\u00f6llinen kauneushoitolan ty\u00f6tuoli<\/p>\n<p>L\u00e4pin\u00e4kyv\u00e4 Ghost-kauneushoitolan tuoli on muodoltaan moderni ja t\u00e4ydent\u00e4\u00e4 salongin sisustusta antaen tilalle valoisan ja minimalistisen ilmeen. L\u00e4pin\u00e4kyv\u00e4 selk\u00e4noja yhdist\u00e4\u00e4 estetiikan ja toimivuuden luoden mukavan ty\u00f6paikan erilaisiin kauneushoitoihin.<\/p>\n<p><img decoding=\"async\" src=\"https:\/\/activeshop.com.pl\/media\/wysiwyg\/product\/154170\/EN_154170_03.jpg\" alt=\"\"><\/p>\n<p>Korkeudens\u00e4\u00e4t\u00f6 ja ty\u00f6skentelymukavuus<\/p>\n<p>48\u201361 cm:n korkeudens\u00e4\u00e4t\u00f6alue mahdollistaa tuolin asettamisen t\u00e4sm\u00e4lleen ergonomiseen ty\u00f6asentoon ja tarkkuuteen sopivalle korkeudelle varmistaen paremman hallinnan toimenpiteiden aikana. T\u00e4ysi kiertomekanismi tekee liikkeest\u00e4 sujuvaa ja mukavaa, mik\u00e4 lis\u00e4\u00e4 ty\u00f6tehokkuutta. Istuimen ergonominen muoto tukee vartalon luonnollista asentoa ja tarjoaa mukavuutta my\u00f6s pitkin\u00e4 ty\u00f6p\u00e4ivin\u00e4.<\/p>\n<h3 data-start=\"67\" data-end=\"111\"><img decoding=\"async\" style=\"color: #333333; font-size: 16px;\" src=\"https:\/\/activeshop.com.pl\/media\/wysiwyg\/product\/154170\/EN_154170_04.jpg\" alt=\"\"><\/h3>\n<p>Vakaus ja t\u00e4ydellinen liikkumisvapaus<\/p>\n<p>Viisiristikkoinen jalusta tarjoaa tukevan tuen ja vakauden ty\u00f6skentelyn aikana, ja py\u00f6r\u00e4t mahdollistavat sujuvan ja mukavan liikkumisen ohjaamossa. Tuoli sopii t\u00e4ydellisesti monenlaisille ty\u00f6paikoille. Kevyest\u00e4 rakenteestaan \u200b\u200bhuolimatta tuoli on kest\u00e4v\u00e4 ja vahva, tarjoten luotettavan ja mukavan k\u00e4ytt\u00f6kokemuksen jokap\u00e4iv\u00e4isess\u00e4 ty\u00f6ss\u00e4.<\/p>\n<h3 data-start=\"64\" data-end=\"105\"><img decoding=\"async\" style=\"color: #333333; font-size: 16px;\" src=\"https:\/\/activeshop.com.pl\/media\/wysiwyg\/product\/154170\/EN_154170_05.jpg\" alt=\"\"><\/h3>\n<p>Silmiinpist\u00e4v\u00e4 estetiikka<\/p>\n<p>Tuolin silmiinpist\u00e4v\u00e4 l\u00e4pin\u00e4kyv\u00e4 selk\u00e4noja antaa koko ilmeelle kevyen ja modernin ilmeen. L\u00e4pin\u00e4kyv\u00e4n rakenteen ja valkoisen keinonahkaisen istuintyynyn sek\u00e4 valkoisen jalustan yhdistelm\u00e4 luo elegantin kontrastin, joka korostaa tuolin tyyli\u00e4.<\/p>\n<p>T\u00e4m\u00e4 tekee tuolista paitsi toimivan ty\u00f6v\u00e4lineen, my\u00f6s n\u00e4ytt\u00e4v\u00e4n sisustuselementin. Tuoli sopii t\u00e4ydellisesti mihin tahansa sisustukseen ja t\u00e4ydent\u00e4\u00e4 modernien kauneushoitoloiden puhdasta ja minimalistista estetiikkaa.<\/p>\n","protected":false},"excerpt":{"rendered":"<p>L\u00e4pin\u00e4kyv\u00e4 kosmetologin tuoli Ghost \u2013 tyyli\u00e4, keveytt\u00e4 ja mukavuutta samassa<\/p>\n<p>Ghost-kosmetologin tuoli on moderni ja omaleimainen salonkihuonekalu, joka yhdist\u00e4\u00e4 minimalistisen muotoilun ja k\u00e4yt\u00e4nn\u00f6llisen helppok\u00e4ytt\u00f6isyyden. L\u00e4pin\u00e4kyv\u00e4 selk\u00e4noja antaa tuolille kevyen ja ilmavan ilmeen, tuoden modernia eleganssia sisustukseen ja tehden siit\u00e4 katseenvangitsevan sisustuselementin. Valkoinen istuintyyny ja valkoinen jalusta luovat tyylikk\u00e4\u00e4n kontrastin, joka sopii t\u00e4ydellisesti nykyaikaisten kauneushoitoloiden puhtaaseen estetiikkaan.<\/p>\n<p>Mukava ty\u00f6skennell\u00e4, mukava istua<br \/>\n48\u201361 cm:n korkeuss\u00e4\u00e4t\u00f6alue mahdollistaa tuolin s\u00e4\u00e4t\u00e4misen toimenpiteen tarpeiden ja ammattilaisen ty\u00f6asennon mukaan. Ergonomisesti muotoiltu istuin tukee vartalon luonnollista asentoa ja tarjoaa mukavuutta my\u00f6s pidemmiss\u00e4 ty\u00f6skentelysessioissa. T\u00e4ysi kiertomekanismi varmistaa sujuvan liikkeen ja ty\u00f6tehokkuuden.<\/p>\n<p>Vakaa ja liikkuva<br \/>\nViisiristikkoinen jalusta varmistaa vankan vakauden jokaisessa ty\u00f6vaiheessa, ja py\u00f6r\u00e4t mahdollistavat mukavan liikkumisen salongissa. Elegantista ja n\u00e4enn\u00e4isen kevyest\u00e4 muodostaan \u200b\u200bhuolimatta tuoli on kest\u00e4v\u00e4 ja luotettava, joten se sopii jokap\u00e4iv\u00e4iseen ammattik\u00e4ytt\u00f6\u00f6n.<\/p>\n<p>Erinomaista estetiikkaa<br \/>\nL\u00e4pin\u00e4kyv\u00e4 selk\u00e4noja ja minimalistinen muotoilu tekev\u00e4t tuolista todellisen katseenvangitsijan. Se ei ole ainoastaan \u200b\u200btoimiva ty\u00f6v\u00e4line, vaan my\u00f6s sisustuselementti, joka parantaa mit\u00e4 tahansa modernia kauneushoitolaa.<\/p>\n<p>Nosto: kaasu<br \/>\nV\u00e4ri: l\u00e4pin\u00e4kyv\u00e4 selk\u00e4noja, valkoinen jalusta ja valkoinen istuin<\/p>\n","protected":false},"featured_media":38729,"comment_status":"open","ping_status":"closed","template":"","meta":{"_monsterinsights_skip_tracking":false,"_monsterinsights_sitenote_active":false,"_monsterinsights_sitenote_note":"","_monsterinsights_sitenote_category":0},"product_brand":[],"product_cat":[1601,1608],"product_tag":[],"class_list":{"0":"post-41751","1":"product","2":"type-product","3":"status-publish","4":"has-post-thumbnail","6":"product_cat-kauneushoitolan-kalusteet","7":"product_cat-tyotuolit","8":"pa_brand-active","10":"first","11":"instock","12":"taxable","13":"shipping-taxable","14":"purchasable","15":"product-type-simple"},"_links":{"self":[{"href":"https:\/\/pomello.ee\/fi\/wp-json\/wp\/v2\/product\/41751","targetHints":{"allow":["GET"]}}],"collection":[{"href":"https:\/\/pomello.ee\/fi\/wp-json\/wp\/v2\/product"}],"about":[{"href":"https:\/\/pomello.ee\/fi\/wp-json\/wp\/v2\/types\/product"}],"replies":[{"embeddable":true,"href":"https:\/\/pomello.ee\/fi\/wp-json\/wp\/v2\/comments?post=41751"}],"wp:featuredmedia":[{"embeddable":true,"href":"https:\/\/pomello.ee\/fi\/wp-json\/wp\/v2\/media\/38729"}],"wp:attachment":[{"href":"https:\/\/pomello.ee\/fi\/wp-json\/wp\/v2\/media?parent=41751"}],"wp:term":[{"taxonomy":"product_brand","embeddable":true,"href":"https:\/\/pomello.ee\/fi\/wp-json\/wp\/v2\/product_brand?post=41751"},{"taxonomy":"product_cat","embeddable":true,"href":"https:\/\/pomello.ee\/fi\/wp-json\/wp\/v2\/product_cat?post=41751"},{"taxonomy":"product_tag","embeddable":true,"href":"https:\/\/pomello.ee\/fi\/wp-json\/wp\/v2\/product_tag?post=41751"}],"curies":[{"name":"wp","href":"https:\/\/api.w.org\/{rel}","templated":true}]}}