{"id":41755,"date":"2025-12-11T09:51:23","date_gmt":"2025-12-11T07:51:23","guid":{"rendered":"https:\/\/pomello.ee\/toode\/pedikyyrituoli-azzurro-lux-electric-3-moottoria-valkoinen\/"},"modified":"2025-12-11T09:51:23","modified_gmt":"2025-12-11T07:51:23","slug":"pedikyyrituoli-azzurro-lux-electric-3-moottoria-valkoinen","status":"publish","type":"product","link":"https:\/\/pomello.ee\/fi\/toode\/pedikyyrituoli-azzurro-lux-electric-3-moottoria-valkoinen\/","title":{"rendered":"Pedikyyrituoli Azzurro Lux Electric, 3 moottoria, valkoinen"},"content":{"rendered":"<p>Mukavuutta ja toimivuutta samassa<\/p>\n<p>Azzurro Lux -s\u00e4hk\u00f6k\u00e4ytt\u00f6inen kosmeettinen tuoli on moderni ratkaisu, joka on suunniteltu vaativien ammattilaisten tarpeita ajatellen. Kolmijohtimisten toimilaitteiden k\u00e4ytt\u00f6 varmistaa tuolin osien tarkan ja sujuvan s\u00e4\u00e4d\u00f6n.<\/p>\n<p>Tuoli erottuu edukseen korkean vakauden ja monipuolisuuden ansiosta, mink\u00e4 ansiosta se sopii erinomaisesti k\u00e4ytett\u00e4v\u00e4ksi kosmetologisissa, jalkaterapia- ja esteettisen l\u00e4\u00e4ketieteen klinikoilla. Intuitiivinen ohjaus ja laaja s\u00e4\u00e4t\u00f6alue mahdollistavat tuolin k\u00e4tev\u00e4n s\u00e4\u00e4t\u00e4misen sek\u00e4 asiakkaalle ett\u00e4 asiantuntijalle.<\/p>\n<p><img decoding=\"async\" src=\"https:\/\/activeshop.com.pl\/media\/wysiwyg\/product\/154879\/EN_154879_02.jpg\" alt=\"\"><\/p>\n<p>Helppo s\u00e4\u00e4t\u00f6 kaukos\u00e4\u00e4timell\u00e4<\/p>\n<p>Langallinen kaukos\u00e4\u00e4din mahdollistaa tuolin tarkan s\u00e4\u00e4d\u00f6n kolmeen suuntaan: korkeuss\u00e4\u00e4t\u00f6, selk\u00e4nojan kulman s\u00e4\u00e4t\u00f6 ja keinutuolin s\u00e4\u00e4t\u00f6. Laajat s\u00e4\u00e4t\u00f6mahdollisuudet mahdollistavat tuolin mukauttamisen toimenpiteen tyypin mukaan \u2013 varmistaen sek\u00e4 asiakkaan mukavuuden ett\u00e4 ergonomisen ty\u00f6asennon asiantuntijalle.<\/p>\n<p>K\u00e4yt\u00f6n helpottamiseksi kaukos\u00e4\u00e4din voidaan k\u00e4tev\u00e4sti ripustaa istuimen molemmille puolille asennettuihin pidikkeisiin.<\/p>\n<p><img decoding=\"async\" src=\"https:\/\/activeshop.com.pl\/media\/wysiwyg\/product\/154879\/EN_154879_03.jpg\" alt=\"\"><\/p>\n<p>T\u00e4ydellinen jalkatuki jalkaterapeuteille<\/p>\n<p>Tuoli on suunniteltu huolellisesti jalkaterapeutteja ajatellen. Kaksiosainen jalkatuki mahdollistaa molempien jalkojen erillisen s\u00e4\u00e4t\u00e4misen, mik\u00e4 tekee ty\u00f6st\u00e4si tarkempaa ja mukavampaa. Kummankin sivun kallistuskulmaa voidaan muuttaa manuaalisesti, jolloin voit nopeasti s\u00e4\u00e4t\u00e4\u00e4 asennon sek\u00e4 asiakkaan ett\u00e4 hoitajan tarpeisiin.<\/p>\n<p>Toimenpiteit\u00e4 yksinkertaistavat ominaisuudet<\/p>\n<p>Istuinkorkeutta voidaan s\u00e4\u00e4t\u00e4\u00e4 60 ja 90 cm v\u00e4lill\u00e4, mik\u00e4 helpottaa sopivan ty\u00f6asennon l\u00f6yt\u00e4mist\u00e4 sek\u00e4 asiakkaalle ett\u00e4 hoitajalle. T\u00e4ysin ojennettuna tuoli saavuttaa 2 metrin pituuden, mik\u00e4 tarjoaa mukavan vartalon asennon my\u00f6s makuuasennossa vaadittavissa toimenpiteiss\u00e4.<\/p>\n<p>N\u00e4iden ominaisuuksien ansiosta tuoli sopii erinomaisesti sek\u00e4 kosmeettisiin ett\u00e4 erikoistoimenpiteisiin, varmistaen ergonomisen ty\u00f6skentelyn ja korkeatasoisen palvelun.<\/p>\n<h3 data-start=\"67\" data-end=\"116\"><img decoding=\"async\" style=\"color: #333333; font-size: 16px;\" src=\"https:\/\/activeshop.com.pl\/media\/wysiwyg\/product\/154879\/EN_154879_04.jpg\" alt=\"\"><\/h3>\n<p>Mukava istuin ja k\u00e4yt\u00e4nn\u00f6lliset k\u00e4sinojat<\/p>\n<p>Leve\u00e4 istuin varmistaa mukavuuden my\u00f6s pidempien toimenpiteiden aikana. Helposti irrotettavat ja 180\u00b0 k\u00e4\u00e4ntyv\u00e4t k\u00e4sinojat helpottavat asiakkaan p\u00e4\u00e4sy\u00e4 tuoliin ja parantavat asiantuntijan p\u00e4\u00e4sy\u00e4 tuolille.<\/p>\n<p>Tuolissa on my\u00f6s s\u00e4\u00e4dett\u00e4v\u00e4 niskatuki, joka tarjoaa vakaan p\u00e4\u00e4ntuen ja lis\u00e4mukavuutta \u2013 erityisesti pidemmille asiakkaille.<\/p>\n<h3 data-start=\"64\" data-end=\"101\"><img decoding=\"async\" style=\"color: #333333; font-size: 16px;\" src=\"https:\/\/activeshop.com.pl\/media\/wysiwyg\/product\/154879\/EN_154879_05.jpg\" alt=\"\"><\/h3>\n<p>Mukavuutta kasvo- ja vartalohoitoihin<\/p>\n<p>T\u00e4m\u00e4 tuoli sopii t\u00e4ydellisesti kosmeettisiin ja ihonhoitotoimenpiteisiin sek\u00e4 fysioterapia- ja tatuointihoitoloihin. Mahdollisuus s\u00e4\u00e4t\u00e4\u00e4 tuolia t\u00e4ysin makuuasentoon laajentaa merkitt\u00e4v\u00e4sti sen k\u00e4ytt\u00f6mahdollisuuksia.<\/p>\n<p>Lis\u00e4etuna on niskatuen aukko, joka on huomaamattomasti peitetty kannella ja varmistaa paremman mukavuuden makuuasennossa \u2013 erityisesti selk\u00e4hoitojen aikana. Hyvin harkittu muotoilu tarjoaa maksimaalista mukavuutta ja ergonomiaa sek\u00e4 asiakkaalle ett\u00e4 hoitajalle.<\/p>\n<p><img decoding=\"async\" src=\"https:\/\/activeshop.com.pl\/media\/wysiwyg\/product\/154879\/EN_154879_06.jpg\" alt=\"\"><\/p>\n<p>Tyyli\u00e4 ja kest\u00e4vyytt\u00e4<\/p>\n<p>Tuolin tukeva rakenne takaa vakauden ja kest\u00e4vyyden jokap\u00e4iv\u00e4isess\u00e4 k\u00e4yt\u00f6ss\u00e4. Oikean tiheyden omaavalla vaahtomuovilla t\u00e4ytetty istuin tarjoaa mukavuutta my\u00f6s pitkien toimenpiteiden aikana. Korkealaatuisesta ja miellytt\u00e4v\u00e4n pehme\u00e4st\u00e4 valkoisen s\u00e4vyisest\u00e4 keinonahasta valmistettu verhoilu antaa tuolille ammattimaisen ilmeen ja on samalla kosteutta kest\u00e4v\u00e4 ja helppo puhdistaa.<\/p>\n<p>Tukeva jalusta varmistaa vankan vakauden, kun taas tarkat viimeistelyt korostavat tuolin modernia muotoilua ja parantavat istuimen ergonomiaa.<\/p>\n<p><iframe loading=\"lazy\" title=\"Azzurro Lux 3m pedi electric cosmetic chair\" width=\"500\" height=\"281\" src=\"https:\/\/www.youtube.com\/embed\/8fL8q5rIM0Y?feature=oembed\" frameborder=\"0\" allow=\"accelerometer; autoplay; clipboard-write; encrypted-media; gyroscope; picture-in-picture; web-share\" referrerpolicy=\"strict-origin-when-cross-origin\" allowfullscreen><\/iframe><\/p>\n<p>&nbsp;<\/p>\n","protected":false},"excerpt":{"rendered":"<p>Azzurro Lux -jalkahoitotuoli on suunniteltu ammattilaisille, jotka arvostavat tarkkuutta, mukavuutta ja modernia muotoilua. Kolmen tehokkaan moottorin j\u00e4rjestelm\u00e4 mahdollistaa tuolin sujuvan ja \u00e4\u00e4nett\u00f6m\u00e4n s\u00e4\u00e4t\u00e4misen \u2013 korkeus, selk\u00e4noja ja keinunta-asento siirtyv\u00e4t juuri sinne, miss\u00e4 niit\u00e4 tarvitset, hetkess\u00e4. Leve\u00e4, ylellisen mukava istuin ja 180\u00b0 k\u00e4\u00e4ntyv\u00e4t k\u00e4sinojat takaavat asiakkaalle maksimaalisen rentoutumisen ja ammattilaiselle ihanteellisen p\u00e4\u00e4syn.<\/p>\n<p>Kaksiosainen jalkatuki tekee t\u00e4st\u00e4 tuolista t\u00e4ydellisen ratkaisun jalkahoitoihin, sill\u00e4 kumpaakin jalkaa voidaan s\u00e4\u00e4t\u00e4\u00e4 erikseen ja tarkasti. Tuoli voidaan asettaa t\u00e4ysin makuuasentoon, joten se sopii kasvo- ja vartalohoitoihin, hierontoihin, fysioterapiaistuntoihin ja tatuointien ottamiseen.<\/p>\n<p>Elegantti valkoinen keinonahka on kest\u00e4v\u00e4\u00e4, kosteutta hylkiv\u00e4\u00e4 ja helppo puhdistaa, kun taas vahva runko varmistaa vakauden vaativimmallakin ty\u00f6tahdilla. Azzurro Lux yhdist\u00e4\u00e4 toimivuuden, estetiikan ja \u00e4\u00e4rimm\u00e4isen mukavuuden \u2013 se on investointi, joka nostaa salonkisi laadun seuraavalle tasolle.<\/p>\n<p>Tuolin tarkat mitat n\u00e4kyv\u00e4t kuvassa.<\/p>\n<p>Setti sis\u00e4lt\u00e4\u00e4: tuolin, kaukos\u00e4\u00e4timen, virtal\u00e4hteen ja niskatuen.<\/p>\n<p>Mitat: 2000 x 810 x 610\u2013910 mm<br \/>\nSuurin kuorma: 140 kg (nostokyky)<br \/>\nS\u00e4\u00e4dett\u00e4v\u00e4 korkeusalue: 610\u2013910 mm<br \/>\nTuloj\u00e4nnite: AC 100\u2013130 V \/ 220\u2013240 V, 50\/60 Hz L\u00e4ht\u00f6j\u00e4nnite: DC 24 V<\/p>\n","protected":false},"featured_media":38643,"comment_status":"open","ping_status":"closed","template":"","meta":{"_monsterinsights_skip_tracking":false,"_monsterinsights_sitenote_active":false,"_monsterinsights_sitenote_note":"","_monsterinsights_sitenote_category":0},"product_brand":[],"product_cat":[1601,1604],"product_tag":[],"class_list":{"0":"post-41755","1":"product","2":"type-product","3":"status-publish","4":"has-post-thumbnail","6":"product_cat-kauneushoitolan-kalusteet","7":"product_cat-asiakasvuoteet-ja-hoitotuolit","8":"pa_brand-azzurro","10":"first","11":"instock","12":"taxable","13":"shipping-taxable","14":"purchasable","15":"product-type-simple"},"_links":{"self":[{"href":"https:\/\/pomello.ee\/fi\/wp-json\/wp\/v2\/product\/41755","targetHints":{"allow":["GET"]}}],"collection":[{"href":"https:\/\/pomello.ee\/fi\/wp-json\/wp\/v2\/product"}],"about":[{"href":"https:\/\/pomello.ee\/fi\/wp-json\/wp\/v2\/types\/product"}],"replies":[{"embeddable":true,"href":"https:\/\/pomello.ee\/fi\/wp-json\/wp\/v2\/comments?post=41755"}],"wp:featuredmedia":[{"embeddable":true,"href":"https:\/\/pomello.ee\/fi\/wp-json\/wp\/v2\/media\/38643"}],"wp:attachment":[{"href":"https:\/\/pomello.ee\/fi\/wp-json\/wp\/v2\/media?parent=41755"}],"wp:term":[{"taxonomy":"product_brand","embeddable":true,"href":"https:\/\/pomello.ee\/fi\/wp-json\/wp\/v2\/product_brand?post=41755"},{"taxonomy":"product_cat","embeddable":true,"href":"https:\/\/pomello.ee\/fi\/wp-json\/wp\/v2\/product_cat?post=41755"},{"taxonomy":"product_tag","embeddable":true,"href":"https:\/\/pomello.ee\/fi\/wp-json\/wp\/v2\/product_tag?post=41755"}],"curies":[{"name":"wp","href":"https:\/\/api.w.org\/{rel}","templated":true}]}}