{"id":41757,"date":"2025-12-10T14:22:49","date_gmt":"2025-12-10T12:22:49","guid":{"rendered":"https:\/\/pomello.ee\/toode\/kokoontaitettava-hierontapoyta-kaksiosainen-pinkki\/"},"modified":"2025-12-10T14:22:49","modified_gmt":"2025-12-10T12:22:49","slug":"kokoontaitettava-hierontapoyta-kaksiosainen-pinkki","status":"publish","type":"product","link":"https:\/\/pomello.ee\/fi\/toode\/kokoontaitettava-hierontapoyta-kaksiosainen-pinkki\/","title":{"rendered":"Kokoontaitettava hierontap\u00f6yt\u00e4, kaksiosainen, pinkki"},"content":{"rendered":"<p>Mukava hierontap\u00f6yt\u00e4<\/p>\n<p>Activ Fizjo Komfort -kokoontaitettava puinen hierontap\u00f6yt\u00e4 on kaksiosainen malli, jossa on pinkki verhoilu. Se sopii t\u00e4ydellisesti hierontahoitoloihin, fysioterapeuteille ja monille muille erikoisvastaanotoille. P\u00f6yt\u00e4 ei vie paljon tilaa, ja helpon ja nopean kokoamisen, kevyen rakenteensa ja mukana tulevan kantolaukunsa ansiosta se on my\u00f6s ihanteellinen valinta liikkuviin palveluihin.<\/p>\n<h3 data-start=\"38\" data-end=\"89\"><img decoding=\"async\" style=\"color: #333333; font-size: 16px;\" src=\"https:\/\/activeshop.com.pl\/media\/wysiwyg\/product\/147201\/EN_147201_2.jpg\" alt=\"\"><\/h3>\n<h3 data-start=\"64\" data-end=\"118\">Kaksinkertainen korkeuss\u00e4\u00e4d\u00f6n lukitusmekanismi<\/h3>\n<p>P\u00f6yd\u00e4n korkeutta voidaan s\u00e4\u00e4t\u00e4\u00e4 terapeutin pituuden ja tarpeiden mukaan p\u00f6yd\u00e4n jaloissa olevilla ruuvattavilla nupeilla. Jokainen nuppi koostuu kahdesta yhteen sopivasta osasta \u2013 sopivan korkeuden valinnan j\u00e4lkeen ne tarvitsee vain ruuvata oikeaan reik\u00e4\u00e4n, jotta p\u00f6yt\u00e4 pysyy vakaana.<\/p>\n<p>P\u00f6yd\u00e4n sivuilla olevat puupaneelit yhdist\u00e4v\u00e4t ja vakauttavat jalat, ja ne on sijoitettu siten, ett\u00e4 ty\u00f6skentely on mukavaa miss\u00e4 tahansa asennossa, jopa fysioterapeutin istuessa p\u00f6yd\u00e4n \u00e4\u00e4ress\u00e4. Lis\u00e4ksi metallivaijerit vahvistavat runkorakennetta, mik\u00e4 tekee hierontap\u00f6yd\u00e4st\u00e4 kest\u00e4v\u00e4n ja sopivan monenlaisiin palveluihin.<\/p>\n<p>&nbsp;<\/p>\n<p><img decoding=\"async\" src=\"https:\/\/activeshop.com.pl\/media\/wysiwyg\/product\/147201\/EN_147201_3.jpg\" alt=\"\"><\/p>\n<p>Mukavuus selinmakuulla teht\u00e4viss\u00e4 toimenpiteiss\u00e4<\/p>\n<p>Mukavuuden lis\u00e4\u00e4miseksi setti sis\u00e4lt\u00e4\u00e4 helposti s\u00e4\u00e4dett\u00e4v\u00e4n ergonomisen niskatuen, joka tarjoaa erinomaisen tuen p\u00e4\u00e4n alueelle toimenpiteiden aikana. Niskatukea voidaan kallistaa kahteen suuntaan, jolloin se voidaan s\u00e4\u00e4t\u00e4\u00e4 tarkasti asiakkaan tarpeiden ja suoritettavan palvelun erityispiirteiden mukaan.<\/p>\n<p>Niskatuki on helppo irrottaa tarvittaessa, ja selinmakuulla teht\u00e4viss\u00e4 toimenpiteiss\u00e4 voidaan k\u00e4ytt\u00e4\u00e4 p\u00f6yd\u00e4n pinnassa olevaa erityist\u00e4 kasvojen peitt\u00e4v\u00e4\u00e4 aukkoa. Kun aukkoa ei k\u00e4ytet\u00e4, se voidaan k\u00e4tev\u00e4sti sulkea setin mukana tulevalla suojuksella.<\/p>\n<p><img decoding=\"async\" src=\"https:\/\/activeshop.com.pl\/media\/wysiwyg\/product\/147201\/EN_147201_4.jpg\" alt=\"\"><\/p>\n<p>Ergonominen k\u00e4sinoja<\/p>\n<p>Suoritettavasta toimenpiteest\u00e4 tai asiakkaan nykyisest\u00e4 asennosta riippumatta on eritt\u00e4in t\u00e4rke\u00e4\u00e4, ett\u00e4 k\u00e4sivarret ovat oikeassa asennossa \u2013 n\u00e4in keho voi rentoutua h\u00e4iritsem\u00e4tt\u00e4 ty\u00f6skentely\u00e4. T\u00e4m\u00e4n mallin harkittuihin ratkaisuihin kuuluvat helposti kiinnitett\u00e4v\u00e4t ja irrotettavat k\u00e4sinojat.<\/p>\n<p>Lis\u00e4ksi sarjaan kuuluu erityinen k\u00e4sinoja, jonka avulla voit tukea k\u00e4si\u00e4si mukavasti p\u00e4\u00e4n alle \u2013 erityisen hy\u00f6dyllinen toimenpiteiss\u00e4, joissa asiakas makaa vatsallaan. N\u00e4iden lis\u00e4varusteiden avulla voit mukauttaa hierontap\u00f6yt\u00e4\u00e4 erilaisiin palveluihin ja varmistaa korkean mukavuuden sek\u00e4 asiakkaalle ett\u00e4 terapeutille.<\/p>\n<h3 data-start=\"79\" data-end=\"113\"><img decoding=\"async\" style=\"color: #333333; font-size: 16px;\" src=\"https:\/\/activeshop.com.pl\/media\/wysiwyg\/product\/147201\/EN_147201_5.jpg\" alt=\"\"><\/h3>\n<p>K\u00e4tevi\u00e4 ratkaisuja liikkuviin palveluihin<\/p>\n<p>Kevyen rakenteensa ansiosta hierontap\u00f6yt\u00e4\u00e4 on helppo kantaa, joten se sopii t\u00e4ydellisesti liikkuviin palveluihin. P\u00f6yt\u00e4 on helppo ja nopea koota ja purkaa, eik\u00e4 se vie paljon tilaa kuljetuksen aikana. P\u00f6yd\u00e4n alapuolella on erityiset hihnat lis\u00e4varusteiden kiinnitt\u00e4mist\u00e4 varten, mik\u00e4 tekee kuljetuksesta k\u00e4tev\u00e4mp\u00e4\u00e4 ja turvallisempaa.<\/p>\n<p>P\u00f6yd\u00e4n sivuilla olevat kahvat mahdollistavat sen helpon siirt\u00e4misen milloin tahansa. Sarjaan kuuluu my\u00f6s erityinen kantolaukku, joka paitsi helpottaa kuljetusta, my\u00f6s suojaa p\u00f6yt\u00e4\u00e4 lialta ja vaurioilta. P\u00e4\u00e4llisess\u00e4 on olkahihna ja mukava kahva, jotka tekev\u00e4t siit\u00e4 erityisen helpon kantaa.<\/p>\n<h3 data-start=\"67\" data-end=\"115\"><img decoding=\"async\" style=\"color: #333333; font-size: 16px;\" src=\"https:\/\/activeshop.com.pl\/media\/wysiwyg\/product\/147201\/EN_147201_6.jpg\" alt=\"\"><\/h3>\n<p>Energisoiva pinkki s\u00e4vy tekee hoidoista nautinnollisempia<\/p>\n<p>K\u00e4yt\u00e4nn\u00f6llinen hierontap\u00f6yt\u00e4 on p\u00e4\u00e4llystetty miellytt\u00e4v\u00e4n pehme\u00e4ll\u00e4, kirkkaan pinkill\u00e4 keinonahalla, joka lis\u00e4\u00e4 huoneeseen energiaa ja luo asiakkaille positiivisen tunnelman. Kest\u00e4v\u00e4 ja sopivan tihe\u00e4 vaahtomuovipehmuste varmistaa mukavuuden koko toimenpiteen ajan.<\/p>\n<p>K\u00e4ytetyt materiaalit tekev\u00e4t p\u00f6yd\u00e4st\u00e4 mukavan, kest\u00e4v\u00e4n, vedenpit\u00e4v\u00e4n ja helposti puhdistettavan. Mustan s\u00e4vyinen massiivipuurunko sopii t\u00e4ydellisesti mihin tahansa sisustukseen ja lis\u00e4\u00e4 huoneeseen persoonallisuutta ja ammattimaisuutta.<\/p>\n<p><img decoding=\"async\" src=\"https:\/\/activeshop.com.pl\/media\/wysiwyg\/product\/147201\/EN_147201_7.jpg\" alt=\"\"><\/p>\n<p>&nbsp;<\/p>\n<p><iframe loading=\"lazy\" title=\"Folding massage tables  Activ Fizjo comfort 2 segment pink\" width=\"500\" height=\"281\" src=\"https:\/\/www.youtube.com\/embed\/M2JJ00m2VzA?feature=oembed\" frameborder=\"0\" allow=\"accelerometer; autoplay; clipboard-write; encrypted-media; gyroscope; picture-in-picture; web-share\" referrerpolicy=\"strict-origin-when-cross-origin\" allowfullscreen><\/iframe><\/p>\n<p>&nbsp;<\/p>\n","protected":false},"excerpt":{"rendered":"<p>Kokoontaitettava hierontap\u00f6yt\u00e4 \u2013 ihanteellinen my\u00f6s ripsi- ja kulmakarvateknikkoille<\/p>\n<p>T\u00e4m\u00e4 kevyt ja mukava kokoontaitettava hoitop\u00f6yt\u00e4 sopii t\u00e4ydellisesti hierontasalonkeille, fysioterapeuteille ja ripsi- ja kulmakarvateknikkoille, jotka tarvitsevat vakaan ja mukavan ty\u00f6pinnan. Nopean purkamisen ja kokoamisen ansiosta se on my\u00f6s ihanteellinen kumppani koulutukseen ja liikkuviin palveluihin.<\/p>\n<p>Kirkkaanpunainen keinonahka on kest\u00e4v\u00e4\u00e4, vedenpit\u00e4v\u00e4\u00e4 ja helppo puhdistaa. Oikean tiheyden omaava vaahtomuovipehmuste varmistaa asiakkaan mukavuuden koko toimenpiteen ajan. Musta puurunko lis\u00e4\u00e4 ammattimaisen ilmeen ja sopii mihin tahansa salonkiymp\u00e4rist\u00f6\u00f6n.<\/p>\n<p>K\u00e4yt\u00e4nn\u00f6llinen rakenne, kannettavuus ja ergonomiset lis\u00e4varusteet tekev\u00e4t t\u00e4st\u00e4 p\u00f6yd\u00e4st\u00e4 tukevan p\u00e4ivitt\u00e4ist\u00e4 ty\u00f6t\u00e4 mill\u00e4 tahansa kauneusalan alalla.<\/p>\n<p>Tarkat mitat n\u00e4kyv\u00e4t kuvassa.<\/p>\n<p>Setti sis\u00e4lt\u00e4\u00e4: hierontap\u00f6yd\u00e4n, k\u00e4sinojat, s\u00e4\u00e4dett\u00e4v\u00e4n niskatuen, k\u00e4sinojan edess\u00e4, kasvojen avattavan suojuksen ja kantolaukun.<\/p>\n","protected":false},"featured_media":38596,"comment_status":"open","ping_status":"closed","template":"","meta":{"_monsterinsights_skip_tracking":false,"_monsterinsights_sitenote_active":false,"_monsterinsights_sitenote_note":"","_monsterinsights_sitenote_category":0},"product_brand":[],"product_cat":[1601,1604],"product_tag":[],"class_list":{"0":"post-41757","1":"product","2":"type-product","3":"status-publish","4":"has-post-thumbnail","6":"product_cat-kauneushoitolan-kalusteet","7":"product_cat-asiakasvuoteet-ja-hoitotuolit","8":"pa_brand-active","10":"first","11":"instock","12":"taxable","13":"shipping-taxable","14":"purchasable","15":"product-type-simple"},"_links":{"self":[{"href":"https:\/\/pomello.ee\/fi\/wp-json\/wp\/v2\/product\/41757","targetHints":{"allow":["GET"]}}],"collection":[{"href":"https:\/\/pomello.ee\/fi\/wp-json\/wp\/v2\/product"}],"about":[{"href":"https:\/\/pomello.ee\/fi\/wp-json\/wp\/v2\/types\/product"}],"replies":[{"embeddable":true,"href":"https:\/\/pomello.ee\/fi\/wp-json\/wp\/v2\/comments?post=41757"}],"wp:featuredmedia":[{"embeddable":true,"href":"https:\/\/pomello.ee\/fi\/wp-json\/wp\/v2\/media\/38596"}],"wp:attachment":[{"href":"https:\/\/pomello.ee\/fi\/wp-json\/wp\/v2\/media?parent=41757"}],"wp:term":[{"taxonomy":"product_brand","embeddable":true,"href":"https:\/\/pomello.ee\/fi\/wp-json\/wp\/v2\/product_brand?post=41757"},{"taxonomy":"product_cat","embeddable":true,"href":"https:\/\/pomello.ee\/fi\/wp-json\/wp\/v2\/product_cat?post=41757"},{"taxonomy":"product_tag","embeddable":true,"href":"https:\/\/pomello.ee\/fi\/wp-json\/wp\/v2\/product_tag?post=41757"}],"curies":[{"name":"wp","href":"https:\/\/api.w.org\/{rel}","templated":true}]}}