{"id":41760,"date":"2025-12-07T15:37:11","date_gmt":"2025-12-07T13:37:11","guid":{"rendered":"https:\/\/pomello.ee\/toode\/led-yoga-pro-toimenpidelamppu-22w\/"},"modified":"2025-12-07T15:37:11","modified_gmt":"2025-12-07T13:37:11","slug":"led-yoga-pro-toimenpidelamppu-22w","status":"publish","type":"product","link":"https:\/\/pomello.ee\/fi\/toode\/led-yoga-pro-toimenpidelamppu-22w\/","title":{"rendered":"LED Yoga Pro -toimenpidelamppu 22W"},"content":{"rendered":"<p><img decoding=\"async\" src=\"https:\/\/activeshop.com.pl\/media\/wysiwyg\/product\/148578\/EN_148578_2.jpg\" alt=\"\"><\/p>\n<p>Shade Cosmetic Lamp<\/p>\n<p>K\u00e4yt\u00e4nn\u00f6llinen LED Yoga -hoitolamppu \u2013 joka voidaan asentaa p\u00f6yd\u00e4lle tai k\u00e4ytt\u00e4\u00e4 korkealla jalustalla \u2013 on varustettu nivelletyll\u00e4 p\u00e4\u00e4ll\u00e4. Lamppu tarjoaa kirkkaan ja tasaisen valaistuksen, mik\u00e4 on v\u00e4ltt\u00e4m\u00e4t\u00f6nt\u00e4 tarkkojen toimenpiteiden suorittamiseksi.<\/p>\n<p>Se sopii t\u00e4ydellisesti salongeille ja ammattilaisille, joiden ty\u00f6 on riippuvainen oikeista valaistusolosuhteista, kuten ripsienpidennyksiss\u00e4, kynsien suunnittelussa, kauneushoidoissa, tatuoinneissa ja meikiss\u00e4.<\/p>\n<p>Se on my\u00f6s ihanteellinen ty\u00f6kalu sosiaalisen median sis\u00e4ll\u00f6n luomiseen \u2013 lamppu toimii loistavasti sek\u00e4 valokuvien ottamiseen ett\u00e4 videoiden tallentamiseen.<\/p>\n<p><img decoding=\"async\" src=\"https:\/\/activeshop.com.pl\/media\/wysiwyg\/product\/148578\/EN_148578_3.jpg\" alt=\"\"><\/p>\n<p>Innovatiivinen, s\u00e4\u00e4dett\u00e4v\u00e4 valaisinp\u00e4\u00e4<\/p>\n<p>Valaisimen elementtien py\u00f6ritt\u00e4mis- ja taivutusmahdollisuus mahdollistaa valon suuntaamisen juuri tarpeen mukaan, mik\u00e4 varmistaa toimenpidealueen ihanteellisen valaistuksen. LED-diodeilla t\u00e4ytetty profiili tarjoaa voimakkaan ja tasaisen valon, mik\u00e4 yksinkertaistaa ty\u00f6t\u00e4 ja tarjoaa mukavuutta sek\u00e4 mestarille ett\u00e4 asiakkaalle.<\/p>\n<p>L\u00e4pin\u00e4kyv\u00e4 paneeli jakaa valon tasaisesti est\u00e4en h\u00e4ik\u00e4isyn. Valon v\u00e4rin ja voimakkuuden s\u00e4\u00e4t\u00f6 varmistaa tarkan v\u00e4rintoiston ja v\u00e4hent\u00e4\u00e4 silmien v\u00e4symist\u00e4 my\u00f6s pitk\u00e4aikaisessa ty\u00f6ss\u00e4.<\/p>\n<p>Valaisimen laaja liikealue mahdollistaa valon s\u00e4\u00e4t\u00e4misen tarkasti henkil\u00f6kohtaisten mieltymysten ja tietyn palvelun mukaan.<\/p>\n<h3 data-start=\"80\" data-end=\"122\"><img decoding=\"async\" style=\"color: #333333; font-size: 16px;\" src=\"https:\/\/activeshop.com.pl\/media\/wysiwyg\/product\/148578\/EN_148578_4.jpg\" alt=\"\"><\/h3>\n<p>Laajat r\u00e4\u00e4t\u00e4l\u00f6intimahdollisuudet<\/p>\n<p>Valaisimen p\u00e4\u00e4n liikkuvat osat tarjoavat suurta joustavuutta, jolloin valoa voidaan kohdistaa tarkasti suoritettavan toimenpiteen vaatimusten mukaisesti. Jalkaa ja valaisinelementtej\u00e4 voidaan s\u00e4\u00e4t\u00e4\u00e4 intuitiivisesti nivelten ansiosta, joilla on laaja liikerata ja l\u00e4hes t\u00e4ysi kierto.<\/p>\n<p>T\u00e4m\u00e4n ansiosta valaisinta voidaan helposti mukauttaa k\u00e4ytt\u00e4j\u00e4n yksil\u00f6llisiin tarpeisiin ja tiettyyn palveluun, varmistaen aina ty\u00f6alueen optimaalisen valaistuksen.<\/p>\n<h3 data-start=\"68\" data-end=\"98\"><img decoding=\"async\" style=\"color: #333333; font-size: 16px;\" src=\"https:\/\/activeshop.com.pl\/media\/wysiwyg\/product\/148578\/EN_148578_5.jpg\" alt=\"\"><\/h3>\n<p>Valon v\u00e4rin ja voimakkuuden s\u00e4\u00e4t\u00f6<\/p>\n<p>Valon v\u00e4ri\u00e4 ja voimakkuutta voidaan s\u00e4\u00e4t\u00e4\u00e4 tarkasti lampunp\u00e4\u00e4n kosketuspaneelilla tai mukana tulevalla langattomalla kaukos\u00e4\u00e4timell\u00e4. Sek\u00e4 valon voimakkuudelle ett\u00e4 v\u00e4ril\u00e4mp\u00f6tilalle on viisi tasoa (kylm\u00e4, neutraali, l\u00e4mmin). K\u00e4ytt\u00e4j\u00e4 voi valita, kumpi paneeli on kulloinkin k\u00e4yt\u00f6ss\u00e4 &#8211; ylempi, alempi tai molemmat samanaikaisesti.<\/p>\n<p>Lampussa on my\u00f6s ajastintila: 25 minuuttia k\u00e4ytt\u00f6\u00e4 ja 5 minuuttia taukoa. Pitk\u00e4 painallus aktivoi automaattisen sammutuksen 60 sekunnin kuluttua. Kosketuspaneelin avulla voit nopeasti valita auringonvalotilan (4000K, 100 % intensiteetti), ja kaukos\u00e4\u00e4timess\u00e4 on my\u00f6s Focus (5500K, 80 %) ja Relax (3000K, 40 %) -asetukset.<\/p>\n<p>Helppo kiinnitys p\u00f6yt\u00e4levyyn<\/p>\n<p>Valaisin on varustettu ruuvipenkkikiinnikkeell\u00e4, jonka avulla voit asentaa sen nopeasti ja k\u00e4tev\u00e4sti p\u00f6yt\u00e4levyyn. Suurin avautumisalue on 5,5 cm, mink\u00e4 ansiosta se sopii useimmille ty\u00f6tasoille. Monipuoliset kiinnitysvaihtoehdot tarjoavat suurta joustavuutta ja mahdollistavat lampun sijainnin tarkan s\u00e4\u00e4t\u00e4misen, joten tarpeisiisi sopivan valaistuksen luominen on helppoa.<\/p>\n<h3 data-start=\"92\" data-end=\"142\"><img decoding=\"async\" style=\"color: #333333; font-size: 16px;\" src=\"https:\/\/activeshop.com.pl\/media\/wysiwyg\/product\/148578\/EN_148578_6.jpg\" alt=\"\"><\/h3>\n<p>Moderni muotoilu ja toimivuus<\/p>\n<p>Yksinkertainen alumiinirunko kiillotetulla pinnalla antaa lampulle futuristisen ilmeen, joka sopii t\u00e4ydellisesti l\u00e4hes mihin tahansa sisustukseen. Ruuvipenkkikiinnitys mahdollistaa lampun vakaan ja k\u00e4tev\u00e4n asentamisen p\u00f6yd\u00e4lle, ja 135 cm korkea jalusta varmistaa tarvittavan helppok\u00e4ytt\u00f6isyyden.<\/p>\n<p>Lampun sile\u00e4 pinta tekee siit\u00e4 erityisen helpon puhdistaa, mik\u00e4 poistaa vaikeasti tavoitettavat paikat ja varmistaa moitteettoman hygienian my\u00f6s intensiivisess\u00e4 k\u00e4yt\u00f6ss\u00e4.<\/p>\n<p><iframe loading=\"lazy\" title=\"Led lamp  Yoga treatment 22W\" width=\"500\" height=\"281\" src=\"https:\/\/www.youtube.com\/embed\/PxzNh5XPB7s?feature=oembed\" frameborder=\"0\" allow=\"accelerometer; autoplay; clipboard-write; encrypted-media; gyroscope; picture-in-picture; web-share\" referrerpolicy=\"strict-origin-when-cross-origin\" allowfullscreen><\/iframe><\/p>\n","protected":false},"excerpt":{"rendered":"<p>LED Yoga Pro -hoitolamppu \u2013 musta tai hopea<\/p>\n<p>LED Yoga Pro on varjoton ja tehokas valonl\u00e4hde, joka sopii erinomaisesti ripsien, kulmakarvojen, kynsien, tatuointien ja muiden tarkkuushoitojen hoitoon. Lamppua voidaan s\u00e4\u00e4t\u00e4\u00e4, k\u00e4\u00e4nt\u00e4\u00e4 ja kallistaa joustavasti, jotta valo kohdistetaan juuri sinne, miss\u00e4 sit\u00e4 tarvitaan.<\/p>\n<p>Valon voimakkuutta ja v\u00e4ril\u00e4mp\u00f6tilaa (kylm\u00e4, neutraali, l\u00e4mmin) voidaan muuttaa. Lamppua voidaan ohjata kosketuspaneelista tai mukana tulevalla kaukos\u00e4\u00e4timell\u00e4.<\/p>\n<p>Pakkaus sis\u00e4lt\u00e4\u00e4 p\u00f6yt\u00e4kiinnikkeen ja 135 cm:n jalustan, jotka tarjoavat useita k\u00e4ytt\u00f6vaihtoehtoja.<\/p>\n<p>Pakkaus sis\u00e4lt\u00e4\u00e4: lamppup\u00e4\u00e4n, virtajohdon, rungon, ruuvipenkkikiinnikkeen, langattoman kaukos\u00e4\u00e4timen ja k\u00e4ytt\u00f6ohjeen.<\/p>\n<p>Saatavilla kahdessa v\u00e4riss\u00e4: musta ja hopea.<\/p>\n","protected":false},"featured_media":38470,"comment_status":"open","ping_status":"closed","template":"","meta":{"_monsterinsights_skip_tracking":false,"_monsterinsights_sitenote_active":false,"_monsterinsights_sitenote_note":"","_monsterinsights_sitenote_category":0},"product_brand":[],"product_cat":[1601,1605],"product_tag":[],"class_list":{"0":"post-41760","1":"product","2":"type-product","3":"status-publish","4":"has-post-thumbnail","6":"product_cat-kauneushoitolan-kalusteet","7":"product_cat-suurennuslamput-ja-valaisimet","8":"pa_brand-active","9":"pa_varv-hobe-fi","10":"pa_varv-must-fi","12":"first","13":"instock","14":"taxable","15":"shipping-taxable","16":"purchasable","17":"product-type-variable"},"_links":{"self":[{"href":"https:\/\/pomello.ee\/fi\/wp-json\/wp\/v2\/product\/41760","targetHints":{"allow":["GET"]}}],"collection":[{"href":"https:\/\/pomello.ee\/fi\/wp-json\/wp\/v2\/product"}],"about":[{"href":"https:\/\/pomello.ee\/fi\/wp-json\/wp\/v2\/types\/product"}],"replies":[{"embeddable":true,"href":"https:\/\/pomello.ee\/fi\/wp-json\/wp\/v2\/comments?post=41760"}],"wp:featuredmedia":[{"embeddable":true,"href":"https:\/\/pomello.ee\/fi\/wp-json\/wp\/v2\/media\/38470"}],"wp:attachment":[{"href":"https:\/\/pomello.ee\/fi\/wp-json\/wp\/v2\/media?parent=41760"}],"wp:term":[{"taxonomy":"product_brand","embeddable":true,"href":"https:\/\/pomello.ee\/fi\/wp-json\/wp\/v2\/product_brand?post=41760"},{"taxonomy":"product_cat","embeddable":true,"href":"https:\/\/pomello.ee\/fi\/wp-json\/wp\/v2\/product_cat?post=41760"},{"taxonomy":"product_tag","embeddable":true,"href":"https:\/\/pomello.ee\/fi\/wp-json\/wp\/v2\/product_tag?post=41760"}],"curies":[{"name":"wp","href":"https:\/\/api.w.org\/{rel}","templated":true}]}}